{"id":20030,"date":"2024-12-03T11:34:12","date_gmt":"2024-12-03T11:34:12","guid":{"rendered":"https:\/\/staging.bioswing.ee\/toode\/bioswing-balancecoach-iq\/"},"modified":"2024-12-10T11:03:14","modified_gmt":"2024-12-10T11:03:14","slug":"bioswing-balancecoach-iq","status":"publish","type":"product","link":"https:\/\/staging.bioswing.ee\/lv\/toode\/bioswing-balancecoach-iq\/","title":{"rendered":"BIOSWING BalanceCoach iQ"},"content":{"rendered":"<p>Sist\u0113ma tiek pieg\u0101d\u0101ta piln\u0101 komplekt\u0101cij\u0101 un ir vienk\u0101r\u0161i un \u0101tri uzst\u0101d\u0101ma. Uz jau piln\u012bb\u0101 samont\u0113t\u0101 Posturomed\u00ae 202 tiek uzlikta spiediena sadal\u012bjuma m\u0113r\u012b\u0161anas pl\u0101ksne, kas tiek savienota ar stat\u012bvu.  <strong>Komponenti:<\/strong><\/p>\n<ul>\n<li>Stat\u012bvs<\/li>\n<li>32 collu ekr\u0101ns<\/li>\n<li>3D kamera<\/li>\n<li>Jaud\u012bgs ieb\u016bv\u0113tais dators<\/li>\n<li>M\u0113r\u012b\u0161anas pl\u0101ksne<\/li>\n<li>Posturomed\u00ae<\/li>\n<\/ul>\n<p> M\u0113r\u012bjumu rezult\u0101tus var eksport\u0113t, izmantojot QR kodu.<br \/>Izmantojot <strong>BALANCECOACH iQ<\/strong> lietotni, treni\u0146a progresu var saglab\u0101t un dokument\u0113t.<br \/>Zebris\u00ae spiediena sadal\u012bjuma m\u0113r\u012b\u0161anas pl\u0101ksne ir \u012bpa\u0161i piel\u0101gota Posturomed\u00ae ier\u012bcei. T\u0101 ir skaidri sadal\u012bta centr\u0101laj\u0101 treni\u0146u zon\u0101 un navig\u0101cijas zon\u0101s pa labi un kreisi.    <strong>Tehniskie dati:<\/strong><\/p>\n<ul>\n<li><strong>Izm\u0113ri:<\/strong> 60 x 60 x 1.6 cm<\/li>\n<li><strong>Sensori:<\/strong> 672<\/li>\n<li><strong>Paraugu \u0146em\u0161anas \u0101trums:<\/strong> 100 Hz<\/li>\n<li><strong>M\u0113r\u012b\u0161anas princips:<\/strong> Kapacit\u012bvie spiediena sensori<\/li>\n<li><strong>Savienojums:<\/strong> USB<\/li>\n<\/ul>\n<p> Posturomed\u00ae treni\u0146u ier\u012bcei ir treni\u0146u virsma, kas kustas visos horizont\u0101lajos virzienos un ir regul\u0113jama tr\u012bs l\u012bme\u0146os (fiks\u0113ta un divas sv\u0101rst\u012bbu amplit\u016bdas).<br \/>Spiediena sadal\u012bjuma m\u0113r\u012b\u0161anas pl\u0101ksne tiek uzlikta uz piln\u012bb\u0101 samont\u0113t\u0101 Posturomed\u00ae un savienota ar stat\u012bvu. Uzst\u0101d\u012b\u0161anas laik\u0101 ir j\u0101p\u0101rliecin\u0101s, ka stat\u012bvs ir v\u0113rsts uz priek\u0161u un atrodas 1,5 metru att\u0101lum\u0101. Gandr\u012bz piln\u012bb\u0101 apr\u012bkotajam stat\u012bvam ir j\u0101piestiprina pane\u013ci un j\u0101piekar ekr\u0101ns \u2013 gatavs!<br \/><strong>Nepiecie\u0161am\u0101 vieta:<\/strong> Aptuveni 2,50 x 1,00 metri   <\/p>\n","protected":false},"excerpt":{"rendered":"<p>Kop\u0161 1995. gada BIOSWING Posturomed\u00ae ir garantija j\u016bsu sensomotoro profilakses un treni\u0146u pan\u0101kumiem. Par godu 25 gadu jubilejai m\u0113s pied\u0101v\u0101jam jaunu treneri, kas papildina Posturomed\u00ae: <strong>BIOSWING BalanceCoach iQ<\/strong>!<br \/><strong>BIOSWING BalanceCoach iQ<\/strong> ir programmat\u016bras vad\u012bta inteli\u0123enta treni\u0146u sist\u0113ma ar integr\u0113tu virtu\u0101lo treneri.<br \/>Posturomed\u00ae ier\u012bc\u0113 tren\u0113jo\u0161\u0101 personas kust\u012bbu kvalit\u0101ti uzrauga \u012bpa\u0161i spiediena sensori uz treni\u0146u pl\u0101ksnes, un t\u0101 tiek grafiski att\u0113lota re\u0101llaik\u0101 k\u0101 \u201espiediena centrs\u201d (COP). Izmantojot kameru, lietot\u0101js redz sevi ekr\u0101n\u0101 un sa\u0146em t\u016bl\u012bt\u0113ju vizu\u0101lo atgriezenisko saiti par vingrin\u0101jumu izpildi. Turkl\u0101t lietot\u0101js redz savu virtu\u0101lo treneri, kur\u0161 demonstr\u0113 vingrin\u0101jumus, kas j\u0101izpilda vienlaic\u012bgi. Katrs koordin\u0101cijas vingrin\u0101jums ir individu\u0101li piel\u0101gots lietot\u0101ja l\u012bmenim, nodro\u0161inot optim\u0101lu treni\u0146u izaicin\u0101jumu.<br \/>T\u0101d\u0113j\u0101di BalanceCoach iQ ir ide\u0101ls koordin\u0101cijas treneris j\u016bsu vesel\u012bbas, profilakses, fitnesa, sporta un labsaj\u016btas centriem.       <iframe width=\"100%\" height=\"315\" src=\"https:\/\/www.youtube.com\/embed\/s86k6aLgLfA?si=y-lqt7T4qBL3w59i\" title=\"YouTube video player\" frameborder=\"0\" allow=\"accelerometer; autoplay; clipboard-write; encrypted-media; gyroscope; picture-in-picture; web-share\" referrerpolicy=\"strict-origin-when-cross-origin\" allowfullscreen=\"\"><\/iframe><\/p>\n<p><iframe width=\"100%\" height=\"315\" src=\"https:\/\/www.youtube.com\/embed\/csY_Mt0uEZM?si=2nhhzGhK8-J4Bx1T\" title=\"YouTube video player\" frameborder=\"0\" allow=\"accelerometer; autoplay; clipboard-write; encrypted-media; gyroscope; picture-in-picture; web-share\" referrerpolicy=\"strict-origin-when-cross-origin\" allowfullscreen=\"\"><\/iframe><\/p>\n","protected":false},"featured_media":19533,"template":"","meta":[],"product_brand":[],"product_cat":[1019],"product_tag":[],"class_list":{"0":"post-20030","1":"product","2":"type-product","3":"status-publish","4":"has-post-thumbnail","6":"product_cat-balancecoach-lv","8":"first","9":"instock","10":"taxable","11":"shipping-taxable","12":"purchasable","13":"product-type-simple"},"yoast_head":"<!-- This site is optimized with the Yoast SEO plugin v27.1.1 - https:\/\/yoast.com\/product\/yoast-seo-wordpress\/ -->\n<title>BIOSWING BalanceCoach iQ - BIOSWING<\/title>\n<meta name=\"robots\" content=\"noindex, follow, max-snippet:-1, max-image-preview:large, max-video-preview:-1\" \/>\n<meta property=\"og:locale\" content=\"lv_LV\" \/>\n<meta property=\"og:type\" content=\"article\" \/>\n<meta property=\"og:title\" content=\"BIOSWING BalanceCoach iQ - BIOSWING\" \/>\n<meta property=\"og:description\" content=\"Kop\u0161 1995. gada BIOSWING Posturomed\u00ae ir garantija j\u016bsu sensomotoro profilakses un treni\u0146u pan\u0101kumiem. Par godu 25 gadu jubilejai m\u0113s pied\u0101v\u0101jam jaunu treneri, kas papildina Posturomed\u00ae: BIOSWING BalanceCoach iQ!BIOSWING BalanceCoach iQ ir programmat\u016bras vad\u012bta inteli\u0123enta treni\u0146u sist\u0113ma ar integr\u0113tu virtu\u0101lo treneri.Posturomed\u00ae ier\u012bc\u0113 tren\u0113jo\u0161\u0101 personas kust\u012bbu kvalit\u0101ti uzrauga \u012bpa\u0161i spiediena sensori uz treni\u0146u pl\u0101ksnes, un t\u0101 tiek grafiski att\u0113lota re\u0101llaik\u0101 k\u0101 \u201espiediena centrs\u201d (COP). Izmantojot kameru, lietot\u0101js redz sevi ekr\u0101n\u0101 un sa\u0146em t\u016bl\u012bt\u0113ju vizu\u0101lo atgriezenisko saiti par vingrin\u0101jumu izpildi. Turkl\u0101t lietot\u0101js redz savu virtu\u0101lo treneri, kur\u0161 demonstr\u0113 vingrin\u0101jumus, kas j\u0101izpilda vienlaic\u012bgi. Katrs koordin\u0101cijas vingrin\u0101jums ir individu\u0101li piel\u0101gots lietot\u0101ja l\u012bmenim, nodro\u0161inot optim\u0101lu treni\u0146u izaicin\u0101jumu.T\u0101d\u0113j\u0101di BalanceCoach iQ ir ide\u0101ls koordin\u0101cijas treneris j\u016bsu vesel\u012bbas, profilakses, fitnesa, sporta un labsaj\u016btas centriem.\" \/>\n<meta property=\"og:url\" content=\"https:\/\/staging.bioswing.ee\/lv\/toode\/bioswing-balancecoach-iq\/\" \/>\n<meta property=\"og:site_name\" content=\"BIOSWING\" \/>\n<meta property=\"article:modified_time\" content=\"2024-12-10T11:03:14+00:00\" \/>\n<meta property=\"og:image\" content=\"https:\/\/bioswing.ee\/wp-content\/uploads\/2024\/12\/BalanceCoach_iQ.jpg\" \/>\n\t<meta property=\"og:image:width\" content=\"900\" \/>\n\t<meta property=\"og:image:height\" content=\"1200\" \/>\n\t<meta property=\"og:image:type\" content=\"image\/jpeg\" \/>\n<meta name=\"twitter:card\" content=\"summary_large_image\" \/>\n<meta name=\"twitter:label1\" content=\"Est. reading time\" \/>\n\t<meta name=\"twitter:data1\" content=\"2 minutes\" \/>\n<script type=\"application\/ld+json\" class=\"yoast-schema-graph\">{\"@context\":\"https:\/\/schema.org\",\"@graph\":[{\"@type\":\"WebPage\",\"@id\":\"https:\/\/staging.bioswing.ee\/lv\/toode\/bioswing-balancecoach-iq\/\",\"url\":\"https:\/\/staging.bioswing.ee\/lv\/toode\/bioswing-balancecoach-iq\/\",\"name\":\"BIOSWING BalanceCoach iQ - BIOSWING\",\"isPartOf\":{\"@id\":\"https:\/\/staging.bioswing.ee\/lv\/#website\"},\"primaryImageOfPage\":{\"@id\":\"https:\/\/staging.bioswing.ee\/lv\/toode\/bioswing-balancecoach-iq\/#primaryimage\"},\"image\":{\"@id\":\"https:\/\/staging.bioswing.ee\/lv\/toode\/bioswing-balancecoach-iq\/#primaryimage\"},\"thumbnailUrl\":\"https:\/\/staging.bioswing.ee\/wp-content\/uploads\/2024\/12\/BalanceCoach_iQ.jpg\",\"datePublished\":\"2024-12-03T11:34:12+00:00\",\"dateModified\":\"2024-12-10T11:03:14+00:00\",\"breadcrumb\":{\"@id\":\"https:\/\/staging.bioswing.ee\/lv\/toode\/bioswing-balancecoach-iq\/#breadcrumb\"},\"inLanguage\":\"lv-LV\",\"potentialAction\":[{\"@type\":\"ReadAction\",\"target\":[\"https:\/\/staging.bioswing.ee\/lv\/toode\/bioswing-balancecoach-iq\/\"]}]},{\"@type\":\"ImageObject\",\"inLanguage\":\"lv-LV\",\"@id\":\"https:\/\/staging.bioswing.ee\/lv\/toode\/bioswing-balancecoach-iq\/#primaryimage\",\"url\":\"https:\/\/staging.bioswing.ee\/wp-content\/uploads\/2024\/12\/BalanceCoach_iQ.jpg\",\"contentUrl\":\"https:\/\/staging.bioswing.ee\/wp-content\/uploads\/2024\/12\/BalanceCoach_iQ.jpg\",\"width\":900,\"height\":1200,\"caption\":\"BIOSWING BalanceCoach iQ\"},{\"@type\":\"BreadcrumbList\",\"@id\":\"https:\/\/staging.bioswing.ee\/lv\/toode\/bioswing-balancecoach-iq\/#breadcrumb\",\"itemListElement\":[{\"@type\":\"ListItem\",\"position\":1,\"name\":\"Home\",\"item\":\"https:\/\/bioswing.ee\/lv\/\"},{\"@type\":\"ListItem\",\"position\":2,\"name\":\"Shop\",\"item\":\"https:\/\/bioswing.ee\/lv\/shop-2\/\"},{\"@type\":\"ListItem\",\"position\":3,\"name\":\"BIOSWING BalanceCoach iQ\"}]},{\"@type\":\"WebSite\",\"@id\":\"https:\/\/staging.bioswing.ee\/lv\/#website\",\"url\":\"https:\/\/staging.bioswing.ee\/lv\/\",\"name\":\"BIOSWING\",\"description\":\"Smart solutions for healthy sitting\",\"publisher\":{\"@id\":\"https:\/\/staging.bioswing.ee\/lv\/#organization\"},\"potentialAction\":[{\"@type\":\"SearchAction\",\"target\":{\"@type\":\"EntryPoint\",\"urlTemplate\":\"https:\/\/staging.bioswing.ee\/lv\/?s={search_term_string}\"},\"query-input\":{\"@type\":\"PropertyValueSpecification\",\"valueRequired\":true,\"valueName\":\"search_term_string\"}}],\"inLanguage\":\"lv-LV\"},{\"@type\":\"Organization\",\"@id\":\"https:\/\/staging.bioswing.ee\/lv\/#organization\",\"name\":\"BIOSWING\",\"url\":\"https:\/\/staging.bioswing.ee\/lv\/\",\"logo\":{\"@type\":\"ImageObject\",\"inLanguage\":\"lv-LV\",\"@id\":\"https:\/\/staging.bioswing.ee\/lv\/#\/schema\/logo\/image\/\",\"url\":\"https:\/\/staging.bioswing.ee\/wp-content\/uploads\/2023\/04\/logo_web.png\",\"contentUrl\":\"https:\/\/staging.bioswing.ee\/wp-content\/uploads\/2023\/04\/logo_web.png\",\"width\":140,\"height\":122,\"caption\":\"BIOSWING\"},\"image\":{\"@id\":\"https:\/\/staging.bioswing.ee\/lv\/#\/schema\/logo\/image\/\"}}]}<\/script>\n<!-- \/ Yoast SEO plugin. -->","yoast_head_json":{"title":"BIOSWING BalanceCoach iQ - BIOSWING","robots":{"index":"noindex","follow":"follow","max-snippet":"max-snippet:-1","max-image-preview":"max-image-preview:large","max-video-preview":"max-video-preview:-1"},"og_locale":"lv_LV","og_type":"article","og_title":"BIOSWING BalanceCoach iQ - BIOSWING","og_description":"Kop\u0161 1995. gada BIOSWING Posturomed\u00ae ir garantija j\u016bsu sensomotoro profilakses un treni\u0146u pan\u0101kumiem. Par godu 25 gadu jubilejai m\u0113s pied\u0101v\u0101jam jaunu treneri, kas papildina Posturomed\u00ae: BIOSWING BalanceCoach iQ!BIOSWING BalanceCoach iQ ir programmat\u016bras vad\u012bta inteli\u0123enta treni\u0146u sist\u0113ma ar integr\u0113tu virtu\u0101lo treneri.Posturomed\u00ae ier\u012bc\u0113 tren\u0113jo\u0161\u0101 personas kust\u012bbu kvalit\u0101ti uzrauga \u012bpa\u0161i spiediena sensori uz treni\u0146u pl\u0101ksnes, un t\u0101 tiek grafiski att\u0113lota re\u0101llaik\u0101 k\u0101 \u201espiediena centrs\u201d (COP). Izmantojot kameru, lietot\u0101js redz sevi ekr\u0101n\u0101 un sa\u0146em t\u016bl\u012bt\u0113ju vizu\u0101lo atgriezenisko saiti par vingrin\u0101jumu izpildi. Turkl\u0101t lietot\u0101js redz savu virtu\u0101lo treneri, kur\u0161 demonstr\u0113 vingrin\u0101jumus, kas j\u0101izpilda vienlaic\u012bgi. Katrs koordin\u0101cijas vingrin\u0101jums ir individu\u0101li piel\u0101gots lietot\u0101ja l\u012bmenim, nodro\u0161inot optim\u0101lu treni\u0146u izaicin\u0101jumu.T\u0101d\u0113j\u0101di BalanceCoach iQ ir ide\u0101ls koordin\u0101cijas treneris j\u016bsu vesel\u012bbas, profilakses, fitnesa, sporta un labsaj\u016btas centriem.","og_url":"https:\/\/staging.bioswing.ee\/lv\/toode\/bioswing-balancecoach-iq\/","og_site_name":"BIOSWING","article_modified_time":"2024-12-10T11:03:14+00:00","og_image":[{"width":900,"height":1200,"url":"https:\/\/bioswing.ee\/wp-content\/uploads\/2024\/12\/BalanceCoach_iQ.jpg","type":"image\/jpeg"}],"twitter_card":"summary_large_image","twitter_misc":{"Est. reading time":"2 minutes"},"schema":{"@context":"https:\/\/schema.org","@graph":[{"@type":"WebPage","@id":"https:\/\/staging.bioswing.ee\/lv\/toode\/bioswing-balancecoach-iq\/","url":"https:\/\/staging.bioswing.ee\/lv\/toode\/bioswing-balancecoach-iq\/","name":"BIOSWING BalanceCoach iQ - BIOSWING","isPartOf":{"@id":"https:\/\/staging.bioswing.ee\/lv\/#website"},"primaryImageOfPage":{"@id":"https:\/\/staging.bioswing.ee\/lv\/toode\/bioswing-balancecoach-iq\/#primaryimage"},"image":{"@id":"https:\/\/staging.bioswing.ee\/lv\/toode\/bioswing-balancecoach-iq\/#primaryimage"},"thumbnailUrl":"https:\/\/staging.bioswing.ee\/wp-content\/uploads\/2024\/12\/BalanceCoach_iQ.jpg","datePublished":"2024-12-03T11:34:12+00:00","dateModified":"2024-12-10T11:03:14+00:00","breadcrumb":{"@id":"https:\/\/staging.bioswing.ee\/lv\/toode\/bioswing-balancecoach-iq\/#breadcrumb"},"inLanguage":"lv-LV","potentialAction":[{"@type":"ReadAction","target":["https:\/\/staging.bioswing.ee\/lv\/toode\/bioswing-balancecoach-iq\/"]}]},{"@type":"ImageObject","inLanguage":"lv-LV","@id":"https:\/\/staging.bioswing.ee\/lv\/toode\/bioswing-balancecoach-iq\/#primaryimage","url":"https:\/\/staging.bioswing.ee\/wp-content\/uploads\/2024\/12\/BalanceCoach_iQ.jpg","contentUrl":"https:\/\/staging.bioswing.ee\/wp-content\/uploads\/2024\/12\/BalanceCoach_iQ.jpg","width":900,"height":1200,"caption":"BIOSWING BalanceCoach iQ"},{"@type":"BreadcrumbList","@id":"https:\/\/staging.bioswing.ee\/lv\/toode\/bioswing-balancecoach-iq\/#breadcrumb","itemListElement":[{"@type":"ListItem","position":1,"name":"Home","item":"https:\/\/bioswing.ee\/lv\/"},{"@type":"ListItem","position":2,"name":"Shop","item":"https:\/\/bioswing.ee\/lv\/shop-2\/"},{"@type":"ListItem","position":3,"name":"BIOSWING BalanceCoach iQ"}]},{"@type":"WebSite","@id":"https:\/\/staging.bioswing.ee\/lv\/#website","url":"https:\/\/staging.bioswing.ee\/lv\/","name":"BIOSWING","description":"Smart solutions for healthy sitting","publisher":{"@id":"https:\/\/staging.bioswing.ee\/lv\/#organization"},"potentialAction":[{"@type":"SearchAction","target":{"@type":"EntryPoint","urlTemplate":"https:\/\/staging.bioswing.ee\/lv\/?s={search_term_string}"},"query-input":{"@type":"PropertyValueSpecification","valueRequired":true,"valueName":"search_term_string"}}],"inLanguage":"lv-LV"},{"@type":"Organization","@id":"https:\/\/staging.bioswing.ee\/lv\/#organization","name":"BIOSWING","url":"https:\/\/staging.bioswing.ee\/lv\/","logo":{"@type":"ImageObject","inLanguage":"lv-LV","@id":"https:\/\/staging.bioswing.ee\/lv\/#\/schema\/logo\/image\/","url":"https:\/\/staging.bioswing.ee\/wp-content\/uploads\/2023\/04\/logo_web.png","contentUrl":"https:\/\/staging.bioswing.ee\/wp-content\/uploads\/2023\/04\/logo_web.png","width":140,"height":122,"caption":"BIOSWING"},"image":{"@id":"https:\/\/staging.bioswing.ee\/lv\/#\/schema\/logo\/image\/"}}]}},"_links":{"self":[{"href":"https:\/\/staging.bioswing.ee\/lv\/wp-json\/wp\/v2\/product\/20030","targetHints":{"allow":["GET"]}}],"collection":[{"href":"https:\/\/staging.bioswing.ee\/lv\/wp-json\/wp\/v2\/product"}],"about":[{"href":"https:\/\/staging.bioswing.ee\/lv\/wp-json\/wp\/v2\/types\/product"}],"wp:featuredmedia":[{"embeddable":true,"href":"https:\/\/staging.bioswing.ee\/lv\/wp-json\/wp\/v2\/media\/19533"}],"wp:attachment":[{"href":"https:\/\/staging.bioswing.ee\/lv\/wp-json\/wp\/v2\/media?parent=20030"}],"wp:term":[{"taxonomy":"product_brand","embeddable":true,"href":"https:\/\/staging.bioswing.ee\/lv\/wp-json\/wp\/v2\/product_brand?post=20030"},{"taxonomy":"product_cat","embeddable":true,"href":"https:\/\/staging.bioswing.ee\/lv\/wp-json\/wp\/v2\/product_cat?post=20030"},{"taxonomy":"product_tag","embeddable":true,"href":"https:\/\/staging.bioswing.ee\/lv\/wp-json\/wp\/v2\/product_tag?post=20030"}],"curies":[{"name":"wp","href":"https:\/\/api.w.org\/{rel}","templated":true}]}}