{"id":2682,"date":"2023-04-13T10:10:50","date_gmt":"2023-04-13T10:10:50","guid":{"rendered":"https:\/\/staging.bioswing.ee\/toode\/560-iq\/"},"modified":"2023-08-24T12:36:49","modified_gmt":"2023-08-24T12:36:49","slug":"560-iq","status":"publish","type":"product","link":"https:\/\/staging.bioswing.ee\/lv\/toode\/560-iq\/","title":{"rendered":"BIOSWING 560 iQ"},"content":{"rendered":"<h3>BIOSWING 560 iQ<\/h3>\n<ul>\n<li>Ergonomisks, groz\u0101ms biroja kr\u0113sls ar ortop\u0113disko efektu<\/li>\n<li>Integr\u0113ts adapt\u012bvais 3D s\u0113dek\u013ca meh\u0101nisms<\/li>\n<li>Sinhronais meh\u0101nisms ar individu\u0101lu svara regul\u0113\u0161anu (kop\u0101 ar smalko regul\u0113\u0161anu)<\/li>\n<li>3D roku balsti daudzfunkcion\u0101lai regul\u0113\u0161anai, lai piel\u0101gotos da\u017e\u0101d\u0101m darba poz\u012bcij\u0101m<\/li>\n<li>Individu\u0101la s\u0113dek\u013ca sl\u012bpuma regul\u0113\u0161ana ar g\u0101zes atsperi, nep\u0101rtraukta regul\u0113\u0161ana<\/li>\n<li>Papildu iegur\u0146a stabilizators<\/li>\n<li>S\u0113d\u0113\u0161anas dzi\u013cumu var piel\u0101got atbilsto\u0161i k\u0101ju garumam<\/li>\n<li>Atzveltne ar regul\u0113jamu augstumu, papildus ar individu\u0101li regul\u0113jamu jostasvietas balstu ar individu\u0101li regul\u0113jamu izliekumu<\/li>\n<li>3D kakla balsts ar nep\u0101rtrauktu augstuma, dzi\u013cuma un sl\u012bpuma regul\u0113\u0161anu<\/li>\n<li>Atzveltnes augstums: 60 cm<\/li>\n<li>Auduma p\u0101rvalks: Step, da\u017e\u0101d\u0101s kr\u0101s\u0101s<\/li>\n<li>Pamatne: Alum., pul\u0113ts<\/li>\n<\/ul>\n<p><iframe title=\"YouTube video player\" src=\"https:\/\/www.youtube.com\/embed\/K0Ht8x3OJnU\" width=\"100%\" height=\"450\" frameborder=\"0\" allowfullscreen=\"allowfullscreen\"><\/iframe><\/p>\n<p><iframe width=\"100%\" height=\"450\" src=\"https:\/\/www.youtube.com\/embed\/IG9mh9RTrc4?si=5ujzjyAGVkKTvrRO\" title=\"YouTube video player\" frameborder=\"0\" allow=\"accelerometer; autoplay; clipboard-write; encrypted-media; gyroscope; picture-in-picture; web-share\" allowfullscreen=\"\"><\/iframe><\/p>\n","protected":false},"excerpt":{"rendered":"<h4>Iesp\u0113ja prec\u012bz\u0101k piel\u0101got biroja kr\u0113slu atbilsto\u0161i saviem person\u012bgajiem izm\u0113riem noz\u012bm\u0113, ka ilgsto\u0161as s\u0113d\u0113\u0161anas laik\u0101 varat saglab\u0101t lab\u0101ku vesel\u012bbu un liel\u0101ku motiv\u0101ciju.<\/h4>\n<p>Ir svar\u012bgi, lai kr\u0113sls <strong>atbilstu j\u016bsu individu\u0101lajai anatomijai<\/strong> un nodro\u0161in\u0101tu pietiekamas piel\u0101go\u0161anas un regul\u0113\u0161anas iesp\u0113jas.<\/p>\n<p>Turpm\u0101k ir aprakst\u012btas galven\u0101s iesp\u0113jas.<\/p>\n<h4>BIOSWING 5. s\u0113rijas biroja kr\u0113sls nodro\u0161ina maksim\u0101lu kust\u012bgumu.<\/h4>\n<p>Pateicoties integr\u0113taj\u0101m tehnolo\u0123ij\u0101m, 5. s\u0113rija ne tikai rea\u0123\u0113 uz katru lietot\u0101ja kust\u012bbu, bet ar\u012b piel\u0101gojas katrai pozai, kas tiek ie\u0146emta visas dienas garum\u0101. Jo, galu gal\u0101, <strong>lab\u0101k\u0101 poza vienm\u0113r ir n\u0101kam\u0101<\/strong>.<\/p>\n<p>Akt\u012bva kust\u012bba apvienojum\u0101 ar vertik\u0101lu st\u0101ju ir labv\u0113l\u012bga mugurkaulam. Izmantojot <strong>individu\u0101li regul\u0113jamo s\u0113dek\u013ca sl\u012bpuma regul\u0113\u0161anas iesp\u0113ju<\/strong>, varat piel\u0101got jebkura 5. s\u0113rijas mode\u013ca sl\u012bpumu, lai tas piln\u012bb\u0101 atbilstu j\u016bsu vajadz\u012bb\u0101m un j\u016bsu <strong>mugurkauls saglab\u0101tu savu dabisko S formu<\/strong>, pateicoties j\u016bsu iegur\u0146a izl\u012bdzin\u0101\u0161anai.<\/p>\n<p><img decoding=\"async\" class=\"alignnone wp-image-916\" src=\"https:\/\/staging.bioswing.ee\/wp-content\/uploads\/2023\/04\/pdf.png\" alt=\"pdf\" width=\"19\" height=\"20\"> <a href=\"https:\/\/staging.bioswing.ee\/wp-content\/uploads\/2023\/04\/produktblatt_560_v02_EN.pdf\" target=\"_blank\" rel=\"noopener\">Lejupiel\u0101d\u0113t produkta lapu (PDF)<\/a><\/p>\n","protected":false},"featured_media":1041,"template":"","meta":[],"product_brand":[],"product_cat":[103],"product_tag":[],"class_list":{"0":"post-2682","1":"product","2":"type-product","3":"status-publish","4":"has-post-thumbnail","6":"product_cat-vadiba","8":"first","9":"instock","10":"sale","11":"taxable","12":"shipping-taxable","13":"purchasable","14":"product-type-variable","15":"has-default-attributes"},"yoast_head":"<!-- This site is optimized with the Yoast SEO plugin v27.1.1 - https:\/\/yoast.com\/product\/yoast-seo-wordpress\/ -->\n<title>BIOSWING 560 iQ - BIOSWING<\/title>\n<meta name=\"robots\" content=\"noindex, follow, max-snippet:-1, max-image-preview:large, max-video-preview:-1\" \/>\n<meta property=\"og:locale\" content=\"lv_LV\" \/>\n<meta property=\"og:type\" content=\"article\" \/>\n<meta property=\"og:title\" content=\"BIOSWING 560 iQ - BIOSWING\" \/>\n<meta property=\"og:description\" content=\"Iesp\u0113ja prec\u012bz\u0101k piel\u0101got biroja kr\u0113slu atbilsto\u0161i saviem person\u012bgajiem izm\u0113riem noz\u012bm\u0113, ka ilgsto\u0161as s\u0113d\u0113\u0161anas laik\u0101 varat saglab\u0101t lab\u0101ku vesel\u012bbu un liel\u0101ku motiv\u0101ciju. Ir svar\u012bgi, lai kr\u0113sls atbilstu j\u016bsu individu\u0101lajai anatomijai un nodro\u0161in\u0101tu pietiekamas piel\u0101go\u0161anas un regul\u0113\u0161anas iesp\u0113jas. Turpm\u0101k ir aprakst\u012btas galven\u0101s iesp\u0113jas. BIOSWING 5. s\u0113rijas biroja kr\u0113sls nodro\u0161ina maksim\u0101lu kust\u012bgumu. Pateicoties integr\u0113taj\u0101m tehnolo\u0123ij\u0101m, 5. s\u0113rija ne tikai rea\u0123\u0113 uz katru lietot\u0101ja kust\u012bbu, bet ar\u012b piel\u0101gojas katrai pozai, kas tiek ie\u0146emta visas dienas garum\u0101. Jo, galu gal\u0101, lab\u0101k\u0101 poza vienm\u0113r ir n\u0101kam\u0101. Akt\u012bva kust\u012bba apvienojum\u0101 ar vertik\u0101lu st\u0101ju ir labv\u0113l\u012bga mugurkaulam. Izmantojot individu\u0101li regul\u0113jamo s\u0113dek\u013ca sl\u012bpuma regul\u0113\u0161anas iesp\u0113ju, varat piel\u0101got jebkura 5. s\u0113rijas mode\u013ca sl\u012bpumu, lai tas piln\u012bb\u0101 atbilstu j\u016bsu vajadz\u012bb\u0101m un j\u016bsu mugurkauls saglab\u0101tu savu dabisko S formu, pateicoties j\u016bsu iegur\u0146a izl\u012bdzin\u0101\u0161anai.  Lejupiel\u0101d\u0113t produkta lapu (PDF)\" \/>\n<meta property=\"og:url\" content=\"https:\/\/staging.bioswing.ee\/lv\/toode\/560-iq\/\" \/>\n<meta property=\"og:site_name\" content=\"BIOSWING\" \/>\n<meta property=\"article:modified_time\" content=\"2023-08-24T12:36:49+00:00\" \/>\n<meta property=\"og:image\" content=\"https:\/\/bioswing.ee\/wp-content\/uploads\/2023\/04\/560_IQ.jpg\" \/>\n\t<meta property=\"og:image:width\" content=\"1874\" \/>\n\t<meta property=\"og:image:height\" content=\"2500\" \/>\n\t<meta property=\"og:image:type\" content=\"image\/jpeg\" \/>\n<meta name=\"twitter:card\" content=\"summary_large_image\" \/>\n<meta name=\"twitter:label1\" content=\"Est. reading time\" \/>\n\t<meta name=\"twitter:data1\" content=\"1 minute\" \/>\n<script type=\"application\/ld+json\" class=\"yoast-schema-graph\">{\"@context\":\"https:\/\/schema.org\",\"@graph\":[{\"@type\":\"WebPage\",\"@id\":\"https:\/\/staging.bioswing.ee\/lv\/toode\/560-iq\/\",\"url\":\"https:\/\/staging.bioswing.ee\/lv\/toode\/560-iq\/\",\"name\":\"BIOSWING 560 iQ - BIOSWING\",\"isPartOf\":{\"@id\":\"https:\/\/staging.bioswing.ee\/lv\/#website\"},\"primaryImageOfPage\":{\"@id\":\"https:\/\/staging.bioswing.ee\/lv\/toode\/560-iq\/#primaryimage\"},\"image\":{\"@id\":\"https:\/\/staging.bioswing.ee\/lv\/toode\/560-iq\/#primaryimage\"},\"thumbnailUrl\":\"https:\/\/staging.bioswing.ee\/wp-content\/uploads\/2023\/04\/560_IQ.jpg\",\"datePublished\":\"2023-04-13T10:10:50+00:00\",\"dateModified\":\"2023-08-24T12:36:49+00:00\",\"breadcrumb\":{\"@id\":\"https:\/\/staging.bioswing.ee\/lv\/toode\/560-iq\/#breadcrumb\"},\"inLanguage\":\"lv-LV\",\"potentialAction\":[{\"@type\":\"ReadAction\",\"target\":[\"https:\/\/staging.bioswing.ee\/lv\/toode\/560-iq\/\"]}]},{\"@type\":\"ImageObject\",\"inLanguage\":\"lv-LV\",\"@id\":\"https:\/\/staging.bioswing.ee\/lv\/toode\/560-iq\/#primaryimage\",\"url\":\"https:\/\/staging.bioswing.ee\/wp-content\/uploads\/2023\/04\/560_IQ.jpg\",\"contentUrl\":\"https:\/\/staging.bioswing.ee\/wp-content\/uploads\/2023\/04\/560_IQ.jpg\",\"width\":1874,\"height\":2500},{\"@type\":\"BreadcrumbList\",\"@id\":\"https:\/\/staging.bioswing.ee\/lv\/toode\/560-iq\/#breadcrumb\",\"itemListElement\":[{\"@type\":\"ListItem\",\"position\":1,\"name\":\"Home\",\"item\":\"https:\/\/bioswing.ee\/lv\/\"},{\"@type\":\"ListItem\",\"position\":2,\"name\":\"Shop\",\"item\":\"https:\/\/bioswing.ee\/lv\/shop-2\/\"},{\"@type\":\"ListItem\",\"position\":3,\"name\":\"BIOSWING 560 iQ\"}]},{\"@type\":\"WebSite\",\"@id\":\"https:\/\/staging.bioswing.ee\/lv\/#website\",\"url\":\"https:\/\/staging.bioswing.ee\/lv\/\",\"name\":\"BIOSWING\",\"description\":\"Smart solutions for healthy sitting\",\"publisher\":{\"@id\":\"https:\/\/staging.bioswing.ee\/lv\/#organization\"},\"potentialAction\":[{\"@type\":\"SearchAction\",\"target\":{\"@type\":\"EntryPoint\",\"urlTemplate\":\"https:\/\/staging.bioswing.ee\/lv\/?s={search_term_string}\"},\"query-input\":{\"@type\":\"PropertyValueSpecification\",\"valueRequired\":true,\"valueName\":\"search_term_string\"}}],\"inLanguage\":\"lv-LV\"},{\"@type\":\"Organization\",\"@id\":\"https:\/\/staging.bioswing.ee\/lv\/#organization\",\"name\":\"BIOSWING\",\"url\":\"https:\/\/staging.bioswing.ee\/lv\/\",\"logo\":{\"@type\":\"ImageObject\",\"inLanguage\":\"lv-LV\",\"@id\":\"https:\/\/staging.bioswing.ee\/lv\/#\/schema\/logo\/image\/\",\"url\":\"https:\/\/staging.bioswing.ee\/wp-content\/uploads\/2023\/04\/logo_web.png\",\"contentUrl\":\"https:\/\/staging.bioswing.ee\/wp-content\/uploads\/2023\/04\/logo_web.png\",\"width\":140,\"height\":122,\"caption\":\"BIOSWING\"},\"image\":{\"@id\":\"https:\/\/staging.bioswing.ee\/lv\/#\/schema\/logo\/image\/\"}}]}<\/script>\n<!-- \/ Yoast SEO plugin. -->","yoast_head_json":{"title":"BIOSWING 560 iQ - BIOSWING","robots":{"index":"noindex","follow":"follow","max-snippet":"max-snippet:-1","max-image-preview":"max-image-preview:large","max-video-preview":"max-video-preview:-1"},"og_locale":"lv_LV","og_type":"article","og_title":"BIOSWING 560 iQ - BIOSWING","og_description":"Iesp\u0113ja prec\u012bz\u0101k piel\u0101got biroja kr\u0113slu atbilsto\u0161i saviem person\u012bgajiem izm\u0113riem noz\u012bm\u0113, ka ilgsto\u0161as s\u0113d\u0113\u0161anas laik\u0101 varat saglab\u0101t lab\u0101ku vesel\u012bbu un liel\u0101ku motiv\u0101ciju. Ir svar\u012bgi, lai kr\u0113sls atbilstu j\u016bsu individu\u0101lajai anatomijai un nodro\u0161in\u0101tu pietiekamas piel\u0101go\u0161anas un regul\u0113\u0161anas iesp\u0113jas. Turpm\u0101k ir aprakst\u012btas galven\u0101s iesp\u0113jas. BIOSWING 5. s\u0113rijas biroja kr\u0113sls nodro\u0161ina maksim\u0101lu kust\u012bgumu. Pateicoties integr\u0113taj\u0101m tehnolo\u0123ij\u0101m, 5. s\u0113rija ne tikai rea\u0123\u0113 uz katru lietot\u0101ja kust\u012bbu, bet ar\u012b piel\u0101gojas katrai pozai, kas tiek ie\u0146emta visas dienas garum\u0101. Jo, galu gal\u0101, lab\u0101k\u0101 poza vienm\u0113r ir n\u0101kam\u0101. Akt\u012bva kust\u012bba apvienojum\u0101 ar vertik\u0101lu st\u0101ju ir labv\u0113l\u012bga mugurkaulam. Izmantojot individu\u0101li regul\u0113jamo s\u0113dek\u013ca sl\u012bpuma regul\u0113\u0161anas iesp\u0113ju, varat piel\u0101got jebkura 5. s\u0113rijas mode\u013ca sl\u012bpumu, lai tas piln\u012bb\u0101 atbilstu j\u016bsu vajadz\u012bb\u0101m un j\u016bsu mugurkauls saglab\u0101tu savu dabisko S formu, pateicoties j\u016bsu iegur\u0146a izl\u012bdzin\u0101\u0161anai.  Lejupiel\u0101d\u0113t produkta lapu (PDF)","og_url":"https:\/\/staging.bioswing.ee\/lv\/toode\/560-iq\/","og_site_name":"BIOSWING","article_modified_time":"2023-08-24T12:36:49+00:00","og_image":[{"width":1874,"height":2500,"url":"https:\/\/bioswing.ee\/wp-content\/uploads\/2023\/04\/560_IQ.jpg","type":"image\/jpeg"}],"twitter_card":"summary_large_image","twitter_misc":{"Est. reading time":"1 minute"},"schema":{"@context":"https:\/\/schema.org","@graph":[{"@type":"WebPage","@id":"https:\/\/staging.bioswing.ee\/lv\/toode\/560-iq\/","url":"https:\/\/staging.bioswing.ee\/lv\/toode\/560-iq\/","name":"BIOSWING 560 iQ - BIOSWING","isPartOf":{"@id":"https:\/\/staging.bioswing.ee\/lv\/#website"},"primaryImageOfPage":{"@id":"https:\/\/staging.bioswing.ee\/lv\/toode\/560-iq\/#primaryimage"},"image":{"@id":"https:\/\/staging.bioswing.ee\/lv\/toode\/560-iq\/#primaryimage"},"thumbnailUrl":"https:\/\/staging.bioswing.ee\/wp-content\/uploads\/2023\/04\/560_IQ.jpg","datePublished":"2023-04-13T10:10:50+00:00","dateModified":"2023-08-24T12:36:49+00:00","breadcrumb":{"@id":"https:\/\/staging.bioswing.ee\/lv\/toode\/560-iq\/#breadcrumb"},"inLanguage":"lv-LV","potentialAction":[{"@type":"ReadAction","target":["https:\/\/staging.bioswing.ee\/lv\/toode\/560-iq\/"]}]},{"@type":"ImageObject","inLanguage":"lv-LV","@id":"https:\/\/staging.bioswing.ee\/lv\/toode\/560-iq\/#primaryimage","url":"https:\/\/staging.bioswing.ee\/wp-content\/uploads\/2023\/04\/560_IQ.jpg","contentUrl":"https:\/\/staging.bioswing.ee\/wp-content\/uploads\/2023\/04\/560_IQ.jpg","width":1874,"height":2500},{"@type":"BreadcrumbList","@id":"https:\/\/staging.bioswing.ee\/lv\/toode\/560-iq\/#breadcrumb","itemListElement":[{"@type":"ListItem","position":1,"name":"Home","item":"https:\/\/bioswing.ee\/lv\/"},{"@type":"ListItem","position":2,"name":"Shop","item":"https:\/\/bioswing.ee\/lv\/shop-2\/"},{"@type":"ListItem","position":3,"name":"BIOSWING 560 iQ"}]},{"@type":"WebSite","@id":"https:\/\/staging.bioswing.ee\/lv\/#website","url":"https:\/\/staging.bioswing.ee\/lv\/","name":"BIOSWING","description":"Smart solutions for healthy sitting","publisher":{"@id":"https:\/\/staging.bioswing.ee\/lv\/#organization"},"potentialAction":[{"@type":"SearchAction","target":{"@type":"EntryPoint","urlTemplate":"https:\/\/staging.bioswing.ee\/lv\/?s={search_term_string}"},"query-input":{"@type":"PropertyValueSpecification","valueRequired":true,"valueName":"search_term_string"}}],"inLanguage":"lv-LV"},{"@type":"Organization","@id":"https:\/\/staging.bioswing.ee\/lv\/#organization","name":"BIOSWING","url":"https:\/\/staging.bioswing.ee\/lv\/","logo":{"@type":"ImageObject","inLanguage":"lv-LV","@id":"https:\/\/staging.bioswing.ee\/lv\/#\/schema\/logo\/image\/","url":"https:\/\/staging.bioswing.ee\/wp-content\/uploads\/2023\/04\/logo_web.png","contentUrl":"https:\/\/staging.bioswing.ee\/wp-content\/uploads\/2023\/04\/logo_web.png","width":140,"height":122,"caption":"BIOSWING"},"image":{"@id":"https:\/\/staging.bioswing.ee\/lv\/#\/schema\/logo\/image\/"}}]}},"_links":{"self":[{"href":"https:\/\/staging.bioswing.ee\/lv\/wp-json\/wp\/v2\/product\/2682","targetHints":{"allow":["GET"]}}],"collection":[{"href":"https:\/\/staging.bioswing.ee\/lv\/wp-json\/wp\/v2\/product"}],"about":[{"href":"https:\/\/staging.bioswing.ee\/lv\/wp-json\/wp\/v2\/types\/product"}],"wp:featuredmedia":[{"embeddable":true,"href":"https:\/\/staging.bioswing.ee\/lv\/wp-json\/wp\/v2\/media\/1041"}],"wp:attachment":[{"href":"https:\/\/staging.bioswing.ee\/lv\/wp-json\/wp\/v2\/media?parent=2682"}],"wp:term":[{"taxonomy":"product_brand","embeddable":true,"href":"https:\/\/staging.bioswing.ee\/lv\/wp-json\/wp\/v2\/product_brand?post=2682"},{"taxonomy":"product_cat","embeddable":true,"href":"https:\/\/staging.bioswing.ee\/lv\/wp-json\/wp\/v2\/product_cat?post=2682"},{"taxonomy":"product_tag","embeddable":true,"href":"https:\/\/staging.bioswing.ee\/lv\/wp-json\/wp\/v2\/product_tag?post=2682"}],"curies":[{"name":"wp","href":"https:\/\/api.w.org\/{rel}","templated":true}]}}