{"id":31701,"date":"2025-09-25T12:44:52","date_gmt":"2025-09-25T12:44:52","guid":{"rendered":"https:\/\/staging.bioswing.ee\/toode\/oneup-easy-with-pelvic-support\/"},"modified":"2025-09-25T13:23:59","modified_gmt":"2025-09-25T13:23:59","slug":"oneup-easy-with-pelvic-support","status":"publish","type":"product","link":"https:\/\/staging.bioswing.ee\/lv\/toode\/oneup-easy-with-pelvic-support\/","title":{"rendered":"oneUP EASY ar iegur\u0146a balstu"},"content":{"rendered":"<p><strong>BIOSWING oneUP EASY<\/strong><\/p>\n<ul>\n<li>Ergonomisks un ortop\u0113diski efekt\u012bvs s\u0113dus-st\u0101vus risin\u0101jums birojam, m\u0101jas birojam un praksei<\/li>\n<li>Integr\u0113ts adapt\u012bvais 3D s\u0113dek\u013ca meh\u0101nisms<\/li>\n<li>Seglu veida s\u0113deklis<\/li>\n<li>Individu\u0101li regul\u0113jams iegur\u0146a balsts<\/li>\n<li>Iegur\u0146a balansa meh\u0101nisms (par papildu samaksu)<\/li>\n<li>Auduma p\u0101rkl\u0101jums: Felicity melns<\/li>\n<li>Pieejams ar\u012b ar medic\u012bnisk\u0101s m\u0101ksl\u012bg\u0101s \u0101das p\u0101rkl\u0101jumu<\/li>\n<li>Pamatne: plastmasa<\/li>\n<li>Rite\u0146i \u00f8 60 mm<\/li>\n<\/ul>\n<p><iframe title=\"YouTube video player\" src=\"https:\/\/www.youtube.com\/embed\/IG9mh9RTrc4?si=5ujzjyAGVkKTvrRO\" width=\"100%\" height=\"450\" frameborder=\"0\" allowfullscreen=\"allowfullscreen\"><\/iframe><\/p>\n","protected":false},"excerpt":{"rendered":"<h2>oneUP dev\u012bze ir \u201cAug\u0161up un lejup \u2013 un apgriezies\u201d.<\/h2>\n<p>Vai j\u016bs jau esat izm\u0113\u0123in\u0101ju\u0161i visda\u017e\u0101d\u0101k\u0101s iesp\u0113jas, ko sniedz rakst\u0101mgalds ar regul\u0113jamu augstumu?<\/p>\n<p>Jebkura poz\u012bcija starp st\u0101v\u0113\u0161anu un paaugstin\u0101tu s\u0113d\u0113\u0161anu nodro\u0161ina visda\u017e\u0101d\u0101k\u0101s \u0137erme\u0146a poz\u012bcijas. Galvenais m\u0113r\u0137is: <strong>jo bie\u017e\u0101k main\u0101t poz\u012bcijas, jo lab\u0101k \u0137ermenim un pr\u0101tam<\/strong>. M\u016bsu balsta un kust\u012bbu apar\u0101ta atbalsta sist\u0113ma ir ieprogramm\u0113ta kust\u0113ties gan st\u0101vot, gan s\u0113dot. BIOSWING oneUP ir \u012bsts univers\u0101ls. <\/p>\n<h2>BIOSWING oneUP ir \u012bsts vispus\u012bgs talants.<\/h2>\n<p>Tas ir <strong>inteli\u0123ents risin\u0101jums ikvienam, kur\u0161 v\u0113las apvienot s\u0113d\u0113\u0161anu un st\u0101v\u0113\u0161anu<\/strong> un nodro\u0161ina ide\u0101lu s\u0101kuma punktu pla\u0161am s\u0113dvietu un lietojumu kl\u0101stam, k\u0101 ar\u012b intens\u012bvi mobilu s\u0113d\u0113\u0161anu, pateicoties integr\u0113tajai 3D s\u0113dek\u013cu sist\u0113mai.<\/p>\n<p>Nav svar\u012bgi, vai atrodaties <strong>lidostas atp\u016btas telp\u0101, m\u0101jas biroj\u0101, fizioterapijas kabinet\u0101 vai biroja \u0113k\u0101<\/strong>: oneUP vienm\u0113r uztur\u0113s j\u016bs form\u0101.<\/p>\n","protected":false},"featured_media":31381,"template":"","meta":[],"product_brand":[],"product_cat":[121],"product_tag":[],"class_list":{"0":"post-31701","1":"product","2":"type-product","3":"status-publish","4":"has-post-thumbnail","6":"product_cat-birojs-un-majas-birojs-lv","8":"first","9":"instock","10":"sale","11":"taxable","12":"shipping-taxable","13":"purchasable","14":"product-type-variable","15":"has-default-attributes"},"yoast_head":"<!-- This site is optimized with the Yoast SEO plugin v27.1.1 - https:\/\/yoast.com\/product\/yoast-seo-wordpress\/ -->\n<title>oneUP EASY ar iegur\u0146a balstu - BIOSWING<\/title>\n<meta name=\"robots\" content=\"noindex, follow, max-snippet:-1, max-image-preview:large, max-video-preview:-1\" \/>\n<meta property=\"og:locale\" content=\"lv_LV\" \/>\n<meta property=\"og:type\" content=\"article\" \/>\n<meta property=\"og:title\" content=\"oneUP EASY ar iegur\u0146a balstu - BIOSWING\" \/>\n<meta property=\"og:description\" content=\"oneUP dev\u012bze ir \u201cAug\u0161up un lejup \u2013 un apgriezies\u201d. Vai j\u016bs jau esat izm\u0113\u0123in\u0101ju\u0161i visda\u017e\u0101d\u0101k\u0101s iesp\u0113jas, ko sniedz rakst\u0101mgalds ar regul\u0113jamu augstumu? Jebkura poz\u012bcija starp st\u0101v\u0113\u0161anu un paaugstin\u0101tu s\u0113d\u0113\u0161anu nodro\u0161ina visda\u017e\u0101d\u0101k\u0101s \u0137erme\u0146a poz\u012bcijas. Galvenais m\u0113r\u0137is: jo bie\u017e\u0101k main\u0101t poz\u012bcijas, jo lab\u0101k \u0137ermenim un pr\u0101tam. M\u016bsu balsta un kust\u012bbu apar\u0101ta atbalsta sist\u0113ma ir ieprogramm\u0113ta kust\u0113ties gan st\u0101vot, gan s\u0113dot. BIOSWING oneUP ir \u012bsts univers\u0101ls. BIOSWING oneUP ir \u012bsts vispus\u012bgs talants. Tas ir inteli\u0123ents risin\u0101jums ikvienam, kur\u0161 v\u0113las apvienot s\u0113d\u0113\u0161anu un st\u0101v\u0113\u0161anu un nodro\u0161ina ide\u0101lu s\u0101kuma punktu pla\u0161am s\u0113dvietu un lietojumu kl\u0101stam, k\u0101 ar\u012b intens\u012bvi mobilu s\u0113d\u0113\u0161anu, pateicoties integr\u0113tajai 3D s\u0113dek\u013cu sist\u0113mai. Nav svar\u012bgi, vai atrodaties lidostas atp\u016btas telp\u0101, m\u0101jas biroj\u0101, fizioterapijas kabinet\u0101 vai biroja \u0113k\u0101: oneUP vienm\u0113r uztur\u0113s j\u016bs form\u0101.\" \/>\n<meta property=\"og:url\" content=\"https:\/\/staging.bioswing.ee\/lv\/toode\/oneup-easy-with-pelvic-support\/\" \/>\n<meta property=\"og:site_name\" content=\"BIOSWING\" \/>\n<meta property=\"article:modified_time\" content=\"2025-09-25T13:23:59+00:00\" \/>\n<meta property=\"og:image\" content=\"https:\/\/bioswing.ee\/wp-content\/uploads\/2025\/09\/oneUp_EASY_BS05-min.jpg\" \/>\n\t<meta property=\"og:image:width\" content=\"1874\" \/>\n\t<meta property=\"og:image:height\" content=\"2500\" \/>\n\t<meta property=\"og:image:type\" content=\"image\/jpeg\" \/>\n<meta name=\"twitter:card\" content=\"summary_large_image\" \/>\n<script type=\"application\/ld+json\" class=\"yoast-schema-graph\">{\"@context\":\"https:\/\/schema.org\",\"@graph\":[{\"@type\":\"WebPage\",\"@id\":\"https:\/\/staging.bioswing.ee\/lv\/toode\/oneup-easy-with-pelvic-support\/\",\"url\":\"https:\/\/staging.bioswing.ee\/lv\/toode\/oneup-easy-with-pelvic-support\/\",\"name\":\"oneUP EASY ar iegur\u0146a balstu - BIOSWING\",\"isPartOf\":{\"@id\":\"https:\/\/staging.bioswing.ee\/lv\/#website\"},\"primaryImageOfPage\":{\"@id\":\"https:\/\/staging.bioswing.ee\/lv\/toode\/oneup-easy-with-pelvic-support\/#primaryimage\"},\"image\":{\"@id\":\"https:\/\/staging.bioswing.ee\/lv\/toode\/oneup-easy-with-pelvic-support\/#primaryimage\"},\"thumbnailUrl\":\"https:\/\/staging.bioswing.ee\/wp-content\/uploads\/2025\/09\/oneUp_EASY_BS05-min.jpg\",\"datePublished\":\"2025-09-25T12:44:52+00:00\",\"dateModified\":\"2025-09-25T13:23:59+00:00\",\"breadcrumb\":{\"@id\":\"https:\/\/staging.bioswing.ee\/lv\/toode\/oneup-easy-with-pelvic-support\/#breadcrumb\"},\"inLanguage\":\"lv-LV\",\"potentialAction\":[{\"@type\":\"ReadAction\",\"target\":[\"https:\/\/staging.bioswing.ee\/lv\/toode\/oneup-easy-with-pelvic-support\/\"]}]},{\"@type\":\"ImageObject\",\"inLanguage\":\"lv-LV\",\"@id\":\"https:\/\/staging.bioswing.ee\/lv\/toode\/oneup-easy-with-pelvic-support\/#primaryimage\",\"url\":\"https:\/\/staging.bioswing.ee\/wp-content\/uploads\/2025\/09\/oneUp_EASY_BS05-min.jpg\",\"contentUrl\":\"https:\/\/staging.bioswing.ee\/wp-content\/uploads\/2025\/09\/oneUp_EASY_BS05-min.jpg\",\"width\":1874,\"height\":2500,\"caption\":\"oneUP EASY with pelvic support\"},{\"@type\":\"BreadcrumbList\",\"@id\":\"https:\/\/staging.bioswing.ee\/lv\/toode\/oneup-easy-with-pelvic-support\/#breadcrumb\",\"itemListElement\":[{\"@type\":\"ListItem\",\"position\":1,\"name\":\"Home\",\"item\":\"https:\/\/bioswing.ee\/lv\/\"},{\"@type\":\"ListItem\",\"position\":2,\"name\":\"Shop\",\"item\":\"https:\/\/bioswing.ee\/lv\/shop-2\/\"},{\"@type\":\"ListItem\",\"position\":3,\"name\":\"oneUP EASY ar iegur\u0146a balstu\"}]},{\"@type\":\"WebSite\",\"@id\":\"https:\/\/staging.bioswing.ee\/lv\/#website\",\"url\":\"https:\/\/staging.bioswing.ee\/lv\/\",\"name\":\"BIOSWING\",\"description\":\"Smart solutions for healthy sitting\",\"publisher\":{\"@id\":\"https:\/\/staging.bioswing.ee\/lv\/#organization\"},\"potentialAction\":[{\"@type\":\"SearchAction\",\"target\":{\"@type\":\"EntryPoint\",\"urlTemplate\":\"https:\/\/staging.bioswing.ee\/lv\/?s={search_term_string}\"},\"query-input\":{\"@type\":\"PropertyValueSpecification\",\"valueRequired\":true,\"valueName\":\"search_term_string\"}}],\"inLanguage\":\"lv-LV\"},{\"@type\":\"Organization\",\"@id\":\"https:\/\/staging.bioswing.ee\/lv\/#organization\",\"name\":\"BIOSWING\",\"url\":\"https:\/\/staging.bioswing.ee\/lv\/\",\"logo\":{\"@type\":\"ImageObject\",\"inLanguage\":\"lv-LV\",\"@id\":\"https:\/\/staging.bioswing.ee\/lv\/#\/schema\/logo\/image\/\",\"url\":\"https:\/\/staging.bioswing.ee\/wp-content\/uploads\/2023\/04\/logo_web.png\",\"contentUrl\":\"https:\/\/staging.bioswing.ee\/wp-content\/uploads\/2023\/04\/logo_web.png\",\"width\":140,\"height\":122,\"caption\":\"BIOSWING\"},\"image\":{\"@id\":\"https:\/\/staging.bioswing.ee\/lv\/#\/schema\/logo\/image\/\"}}]}<\/script>\n<!-- \/ Yoast SEO plugin. -->","yoast_head_json":{"title":"oneUP EASY ar iegur\u0146a balstu - BIOSWING","robots":{"index":"noindex","follow":"follow","max-snippet":"max-snippet:-1","max-image-preview":"max-image-preview:large","max-video-preview":"max-video-preview:-1"},"og_locale":"lv_LV","og_type":"article","og_title":"oneUP EASY ar iegur\u0146a balstu - BIOSWING","og_description":"oneUP dev\u012bze ir \u201cAug\u0161up un lejup \u2013 un apgriezies\u201d. Vai j\u016bs jau esat izm\u0113\u0123in\u0101ju\u0161i visda\u017e\u0101d\u0101k\u0101s iesp\u0113jas, ko sniedz rakst\u0101mgalds ar regul\u0113jamu augstumu? Jebkura poz\u012bcija starp st\u0101v\u0113\u0161anu un paaugstin\u0101tu s\u0113d\u0113\u0161anu nodro\u0161ina visda\u017e\u0101d\u0101k\u0101s \u0137erme\u0146a poz\u012bcijas. Galvenais m\u0113r\u0137is: jo bie\u017e\u0101k main\u0101t poz\u012bcijas, jo lab\u0101k \u0137ermenim un pr\u0101tam. M\u016bsu balsta un kust\u012bbu apar\u0101ta atbalsta sist\u0113ma ir ieprogramm\u0113ta kust\u0113ties gan st\u0101vot, gan s\u0113dot. BIOSWING oneUP ir \u012bsts univers\u0101ls. BIOSWING oneUP ir \u012bsts vispus\u012bgs talants. Tas ir inteli\u0123ents risin\u0101jums ikvienam, kur\u0161 v\u0113las apvienot s\u0113d\u0113\u0161anu un st\u0101v\u0113\u0161anu un nodro\u0161ina ide\u0101lu s\u0101kuma punktu pla\u0161am s\u0113dvietu un lietojumu kl\u0101stam, k\u0101 ar\u012b intens\u012bvi mobilu s\u0113d\u0113\u0161anu, pateicoties integr\u0113tajai 3D s\u0113dek\u013cu sist\u0113mai. Nav svar\u012bgi, vai atrodaties lidostas atp\u016btas telp\u0101, m\u0101jas biroj\u0101, fizioterapijas kabinet\u0101 vai biroja \u0113k\u0101: oneUP vienm\u0113r uztur\u0113s j\u016bs form\u0101.","og_url":"https:\/\/staging.bioswing.ee\/lv\/toode\/oneup-easy-with-pelvic-support\/","og_site_name":"BIOSWING","article_modified_time":"2025-09-25T13:23:59+00:00","og_image":[{"width":1874,"height":2500,"url":"https:\/\/bioswing.ee\/wp-content\/uploads\/2025\/09\/oneUp_EASY_BS05-min.jpg","type":"image\/jpeg"}],"twitter_card":"summary_large_image","schema":{"@context":"https:\/\/schema.org","@graph":[{"@type":"WebPage","@id":"https:\/\/staging.bioswing.ee\/lv\/toode\/oneup-easy-with-pelvic-support\/","url":"https:\/\/staging.bioswing.ee\/lv\/toode\/oneup-easy-with-pelvic-support\/","name":"oneUP EASY ar iegur\u0146a balstu - BIOSWING","isPartOf":{"@id":"https:\/\/staging.bioswing.ee\/lv\/#website"},"primaryImageOfPage":{"@id":"https:\/\/staging.bioswing.ee\/lv\/toode\/oneup-easy-with-pelvic-support\/#primaryimage"},"image":{"@id":"https:\/\/staging.bioswing.ee\/lv\/toode\/oneup-easy-with-pelvic-support\/#primaryimage"},"thumbnailUrl":"https:\/\/staging.bioswing.ee\/wp-content\/uploads\/2025\/09\/oneUp_EASY_BS05-min.jpg","datePublished":"2025-09-25T12:44:52+00:00","dateModified":"2025-09-25T13:23:59+00:00","breadcrumb":{"@id":"https:\/\/staging.bioswing.ee\/lv\/toode\/oneup-easy-with-pelvic-support\/#breadcrumb"},"inLanguage":"lv-LV","potentialAction":[{"@type":"ReadAction","target":["https:\/\/staging.bioswing.ee\/lv\/toode\/oneup-easy-with-pelvic-support\/"]}]},{"@type":"ImageObject","inLanguage":"lv-LV","@id":"https:\/\/staging.bioswing.ee\/lv\/toode\/oneup-easy-with-pelvic-support\/#primaryimage","url":"https:\/\/staging.bioswing.ee\/wp-content\/uploads\/2025\/09\/oneUp_EASY_BS05-min.jpg","contentUrl":"https:\/\/staging.bioswing.ee\/wp-content\/uploads\/2025\/09\/oneUp_EASY_BS05-min.jpg","width":1874,"height":2500,"caption":"oneUP EASY with pelvic support"},{"@type":"BreadcrumbList","@id":"https:\/\/staging.bioswing.ee\/lv\/toode\/oneup-easy-with-pelvic-support\/#breadcrumb","itemListElement":[{"@type":"ListItem","position":1,"name":"Home","item":"https:\/\/bioswing.ee\/lv\/"},{"@type":"ListItem","position":2,"name":"Shop","item":"https:\/\/bioswing.ee\/lv\/shop-2\/"},{"@type":"ListItem","position":3,"name":"oneUP EASY ar iegur\u0146a balstu"}]},{"@type":"WebSite","@id":"https:\/\/staging.bioswing.ee\/lv\/#website","url":"https:\/\/staging.bioswing.ee\/lv\/","name":"BIOSWING","description":"Smart solutions for healthy sitting","publisher":{"@id":"https:\/\/staging.bioswing.ee\/lv\/#organization"},"potentialAction":[{"@type":"SearchAction","target":{"@type":"EntryPoint","urlTemplate":"https:\/\/staging.bioswing.ee\/lv\/?s={search_term_string}"},"query-input":{"@type":"PropertyValueSpecification","valueRequired":true,"valueName":"search_term_string"}}],"inLanguage":"lv-LV"},{"@type":"Organization","@id":"https:\/\/staging.bioswing.ee\/lv\/#organization","name":"BIOSWING","url":"https:\/\/staging.bioswing.ee\/lv\/","logo":{"@type":"ImageObject","inLanguage":"lv-LV","@id":"https:\/\/staging.bioswing.ee\/lv\/#\/schema\/logo\/image\/","url":"https:\/\/staging.bioswing.ee\/wp-content\/uploads\/2023\/04\/logo_web.png","contentUrl":"https:\/\/staging.bioswing.ee\/wp-content\/uploads\/2023\/04\/logo_web.png","width":140,"height":122,"caption":"BIOSWING"},"image":{"@id":"https:\/\/staging.bioswing.ee\/lv\/#\/schema\/logo\/image\/"}}]}},"_links":{"self":[{"href":"https:\/\/staging.bioswing.ee\/lv\/wp-json\/wp\/v2\/product\/31701","targetHints":{"allow":["GET"]}}],"collection":[{"href":"https:\/\/staging.bioswing.ee\/lv\/wp-json\/wp\/v2\/product"}],"about":[{"href":"https:\/\/staging.bioswing.ee\/lv\/wp-json\/wp\/v2\/types\/product"}],"wp:featuredmedia":[{"embeddable":true,"href":"https:\/\/staging.bioswing.ee\/lv\/wp-json\/wp\/v2\/media\/31381"}],"wp:attachment":[{"href":"https:\/\/staging.bioswing.ee\/lv\/wp-json\/wp\/v2\/media?parent=31701"}],"wp:term":[{"taxonomy":"product_brand","embeddable":true,"href":"https:\/\/staging.bioswing.ee\/lv\/wp-json\/wp\/v2\/product_brand?post=31701"},{"taxonomy":"product_cat","embeddable":true,"href":"https:\/\/staging.bioswing.ee\/lv\/wp-json\/wp\/v2\/product_cat?post=31701"},{"taxonomy":"product_tag","embeddable":true,"href":"https:\/\/staging.bioswing.ee\/lv\/wp-json\/wp\/v2\/product_tag?post=31701"}],"curies":[{"name":"wp","href":"https:\/\/api.w.org\/{rel}","templated":true}]}}