{"id":3744,"date":"2023-04-14T11:49:01","date_gmt":"2023-04-14T11:49:01","guid":{"rendered":"https:\/\/staging.bioswing.ee\/toode\/780-iq-detensor\/"},"modified":"2023-08-24T13:50:07","modified_gmt":"2023-08-24T13:50:07","slug":"780-iq-detensor","status":"publish","type":"product","link":"https:\/\/staging.bioswing.ee\/lv\/toode\/780-iq-detensor\/","title":{"rendered":"BIOSWING 780 iQ DETENSOR"},"content":{"rendered":"<h3>BIOSWING 780 iQ DETENSOR<\/h3>\n<ul>\n<li>Ergonomisks, groz\u0101ms biroja kr\u0113sls ar ortop\u0113disko efektu<\/li>\n<li>Integr\u0113ts adapt\u012bvais 3D s\u0113dek\u013ca meh\u0101nisms<\/li>\n<li>Sinhronais meh\u0101nisms ar individu\u0101lu svara regul\u0113\u0161anu<\/li>\n<li>\u0100das roku balsti ar individu\u0101lu augstuma regul\u0113\u0161anu<\/li>\n<li>Individu\u0101la s\u0113dek\u013ca sl\u012bpuma regul\u0113\u0161ana ar g\u0101zes atsperi, nep\u0101rtraukta regul\u0113\u0161ana<\/li>\n<li>Papildu iegur\u0146a stabilizators<\/li>\n<li>S\u0113d\u0113\u0161anas dzi\u013cumu var piel\u0101got atbilsto\u0161i k\u0101ju garumam<\/li>\n<li>Atzveltne ar integr\u0113tu kakla balstu ar regul\u0113jamu augstumu, papildus ar jostasvietas balstu ar individu\u0101li regul\u0113jamu izliekumu un augstumu.<\/li>\n<li>Atzveltnes augstums: 80 cm<\/li>\n<li>T\u0113ma: Da\u017e\u0101du kr\u0101su govs \u0101da<\/li>\n<li>Pamatne: Alum., pul\u0113ts<\/li>\n<li>Rite\u0146i: hrom\u0113ti<\/li>\n<\/ul>\n<p><iframe title=\"YouTube video player\" src=\"https:\/\/www.youtube.com\/embed\/WkNjcHLZfsA\" width=\"100%\" height=\"450\" frameborder=\"0\" allowfullscreen=\"allowfullscreen\"><\/iframe><\/p>\n<p><iframe width=\"100%\" height=\"450\" src=\"https:\/\/www.youtube.com\/embed\/RdAkGYfQRU0?si=iZjPFPN7BfNfVNQH\" title=\"YouTube video player\" frameborder=\"0\" allow=\"accelerometer; autoplay; clipboard-write; encrypted-media; gyroscope; picture-in-picture; web-share\" allowfullscreen=\"\"><\/iframe><\/p>\n","protected":false},"excerpt":{"rendered":"<h4>Ja jums ikdien\u0101 ir j\u0101nodro\u0161ina maksim\u0101la veiktsp\u0113ja, jums ir nepiecie\u0161ams biroja kr\u0113sls, kas sp\u0113j paveikt vair\u0101k: \u201cBIOSWING\u201d, veiktsp\u0113jas paaugstin\u0101t\u0101js.<\/h4>\n<p>\u0160aj\u0101 lap\u0101 varat uzzin\u0101t visu par to, k\u0101 \u0161\u012b tehnolo\u0123ija var pal\u012bdz\u0113t jums <strong>palielin\u0101t veiktsp\u0113ju<\/strong>.<\/p>\n<p>Ir svar\u012bgi, lai kr\u0113sls <strong>\u0146emtu v\u0113r\u0101 individu\u0101lo anatomiju<\/strong> un nodro\u0161in\u0101tu ide\u0101las piel\u0101go\u0161anas un regul\u0113\u0161anas iesp\u0113jas.<\/p>\n<h4>\u201cBIOSWING\u201d 7. s\u0113rija nodro\u0161ina maksim\u0101lu komfortu un grezn\u012bbu. Neaizmirstot par vesel\u012bbas aspektiem, piem\u0113ram, m\u0113r\u0137tiec\u012bgu kust\u012bbu veicin\u0101\u0161anu s\u0113d\u0113\u0161anas laik\u0101 un ergonomiku.<\/h4>\n<p>T\u0101pat k\u0101 citas, ar\u012b \u0161\u012b s\u0113rija perfekti piel\u0101gojas katrai pozai, kas tiek ie\u0146emta visas dienas garum\u0101, un tai ir da\u017e\u0101das unik\u0101las funkcijas papildu relaks\u0101cijai.<\/p>\n<p>Akt\u012bva kust\u012bba un regul\u0101ra st\u0101jas mai\u0146a labv\u0113l\u012bgi ietekm\u0113 mugurkaulu. Izmantojot standarta <strong>individu\u0101li regul\u0113jamo s\u0113dek\u013ca sl\u012bpuma regul\u0113\u0161anas sist\u0113mu<\/strong> un <strong>iegur\u0146a stabilizatoru<\/strong> ar br\u012bni\u0161\u0137\u012bgi maigu reakciju, j\u016bs varat viegli pareizi izl\u012bdzin\u0101t iegurni un taj\u0101 pa\u0161\u0101 laik\u0101 novietot mugurkaulu <strong>dabisk\u0101 S form\u0101<\/strong>.<\/p>\n<h4>\u201cBIOSWING\u201d 7. s\u0113rija nodro\u0161ina maksim\u0101lu komfortu un grezn\u012bbu. Neaizmirstot par vesel\u012bbas aspektiem, piem\u0113ram, m\u0113r\u0137tiec\u012bgu kust\u012bbu veicin\u0101\u0161anu s\u0113d\u0113\u0161anas laik\u0101 un ergonomiku.<\/h4>\n<p>T\u0101pat k\u0101 citas, ar\u012b \u0161\u012b s\u0113rija perfekti piel\u0101gojas katrai pozai, kas tiek ie\u0146emta visas dienas garum\u0101, un tai ir da\u017e\u0101das unik\u0101las funkcijas papildu relaks\u0101cijai.<\/p>\n<p><img decoding=\"async\" class=\"alignnone wp-image-916\" src=\"https:\/\/staging.bioswing.ee\/wp-content\/uploads\/2023\/04\/pdf.png\" alt=\"pdf\" width=\"19\" height=\"20\"> <a href=\"https:\/\/staging.bioswing.ee\/wp-content\/uploads\/2023\/04\/produktblatt_780_v02_EN.pdf\" target=\"_blank\" rel=\"noopener\">Lejupiel\u0101d\u0113t produkta lapu (PDF)<\/a><\/p>\n","protected":false},"featured_media":1231,"template":"","meta":[],"product_brand":[],"product_cat":[103],"product_tag":[],"class_list":{"0":"post-3744","1":"product","2":"type-product","3":"status-publish","4":"has-post-thumbnail","6":"product_cat-vadiba","8":"first","9":"instock","10":"sale","11":"taxable","12":"shipping-taxable","13":"purchasable","14":"product-type-variable","15":"has-default-attributes"},"yoast_head":"<!-- This site is optimized with the Yoast SEO plugin v27.1.1 - https:\/\/yoast.com\/product\/yoast-seo-wordpress\/ -->\n<title>BIOSWING 780 iQ DETENSOR - BIOSWING<\/title>\n<meta name=\"robots\" content=\"noindex, follow, max-snippet:-1, max-image-preview:large, max-video-preview:-1\" \/>\n<meta property=\"og:locale\" content=\"lv_LV\" \/>\n<meta property=\"og:type\" content=\"article\" \/>\n<meta property=\"og:title\" content=\"BIOSWING 780 iQ DETENSOR - BIOSWING\" \/>\n<meta property=\"og:description\" content=\"Ja jums ikdien\u0101 ir j\u0101nodro\u0161ina maksim\u0101la veiktsp\u0113ja, jums ir nepiecie\u0161ams biroja kr\u0113sls, kas sp\u0113j paveikt vair\u0101k: \u201cBIOSWING\u201d, veiktsp\u0113jas paaugstin\u0101t\u0101js. \u0160aj\u0101 lap\u0101 varat uzzin\u0101t visu par to, k\u0101 \u0161\u012b tehnolo\u0123ija var pal\u012bdz\u0113t jums palielin\u0101t veiktsp\u0113ju. Ir svar\u012bgi, lai kr\u0113sls \u0146emtu v\u0113r\u0101 individu\u0101lo anatomiju un nodro\u0161in\u0101tu ide\u0101las piel\u0101go\u0161anas un regul\u0113\u0161anas iesp\u0113jas. \u201cBIOSWING\u201d 7. s\u0113rija nodro\u0161ina maksim\u0101lu komfortu un grezn\u012bbu. Neaizmirstot par vesel\u012bbas aspektiem, piem\u0113ram, m\u0113r\u0137tiec\u012bgu kust\u012bbu veicin\u0101\u0161anu s\u0113d\u0113\u0161anas laik\u0101 un ergonomiku. T\u0101pat k\u0101 citas, ar\u012b \u0161\u012b s\u0113rija perfekti piel\u0101gojas katrai pozai, kas tiek ie\u0146emta visas dienas garum\u0101, un tai ir da\u017e\u0101das unik\u0101las funkcijas papildu relaks\u0101cijai. Akt\u012bva kust\u012bba un regul\u0101ra st\u0101jas mai\u0146a labv\u0113l\u012bgi ietekm\u0113 mugurkaulu. Izmantojot standarta individu\u0101li regul\u0113jamo s\u0113dek\u013ca sl\u012bpuma regul\u0113\u0161anas sist\u0113mu un iegur\u0146a stabilizatoru ar br\u012bni\u0161\u0137\u012bgi maigu reakciju, j\u016bs varat viegli pareizi izl\u012bdzin\u0101t iegurni un taj\u0101 pa\u0161\u0101 laik\u0101 novietot mugurkaulu dabisk\u0101 S form\u0101. \u201cBIOSWING\u201d 7. s\u0113rija nodro\u0161ina maksim\u0101lu komfortu un grezn\u012bbu. Neaizmirstot par vesel\u012bbas aspektiem, piem\u0113ram, m\u0113r\u0137tiec\u012bgu kust\u012bbu veicin\u0101\u0161anu s\u0113d\u0113\u0161anas laik\u0101 un ergonomiku. T\u0101pat k\u0101 citas, ar\u012b \u0161\u012b s\u0113rija perfekti piel\u0101gojas katrai pozai, kas tiek ie\u0146emta visas dienas garum\u0101, un tai ir da\u017e\u0101das unik\u0101las funkcijas papildu relaks\u0101cijai.  Lejupiel\u0101d\u0113t produkta lapu (PDF)\" \/>\n<meta property=\"og:url\" content=\"https:\/\/staging.bioswing.ee\/lv\/toode\/780-iq-detensor\/\" \/>\n<meta property=\"og:site_name\" content=\"BIOSWING\" \/>\n<meta property=\"article:modified_time\" content=\"2023-08-24T13:50:07+00:00\" \/>\n<meta property=\"og:image\" content=\"https:\/\/bioswing.ee\/wp-content\/uploads\/2023\/04\/780_IQ_Detensor.jpg\" \/>\n\t<meta property=\"og:image:width\" content=\"1874\" \/>\n\t<meta property=\"og:image:height\" content=\"2500\" \/>\n\t<meta property=\"og:image:type\" content=\"image\/jpeg\" \/>\n<meta name=\"twitter:card\" content=\"summary_large_image\" \/>\n<meta name=\"twitter:label1\" content=\"Est. reading time\" \/>\n\t<meta name=\"twitter:data1\" content=\"1 minute\" \/>\n<script type=\"application\/ld+json\" class=\"yoast-schema-graph\">{\"@context\":\"https:\/\/schema.org\",\"@graph\":[{\"@type\":\"WebPage\",\"@id\":\"https:\/\/staging.bioswing.ee\/lv\/toode\/780-iq-detensor\/\",\"url\":\"https:\/\/staging.bioswing.ee\/lv\/toode\/780-iq-detensor\/\",\"name\":\"BIOSWING 780 iQ DETENSOR - BIOSWING\",\"isPartOf\":{\"@id\":\"https:\/\/staging.bioswing.ee\/lv\/#website\"},\"primaryImageOfPage\":{\"@id\":\"https:\/\/staging.bioswing.ee\/lv\/toode\/780-iq-detensor\/#primaryimage\"},\"image\":{\"@id\":\"https:\/\/staging.bioswing.ee\/lv\/toode\/780-iq-detensor\/#primaryimage\"},\"thumbnailUrl\":\"https:\/\/staging.bioswing.ee\/wp-content\/uploads\/2023\/04\/780_IQ_Detensor.jpg\",\"datePublished\":\"2023-04-14T11:49:01+00:00\",\"dateModified\":\"2023-08-24T13:50:07+00:00\",\"breadcrumb\":{\"@id\":\"https:\/\/staging.bioswing.ee\/lv\/toode\/780-iq-detensor\/#breadcrumb\"},\"inLanguage\":\"lv-LV\",\"potentialAction\":[{\"@type\":\"ReadAction\",\"target\":[\"https:\/\/staging.bioswing.ee\/lv\/toode\/780-iq-detensor\/\"]}]},{\"@type\":\"ImageObject\",\"inLanguage\":\"lv-LV\",\"@id\":\"https:\/\/staging.bioswing.ee\/lv\/toode\/780-iq-detensor\/#primaryimage\",\"url\":\"https:\/\/staging.bioswing.ee\/wp-content\/uploads\/2023\/04\/780_IQ_Detensor.jpg\",\"contentUrl\":\"https:\/\/staging.bioswing.ee\/wp-content\/uploads\/2023\/04\/780_IQ_Detensor.jpg\",\"width\":1874,\"height\":2500},{\"@type\":\"BreadcrumbList\",\"@id\":\"https:\/\/staging.bioswing.ee\/lv\/toode\/780-iq-detensor\/#breadcrumb\",\"itemListElement\":[{\"@type\":\"ListItem\",\"position\":1,\"name\":\"Home\",\"item\":\"https:\/\/bioswing.ee\/lv\/\"},{\"@type\":\"ListItem\",\"position\":2,\"name\":\"Shop\",\"item\":\"https:\/\/bioswing.ee\/lv\/shop-2\/\"},{\"@type\":\"ListItem\",\"position\":3,\"name\":\"BIOSWING 780 iQ DETENSOR\"}]},{\"@type\":\"WebSite\",\"@id\":\"https:\/\/staging.bioswing.ee\/lv\/#website\",\"url\":\"https:\/\/staging.bioswing.ee\/lv\/\",\"name\":\"BIOSWING\",\"description\":\"Smart solutions for healthy sitting\",\"publisher\":{\"@id\":\"https:\/\/staging.bioswing.ee\/lv\/#organization\"},\"potentialAction\":[{\"@type\":\"SearchAction\",\"target\":{\"@type\":\"EntryPoint\",\"urlTemplate\":\"https:\/\/staging.bioswing.ee\/lv\/?s={search_term_string}\"},\"query-input\":{\"@type\":\"PropertyValueSpecification\",\"valueRequired\":true,\"valueName\":\"search_term_string\"}}],\"inLanguage\":\"lv-LV\"},{\"@type\":\"Organization\",\"@id\":\"https:\/\/staging.bioswing.ee\/lv\/#organization\",\"name\":\"BIOSWING\",\"url\":\"https:\/\/staging.bioswing.ee\/lv\/\",\"logo\":{\"@type\":\"ImageObject\",\"inLanguage\":\"lv-LV\",\"@id\":\"https:\/\/staging.bioswing.ee\/lv\/#\/schema\/logo\/image\/\",\"url\":\"https:\/\/staging.bioswing.ee\/wp-content\/uploads\/2023\/04\/logo_web.png\",\"contentUrl\":\"https:\/\/staging.bioswing.ee\/wp-content\/uploads\/2023\/04\/logo_web.png\",\"width\":140,\"height\":122,\"caption\":\"BIOSWING\"},\"image\":{\"@id\":\"https:\/\/staging.bioswing.ee\/lv\/#\/schema\/logo\/image\/\"}}]}<\/script>\n<!-- \/ Yoast SEO plugin. -->","yoast_head_json":{"title":"BIOSWING 780 iQ DETENSOR - BIOSWING","robots":{"index":"noindex","follow":"follow","max-snippet":"max-snippet:-1","max-image-preview":"max-image-preview:large","max-video-preview":"max-video-preview:-1"},"og_locale":"lv_LV","og_type":"article","og_title":"BIOSWING 780 iQ DETENSOR - BIOSWING","og_description":"Ja jums ikdien\u0101 ir j\u0101nodro\u0161ina maksim\u0101la veiktsp\u0113ja, jums ir nepiecie\u0161ams biroja kr\u0113sls, kas sp\u0113j paveikt vair\u0101k: \u201cBIOSWING\u201d, veiktsp\u0113jas paaugstin\u0101t\u0101js. \u0160aj\u0101 lap\u0101 varat uzzin\u0101t visu par to, k\u0101 \u0161\u012b tehnolo\u0123ija var pal\u012bdz\u0113t jums palielin\u0101t veiktsp\u0113ju. Ir svar\u012bgi, lai kr\u0113sls \u0146emtu v\u0113r\u0101 individu\u0101lo anatomiju un nodro\u0161in\u0101tu ide\u0101las piel\u0101go\u0161anas un regul\u0113\u0161anas iesp\u0113jas. \u201cBIOSWING\u201d 7. s\u0113rija nodro\u0161ina maksim\u0101lu komfortu un grezn\u012bbu. Neaizmirstot par vesel\u012bbas aspektiem, piem\u0113ram, m\u0113r\u0137tiec\u012bgu kust\u012bbu veicin\u0101\u0161anu s\u0113d\u0113\u0161anas laik\u0101 un ergonomiku. T\u0101pat k\u0101 citas, ar\u012b \u0161\u012b s\u0113rija perfekti piel\u0101gojas katrai pozai, kas tiek ie\u0146emta visas dienas garum\u0101, un tai ir da\u017e\u0101das unik\u0101las funkcijas papildu relaks\u0101cijai. Akt\u012bva kust\u012bba un regul\u0101ra st\u0101jas mai\u0146a labv\u0113l\u012bgi ietekm\u0113 mugurkaulu. Izmantojot standarta individu\u0101li regul\u0113jamo s\u0113dek\u013ca sl\u012bpuma regul\u0113\u0161anas sist\u0113mu un iegur\u0146a stabilizatoru ar br\u012bni\u0161\u0137\u012bgi maigu reakciju, j\u016bs varat viegli pareizi izl\u012bdzin\u0101t iegurni un taj\u0101 pa\u0161\u0101 laik\u0101 novietot mugurkaulu dabisk\u0101 S form\u0101. \u201cBIOSWING\u201d 7. s\u0113rija nodro\u0161ina maksim\u0101lu komfortu un grezn\u012bbu. Neaizmirstot par vesel\u012bbas aspektiem, piem\u0113ram, m\u0113r\u0137tiec\u012bgu kust\u012bbu veicin\u0101\u0161anu s\u0113d\u0113\u0161anas laik\u0101 un ergonomiku. T\u0101pat k\u0101 citas, ar\u012b \u0161\u012b s\u0113rija perfekti piel\u0101gojas katrai pozai, kas tiek ie\u0146emta visas dienas garum\u0101, un tai ir da\u017e\u0101das unik\u0101las funkcijas papildu relaks\u0101cijai.  Lejupiel\u0101d\u0113t produkta lapu (PDF)","og_url":"https:\/\/staging.bioswing.ee\/lv\/toode\/780-iq-detensor\/","og_site_name":"BIOSWING","article_modified_time":"2023-08-24T13:50:07+00:00","og_image":[{"width":1874,"height":2500,"url":"https:\/\/bioswing.ee\/wp-content\/uploads\/2023\/04\/780_IQ_Detensor.jpg","type":"image\/jpeg"}],"twitter_card":"summary_large_image","twitter_misc":{"Est. reading time":"1 minute"},"schema":{"@context":"https:\/\/schema.org","@graph":[{"@type":"WebPage","@id":"https:\/\/staging.bioswing.ee\/lv\/toode\/780-iq-detensor\/","url":"https:\/\/staging.bioswing.ee\/lv\/toode\/780-iq-detensor\/","name":"BIOSWING 780 iQ DETENSOR - BIOSWING","isPartOf":{"@id":"https:\/\/staging.bioswing.ee\/lv\/#website"},"primaryImageOfPage":{"@id":"https:\/\/staging.bioswing.ee\/lv\/toode\/780-iq-detensor\/#primaryimage"},"image":{"@id":"https:\/\/staging.bioswing.ee\/lv\/toode\/780-iq-detensor\/#primaryimage"},"thumbnailUrl":"https:\/\/staging.bioswing.ee\/wp-content\/uploads\/2023\/04\/780_IQ_Detensor.jpg","datePublished":"2023-04-14T11:49:01+00:00","dateModified":"2023-08-24T13:50:07+00:00","breadcrumb":{"@id":"https:\/\/staging.bioswing.ee\/lv\/toode\/780-iq-detensor\/#breadcrumb"},"inLanguage":"lv-LV","potentialAction":[{"@type":"ReadAction","target":["https:\/\/staging.bioswing.ee\/lv\/toode\/780-iq-detensor\/"]}]},{"@type":"ImageObject","inLanguage":"lv-LV","@id":"https:\/\/staging.bioswing.ee\/lv\/toode\/780-iq-detensor\/#primaryimage","url":"https:\/\/staging.bioswing.ee\/wp-content\/uploads\/2023\/04\/780_IQ_Detensor.jpg","contentUrl":"https:\/\/staging.bioswing.ee\/wp-content\/uploads\/2023\/04\/780_IQ_Detensor.jpg","width":1874,"height":2500},{"@type":"BreadcrumbList","@id":"https:\/\/staging.bioswing.ee\/lv\/toode\/780-iq-detensor\/#breadcrumb","itemListElement":[{"@type":"ListItem","position":1,"name":"Home","item":"https:\/\/bioswing.ee\/lv\/"},{"@type":"ListItem","position":2,"name":"Shop","item":"https:\/\/bioswing.ee\/lv\/shop-2\/"},{"@type":"ListItem","position":3,"name":"BIOSWING 780 iQ DETENSOR"}]},{"@type":"WebSite","@id":"https:\/\/staging.bioswing.ee\/lv\/#website","url":"https:\/\/staging.bioswing.ee\/lv\/","name":"BIOSWING","description":"Smart solutions for healthy sitting","publisher":{"@id":"https:\/\/staging.bioswing.ee\/lv\/#organization"},"potentialAction":[{"@type":"SearchAction","target":{"@type":"EntryPoint","urlTemplate":"https:\/\/staging.bioswing.ee\/lv\/?s={search_term_string}"},"query-input":{"@type":"PropertyValueSpecification","valueRequired":true,"valueName":"search_term_string"}}],"inLanguage":"lv-LV"},{"@type":"Organization","@id":"https:\/\/staging.bioswing.ee\/lv\/#organization","name":"BIOSWING","url":"https:\/\/staging.bioswing.ee\/lv\/","logo":{"@type":"ImageObject","inLanguage":"lv-LV","@id":"https:\/\/staging.bioswing.ee\/lv\/#\/schema\/logo\/image\/","url":"https:\/\/staging.bioswing.ee\/wp-content\/uploads\/2023\/04\/logo_web.png","contentUrl":"https:\/\/staging.bioswing.ee\/wp-content\/uploads\/2023\/04\/logo_web.png","width":140,"height":122,"caption":"BIOSWING"},"image":{"@id":"https:\/\/staging.bioswing.ee\/lv\/#\/schema\/logo\/image\/"}}]}},"_links":{"self":[{"href":"https:\/\/staging.bioswing.ee\/lv\/wp-json\/wp\/v2\/product\/3744","targetHints":{"allow":["GET"]}}],"collection":[{"href":"https:\/\/staging.bioswing.ee\/lv\/wp-json\/wp\/v2\/product"}],"about":[{"href":"https:\/\/staging.bioswing.ee\/lv\/wp-json\/wp\/v2\/types\/product"}],"wp:featuredmedia":[{"embeddable":true,"href":"https:\/\/staging.bioswing.ee\/lv\/wp-json\/wp\/v2\/media\/1231"}],"wp:attachment":[{"href":"https:\/\/staging.bioswing.ee\/lv\/wp-json\/wp\/v2\/media?parent=3744"}],"wp:term":[{"taxonomy":"product_brand","embeddable":true,"href":"https:\/\/staging.bioswing.ee\/lv\/wp-json\/wp\/v2\/product_brand?post=3744"},{"taxonomy":"product_cat","embeddable":true,"href":"https:\/\/staging.bioswing.ee\/lv\/wp-json\/wp\/v2\/product_cat?post=3744"},{"taxonomy":"product_tag","embeddable":true,"href":"https:\/\/staging.bioswing.ee\/lv\/wp-json\/wp\/v2\/product_tag?post=3744"}],"curies":[{"name":"wp","href":"https:\/\/api.w.org\/{rel}","templated":true}]}}