{"id":4048,"date":"2023-04-13T11:10:47","date_gmt":"2023-04-13T11:10:47","guid":{"rendered":"https:\/\/staging.bioswing.ee\/toode\/boogie-classic\/"},"modified":"2023-08-24T12:45:46","modified_gmt":"2023-08-24T12:45:46","slug":"boogie-classic","status":"publish","type":"product","link":"https:\/\/staging.bioswing.ee\/lv\/toode\/boogie-classic\/","title":{"rendered":"BIOSWING Boogie Classic"},"content":{"rendered":"<h4>BIOSWING Boogie<\/h4>\n<ul>\n<li>Ergonomisks sols ar ortop\u0113disku efektu praksei un birojam<\/li>\n<li>Integr\u0113ts adapt\u012bvais 3D s\u0113dek\u013ca meh\u0101nisms<\/li>\n<li>Plakans s\u0113deklis<\/li>\n<li>Ergonomisks muguras balsts ar integr\u0113tiem roku balstiem<\/li>\n<li>Iegur\u0146a stabilizatora meh\u0101nisms fiziolo\u0123iskai iegur\u0146a pozicion\u0113\u0161anai<\/li>\n<li>Auduma p\u0101rvalks: X-treme FR melns<\/li>\n<li>Pamatne: Alum., pul\u0113ts<\/li>\n<li>Rite\u0146i \u00f860 mm ar hrom\u0113tu korpusu<\/li>\n<\/ul>\n<p><iframe title=\"YouTube video player\" src=\"https:\/\/www.youtube.com\/embed\/N2VSN7bLghI\" width=\"100%\" height=\"450\" frameborder=\"0\" allowfullscreen=\"allowfullscreen\"><\/iframe><\/p>\n<p><iframe width=\"100%\" height=\"450\" src=\"https:\/\/www.youtube.com\/embed\/IG9mh9RTrc4?si=5ujzjyAGVkKTvrRO\" title=\"YouTube video player\" frameborder=\"0\" allow=\"accelerometer; autoplay; clipboard-write; encrypted-media; gyroscope; picture-in-picture; web-share\" allowfullscreen=\"\"><\/iframe><\/p>\n","protected":false},"excerpt":{"rendered":"<p>Vai j\u016bs g\u016bstat visas iesp\u0113jam\u0101s priek\u0161roc\u012bbas, izmantojot regul\u0113jama augstuma rakst\u0101mgaldu?<\/p>\n<p>Katra poz\u012bcija starp st\u0101v\u0113\u0161anu un paaugstin\u0101tu s\u0113d\u0113\u0161anu pal\u012bdz izbaud\u012bt da\u017e\u0101du pozu priek\u0161roc\u012bbas. Izstr\u0101d\u0101juma pamat\u0101 ir ideja, ka bie\u017ea fizisk\u0101s poz\u012bcijas mai\u0146a ir labv\u0113l\u012bga j\u016bsu \u0137ermenim un pr\u0101tam. Tas ir t\u0101p\u0113c, ka m\u016bsu musku\u013cu un skeleta sist\u0113ma ir ieprogramm\u0113ta kust\u012bbu veik\u0161anai gan <strong>mikro<\/strong>, gan <strong>makro<\/strong> l\u012bmen\u012b.<\/p>\n<p>\u201cBIOSWING Boogie\u201d ir patie\u0161\u0101m <strong>vispus\u012bgs produkts<\/strong>. Pateicoties da\u017e\u0101do s\u0113dek\u013cu un iegur\u0146a vai muguras balstu konstrukcijai, tas ir ide\u0101ls pamats ergonomiskai s\u0113d\u0113\u0161anai visda\u017e\u0101d\u0101kajos veidos &#8211; un, pateicoties integr\u0113tajam 3D s\u0113dek\u013ca meh\u0101nismam, tas nodro\u0161ina daudz kust\u012bbu.<\/p>\n<p><strong>\u0100rsta kabinetam, fizioterapijai vai birojam<\/strong>: \u201cBoogie\u201d vienm\u0113r atst\u0101j labu iespaidu.<\/p>\n<p>\u201cBIOSWING\u201d ir pieejams da\u017e\u0101dos s\u0113d\u0113\u0161anas augstumos, ar k\u0101ju gredzenu un bez t\u0101, k\u0101 ar\u012b viet\u0101s, kur tiek veikts sterils darbs, ar k\u0101jas ped\u0101li.<\/p>\n<p>M\u0113s pied\u0101v\u0101jam \u012bpa\u0161u p\u0101rkl\u0101juma audumu, kas atbilst katrai lietojuma zonai un ko var t\u012br\u012bt un dezinfic\u0113t saska\u0146\u0101 ar noteikumiem.<\/p>\n<p>Ja v\u0113laties st\u0101v\u0113t, varat izmantot savu \u201cBoogie\u201d galvenok\u0101rt aug\u0161\u0113j\u0101s poz\u012bcij\u0101s k\u0101 atbalstu st\u0101v\u0113\u0161anai un tikai reiz\u0113m aps\u0113sties. Lai s\u0113d\u0113\u0161anas laik\u0101 laiku pa laikam atbalst\u012btu k\u0101jas, varat izmantot papildu k\u0101ju gredzenu.<\/p>\n<p>Ide\u0101li piem\u0113rots ar\u012b letes risin\u0101jumiem, lai nodro\u0161in\u0101tu vienl\u012bdz\u012bgu kontaktu ar klientiem.<\/p>\n","protected":false},"featured_media":1061,"template":"","meta":[],"product_brand":[],"product_cat":[121],"product_tag":[],"class_list":{"0":"post-4048","1":"product","2":"type-product","3":"status-publish","4":"has-post-thumbnail","6":"product_cat-birojs-un-majas-birojs-lv","8":"first","9":"instock","10":"sale","11":"taxable","12":"shipping-taxable","13":"purchasable","14":"product-type-variable","15":"has-default-attributes"},"yoast_head":"<!-- This site is optimized with the Yoast SEO plugin v27.1.1 - https:\/\/yoast.com\/product\/yoast-seo-wordpress\/ -->\n<title>BIOSWING Boogie Classic - BIOSWING<\/title>\n<meta name=\"robots\" content=\"noindex, follow, max-snippet:-1, max-image-preview:large, max-video-preview:-1\" \/>\n<meta property=\"og:locale\" content=\"lv_LV\" \/>\n<meta property=\"og:type\" content=\"article\" \/>\n<meta property=\"og:title\" content=\"BIOSWING Boogie Classic - BIOSWING\" \/>\n<meta property=\"og:description\" content=\"Vai j\u016bs g\u016bstat visas iesp\u0113jam\u0101s priek\u0161roc\u012bbas, izmantojot regul\u0113jama augstuma rakst\u0101mgaldu? Katra poz\u012bcija starp st\u0101v\u0113\u0161anu un paaugstin\u0101tu s\u0113d\u0113\u0161anu pal\u012bdz izbaud\u012bt da\u017e\u0101du pozu priek\u0161roc\u012bbas. Izstr\u0101d\u0101juma pamat\u0101 ir ideja, ka bie\u017ea fizisk\u0101s poz\u012bcijas mai\u0146a ir labv\u0113l\u012bga j\u016bsu \u0137ermenim un pr\u0101tam. Tas ir t\u0101p\u0113c, ka m\u016bsu musku\u013cu un skeleta sist\u0113ma ir ieprogramm\u0113ta kust\u012bbu veik\u0161anai gan mikro, gan makro l\u012bmen\u012b. \u201cBIOSWING Boogie\u201d ir patie\u0161\u0101m vispus\u012bgs produkts. Pateicoties da\u017e\u0101do s\u0113dek\u013cu un iegur\u0146a vai muguras balstu konstrukcijai, tas ir ide\u0101ls pamats ergonomiskai s\u0113d\u0113\u0161anai visda\u017e\u0101d\u0101kajos veidos - un, pateicoties integr\u0113tajam 3D s\u0113dek\u013ca meh\u0101nismam, tas nodro\u0161ina daudz kust\u012bbu. \u0100rsta kabinetam, fizioterapijai vai birojam: \u201cBoogie\u201d vienm\u0113r atst\u0101j labu iespaidu. \u201cBIOSWING\u201d ir pieejams da\u017e\u0101dos s\u0113d\u0113\u0161anas augstumos, ar k\u0101ju gredzenu un bez t\u0101, k\u0101 ar\u012b viet\u0101s, kur tiek veikts sterils darbs, ar k\u0101jas ped\u0101li. M\u0113s pied\u0101v\u0101jam \u012bpa\u0161u p\u0101rkl\u0101juma audumu, kas atbilst katrai lietojuma zonai un ko var t\u012br\u012bt un dezinfic\u0113t saska\u0146\u0101 ar noteikumiem. Ja v\u0113laties st\u0101v\u0113t, varat izmantot savu \u201cBoogie\u201d galvenok\u0101rt aug\u0161\u0113j\u0101s poz\u012bcij\u0101s k\u0101 atbalstu st\u0101v\u0113\u0161anai un tikai reiz\u0113m aps\u0113sties. Lai s\u0113d\u0113\u0161anas laik\u0101 laiku pa laikam atbalst\u012btu k\u0101jas, varat izmantot papildu k\u0101ju gredzenu. Ide\u0101li piem\u0113rots ar\u012b letes risin\u0101jumiem, lai nodro\u0161in\u0101tu vienl\u012bdz\u012bgu kontaktu ar klientiem.\" \/>\n<meta property=\"og:url\" content=\"https:\/\/staging.bioswing.ee\/lv\/toode\/boogie-classic\/\" \/>\n<meta property=\"og:site_name\" content=\"BIOSWING\" \/>\n<meta property=\"article:modified_time\" content=\"2023-08-24T12:45:46+00:00\" \/>\n<meta property=\"og:image\" content=\"https:\/\/bioswing.ee\/wp-content\/uploads\/2023\/04\/Boogie_Classic01.jpg\" \/>\n\t<meta property=\"og:image:width\" content=\"1874\" \/>\n\t<meta property=\"og:image:height\" content=\"2500\" \/>\n\t<meta property=\"og:image:type\" content=\"image\/jpeg\" \/>\n<meta name=\"twitter:card\" content=\"summary_large_image\" \/>\n<script type=\"application\/ld+json\" class=\"yoast-schema-graph\">{\"@context\":\"https:\/\/schema.org\",\"@graph\":[{\"@type\":\"WebPage\",\"@id\":\"https:\/\/staging.bioswing.ee\/lv\/toode\/boogie-classic\/\",\"url\":\"https:\/\/staging.bioswing.ee\/lv\/toode\/boogie-classic\/\",\"name\":\"BIOSWING Boogie Classic - BIOSWING\",\"isPartOf\":{\"@id\":\"https:\/\/staging.bioswing.ee\/lv\/#website\"},\"primaryImageOfPage\":{\"@id\":\"https:\/\/staging.bioswing.ee\/lv\/toode\/boogie-classic\/#primaryimage\"},\"image\":{\"@id\":\"https:\/\/staging.bioswing.ee\/lv\/toode\/boogie-classic\/#primaryimage\"},\"thumbnailUrl\":\"https:\/\/staging.bioswing.ee\/wp-content\/uploads\/2023\/04\/Boogie_Classic01.jpg\",\"datePublished\":\"2023-04-13T11:10:47+00:00\",\"dateModified\":\"2023-08-24T12:45:46+00:00\",\"breadcrumb\":{\"@id\":\"https:\/\/staging.bioswing.ee\/lv\/toode\/boogie-classic\/#breadcrumb\"},\"inLanguage\":\"lv-LV\",\"potentialAction\":[{\"@type\":\"ReadAction\",\"target\":[\"https:\/\/staging.bioswing.ee\/lv\/toode\/boogie-classic\/\"]}]},{\"@type\":\"ImageObject\",\"inLanguage\":\"lv-LV\",\"@id\":\"https:\/\/staging.bioswing.ee\/lv\/toode\/boogie-classic\/#primaryimage\",\"url\":\"https:\/\/staging.bioswing.ee\/wp-content\/uploads\/2023\/04\/Boogie_Classic01.jpg\",\"contentUrl\":\"https:\/\/staging.bioswing.ee\/wp-content\/uploads\/2023\/04\/Boogie_Classic01.jpg\",\"width\":1874,\"height\":2500},{\"@type\":\"BreadcrumbList\",\"@id\":\"https:\/\/staging.bioswing.ee\/lv\/toode\/boogie-classic\/#breadcrumb\",\"itemListElement\":[{\"@type\":\"ListItem\",\"position\":1,\"name\":\"Home\",\"item\":\"https:\/\/bioswing.ee\/lv\/\"},{\"@type\":\"ListItem\",\"position\":2,\"name\":\"Shop\",\"item\":\"https:\/\/bioswing.ee\/lv\/shop-2\/\"},{\"@type\":\"ListItem\",\"position\":3,\"name\":\"BIOSWING Boogie Classic\"}]},{\"@type\":\"WebSite\",\"@id\":\"https:\/\/staging.bioswing.ee\/lv\/#website\",\"url\":\"https:\/\/staging.bioswing.ee\/lv\/\",\"name\":\"BIOSWING\",\"description\":\"Smart solutions for healthy sitting\",\"publisher\":{\"@id\":\"https:\/\/staging.bioswing.ee\/lv\/#organization\"},\"potentialAction\":[{\"@type\":\"SearchAction\",\"target\":{\"@type\":\"EntryPoint\",\"urlTemplate\":\"https:\/\/staging.bioswing.ee\/lv\/?s={search_term_string}\"},\"query-input\":{\"@type\":\"PropertyValueSpecification\",\"valueRequired\":true,\"valueName\":\"search_term_string\"}}],\"inLanguage\":\"lv-LV\"},{\"@type\":\"Organization\",\"@id\":\"https:\/\/staging.bioswing.ee\/lv\/#organization\",\"name\":\"BIOSWING\",\"url\":\"https:\/\/staging.bioswing.ee\/lv\/\",\"logo\":{\"@type\":\"ImageObject\",\"inLanguage\":\"lv-LV\",\"@id\":\"https:\/\/staging.bioswing.ee\/lv\/#\/schema\/logo\/image\/\",\"url\":\"https:\/\/staging.bioswing.ee\/wp-content\/uploads\/2023\/04\/logo_web.png\",\"contentUrl\":\"https:\/\/staging.bioswing.ee\/wp-content\/uploads\/2023\/04\/logo_web.png\",\"width\":140,\"height\":122,\"caption\":\"BIOSWING\"},\"image\":{\"@id\":\"https:\/\/staging.bioswing.ee\/lv\/#\/schema\/logo\/image\/\"}}]}<\/script>\n<!-- \/ Yoast SEO plugin. -->","yoast_head_json":{"title":"BIOSWING Boogie Classic - BIOSWING","robots":{"index":"noindex","follow":"follow","max-snippet":"max-snippet:-1","max-image-preview":"max-image-preview:large","max-video-preview":"max-video-preview:-1"},"og_locale":"lv_LV","og_type":"article","og_title":"BIOSWING Boogie Classic - BIOSWING","og_description":"Vai j\u016bs g\u016bstat visas iesp\u0113jam\u0101s priek\u0161roc\u012bbas, izmantojot regul\u0113jama augstuma rakst\u0101mgaldu? Katra poz\u012bcija starp st\u0101v\u0113\u0161anu un paaugstin\u0101tu s\u0113d\u0113\u0161anu pal\u012bdz izbaud\u012bt da\u017e\u0101du pozu priek\u0161roc\u012bbas. Izstr\u0101d\u0101juma pamat\u0101 ir ideja, ka bie\u017ea fizisk\u0101s poz\u012bcijas mai\u0146a ir labv\u0113l\u012bga j\u016bsu \u0137ermenim un pr\u0101tam. Tas ir t\u0101p\u0113c, ka m\u016bsu musku\u013cu un skeleta sist\u0113ma ir ieprogramm\u0113ta kust\u012bbu veik\u0161anai gan mikro, gan makro l\u012bmen\u012b. \u201cBIOSWING Boogie\u201d ir patie\u0161\u0101m vispus\u012bgs produkts. Pateicoties da\u017e\u0101do s\u0113dek\u013cu un iegur\u0146a vai muguras balstu konstrukcijai, tas ir ide\u0101ls pamats ergonomiskai s\u0113d\u0113\u0161anai visda\u017e\u0101d\u0101kajos veidos - un, pateicoties integr\u0113tajam 3D s\u0113dek\u013ca meh\u0101nismam, tas nodro\u0161ina daudz kust\u012bbu. \u0100rsta kabinetam, fizioterapijai vai birojam: \u201cBoogie\u201d vienm\u0113r atst\u0101j labu iespaidu. \u201cBIOSWING\u201d ir pieejams da\u017e\u0101dos s\u0113d\u0113\u0161anas augstumos, ar k\u0101ju gredzenu un bez t\u0101, k\u0101 ar\u012b viet\u0101s, kur tiek veikts sterils darbs, ar k\u0101jas ped\u0101li. M\u0113s pied\u0101v\u0101jam \u012bpa\u0161u p\u0101rkl\u0101juma audumu, kas atbilst katrai lietojuma zonai un ko var t\u012br\u012bt un dezinfic\u0113t saska\u0146\u0101 ar noteikumiem. Ja v\u0113laties st\u0101v\u0113t, varat izmantot savu \u201cBoogie\u201d galvenok\u0101rt aug\u0161\u0113j\u0101s poz\u012bcij\u0101s k\u0101 atbalstu st\u0101v\u0113\u0161anai un tikai reiz\u0113m aps\u0113sties. Lai s\u0113d\u0113\u0161anas laik\u0101 laiku pa laikam atbalst\u012btu k\u0101jas, varat izmantot papildu k\u0101ju gredzenu. Ide\u0101li piem\u0113rots ar\u012b letes risin\u0101jumiem, lai nodro\u0161in\u0101tu vienl\u012bdz\u012bgu kontaktu ar klientiem.","og_url":"https:\/\/staging.bioswing.ee\/lv\/toode\/boogie-classic\/","og_site_name":"BIOSWING","article_modified_time":"2023-08-24T12:45:46+00:00","og_image":[{"width":1874,"height":2500,"url":"https:\/\/bioswing.ee\/wp-content\/uploads\/2023\/04\/Boogie_Classic01.jpg","type":"image\/jpeg"}],"twitter_card":"summary_large_image","schema":{"@context":"https:\/\/schema.org","@graph":[{"@type":"WebPage","@id":"https:\/\/staging.bioswing.ee\/lv\/toode\/boogie-classic\/","url":"https:\/\/staging.bioswing.ee\/lv\/toode\/boogie-classic\/","name":"BIOSWING Boogie Classic - BIOSWING","isPartOf":{"@id":"https:\/\/staging.bioswing.ee\/lv\/#website"},"primaryImageOfPage":{"@id":"https:\/\/staging.bioswing.ee\/lv\/toode\/boogie-classic\/#primaryimage"},"image":{"@id":"https:\/\/staging.bioswing.ee\/lv\/toode\/boogie-classic\/#primaryimage"},"thumbnailUrl":"https:\/\/staging.bioswing.ee\/wp-content\/uploads\/2023\/04\/Boogie_Classic01.jpg","datePublished":"2023-04-13T11:10:47+00:00","dateModified":"2023-08-24T12:45:46+00:00","breadcrumb":{"@id":"https:\/\/staging.bioswing.ee\/lv\/toode\/boogie-classic\/#breadcrumb"},"inLanguage":"lv-LV","potentialAction":[{"@type":"ReadAction","target":["https:\/\/staging.bioswing.ee\/lv\/toode\/boogie-classic\/"]}]},{"@type":"ImageObject","inLanguage":"lv-LV","@id":"https:\/\/staging.bioswing.ee\/lv\/toode\/boogie-classic\/#primaryimage","url":"https:\/\/staging.bioswing.ee\/wp-content\/uploads\/2023\/04\/Boogie_Classic01.jpg","contentUrl":"https:\/\/staging.bioswing.ee\/wp-content\/uploads\/2023\/04\/Boogie_Classic01.jpg","width":1874,"height":2500},{"@type":"BreadcrumbList","@id":"https:\/\/staging.bioswing.ee\/lv\/toode\/boogie-classic\/#breadcrumb","itemListElement":[{"@type":"ListItem","position":1,"name":"Home","item":"https:\/\/bioswing.ee\/lv\/"},{"@type":"ListItem","position":2,"name":"Shop","item":"https:\/\/bioswing.ee\/lv\/shop-2\/"},{"@type":"ListItem","position":3,"name":"BIOSWING Boogie Classic"}]},{"@type":"WebSite","@id":"https:\/\/staging.bioswing.ee\/lv\/#website","url":"https:\/\/staging.bioswing.ee\/lv\/","name":"BIOSWING","description":"Smart solutions for healthy sitting","publisher":{"@id":"https:\/\/staging.bioswing.ee\/lv\/#organization"},"potentialAction":[{"@type":"SearchAction","target":{"@type":"EntryPoint","urlTemplate":"https:\/\/staging.bioswing.ee\/lv\/?s={search_term_string}"},"query-input":{"@type":"PropertyValueSpecification","valueRequired":true,"valueName":"search_term_string"}}],"inLanguage":"lv-LV"},{"@type":"Organization","@id":"https:\/\/staging.bioswing.ee\/lv\/#organization","name":"BIOSWING","url":"https:\/\/staging.bioswing.ee\/lv\/","logo":{"@type":"ImageObject","inLanguage":"lv-LV","@id":"https:\/\/staging.bioswing.ee\/lv\/#\/schema\/logo\/image\/","url":"https:\/\/staging.bioswing.ee\/wp-content\/uploads\/2023\/04\/logo_web.png","contentUrl":"https:\/\/staging.bioswing.ee\/wp-content\/uploads\/2023\/04\/logo_web.png","width":140,"height":122,"caption":"BIOSWING"},"image":{"@id":"https:\/\/staging.bioswing.ee\/lv\/#\/schema\/logo\/image\/"}}]}},"_links":{"self":[{"href":"https:\/\/staging.bioswing.ee\/lv\/wp-json\/wp\/v2\/product\/4048","targetHints":{"allow":["GET"]}}],"collection":[{"href":"https:\/\/staging.bioswing.ee\/lv\/wp-json\/wp\/v2\/product"}],"about":[{"href":"https:\/\/staging.bioswing.ee\/lv\/wp-json\/wp\/v2\/types\/product"}],"wp:featuredmedia":[{"embeddable":true,"href":"https:\/\/staging.bioswing.ee\/lv\/wp-json\/wp\/v2\/media\/1061"}],"wp:attachment":[{"href":"https:\/\/staging.bioswing.ee\/lv\/wp-json\/wp\/v2\/media?parent=4048"}],"wp:term":[{"taxonomy":"product_brand","embeddable":true,"href":"https:\/\/staging.bioswing.ee\/lv\/wp-json\/wp\/v2\/product_brand?post=4048"},{"taxonomy":"product_cat","embeddable":true,"href":"https:\/\/staging.bioswing.ee\/lv\/wp-json\/wp\/v2\/product_cat?post=4048"},{"taxonomy":"product_tag","embeddable":true,"href":"https:\/\/staging.bioswing.ee\/lv\/wp-json\/wp\/v2\/product_tag?post=4048"}],"curies":[{"name":"wp","href":"https:\/\/api.w.org\/{rel}","templated":true}]}}