{"id":15550,"date":"2024-11-21T08:46:12","date_gmt":"2024-11-21T08:46:12","guid":{"rendered":"https:\/\/staging.bioswing.ee\/toode\/bioswing-propriomed-wall-mount-for-4\/"},"modified":"2024-11-28T12:56:32","modified_gmt":"2024-11-28T12:56:32","slug":"bioswing-propriomed-wall-mount-for-4","status":"publish","type":"product","link":"https:\/\/staging.bioswing.ee\/no\/toode\/bioswing-propriomed-wall-mount-for-4\/","title":{"rendered":"BIOSWING\u00ae veggfeste for 4"},"content":{"rendered":"","protected":false},"excerpt":{"rendered":"<p>Veggholderen brukes til optimal hengende lagring av opptil fire BIOSWING Propriomed<sup>\u00ae<\/sup>&#8211; og Improve<sup>\u00ae<\/sup>-enheter. Den belagte st\u00e5lveggfesten er tilgjengelig i en enkelt- eller firelagsversjon. <\/p>\n<ul>\n<li>Fire holdere<\/li>\n<li>S\u00f8lvbelagt st\u00e5l<\/li>\n<li>Inkluderer monteringsmateriale<\/li>\n<\/ul>\n","protected":false},"featured_media":15551,"template":"","meta":[],"product_brand":[],"product_cat":[845],"product_tag":[],"class_list":{"0":"post-15550","1":"product","2":"type-product","3":"status-publish","4":"has-post-thumbnail","6":"product_cat-propriomed-no","8":"first","9":"instock","10":"taxable","11":"shipping-taxable","12":"purchasable","13":"product-type-simple"},"yoast_head":"<!-- This site is optimized with the Yoast SEO plugin v27.1.1 - https:\/\/yoast.com\/product\/yoast-seo-wordpress\/ -->\n<title>BIOSWING\u00ae veggfeste for 4 - BIOSWING<\/title>\n<meta name=\"robots\" content=\"noindex, follow, max-snippet:-1, max-image-preview:large, max-video-preview:-1\" \/>\n<meta property=\"og:locale\" content=\"nb_NO\" \/>\n<meta property=\"og:type\" content=\"article\" \/>\n<meta property=\"og:title\" content=\"BIOSWING\u00ae veggfeste for 4 - BIOSWING\" \/>\n<meta property=\"og:description\" content=\"Veggholderen brukes til optimal hengende lagring av opptil fire BIOSWING Propriomed\u00ae- og Improve\u00ae-enheter. Den belagte st\u00e5lveggfesten er tilgjengelig i en enkelt- eller firelagsversjon.   Fire holdere  S\u00f8lvbelagt st\u00e5l  Inkluderer monteringsmateriale\" \/>\n<meta property=\"og:url\" content=\"https:\/\/staging.bioswing.ee\/no\/toode\/bioswing-propriomed-wall-mount-for-4\/\" \/>\n<meta property=\"og:site_name\" content=\"BIOSWING\" \/>\n<meta property=\"article:modified_time\" content=\"2024-11-28T12:56:32+00:00\" \/>\n<meta property=\"og:image\" content=\"https:\/\/bioswing.ee\/wp-content\/uploads\/2024\/11\/4er_wandhalter.jpg\" \/>\n\t<meta property=\"og:image:width\" content=\"1500\" \/>\n\t<meta property=\"og:image:height\" content=\"2000\" \/>\n\t<meta property=\"og:image:type\" content=\"image\/jpeg\" \/>\n<meta name=\"twitter:card\" content=\"summary_large_image\" \/>\n<script type=\"application\/ld+json\" class=\"yoast-schema-graph\">{\"@context\":\"https:\/\/schema.org\",\"@graph\":[{\"@type\":\"WebPage\",\"@id\":\"https:\/\/staging.bioswing.ee\/no\/toode\/bioswing-propriomed-wall-mount-for-4\/\",\"url\":\"https:\/\/staging.bioswing.ee\/no\/toode\/bioswing-propriomed-wall-mount-for-4\/\",\"name\":\"BIOSWING\u00ae veggfeste for 4 - BIOSWING\",\"isPartOf\":{\"@id\":\"https:\/\/staging.bioswing.ee\/no\/#website\"},\"primaryImageOfPage\":{\"@id\":\"https:\/\/staging.bioswing.ee\/no\/toode\/bioswing-propriomed-wall-mount-for-4\/#primaryimage\"},\"image\":{\"@id\":\"https:\/\/staging.bioswing.ee\/no\/toode\/bioswing-propriomed-wall-mount-for-4\/#primaryimage\"},\"thumbnailUrl\":\"https:\/\/staging.bioswing.ee\/wp-content\/uploads\/2024\/11\/4er_wandhalter.jpg\",\"datePublished\":\"2024-11-21T08:46:12+00:00\",\"dateModified\":\"2024-11-28T12:56:32+00:00\",\"breadcrumb\":{\"@id\":\"https:\/\/staging.bioswing.ee\/no\/toode\/bioswing-propriomed-wall-mount-for-4\/#breadcrumb\"},\"inLanguage\":\"nb-NO\",\"potentialAction\":[{\"@type\":\"ReadAction\",\"target\":[\"https:\/\/staging.bioswing.ee\/no\/toode\/bioswing-propriomed-wall-mount-for-4\/\"]}]},{\"@type\":\"ImageObject\",\"inLanguage\":\"nb-NO\",\"@id\":\"https:\/\/staging.bioswing.ee\/no\/toode\/bioswing-propriomed-wall-mount-for-4\/#primaryimage\",\"url\":\"https:\/\/staging.bioswing.ee\/wp-content\/uploads\/2024\/11\/4er_wandhalter.jpg\",\"contentUrl\":\"https:\/\/staging.bioswing.ee\/wp-content\/uploads\/2024\/11\/4er_wandhalter.jpg\",\"width\":1500,\"height\":2000},{\"@type\":\"BreadcrumbList\",\"@id\":\"https:\/\/staging.bioswing.ee\/no\/toode\/bioswing-propriomed-wall-mount-for-4\/#breadcrumb\",\"itemListElement\":[{\"@type\":\"ListItem\",\"position\":1,\"name\":\"Home\",\"item\":\"https:\/\/bioswing.ee\/no\/\"},{\"@type\":\"ListItem\",\"position\":2,\"name\":\"SHOP\",\"item\":\"https:\/\/bioswing.ee\/no\/shop\/\"},{\"@type\":\"ListItem\",\"position\":3,\"name\":\"BIOSWING\u00ae veggfeste for 4\"}]},{\"@type\":\"WebSite\",\"@id\":\"https:\/\/staging.bioswing.ee\/no\/#website\",\"url\":\"https:\/\/staging.bioswing.ee\/no\/\",\"name\":\"BIOSWING\",\"description\":\"Smart solutions for healthy sitting\",\"publisher\":{\"@id\":\"https:\/\/staging.bioswing.ee\/no\/#organization\"},\"potentialAction\":[{\"@type\":\"SearchAction\",\"target\":{\"@type\":\"EntryPoint\",\"urlTemplate\":\"https:\/\/staging.bioswing.ee\/no\/?s={search_term_string}\"},\"query-input\":{\"@type\":\"PropertyValueSpecification\",\"valueRequired\":true,\"valueName\":\"search_term_string\"}}],\"inLanguage\":\"nb-NO\"},{\"@type\":\"Organization\",\"@id\":\"https:\/\/staging.bioswing.ee\/no\/#organization\",\"name\":\"BIOSWING\",\"url\":\"https:\/\/staging.bioswing.ee\/no\/\",\"logo\":{\"@type\":\"ImageObject\",\"inLanguage\":\"nb-NO\",\"@id\":\"https:\/\/staging.bioswing.ee\/no\/#\/schema\/logo\/image\/\",\"url\":\"https:\/\/staging.bioswing.ee\/wp-content\/uploads\/2023\/04\/logo_web.png\",\"contentUrl\":\"https:\/\/staging.bioswing.ee\/wp-content\/uploads\/2023\/04\/logo_web.png\",\"width\":140,\"height\":122,\"caption\":\"BIOSWING\"},\"image\":{\"@id\":\"https:\/\/staging.bioswing.ee\/no\/#\/schema\/logo\/image\/\"}}]}<\/script>\n<!-- \/ Yoast SEO plugin. -->","yoast_head_json":{"title":"BIOSWING\u00ae veggfeste for 4 - BIOSWING","robots":{"index":"noindex","follow":"follow","max-snippet":"max-snippet:-1","max-image-preview":"max-image-preview:large","max-video-preview":"max-video-preview:-1"},"og_locale":"nb_NO","og_type":"article","og_title":"BIOSWING\u00ae veggfeste for 4 - BIOSWING","og_description":"Veggholderen brukes til optimal hengende lagring av opptil fire BIOSWING Propriomed\u00ae- og Improve\u00ae-enheter. Den belagte st\u00e5lveggfesten er tilgjengelig i en enkelt- eller firelagsversjon.   Fire holdere  S\u00f8lvbelagt st\u00e5l  Inkluderer monteringsmateriale","og_url":"https:\/\/staging.bioswing.ee\/no\/toode\/bioswing-propriomed-wall-mount-for-4\/","og_site_name":"BIOSWING","article_modified_time":"2024-11-28T12:56:32+00:00","og_image":[{"width":1500,"height":2000,"url":"https:\/\/bioswing.ee\/wp-content\/uploads\/2024\/11\/4er_wandhalter.jpg","type":"image\/jpeg"}],"twitter_card":"summary_large_image","schema":{"@context":"https:\/\/schema.org","@graph":[{"@type":"WebPage","@id":"https:\/\/staging.bioswing.ee\/no\/toode\/bioswing-propriomed-wall-mount-for-4\/","url":"https:\/\/staging.bioswing.ee\/no\/toode\/bioswing-propriomed-wall-mount-for-4\/","name":"BIOSWING\u00ae veggfeste for 4 - BIOSWING","isPartOf":{"@id":"https:\/\/staging.bioswing.ee\/no\/#website"},"primaryImageOfPage":{"@id":"https:\/\/staging.bioswing.ee\/no\/toode\/bioswing-propriomed-wall-mount-for-4\/#primaryimage"},"image":{"@id":"https:\/\/staging.bioswing.ee\/no\/toode\/bioswing-propriomed-wall-mount-for-4\/#primaryimage"},"thumbnailUrl":"https:\/\/staging.bioswing.ee\/wp-content\/uploads\/2024\/11\/4er_wandhalter.jpg","datePublished":"2024-11-21T08:46:12+00:00","dateModified":"2024-11-28T12:56:32+00:00","breadcrumb":{"@id":"https:\/\/staging.bioswing.ee\/no\/toode\/bioswing-propriomed-wall-mount-for-4\/#breadcrumb"},"inLanguage":"nb-NO","potentialAction":[{"@type":"ReadAction","target":["https:\/\/staging.bioswing.ee\/no\/toode\/bioswing-propriomed-wall-mount-for-4\/"]}]},{"@type":"ImageObject","inLanguage":"nb-NO","@id":"https:\/\/staging.bioswing.ee\/no\/toode\/bioswing-propriomed-wall-mount-for-4\/#primaryimage","url":"https:\/\/staging.bioswing.ee\/wp-content\/uploads\/2024\/11\/4er_wandhalter.jpg","contentUrl":"https:\/\/staging.bioswing.ee\/wp-content\/uploads\/2024\/11\/4er_wandhalter.jpg","width":1500,"height":2000},{"@type":"BreadcrumbList","@id":"https:\/\/staging.bioswing.ee\/no\/toode\/bioswing-propriomed-wall-mount-for-4\/#breadcrumb","itemListElement":[{"@type":"ListItem","position":1,"name":"Home","item":"https:\/\/bioswing.ee\/no\/"},{"@type":"ListItem","position":2,"name":"SHOP","item":"https:\/\/bioswing.ee\/no\/shop\/"},{"@type":"ListItem","position":3,"name":"BIOSWING\u00ae veggfeste for 4"}]},{"@type":"WebSite","@id":"https:\/\/staging.bioswing.ee\/no\/#website","url":"https:\/\/staging.bioswing.ee\/no\/","name":"BIOSWING","description":"Smart solutions for healthy sitting","publisher":{"@id":"https:\/\/staging.bioswing.ee\/no\/#organization"},"potentialAction":[{"@type":"SearchAction","target":{"@type":"EntryPoint","urlTemplate":"https:\/\/staging.bioswing.ee\/no\/?s={search_term_string}"},"query-input":{"@type":"PropertyValueSpecification","valueRequired":true,"valueName":"search_term_string"}}],"inLanguage":"nb-NO"},{"@type":"Organization","@id":"https:\/\/staging.bioswing.ee\/no\/#organization","name":"BIOSWING","url":"https:\/\/staging.bioswing.ee\/no\/","logo":{"@type":"ImageObject","inLanguage":"nb-NO","@id":"https:\/\/staging.bioswing.ee\/no\/#\/schema\/logo\/image\/","url":"https:\/\/staging.bioswing.ee\/wp-content\/uploads\/2023\/04\/logo_web.png","contentUrl":"https:\/\/staging.bioswing.ee\/wp-content\/uploads\/2023\/04\/logo_web.png","width":140,"height":122,"caption":"BIOSWING"},"image":{"@id":"https:\/\/staging.bioswing.ee\/no\/#\/schema\/logo\/image\/"}}]}},"_links":{"self":[{"href":"https:\/\/staging.bioswing.ee\/no\/wp-json\/wp\/v2\/product\/15550","targetHints":{"allow":["GET"]}}],"collection":[{"href":"https:\/\/staging.bioswing.ee\/no\/wp-json\/wp\/v2\/product"}],"about":[{"href":"https:\/\/staging.bioswing.ee\/no\/wp-json\/wp\/v2\/types\/product"}],"wp:featuredmedia":[{"embeddable":true,"href":"https:\/\/staging.bioswing.ee\/no\/wp-json\/wp\/v2\/media\/15551"}],"wp:attachment":[{"href":"https:\/\/staging.bioswing.ee\/no\/wp-json\/wp\/v2\/media?parent=15550"}],"wp:term":[{"taxonomy":"product_brand","embeddable":true,"href":"https:\/\/staging.bioswing.ee\/no\/wp-json\/wp\/v2\/product_brand?post=15550"},{"taxonomy":"product_cat","embeddable":true,"href":"https:\/\/staging.bioswing.ee\/no\/wp-json\/wp\/v2\/product_cat?post=15550"},{"taxonomy":"product_tag","embeddable":true,"href":"https:\/\/staging.bioswing.ee\/no\/wp-json\/wp\/v2\/product_tag?post=15550"}],"curies":[{"name":"wp","href":"https:\/\/api.w.org\/{rel}","templated":true}]}}