{"id":15602,"date":"2024-11-21T08:25:35","date_gmt":"2024-11-21T08:25:35","guid":{"rendered":"https:\/\/staging.bioswing.ee\/toode\/bioswing-propriomed-2\/"},"modified":"2024-11-28T12:04:21","modified_gmt":"2024-11-28T12:04:21","slug":"bioswing-propriomed-2","status":"publish","type":"product","link":"https:\/\/staging.bioswing.ee\/no\/toode\/bioswing-propriomed-2\/","title":{"rendered":"BIOSWING\u00ae Propriomed\u00ae 2"},"content":{"rendered":"","protected":false},"excerpt":{"rendered":"<p><strong>BIOSWING Propriomed<sup>\u00ae<\/sup> 2 <\/strong>(r\u00f8d) er 165 cm lang og har to kontinuerlig justerbare frekvensregulatorer p\u00e5 hver side. Den terapeutisk krevende svingstaven dekker frekvenser som er relevante for pasienter med god motorisk koordinasjon, med et frekvensspekter p\u00e5 4,0 til 5,2 Hz. <\/p>\n<ul>\n<li>H\u00e5ndtak\/Dempingselementer: Svart\/Gr\u00e5 Desmopan\u00ae<\/li>\n<li>Svingtr\u00e5d: S\u00f8lv, flergangsforedlet fj\u00e6rst\u00e5l<\/li>\n<li>Svingtr\u00e5dlengde: 165 cm<\/li>\n<li>Endekapsler\/Frekvensregulator: Svart PU<\/li>\n<li>Leveres i et skruelokk-beskyttelsesr\u00f8r med instruksjoner<\/li>\n<\/ul>\n","protected":false},"featured_media":15603,"template":"","meta":[],"product_brand":[],"product_cat":[845],"product_tag":[],"class_list":{"0":"post-15602","1":"product","2":"type-product","3":"status-publish","4":"has-post-thumbnail","6":"product_cat-propriomed-no","8":"first","9":"instock","10":"taxable","11":"shipping-taxable","12":"purchasable","13":"product-type-simple"},"yoast_head":"<!-- This site is optimized with the Yoast SEO plugin v27.1.1 - https:\/\/yoast.com\/product\/yoast-seo-wordpress\/ -->\n<title>BIOSWING\u00ae Propriomed\u00ae 2 - BIOSWING<\/title>\n<meta name=\"robots\" content=\"noindex, follow, max-snippet:-1, max-image-preview:large, max-video-preview:-1\" \/>\n<meta property=\"og:locale\" content=\"nb_NO\" \/>\n<meta property=\"og:type\" content=\"article\" \/>\n<meta property=\"og:title\" content=\"BIOSWING\u00ae Propriomed\u00ae 2 - BIOSWING\" \/>\n<meta property=\"og:description\" content=\"BIOSWING Propriomed\u00ae 2 (r\u00f8d) er 165 cm lang og har to kontinuerlig justerbare frekvensregulatorer p\u00e5 hver side. Den terapeutisk krevende svingstaven dekker frekvenser som er relevante for pasienter med god motorisk koordinasjon, med et frekvensspekter p\u00e5 4,0 til 5,2 Hz.   H\u00e5ndtak\/Dempingselementer: Svart\/Gr\u00e5 Desmopan\u00ae  Svingtr\u00e5d: S\u00f8lv, flergangsforedlet fj\u00e6rst\u00e5l  Svingtr\u00e5dlengde: 165 cm  Endekapsler\/Frekvensregulator: Svart PU  Leveres i et skruelokk-beskyttelsesr\u00f8r med instruksjoner\" \/>\n<meta property=\"og:url\" content=\"https:\/\/staging.bioswing.ee\/no\/toode\/bioswing-propriomed-2\/\" \/>\n<meta property=\"og:site_name\" content=\"BIOSWING\" \/>\n<meta property=\"article:modified_time\" content=\"2024-11-28T12:04:21+00:00\" \/>\n<meta property=\"og:image\" content=\"https:\/\/bioswing.ee\/wp-content\/uploads\/2024\/11\/propriomed2.jpg\" \/>\n\t<meta property=\"og:image:width\" content=\"1500\" \/>\n\t<meta property=\"og:image:height\" content=\"2000\" \/>\n\t<meta property=\"og:image:type\" content=\"image\/jpeg\" \/>\n<meta name=\"twitter:card\" content=\"summary_large_image\" \/>\n<script type=\"application\/ld+json\" class=\"yoast-schema-graph\">{\"@context\":\"https:\/\/schema.org\",\"@graph\":[{\"@type\":\"WebPage\",\"@id\":\"https:\/\/staging.bioswing.ee\/no\/toode\/bioswing-propriomed-2\/\",\"url\":\"https:\/\/staging.bioswing.ee\/no\/toode\/bioswing-propriomed-2\/\",\"name\":\"BIOSWING\u00ae Propriomed\u00ae 2 - BIOSWING\",\"isPartOf\":{\"@id\":\"https:\/\/staging.bioswing.ee\/no\/#website\"},\"primaryImageOfPage\":{\"@id\":\"https:\/\/staging.bioswing.ee\/no\/toode\/bioswing-propriomed-2\/#primaryimage\"},\"image\":{\"@id\":\"https:\/\/staging.bioswing.ee\/no\/toode\/bioswing-propriomed-2\/#primaryimage\"},\"thumbnailUrl\":\"https:\/\/staging.bioswing.ee\/wp-content\/uploads\/2024\/11\/propriomed2.jpg\",\"datePublished\":\"2024-11-21T08:25:35+00:00\",\"dateModified\":\"2024-11-28T12:04:21+00:00\",\"breadcrumb\":{\"@id\":\"https:\/\/staging.bioswing.ee\/no\/toode\/bioswing-propriomed-2\/#breadcrumb\"},\"inLanguage\":\"nb-NO\",\"potentialAction\":[{\"@type\":\"ReadAction\",\"target\":[\"https:\/\/staging.bioswing.ee\/no\/toode\/bioswing-propriomed-2\/\"]}]},{\"@type\":\"ImageObject\",\"inLanguage\":\"nb-NO\",\"@id\":\"https:\/\/staging.bioswing.ee\/no\/toode\/bioswing-propriomed-2\/#primaryimage\",\"url\":\"https:\/\/staging.bioswing.ee\/wp-content\/uploads\/2024\/11\/propriomed2.jpg\",\"contentUrl\":\"https:\/\/staging.bioswing.ee\/wp-content\/uploads\/2024\/11\/propriomed2.jpg\",\"width\":1500,\"height\":2000},{\"@type\":\"BreadcrumbList\",\"@id\":\"https:\/\/staging.bioswing.ee\/no\/toode\/bioswing-propriomed-2\/#breadcrumb\",\"itemListElement\":[{\"@type\":\"ListItem\",\"position\":1,\"name\":\"Home\",\"item\":\"https:\/\/bioswing.ee\/no\/\"},{\"@type\":\"ListItem\",\"position\":2,\"name\":\"SHOP\",\"item\":\"https:\/\/bioswing.ee\/no\/shop\/\"},{\"@type\":\"ListItem\",\"position\":3,\"name\":\"BIOSWING\u00ae Propriomed\u00ae 2\"}]},{\"@type\":\"WebSite\",\"@id\":\"https:\/\/staging.bioswing.ee\/no\/#website\",\"url\":\"https:\/\/staging.bioswing.ee\/no\/\",\"name\":\"BIOSWING\",\"description\":\"Smart solutions for healthy sitting\",\"publisher\":{\"@id\":\"https:\/\/staging.bioswing.ee\/no\/#organization\"},\"potentialAction\":[{\"@type\":\"SearchAction\",\"target\":{\"@type\":\"EntryPoint\",\"urlTemplate\":\"https:\/\/staging.bioswing.ee\/no\/?s={search_term_string}\"},\"query-input\":{\"@type\":\"PropertyValueSpecification\",\"valueRequired\":true,\"valueName\":\"search_term_string\"}}],\"inLanguage\":\"nb-NO\"},{\"@type\":\"Organization\",\"@id\":\"https:\/\/staging.bioswing.ee\/no\/#organization\",\"name\":\"BIOSWING\",\"url\":\"https:\/\/staging.bioswing.ee\/no\/\",\"logo\":{\"@type\":\"ImageObject\",\"inLanguage\":\"nb-NO\",\"@id\":\"https:\/\/staging.bioswing.ee\/no\/#\/schema\/logo\/image\/\",\"url\":\"https:\/\/staging.bioswing.ee\/wp-content\/uploads\/2023\/04\/logo_web.png\",\"contentUrl\":\"https:\/\/staging.bioswing.ee\/wp-content\/uploads\/2023\/04\/logo_web.png\",\"width\":140,\"height\":122,\"caption\":\"BIOSWING\"},\"image\":{\"@id\":\"https:\/\/staging.bioswing.ee\/no\/#\/schema\/logo\/image\/\"}}]}<\/script>\n<!-- \/ Yoast SEO plugin. -->","yoast_head_json":{"title":"BIOSWING\u00ae Propriomed\u00ae 2 - BIOSWING","robots":{"index":"noindex","follow":"follow","max-snippet":"max-snippet:-1","max-image-preview":"max-image-preview:large","max-video-preview":"max-video-preview:-1"},"og_locale":"nb_NO","og_type":"article","og_title":"BIOSWING\u00ae Propriomed\u00ae 2 - BIOSWING","og_description":"BIOSWING Propriomed\u00ae 2 (r\u00f8d) er 165 cm lang og har to kontinuerlig justerbare frekvensregulatorer p\u00e5 hver side. Den terapeutisk krevende svingstaven dekker frekvenser som er relevante for pasienter med god motorisk koordinasjon, med et frekvensspekter p\u00e5 4,0 til 5,2 Hz.   H\u00e5ndtak\/Dempingselementer: Svart\/Gr\u00e5 Desmopan\u00ae  Svingtr\u00e5d: S\u00f8lv, flergangsforedlet fj\u00e6rst\u00e5l  Svingtr\u00e5dlengde: 165 cm  Endekapsler\/Frekvensregulator: Svart PU  Leveres i et skruelokk-beskyttelsesr\u00f8r med instruksjoner","og_url":"https:\/\/staging.bioswing.ee\/no\/toode\/bioswing-propriomed-2\/","og_site_name":"BIOSWING","article_modified_time":"2024-11-28T12:04:21+00:00","og_image":[{"width":1500,"height":2000,"url":"https:\/\/bioswing.ee\/wp-content\/uploads\/2024\/11\/propriomed2.jpg","type":"image\/jpeg"}],"twitter_card":"summary_large_image","schema":{"@context":"https:\/\/schema.org","@graph":[{"@type":"WebPage","@id":"https:\/\/staging.bioswing.ee\/no\/toode\/bioswing-propriomed-2\/","url":"https:\/\/staging.bioswing.ee\/no\/toode\/bioswing-propriomed-2\/","name":"BIOSWING\u00ae Propriomed\u00ae 2 - BIOSWING","isPartOf":{"@id":"https:\/\/staging.bioswing.ee\/no\/#website"},"primaryImageOfPage":{"@id":"https:\/\/staging.bioswing.ee\/no\/toode\/bioswing-propriomed-2\/#primaryimage"},"image":{"@id":"https:\/\/staging.bioswing.ee\/no\/toode\/bioswing-propriomed-2\/#primaryimage"},"thumbnailUrl":"https:\/\/staging.bioswing.ee\/wp-content\/uploads\/2024\/11\/propriomed2.jpg","datePublished":"2024-11-21T08:25:35+00:00","dateModified":"2024-11-28T12:04:21+00:00","breadcrumb":{"@id":"https:\/\/staging.bioswing.ee\/no\/toode\/bioswing-propriomed-2\/#breadcrumb"},"inLanguage":"nb-NO","potentialAction":[{"@type":"ReadAction","target":["https:\/\/staging.bioswing.ee\/no\/toode\/bioswing-propriomed-2\/"]}]},{"@type":"ImageObject","inLanguage":"nb-NO","@id":"https:\/\/staging.bioswing.ee\/no\/toode\/bioswing-propriomed-2\/#primaryimage","url":"https:\/\/staging.bioswing.ee\/wp-content\/uploads\/2024\/11\/propriomed2.jpg","contentUrl":"https:\/\/staging.bioswing.ee\/wp-content\/uploads\/2024\/11\/propriomed2.jpg","width":1500,"height":2000},{"@type":"BreadcrumbList","@id":"https:\/\/staging.bioswing.ee\/no\/toode\/bioswing-propriomed-2\/#breadcrumb","itemListElement":[{"@type":"ListItem","position":1,"name":"Home","item":"https:\/\/bioswing.ee\/no\/"},{"@type":"ListItem","position":2,"name":"SHOP","item":"https:\/\/bioswing.ee\/no\/shop\/"},{"@type":"ListItem","position":3,"name":"BIOSWING\u00ae Propriomed\u00ae 2"}]},{"@type":"WebSite","@id":"https:\/\/staging.bioswing.ee\/no\/#website","url":"https:\/\/staging.bioswing.ee\/no\/","name":"BIOSWING","description":"Smart solutions for healthy sitting","publisher":{"@id":"https:\/\/staging.bioswing.ee\/no\/#organization"},"potentialAction":[{"@type":"SearchAction","target":{"@type":"EntryPoint","urlTemplate":"https:\/\/staging.bioswing.ee\/no\/?s={search_term_string}"},"query-input":{"@type":"PropertyValueSpecification","valueRequired":true,"valueName":"search_term_string"}}],"inLanguage":"nb-NO"},{"@type":"Organization","@id":"https:\/\/staging.bioswing.ee\/no\/#organization","name":"BIOSWING","url":"https:\/\/staging.bioswing.ee\/no\/","logo":{"@type":"ImageObject","inLanguage":"nb-NO","@id":"https:\/\/staging.bioswing.ee\/no\/#\/schema\/logo\/image\/","url":"https:\/\/staging.bioswing.ee\/wp-content\/uploads\/2023\/04\/logo_web.png","contentUrl":"https:\/\/staging.bioswing.ee\/wp-content\/uploads\/2023\/04\/logo_web.png","width":140,"height":122,"caption":"BIOSWING"},"image":{"@id":"https:\/\/staging.bioswing.ee\/no\/#\/schema\/logo\/image\/"}}]}},"_links":{"self":[{"href":"https:\/\/staging.bioswing.ee\/no\/wp-json\/wp\/v2\/product\/15602","targetHints":{"allow":["GET"]}}],"collection":[{"href":"https:\/\/staging.bioswing.ee\/no\/wp-json\/wp\/v2\/product"}],"about":[{"href":"https:\/\/staging.bioswing.ee\/no\/wp-json\/wp\/v2\/types\/product"}],"wp:featuredmedia":[{"embeddable":true,"href":"https:\/\/staging.bioswing.ee\/no\/wp-json\/wp\/v2\/media\/15603"}],"wp:attachment":[{"href":"https:\/\/staging.bioswing.ee\/no\/wp-json\/wp\/v2\/media?parent=15602"}],"wp:term":[{"taxonomy":"product_brand","embeddable":true,"href":"https:\/\/staging.bioswing.ee\/no\/wp-json\/wp\/v2\/product_brand?post=15602"},{"taxonomy":"product_cat","embeddable":true,"href":"https:\/\/staging.bioswing.ee\/no\/wp-json\/wp\/v2\/product_cat?post=15602"},{"taxonomy":"product_tag","embeddable":true,"href":"https:\/\/staging.bioswing.ee\/no\/wp-json\/wp\/v2\/product_tag?post=15602"}],"curies":[{"name":"wp","href":"https:\/\/api.w.org\/{rel}","templated":true}]}}