{"id":15709,"date":"2024-11-18T13:06:51","date_gmt":"2024-11-18T13:06:51","guid":{"rendered":"https:\/\/staging.bioswing.ee\/toode\/bioswing-osg-module\/"},"modified":"2024-11-28T09:26:41","modified_gmt":"2024-11-28T09:26:41","slug":"bioswing-osg-module","status":"publish","type":"product","link":"https:\/\/staging.bioswing.ee\/no\/toode\/bioswing-osg-module\/","title":{"rendered":"BIOSWING\u00ae OSG-modul"},"content":{"rendered":"","protected":false},"excerpt":{"rendered":"<p>Utvider den svingende terapiplattformen ved \u00e5 legge til en vippbar akse med begrenset tilt. Ankelleddene utfordres til \u00e5 gi st\u00f8rre stabilisering i forskjellige bevegelsesakser. Vippeaksen p\u00e5 terapioverflaten kan l\u00e5ses ved 45\u00b0. Base \u00d8 32 cm, symmetrisk\/asymmetrisk 7\u00b0, 10\u00b0, 15\u00b0 og 20\u00b0 tiltbar med vinkeldisplay.<\/p>\n<p>Enhetstilkobling: Posturomed 202 og compact<\/p>\n<p>Plastbelagt, farge s\u00f8lv\/svart<\/p>\n","protected":false},"featured_media":15710,"template":"","meta":[],"product_brand":[],"product_cat":[855],"product_tag":[],"class_list":{"0":"post-15709","1":"product","2":"type-product","3":"status-publish","4":"has-post-thumbnail","6":"product_cat-posturomed-no","8":"first","9":"instock","10":"taxable","11":"shipping-taxable","12":"purchasable","13":"product-type-simple"},"yoast_head":"<!-- This site is optimized with the Yoast SEO plugin v27.1.1 - https:\/\/yoast.com\/product\/yoast-seo-wordpress\/ -->\n<title>BIOSWING\u00ae OSG-modul - BIOSWING<\/title>\n<meta name=\"robots\" content=\"noindex, follow, max-snippet:-1, max-image-preview:large, max-video-preview:-1\" \/>\n<meta property=\"og:locale\" content=\"nb_NO\" \/>\n<meta property=\"og:type\" content=\"article\" \/>\n<meta property=\"og:title\" content=\"BIOSWING\u00ae OSG-modul - BIOSWING\" \/>\n<meta property=\"og:description\" content=\"Utvider den svingende terapiplattformen ved \u00e5 legge til en vippbar akse med begrenset tilt. Ankelleddene utfordres til \u00e5 gi st\u00f8rre stabilisering i forskjellige bevegelsesakser. Vippeaksen p\u00e5 terapioverflaten kan l\u00e5ses ved 45\u00b0. Base \u00d8 32 cm, symmetrisk\/asymmetrisk 7\u00b0, 10\u00b0, 15\u00b0 og 20\u00b0 tiltbar med vinkeldisplay. Enhetstilkobling: Posturomed 202 og compact Plastbelagt, farge s\u00f8lv\/svart\" \/>\n<meta property=\"og:url\" content=\"https:\/\/staging.bioswing.ee\/no\/toode\/bioswing-osg-module\/\" \/>\n<meta property=\"og:site_name\" content=\"BIOSWING\" \/>\n<meta property=\"article:modified_time\" content=\"2024-11-28T09:26:41+00:00\" \/>\n<meta property=\"og:image\" content=\"https:\/\/bioswing.ee\/wp-content\/uploads\/2024\/11\/OSG_Modul.jpg\" \/>\n\t<meta property=\"og:image:width\" content=\"1500\" \/>\n\t<meta property=\"og:image:height\" content=\"2000\" \/>\n\t<meta property=\"og:image:type\" content=\"image\/jpeg\" \/>\n<meta name=\"twitter:card\" content=\"summary_large_image\" \/>\n<script type=\"application\/ld+json\" class=\"yoast-schema-graph\">{\"@context\":\"https:\/\/schema.org\",\"@graph\":[{\"@type\":\"WebPage\",\"@id\":\"https:\/\/staging.bioswing.ee\/no\/toode\/bioswing-osg-module\/\",\"url\":\"https:\/\/staging.bioswing.ee\/no\/toode\/bioswing-osg-module\/\",\"name\":\"BIOSWING\u00ae OSG-modul - BIOSWING\",\"isPartOf\":{\"@id\":\"https:\/\/staging.bioswing.ee\/no\/#website\"},\"primaryImageOfPage\":{\"@id\":\"https:\/\/staging.bioswing.ee\/no\/toode\/bioswing-osg-module\/#primaryimage\"},\"image\":{\"@id\":\"https:\/\/staging.bioswing.ee\/no\/toode\/bioswing-osg-module\/#primaryimage\"},\"thumbnailUrl\":\"https:\/\/staging.bioswing.ee\/wp-content\/uploads\/2024\/11\/OSG_Modul.jpg\",\"datePublished\":\"2024-11-18T13:06:51+00:00\",\"dateModified\":\"2024-11-28T09:26:41+00:00\",\"breadcrumb\":{\"@id\":\"https:\/\/staging.bioswing.ee\/no\/toode\/bioswing-osg-module\/#breadcrumb\"},\"inLanguage\":\"nb-NO\",\"potentialAction\":[{\"@type\":\"ReadAction\",\"target\":[\"https:\/\/staging.bioswing.ee\/no\/toode\/bioswing-osg-module\/\"]}]},{\"@type\":\"ImageObject\",\"inLanguage\":\"nb-NO\",\"@id\":\"https:\/\/staging.bioswing.ee\/no\/toode\/bioswing-osg-module\/#primaryimage\",\"url\":\"https:\/\/staging.bioswing.ee\/wp-content\/uploads\/2024\/11\/OSG_Modul.jpg\",\"contentUrl\":\"https:\/\/staging.bioswing.ee\/wp-content\/uploads\/2024\/11\/OSG_Modul.jpg\",\"width\":1500,\"height\":2000},{\"@type\":\"BreadcrumbList\",\"@id\":\"https:\/\/staging.bioswing.ee\/no\/toode\/bioswing-osg-module\/#breadcrumb\",\"itemListElement\":[{\"@type\":\"ListItem\",\"position\":1,\"name\":\"Home\",\"item\":\"https:\/\/bioswing.ee\/no\/\"},{\"@type\":\"ListItem\",\"position\":2,\"name\":\"SHOP\",\"item\":\"https:\/\/bioswing.ee\/no\/shop\/\"},{\"@type\":\"ListItem\",\"position\":3,\"name\":\"BIOSWING\u00ae OSG-modul\"}]},{\"@type\":\"WebSite\",\"@id\":\"https:\/\/staging.bioswing.ee\/no\/#website\",\"url\":\"https:\/\/staging.bioswing.ee\/no\/\",\"name\":\"BIOSWING\",\"description\":\"Smart solutions for healthy sitting\",\"publisher\":{\"@id\":\"https:\/\/staging.bioswing.ee\/no\/#organization\"},\"potentialAction\":[{\"@type\":\"SearchAction\",\"target\":{\"@type\":\"EntryPoint\",\"urlTemplate\":\"https:\/\/staging.bioswing.ee\/no\/?s={search_term_string}\"},\"query-input\":{\"@type\":\"PropertyValueSpecification\",\"valueRequired\":true,\"valueName\":\"search_term_string\"}}],\"inLanguage\":\"nb-NO\"},{\"@type\":\"Organization\",\"@id\":\"https:\/\/staging.bioswing.ee\/no\/#organization\",\"name\":\"BIOSWING\",\"url\":\"https:\/\/staging.bioswing.ee\/no\/\",\"logo\":{\"@type\":\"ImageObject\",\"inLanguage\":\"nb-NO\",\"@id\":\"https:\/\/staging.bioswing.ee\/no\/#\/schema\/logo\/image\/\",\"url\":\"https:\/\/staging.bioswing.ee\/wp-content\/uploads\/2023\/04\/logo_web.png\",\"contentUrl\":\"https:\/\/staging.bioswing.ee\/wp-content\/uploads\/2023\/04\/logo_web.png\",\"width\":140,\"height\":122,\"caption\":\"BIOSWING\"},\"image\":{\"@id\":\"https:\/\/staging.bioswing.ee\/no\/#\/schema\/logo\/image\/\"}}]}<\/script>\n<!-- \/ Yoast SEO plugin. -->","yoast_head_json":{"title":"BIOSWING\u00ae OSG-modul - BIOSWING","robots":{"index":"noindex","follow":"follow","max-snippet":"max-snippet:-1","max-image-preview":"max-image-preview:large","max-video-preview":"max-video-preview:-1"},"og_locale":"nb_NO","og_type":"article","og_title":"BIOSWING\u00ae OSG-modul - BIOSWING","og_description":"Utvider den svingende terapiplattformen ved \u00e5 legge til en vippbar akse med begrenset tilt. Ankelleddene utfordres til \u00e5 gi st\u00f8rre stabilisering i forskjellige bevegelsesakser. Vippeaksen p\u00e5 terapioverflaten kan l\u00e5ses ved 45\u00b0. Base \u00d8 32 cm, symmetrisk\/asymmetrisk 7\u00b0, 10\u00b0, 15\u00b0 og 20\u00b0 tiltbar med vinkeldisplay. Enhetstilkobling: Posturomed 202 og compact Plastbelagt, farge s\u00f8lv\/svart","og_url":"https:\/\/staging.bioswing.ee\/no\/toode\/bioswing-osg-module\/","og_site_name":"BIOSWING","article_modified_time":"2024-11-28T09:26:41+00:00","og_image":[{"width":1500,"height":2000,"url":"https:\/\/bioswing.ee\/wp-content\/uploads\/2024\/11\/OSG_Modul.jpg","type":"image\/jpeg"}],"twitter_card":"summary_large_image","schema":{"@context":"https:\/\/schema.org","@graph":[{"@type":"WebPage","@id":"https:\/\/staging.bioswing.ee\/no\/toode\/bioswing-osg-module\/","url":"https:\/\/staging.bioswing.ee\/no\/toode\/bioswing-osg-module\/","name":"BIOSWING\u00ae OSG-modul - BIOSWING","isPartOf":{"@id":"https:\/\/staging.bioswing.ee\/no\/#website"},"primaryImageOfPage":{"@id":"https:\/\/staging.bioswing.ee\/no\/toode\/bioswing-osg-module\/#primaryimage"},"image":{"@id":"https:\/\/staging.bioswing.ee\/no\/toode\/bioswing-osg-module\/#primaryimage"},"thumbnailUrl":"https:\/\/staging.bioswing.ee\/wp-content\/uploads\/2024\/11\/OSG_Modul.jpg","datePublished":"2024-11-18T13:06:51+00:00","dateModified":"2024-11-28T09:26:41+00:00","breadcrumb":{"@id":"https:\/\/staging.bioswing.ee\/no\/toode\/bioswing-osg-module\/#breadcrumb"},"inLanguage":"nb-NO","potentialAction":[{"@type":"ReadAction","target":["https:\/\/staging.bioswing.ee\/no\/toode\/bioswing-osg-module\/"]}]},{"@type":"ImageObject","inLanguage":"nb-NO","@id":"https:\/\/staging.bioswing.ee\/no\/toode\/bioswing-osg-module\/#primaryimage","url":"https:\/\/staging.bioswing.ee\/wp-content\/uploads\/2024\/11\/OSG_Modul.jpg","contentUrl":"https:\/\/staging.bioswing.ee\/wp-content\/uploads\/2024\/11\/OSG_Modul.jpg","width":1500,"height":2000},{"@type":"BreadcrumbList","@id":"https:\/\/staging.bioswing.ee\/no\/toode\/bioswing-osg-module\/#breadcrumb","itemListElement":[{"@type":"ListItem","position":1,"name":"Home","item":"https:\/\/bioswing.ee\/no\/"},{"@type":"ListItem","position":2,"name":"SHOP","item":"https:\/\/bioswing.ee\/no\/shop\/"},{"@type":"ListItem","position":3,"name":"BIOSWING\u00ae OSG-modul"}]},{"@type":"WebSite","@id":"https:\/\/staging.bioswing.ee\/no\/#website","url":"https:\/\/staging.bioswing.ee\/no\/","name":"BIOSWING","description":"Smart solutions for healthy sitting","publisher":{"@id":"https:\/\/staging.bioswing.ee\/no\/#organization"},"potentialAction":[{"@type":"SearchAction","target":{"@type":"EntryPoint","urlTemplate":"https:\/\/staging.bioswing.ee\/no\/?s={search_term_string}"},"query-input":{"@type":"PropertyValueSpecification","valueRequired":true,"valueName":"search_term_string"}}],"inLanguage":"nb-NO"},{"@type":"Organization","@id":"https:\/\/staging.bioswing.ee\/no\/#organization","name":"BIOSWING","url":"https:\/\/staging.bioswing.ee\/no\/","logo":{"@type":"ImageObject","inLanguage":"nb-NO","@id":"https:\/\/staging.bioswing.ee\/no\/#\/schema\/logo\/image\/","url":"https:\/\/staging.bioswing.ee\/wp-content\/uploads\/2023\/04\/logo_web.png","contentUrl":"https:\/\/staging.bioswing.ee\/wp-content\/uploads\/2023\/04\/logo_web.png","width":140,"height":122,"caption":"BIOSWING"},"image":{"@id":"https:\/\/staging.bioswing.ee\/no\/#\/schema\/logo\/image\/"}}]}},"_links":{"self":[{"href":"https:\/\/staging.bioswing.ee\/no\/wp-json\/wp\/v2\/product\/15709","targetHints":{"allow":["GET"]}}],"collection":[{"href":"https:\/\/staging.bioswing.ee\/no\/wp-json\/wp\/v2\/product"}],"about":[{"href":"https:\/\/staging.bioswing.ee\/no\/wp-json\/wp\/v2\/types\/product"}],"wp:featuredmedia":[{"embeddable":true,"href":"https:\/\/staging.bioswing.ee\/no\/wp-json\/wp\/v2\/media\/15710"}],"wp:attachment":[{"href":"https:\/\/staging.bioswing.ee\/no\/wp-json\/wp\/v2\/media?parent=15709"}],"wp:term":[{"taxonomy":"product_brand","embeddable":true,"href":"https:\/\/staging.bioswing.ee\/no\/wp-json\/wp\/v2\/product_brand?post=15709"},{"taxonomy":"product_cat","embeddable":true,"href":"https:\/\/staging.bioswing.ee\/no\/wp-json\/wp\/v2\/product_cat?post=15709"},{"taxonomy":"product_tag","embeddable":true,"href":"https:\/\/staging.bioswing.ee\/no\/wp-json\/wp\/v2\/product_tag?post=15709"}],"curies":[{"name":"wp","href":"https:\/\/api.w.org\/{rel}","templated":true}]}}