{"id":16000,"date":"2023-04-13T11:21:14","date_gmt":"2023-04-13T11:21:14","guid":{"rendered":"https:\/\/staging.bioswing.ee\/toode\/foxter\/"},"modified":"2024-11-28T11:19:31","modified_gmt":"2024-11-28T11:19:31","slug":"foxter","status":"publish","type":"product","link":"https:\/\/staging.bioswing.ee\/no\/toode\/foxter\/","title":{"rendered":"Foxter"},"content":{"rendered":"<h3>Foxter bestseller<\/h3>\n<ul>\n<li>Ergonomisk krakk med ortopedisk effekt for praksis og kontor<\/li>\n<li>Integrert, adaptiv 3D-setemekanisme<\/li>\n<li>Kuleformet sete<\/li>\n<li>Stofftrekk: Xtreme-FR svart<\/li>\n<li>Stjernebase: Aluminium, gr\u00e5malt<\/li>\n<li>Hjul \u00f850 cm, gr\u00e5<\/li>\n<\/ul>\n<p><iframe title=\"YouTube video player\" src=\"https:\/\/www.youtube.com\/embed\/5cLboTxOnh4\" width=\"100%\" height=\"450\" frameborder=\"0\" allowfullscreen=\"allowfullscreen\"><\/iframe><\/p>\n<p><iframe title=\"YouTube video player\" src=\"https:\/\/www.youtube.com\/embed\/RdAkGYfQRU0?si=iZjPFPN7BfNfVNQH\" width=\"100%\" height=\"450\" frameborder=\"0\" allowfullscreen=\"allowfullscreen\"><\/iframe><\/p>\n","protected":false},"excerpt":{"rendered":"<p class=\"p1\"><strong>Speed meeting<\/strong> er den nyeste trenden p\u00e5 aktivitetsbaserte kontorer. Team m\u00f8tes spontant i de tilrettelagte omr\u00e5dene for \u00e5 gi kreativiteten fritt spillerom. Sittende og st\u00e5ende veksler, der BIOSWING Foxter gir st\u00f8tte n\u00e5r du <strong>sitter<\/strong> og gir et l\u00f8ft til <strong>kropp og sinn.<\/strong>  <\/p>\n<p>Setet p\u00e5 krakken, som er frikoblet fra det faste gulvet, har en spesiell funksjon: Det r<strong>eflekterer alle impulser<\/strong> fra den som sitter p\u00e5 en unik m\u00e5te og utl\u00f8ser en stimulerende og<br \/><strong>kreativitet-boostende<\/strong> effekt i kroppen.<\/p>\n<p>Takket v\u00e6re enkel betjening og trinnl\u00f8s h\u00f8ydejustering kan krakkens funksjoner komme b\u00e5de unge og eldre til gode.<\/p>\n<p>Med krakkens integrerte <strong>3D-setemekanisme<\/strong> reflekteres alle bevegelser \u2013 selv de minste, som hjerteslag og pust \u2013 og sendes kontinuerlig tilbake til hjernen som <strong>bevegelsesstimuli<\/strong>. Disse stimuliene sendes via ulike hierarkiske datakanaler til nettverksstrukturen i den delen av hjernen som er involvert i bevegelse. <strong>Disse nettverkene aktiveres automatisk<\/strong> av den unike BIOSWING-teknologien mens du sitter, noe som gj\u00f8r det mulig \u00e5 ytterligere \u00f8ke prestasjon og kreativitet.<\/p>\n<p>Foxter brukes ogs\u00e5 innen utdanning: Barnehagel\u00e6rere elsker de fine bevegelsene som muliggj\u00f8r b<strong>ehagelig og ryggvennlig sitting<\/strong>, selv ved lave sittestillinger i kombinasjon med en kort gassfj\u00e6r.<\/p>\n","protected":false},"featured_media":16001,"template":"","meta":[],"product_brand":[],"product_cat":[643,637],"product_tag":[],"class_list":{"0":"post-16000","1":"product","2":"type-product","3":"status-publish","4":"has-post-thumbnail","6":"product_cat-kontor-og-hjemmekontor","7":"product_cat-mote-no","9":"first","10":"instock","11":"sale","12":"taxable","13":"shipping-taxable","14":"purchasable","15":"product-type-simple"},"yoast_head":"<!-- This site is optimized with the Yoast SEO plugin v27.1.1 - https:\/\/yoast.com\/product\/yoast-seo-wordpress\/ -->\n<title>Foxter - BIOSWING<\/title>\n<meta name=\"robots\" content=\"noindex, follow, max-snippet:-1, max-image-preview:large, max-video-preview:-1\" \/>\n<meta property=\"og:locale\" content=\"nb_NO\" \/>\n<meta property=\"og:type\" content=\"article\" \/>\n<meta property=\"og:title\" content=\"Foxter - BIOSWING\" \/>\n<meta property=\"og:description\" content=\"Speed meeting er den nyeste trenden p\u00e5 aktivitetsbaserte kontorer. Team m\u00f8tes spontant i de tilrettelagte omr\u00e5dene for \u00e5 gi kreativiteten fritt spillerom. Sittende og st\u00e5ende veksler, der BIOSWING Foxter gir st\u00f8tte n\u00e5r du sitter og gir et l\u00f8ft til kropp og sinn.  Setet p\u00e5 krakken, som er frikoblet fra det faste gulvet, har en spesiell funksjon: Det reflekterer alle impulser fra den som sitter p\u00e5 en unik m\u00e5te og utl\u00f8ser en stimulerende ogkreativitet-boostende effekt i kroppen.Takket v\u00e6re enkel betjening og trinnl\u00f8s h\u00f8ydejustering kan krakkens funksjoner komme b\u00e5de unge og eldre til gode.Med krakkens integrerte 3D-setemekanisme reflekteres alle bevegelser \u2013 selv de minste, som hjerteslag og pust \u2013 og sendes kontinuerlig tilbake til hjernen som bevegelsesstimuli. Disse stimuliene sendes via ulike hierarkiske datakanaler til nettverksstrukturen i den delen av hjernen som er involvert i bevegelse. Disse nettverkene aktiveres automatisk av den unike BIOSWING-teknologien mens du sitter, noe som gj\u00f8r det mulig \u00e5 ytterligere \u00f8ke prestasjon og kreativitet.Foxter brukes ogs\u00e5 innen utdanning: Barnehagel\u00e6rere elsker de fine bevegelsene som muliggj\u00f8r behagelig og ryggvennlig sitting, selv ved lave sittestillinger i kombinasjon med en kort gassfj\u00e6r.\" \/>\n<meta property=\"og:url\" content=\"https:\/\/staging.bioswing.ee\/no\/toode\/foxter\/\" \/>\n<meta property=\"og:site_name\" content=\"BIOSWING\" \/>\n<meta property=\"article:modified_time\" content=\"2024-11-28T11:19:31+00:00\" \/>\n<meta property=\"og:image\" content=\"https:\/\/bioswing.ee\/wp-content\/uploads\/2023\/04\/Foxter.jpg\" \/>\n\t<meta property=\"og:image:width\" content=\"1874\" \/>\n\t<meta property=\"og:image:height\" content=\"2500\" \/>\n\t<meta property=\"og:image:type\" content=\"image\/jpeg\" \/>\n<meta name=\"twitter:card\" content=\"summary_large_image\" \/>\n<script type=\"application\/ld+json\" class=\"yoast-schema-graph\">{\"@context\":\"https:\/\/schema.org\",\"@graph\":[{\"@type\":\"WebPage\",\"@id\":\"https:\/\/staging.bioswing.ee\/no\/toode\/foxter\/\",\"url\":\"https:\/\/staging.bioswing.ee\/no\/toode\/foxter\/\",\"name\":\"Foxter - BIOSWING\",\"isPartOf\":{\"@id\":\"https:\/\/staging.bioswing.ee\/no\/#website\"},\"primaryImageOfPage\":{\"@id\":\"https:\/\/staging.bioswing.ee\/no\/toode\/foxter\/#primaryimage\"},\"image\":{\"@id\":\"https:\/\/staging.bioswing.ee\/no\/toode\/foxter\/#primaryimage\"},\"thumbnailUrl\":\"https:\/\/staging.bioswing.ee\/wp-content\/uploads\/2023\/04\/Foxter.jpg\",\"datePublished\":\"2023-04-13T11:21:14+00:00\",\"dateModified\":\"2024-11-28T11:19:31+00:00\",\"breadcrumb\":{\"@id\":\"https:\/\/staging.bioswing.ee\/no\/toode\/foxter\/#breadcrumb\"},\"inLanguage\":\"nb-NO\",\"potentialAction\":[{\"@type\":\"ReadAction\",\"target\":[\"https:\/\/staging.bioswing.ee\/no\/toode\/foxter\/\"]}]},{\"@type\":\"ImageObject\",\"inLanguage\":\"nb-NO\",\"@id\":\"https:\/\/staging.bioswing.ee\/no\/toode\/foxter\/#primaryimage\",\"url\":\"https:\/\/staging.bioswing.ee\/wp-content\/uploads\/2023\/04\/Foxter.jpg\",\"contentUrl\":\"https:\/\/staging.bioswing.ee\/wp-content\/uploads\/2023\/04\/Foxter.jpg\",\"width\":1874,\"height\":2500},{\"@type\":\"BreadcrumbList\",\"@id\":\"https:\/\/staging.bioswing.ee\/no\/toode\/foxter\/#breadcrumb\",\"itemListElement\":[{\"@type\":\"ListItem\",\"position\":1,\"name\":\"Home\",\"item\":\"https:\/\/bioswing.ee\/no\/\"},{\"@type\":\"ListItem\",\"position\":2,\"name\":\"SHOP\",\"item\":\"https:\/\/bioswing.ee\/no\/shop\/\"},{\"@type\":\"ListItem\",\"position\":3,\"name\":\"Foxter\"}]},{\"@type\":\"WebSite\",\"@id\":\"https:\/\/staging.bioswing.ee\/no\/#website\",\"url\":\"https:\/\/staging.bioswing.ee\/no\/\",\"name\":\"BIOSWING\",\"description\":\"Smart solutions for healthy sitting\",\"publisher\":{\"@id\":\"https:\/\/staging.bioswing.ee\/no\/#organization\"},\"potentialAction\":[{\"@type\":\"SearchAction\",\"target\":{\"@type\":\"EntryPoint\",\"urlTemplate\":\"https:\/\/staging.bioswing.ee\/no\/?s={search_term_string}\"},\"query-input\":{\"@type\":\"PropertyValueSpecification\",\"valueRequired\":true,\"valueName\":\"search_term_string\"}}],\"inLanguage\":\"nb-NO\"},{\"@type\":\"Organization\",\"@id\":\"https:\/\/staging.bioswing.ee\/no\/#organization\",\"name\":\"BIOSWING\",\"url\":\"https:\/\/staging.bioswing.ee\/no\/\",\"logo\":{\"@type\":\"ImageObject\",\"inLanguage\":\"nb-NO\",\"@id\":\"https:\/\/staging.bioswing.ee\/no\/#\/schema\/logo\/image\/\",\"url\":\"https:\/\/staging.bioswing.ee\/wp-content\/uploads\/2023\/04\/logo_web.png\",\"contentUrl\":\"https:\/\/staging.bioswing.ee\/wp-content\/uploads\/2023\/04\/logo_web.png\",\"width\":140,\"height\":122,\"caption\":\"BIOSWING\"},\"image\":{\"@id\":\"https:\/\/staging.bioswing.ee\/no\/#\/schema\/logo\/image\/\"}}]}<\/script>\n<!-- \/ Yoast SEO plugin. -->","yoast_head_json":{"title":"Foxter - BIOSWING","robots":{"index":"noindex","follow":"follow","max-snippet":"max-snippet:-1","max-image-preview":"max-image-preview:large","max-video-preview":"max-video-preview:-1"},"og_locale":"nb_NO","og_type":"article","og_title":"Foxter - BIOSWING","og_description":"Speed meeting er den nyeste trenden p\u00e5 aktivitetsbaserte kontorer. Team m\u00f8tes spontant i de tilrettelagte omr\u00e5dene for \u00e5 gi kreativiteten fritt spillerom. Sittende og st\u00e5ende veksler, der BIOSWING Foxter gir st\u00f8tte n\u00e5r du sitter og gir et l\u00f8ft til kropp og sinn.  Setet p\u00e5 krakken, som er frikoblet fra det faste gulvet, har en spesiell funksjon: Det reflekterer alle impulser fra den som sitter p\u00e5 en unik m\u00e5te og utl\u00f8ser en stimulerende ogkreativitet-boostende effekt i kroppen.Takket v\u00e6re enkel betjening og trinnl\u00f8s h\u00f8ydejustering kan krakkens funksjoner komme b\u00e5de unge og eldre til gode.Med krakkens integrerte 3D-setemekanisme reflekteres alle bevegelser \u2013 selv de minste, som hjerteslag og pust \u2013 og sendes kontinuerlig tilbake til hjernen som bevegelsesstimuli. Disse stimuliene sendes via ulike hierarkiske datakanaler til nettverksstrukturen i den delen av hjernen som er involvert i bevegelse. Disse nettverkene aktiveres automatisk av den unike BIOSWING-teknologien mens du sitter, noe som gj\u00f8r det mulig \u00e5 ytterligere \u00f8ke prestasjon og kreativitet.Foxter brukes ogs\u00e5 innen utdanning: Barnehagel\u00e6rere elsker de fine bevegelsene som muliggj\u00f8r behagelig og ryggvennlig sitting, selv ved lave sittestillinger i kombinasjon med en kort gassfj\u00e6r.","og_url":"https:\/\/staging.bioswing.ee\/no\/toode\/foxter\/","og_site_name":"BIOSWING","article_modified_time":"2024-11-28T11:19:31+00:00","og_image":[{"width":1874,"height":2500,"url":"https:\/\/bioswing.ee\/wp-content\/uploads\/2023\/04\/Foxter.jpg","type":"image\/jpeg"}],"twitter_card":"summary_large_image","schema":{"@context":"https:\/\/schema.org","@graph":[{"@type":"WebPage","@id":"https:\/\/staging.bioswing.ee\/no\/toode\/foxter\/","url":"https:\/\/staging.bioswing.ee\/no\/toode\/foxter\/","name":"Foxter - BIOSWING","isPartOf":{"@id":"https:\/\/staging.bioswing.ee\/no\/#website"},"primaryImageOfPage":{"@id":"https:\/\/staging.bioswing.ee\/no\/toode\/foxter\/#primaryimage"},"image":{"@id":"https:\/\/staging.bioswing.ee\/no\/toode\/foxter\/#primaryimage"},"thumbnailUrl":"https:\/\/staging.bioswing.ee\/wp-content\/uploads\/2023\/04\/Foxter.jpg","datePublished":"2023-04-13T11:21:14+00:00","dateModified":"2024-11-28T11:19:31+00:00","breadcrumb":{"@id":"https:\/\/staging.bioswing.ee\/no\/toode\/foxter\/#breadcrumb"},"inLanguage":"nb-NO","potentialAction":[{"@type":"ReadAction","target":["https:\/\/staging.bioswing.ee\/no\/toode\/foxter\/"]}]},{"@type":"ImageObject","inLanguage":"nb-NO","@id":"https:\/\/staging.bioswing.ee\/no\/toode\/foxter\/#primaryimage","url":"https:\/\/staging.bioswing.ee\/wp-content\/uploads\/2023\/04\/Foxter.jpg","contentUrl":"https:\/\/staging.bioswing.ee\/wp-content\/uploads\/2023\/04\/Foxter.jpg","width":1874,"height":2500},{"@type":"BreadcrumbList","@id":"https:\/\/staging.bioswing.ee\/no\/toode\/foxter\/#breadcrumb","itemListElement":[{"@type":"ListItem","position":1,"name":"Home","item":"https:\/\/bioswing.ee\/no\/"},{"@type":"ListItem","position":2,"name":"SHOP","item":"https:\/\/bioswing.ee\/no\/shop\/"},{"@type":"ListItem","position":3,"name":"Foxter"}]},{"@type":"WebSite","@id":"https:\/\/staging.bioswing.ee\/no\/#website","url":"https:\/\/staging.bioswing.ee\/no\/","name":"BIOSWING","description":"Smart solutions for healthy sitting","publisher":{"@id":"https:\/\/staging.bioswing.ee\/no\/#organization"},"potentialAction":[{"@type":"SearchAction","target":{"@type":"EntryPoint","urlTemplate":"https:\/\/staging.bioswing.ee\/no\/?s={search_term_string}"},"query-input":{"@type":"PropertyValueSpecification","valueRequired":true,"valueName":"search_term_string"}}],"inLanguage":"nb-NO"},{"@type":"Organization","@id":"https:\/\/staging.bioswing.ee\/no\/#organization","name":"BIOSWING","url":"https:\/\/staging.bioswing.ee\/no\/","logo":{"@type":"ImageObject","inLanguage":"nb-NO","@id":"https:\/\/staging.bioswing.ee\/no\/#\/schema\/logo\/image\/","url":"https:\/\/staging.bioswing.ee\/wp-content\/uploads\/2023\/04\/logo_web.png","contentUrl":"https:\/\/staging.bioswing.ee\/wp-content\/uploads\/2023\/04\/logo_web.png","width":140,"height":122,"caption":"BIOSWING"},"image":{"@id":"https:\/\/staging.bioswing.ee\/no\/#\/schema\/logo\/image\/"}}]}},"_links":{"self":[{"href":"https:\/\/staging.bioswing.ee\/no\/wp-json\/wp\/v2\/product\/16000","targetHints":{"allow":["GET"]}}],"collection":[{"href":"https:\/\/staging.bioswing.ee\/no\/wp-json\/wp\/v2\/product"}],"about":[{"href":"https:\/\/staging.bioswing.ee\/no\/wp-json\/wp\/v2\/types\/product"}],"wp:featuredmedia":[{"embeddable":true,"href":"https:\/\/staging.bioswing.ee\/no\/wp-json\/wp\/v2\/media\/16001"}],"wp:attachment":[{"href":"https:\/\/staging.bioswing.ee\/no\/wp-json\/wp\/v2\/media?parent=16000"}],"wp:term":[{"taxonomy":"product_brand","embeddable":true,"href":"https:\/\/staging.bioswing.ee\/no\/wp-json\/wp\/v2\/product_brand?post=16000"},{"taxonomy":"product_cat","embeddable":true,"href":"https:\/\/staging.bioswing.ee\/no\/wp-json\/wp\/v2\/product_cat?post=16000"},{"taxonomy":"product_tag","embeddable":true,"href":"https:\/\/staging.bioswing.ee\/no\/wp-json\/wp\/v2\/product_tag?post=16000"}],"curies":[{"name":"wp","href":"https:\/\/api.w.org\/{rel}","templated":true}]}}