{"id":16336,"date":"2023-04-13T12:36:39","date_gmt":"2023-04-13T12:36:39","guid":{"rendered":"https:\/\/staging.bioswing.ee\/toode\/560-iq-detensor\/"},"modified":"2024-11-28T12:17:33","modified_gmt":"2024-11-28T12:17:33","slug":"560-iq-detensor","status":"publish","type":"product","link":"https:\/\/staging.bioswing.ee\/no\/toode\/560-iq-detensor\/","title":{"rendered":"BIOSWING 560 iQ DETENSOR"},"content":{"rendered":"<h3>BIOSWING 560 iQ DETENSOR<\/h3>\n<ul>\n<li>Ergonomisk kontorstol med ortopedisk effekt<\/li>\n<li>Integrert, adaptiv 3D-setemekanisme<\/li>\n<li>Syntetisk mekanisme med individuell vektjustering (sammen med finjustering)<\/li>\n<li>3D armlener for multifunksjonell justering som passer ulike arbeidsstillinger<\/li>\n<li>Individuell setehelingsjustering med gassfj\u00e6r, kontinuerlig justerbar<\/li>\n<li>Ekstra bekkenstabilisator<\/li>\n<li>Setedybde kan justeres etter benlengde<\/li>\n<li>Ryggst\u00f8tte med justerbar h\u00f8yde, i tillegg med korsryggst\u00f8tte med individuelt justerbar kurve<\/li>\n<li>3D nakkest\u00f8tte med kontinuerlig justering av h\u00f8yde, dybde og tiltet<\/li>\n<li>Ryggst\u00f8tteh\u00f8yde: 60 cm<\/li>\n<li>Trekantstoff: Step, forskjellige farger<\/li>\n<li>Stjernebase: Aluminium, polert<\/li>\n<\/ul>\n<p><iframe title=\"YouTube video player\" src=\"https:\/\/www.youtube.com\/embed\/K0Ht8x3OJnU\" width=\"100%\" height=\"450\" frameborder=\"0\" allowfullscreen=\"allowfullscreen\"><\/iframe><\/p>\n<p><iframe title=\"YouTube video player\" src=\"https:\/\/www.youtube.com\/embed\/RdAkGYfQRU0?si=iZjPFPN7BfNfVNQH\" width=\"100%\" height=\"450\" frameborder=\"0\" allowfullscreen=\"allowfullscreen\"><\/iframe><\/p>\n","protected":false},"excerpt":{"rendered":"<h4>\u00c5 kunne justere kontorstolen din for \u00e5 passe mer presist til dine personlige dimensjoner, betyr at du kan forbli sunnere og mer motivert under lengre sittetider.<\/h4>\n<p>Det er viktig at stolen tar hensyn til din <strong>individuelle anatomi<\/strong> og gir tilstrekkelige muligheter for justering og tilpasning.<br \/>\nDe viktigste alternativene er presentert nedenfor.<\/p>\n<h4>En kontorstol fra BIOSWING 5-serien gir maksimal bevegelse.<\/h4>\n<p>Takket v\u00e6re de integrerte teknologiene, responderer 5-serien ikke bare p\u00e5 hver bevegelse fra brukeren, men tilpasser seg ogs\u00e5 hver stilling som inntas gjennom en lang dag.<br \/>\nFor, tross alt: <strong>den beste holdningen er alltid den neste<\/strong>.<br \/>\nAktiv bevegelse kombinert med en oppreist holdning er bra for ryggraden.<br \/>\nMed den <strong>individuelt justerbare setevinkeljusteringen<\/strong> kan du tilpasse vinkelen p\u00e5 hvilken som helst modell fra 5-serien for \u00e5 passe dine behov, slik at ryggraden beholder sin naturlige <strong>S-form<\/strong> takket v\u00e6re bekkenets justering. <\/p>\n<p><img decoding=\"async\" class=\"alignnone wp-image-916\" src=\"https:\/\/staging.bioswing.ee\/wp-content\/uploads\/2023\/04\/pdf.png\" alt=\"pdf\" width=\"19\" height=\"20\"> <a href=\"https:\/\/staging.bioswing.ee\/wp-content\/uploads\/2023\/04\/produktblatt_560_v02_EN.pdf\" target=\"_blank\" rel=\"noopener\">Download Product Sheet (PDF)<\/a><\/p>\n","protected":false},"featured_media":16337,"template":"","meta":[],"product_brand":[],"product_cat":[643,634],"product_tag":[],"class_list":{"0":"post-16336","1":"product","2":"type-product","3":"status-publish","4":"has-post-thumbnail","6":"product_cat-kontor-og-hjemmekontor","7":"product_cat-ledelse","9":"first","10":"instock","11":"sale","12":"taxable","13":"shipping-taxable","14":"purchasable","15":"product-type-variable","16":"has-default-attributes"},"yoast_head":"<!-- This site is optimized with the Yoast SEO plugin v27.1.1 - https:\/\/yoast.com\/product\/yoast-seo-wordpress\/ -->\n<title>BIOSWING 560 iQ DETENSOR - BIOSWING<\/title>\n<meta name=\"robots\" content=\"noindex, follow, max-snippet:-1, max-image-preview:large, max-video-preview:-1\" \/>\n<meta property=\"og:locale\" content=\"nb_NO\" \/>\n<meta property=\"og:type\" content=\"article\" \/>\n<meta property=\"og:title\" content=\"BIOSWING 560 iQ DETENSOR - BIOSWING\" \/>\n<meta property=\"og:description\" content=\"\u00c5 kunne justere kontorstolen din for \u00e5 passe mer presist til dine personlige dimensjoner, betyr at du kan forbli sunnere og mer motivert under lengre sittetider. Det er viktig at stolen tar hensyn til din individuelle anatomi og gir tilstrekkelige muligheter for justering og tilpasning. De viktigste alternativene er presentert nedenfor.  En kontorstol fra BIOSWING 5-serien gir maksimal bevegelse. Takket v\u00e6re de integrerte teknologiene, responderer 5-serien ikke bare p\u00e5 hver bevegelse fra brukeren, men tilpasser seg ogs\u00e5 hver stilling som inntas gjennom en lang dag. For, tross alt: den beste holdningen er alltid den neste. Aktiv bevegelse kombinert med en oppreist holdning er bra for ryggraden. Med den individuelt justerbare setevinkeljusteringen kan du tilpasse vinkelen p\u00e5 hvilken som helst modell fra 5-serien for \u00e5 passe dine behov, slik at ryggraden beholder sin naturlige S-form takket v\u00e6re bekkenets justering.    Download Product Sheet (PDF)\" \/>\n<meta property=\"og:url\" content=\"https:\/\/staging.bioswing.ee\/no\/toode\/560-iq-detensor\/\" \/>\n<meta property=\"og:site_name\" content=\"BIOSWING\" \/>\n<meta property=\"article:modified_time\" content=\"2024-11-28T12:17:33+00:00\" \/>\n<meta property=\"og:image\" content=\"https:\/\/bioswing.ee\/wp-content\/uploads\/2023\/04\/560_IQ_Detensor.jpg\" \/>\n\t<meta property=\"og:image:width\" content=\"1874\" \/>\n\t<meta property=\"og:image:height\" content=\"2500\" \/>\n\t<meta property=\"og:image:type\" content=\"image\/jpeg\" \/>\n<meta name=\"twitter:card\" content=\"summary_large_image\" \/>\n<script type=\"application\/ld+json\" class=\"yoast-schema-graph\">{\"@context\":\"https:\/\/schema.org\",\"@graph\":[{\"@type\":\"WebPage\",\"@id\":\"https:\/\/staging.bioswing.ee\/no\/toode\/560-iq-detensor\/\",\"url\":\"https:\/\/staging.bioswing.ee\/no\/toode\/560-iq-detensor\/\",\"name\":\"BIOSWING 560 iQ DETENSOR - BIOSWING\",\"isPartOf\":{\"@id\":\"https:\/\/staging.bioswing.ee\/no\/#website\"},\"primaryImageOfPage\":{\"@id\":\"https:\/\/staging.bioswing.ee\/no\/toode\/560-iq-detensor\/#primaryimage\"},\"image\":{\"@id\":\"https:\/\/staging.bioswing.ee\/no\/toode\/560-iq-detensor\/#primaryimage\"},\"thumbnailUrl\":\"https:\/\/staging.bioswing.ee\/wp-content\/uploads\/2023\/04\/560_IQ_Detensor.jpg\",\"datePublished\":\"2023-04-13T12:36:39+00:00\",\"dateModified\":\"2024-11-28T12:17:33+00:00\",\"breadcrumb\":{\"@id\":\"https:\/\/staging.bioswing.ee\/no\/toode\/560-iq-detensor\/#breadcrumb\"},\"inLanguage\":\"nb-NO\",\"potentialAction\":[{\"@type\":\"ReadAction\",\"target\":[\"https:\/\/staging.bioswing.ee\/no\/toode\/560-iq-detensor\/\"]}]},{\"@type\":\"ImageObject\",\"inLanguage\":\"nb-NO\",\"@id\":\"https:\/\/staging.bioswing.ee\/no\/toode\/560-iq-detensor\/#primaryimage\",\"url\":\"https:\/\/staging.bioswing.ee\/wp-content\/uploads\/2023\/04\/560_IQ_Detensor.jpg\",\"contentUrl\":\"https:\/\/staging.bioswing.ee\/wp-content\/uploads\/2023\/04\/560_IQ_Detensor.jpg\",\"width\":1874,\"height\":2500},{\"@type\":\"BreadcrumbList\",\"@id\":\"https:\/\/staging.bioswing.ee\/no\/toode\/560-iq-detensor\/#breadcrumb\",\"itemListElement\":[{\"@type\":\"ListItem\",\"position\":1,\"name\":\"Home\",\"item\":\"https:\/\/bioswing.ee\/no\/\"},{\"@type\":\"ListItem\",\"position\":2,\"name\":\"SHOP\",\"item\":\"https:\/\/bioswing.ee\/no\/shop\/\"},{\"@type\":\"ListItem\",\"position\":3,\"name\":\"BIOSWING 560 iQ DETENSOR\"}]},{\"@type\":\"WebSite\",\"@id\":\"https:\/\/staging.bioswing.ee\/no\/#website\",\"url\":\"https:\/\/staging.bioswing.ee\/no\/\",\"name\":\"BIOSWING\",\"description\":\"Smart solutions for healthy sitting\",\"publisher\":{\"@id\":\"https:\/\/staging.bioswing.ee\/no\/#organization\"},\"potentialAction\":[{\"@type\":\"SearchAction\",\"target\":{\"@type\":\"EntryPoint\",\"urlTemplate\":\"https:\/\/staging.bioswing.ee\/no\/?s={search_term_string}\"},\"query-input\":{\"@type\":\"PropertyValueSpecification\",\"valueRequired\":true,\"valueName\":\"search_term_string\"}}],\"inLanguage\":\"nb-NO\"},{\"@type\":\"Organization\",\"@id\":\"https:\/\/staging.bioswing.ee\/no\/#organization\",\"name\":\"BIOSWING\",\"url\":\"https:\/\/staging.bioswing.ee\/no\/\",\"logo\":{\"@type\":\"ImageObject\",\"inLanguage\":\"nb-NO\",\"@id\":\"https:\/\/staging.bioswing.ee\/no\/#\/schema\/logo\/image\/\",\"url\":\"https:\/\/staging.bioswing.ee\/wp-content\/uploads\/2023\/04\/logo_web.png\",\"contentUrl\":\"https:\/\/staging.bioswing.ee\/wp-content\/uploads\/2023\/04\/logo_web.png\",\"width\":140,\"height\":122,\"caption\":\"BIOSWING\"},\"image\":{\"@id\":\"https:\/\/staging.bioswing.ee\/no\/#\/schema\/logo\/image\/\"}}]}<\/script>\n<!-- \/ Yoast SEO plugin. -->","yoast_head_json":{"title":"BIOSWING 560 iQ DETENSOR - BIOSWING","robots":{"index":"noindex","follow":"follow","max-snippet":"max-snippet:-1","max-image-preview":"max-image-preview:large","max-video-preview":"max-video-preview:-1"},"og_locale":"nb_NO","og_type":"article","og_title":"BIOSWING 560 iQ DETENSOR - BIOSWING","og_description":"\u00c5 kunne justere kontorstolen din for \u00e5 passe mer presist til dine personlige dimensjoner, betyr at du kan forbli sunnere og mer motivert under lengre sittetider. Det er viktig at stolen tar hensyn til din individuelle anatomi og gir tilstrekkelige muligheter for justering og tilpasning. De viktigste alternativene er presentert nedenfor.  En kontorstol fra BIOSWING 5-serien gir maksimal bevegelse. Takket v\u00e6re de integrerte teknologiene, responderer 5-serien ikke bare p\u00e5 hver bevegelse fra brukeren, men tilpasser seg ogs\u00e5 hver stilling som inntas gjennom en lang dag. For, tross alt: den beste holdningen er alltid den neste. Aktiv bevegelse kombinert med en oppreist holdning er bra for ryggraden. Med den individuelt justerbare setevinkeljusteringen kan du tilpasse vinkelen p\u00e5 hvilken som helst modell fra 5-serien for \u00e5 passe dine behov, slik at ryggraden beholder sin naturlige S-form takket v\u00e6re bekkenets justering.    Download Product Sheet (PDF)","og_url":"https:\/\/staging.bioswing.ee\/no\/toode\/560-iq-detensor\/","og_site_name":"BIOSWING","article_modified_time":"2024-11-28T12:17:33+00:00","og_image":[{"width":1874,"height":2500,"url":"https:\/\/bioswing.ee\/wp-content\/uploads\/2023\/04\/560_IQ_Detensor.jpg","type":"image\/jpeg"}],"twitter_card":"summary_large_image","schema":{"@context":"https:\/\/schema.org","@graph":[{"@type":"WebPage","@id":"https:\/\/staging.bioswing.ee\/no\/toode\/560-iq-detensor\/","url":"https:\/\/staging.bioswing.ee\/no\/toode\/560-iq-detensor\/","name":"BIOSWING 560 iQ DETENSOR - BIOSWING","isPartOf":{"@id":"https:\/\/staging.bioswing.ee\/no\/#website"},"primaryImageOfPage":{"@id":"https:\/\/staging.bioswing.ee\/no\/toode\/560-iq-detensor\/#primaryimage"},"image":{"@id":"https:\/\/staging.bioswing.ee\/no\/toode\/560-iq-detensor\/#primaryimage"},"thumbnailUrl":"https:\/\/staging.bioswing.ee\/wp-content\/uploads\/2023\/04\/560_IQ_Detensor.jpg","datePublished":"2023-04-13T12:36:39+00:00","dateModified":"2024-11-28T12:17:33+00:00","breadcrumb":{"@id":"https:\/\/staging.bioswing.ee\/no\/toode\/560-iq-detensor\/#breadcrumb"},"inLanguage":"nb-NO","potentialAction":[{"@type":"ReadAction","target":["https:\/\/staging.bioswing.ee\/no\/toode\/560-iq-detensor\/"]}]},{"@type":"ImageObject","inLanguage":"nb-NO","@id":"https:\/\/staging.bioswing.ee\/no\/toode\/560-iq-detensor\/#primaryimage","url":"https:\/\/staging.bioswing.ee\/wp-content\/uploads\/2023\/04\/560_IQ_Detensor.jpg","contentUrl":"https:\/\/staging.bioswing.ee\/wp-content\/uploads\/2023\/04\/560_IQ_Detensor.jpg","width":1874,"height":2500},{"@type":"BreadcrumbList","@id":"https:\/\/staging.bioswing.ee\/no\/toode\/560-iq-detensor\/#breadcrumb","itemListElement":[{"@type":"ListItem","position":1,"name":"Home","item":"https:\/\/bioswing.ee\/no\/"},{"@type":"ListItem","position":2,"name":"SHOP","item":"https:\/\/bioswing.ee\/no\/shop\/"},{"@type":"ListItem","position":3,"name":"BIOSWING 560 iQ DETENSOR"}]},{"@type":"WebSite","@id":"https:\/\/staging.bioswing.ee\/no\/#website","url":"https:\/\/staging.bioswing.ee\/no\/","name":"BIOSWING","description":"Smart solutions for healthy sitting","publisher":{"@id":"https:\/\/staging.bioswing.ee\/no\/#organization"},"potentialAction":[{"@type":"SearchAction","target":{"@type":"EntryPoint","urlTemplate":"https:\/\/staging.bioswing.ee\/no\/?s={search_term_string}"},"query-input":{"@type":"PropertyValueSpecification","valueRequired":true,"valueName":"search_term_string"}}],"inLanguage":"nb-NO"},{"@type":"Organization","@id":"https:\/\/staging.bioswing.ee\/no\/#organization","name":"BIOSWING","url":"https:\/\/staging.bioswing.ee\/no\/","logo":{"@type":"ImageObject","inLanguage":"nb-NO","@id":"https:\/\/staging.bioswing.ee\/no\/#\/schema\/logo\/image\/","url":"https:\/\/staging.bioswing.ee\/wp-content\/uploads\/2023\/04\/logo_web.png","contentUrl":"https:\/\/staging.bioswing.ee\/wp-content\/uploads\/2023\/04\/logo_web.png","width":140,"height":122,"caption":"BIOSWING"},"image":{"@id":"https:\/\/staging.bioswing.ee\/no\/#\/schema\/logo\/image\/"}}]}},"_links":{"self":[{"href":"https:\/\/staging.bioswing.ee\/no\/wp-json\/wp\/v2\/product\/16336","targetHints":{"allow":["GET"]}}],"collection":[{"href":"https:\/\/staging.bioswing.ee\/no\/wp-json\/wp\/v2\/product"}],"about":[{"href":"https:\/\/staging.bioswing.ee\/no\/wp-json\/wp\/v2\/types\/product"}],"wp:featuredmedia":[{"embeddable":true,"href":"https:\/\/staging.bioswing.ee\/no\/wp-json\/wp\/v2\/media\/16337"}],"wp:attachment":[{"href":"https:\/\/staging.bioswing.ee\/no\/wp-json\/wp\/v2\/media?parent=16336"}],"wp:term":[{"taxonomy":"product_brand","embeddable":true,"href":"https:\/\/staging.bioswing.ee\/no\/wp-json\/wp\/v2\/product_brand?post=16336"},{"taxonomy":"product_cat","embeddable":true,"href":"https:\/\/staging.bioswing.ee\/no\/wp-json\/wp\/v2\/product_cat?post=16336"},{"taxonomy":"product_tag","embeddable":true,"href":"https:\/\/staging.bioswing.ee\/no\/wp-json\/wp\/v2\/product_tag?post=16336"}],"curies":[{"name":"wp","href":"https:\/\/api.w.org\/{rel}","templated":true}]}}