{"id":16731,"date":"2023-04-13T13:43:17","date_gmt":"2023-04-13T13:43:17","guid":{"rendered":"https:\/\/staging.bioswing.ee\/toode\/670-iq\/"},"modified":"2024-12-05T12:04:26","modified_gmt":"2024-12-05T12:04:26","slug":"670-iq","status":"publish","type":"product","link":"https:\/\/staging.bioswing.ee\/no\/toode\/670-iq\/","title":{"rendered":"BIOSWING 670 iQ"},"content":{"rendered":"<h3>BIOSWING 670 iQ<\/h3>\n<ul>\n<li>Ergonomisk kontorstol med ortopedisk effekt<\/li>\n<li>Integrert, adaptiv 3D-setemekanisme<\/li>\n<li>Synkronmekanisme med automatisk vektjustering (med finjustering)<\/li>\n<li>3D armlener for multifunksjonell justering som passer ulike arbeidsstillinger<\/li>\n<li>Individuell setehelingsjustering med gassfj\u00e6r, kontinuerlig justerbar<\/li>\n<li>Ekstra bekkenstabilisator<\/li>\n<li>Setedybde kan justeres etter benlengde<\/li>\n<li>Ryggst\u00f8tte med justerbar h\u00f8yde, i tillegg med korsryggst\u00f8tte med individuelt justerbar kurve<\/li>\n<li>3D nakkest\u00f8tte med kontinuerlig justering av h\u00f8yde, dybde og tiltet<\/li>\n<li>Ryggst\u00f8tteh\u00f8yde: 70 cm<\/li>\n<li>Trekantstoff: Step, forskjellige farger<\/li>\n<li>Stjernebase: Aluminium, polert<\/li>\n<\/ul>\n<p><iframe title=\"YouTube video player\" src=\"https:\/\/www.youtube.com\/embed\/RdAkGYfQRU0?si=iZjPFPN7BfNfVNQH\" width=\"100%\" height=\"450\" frameborder=\"0\" allowfullscreen=\"allowfullscreen\"><\/iframe><\/p>\n","protected":false},"excerpt":{"rendered":"<h4>Hvis du skal yte maksimalt hver dag, trenger du en kontorstol som kan mer: BIOSWING, ytelsesforsterkeren.<\/h4>\n<p>P\u00e5 denne siden kan du finne ut hvordan denne teknologien kan hjelpe deg med \u00e5 <strong>\u00f8ke din ytelse.<\/strong><br \/>\nDet er viktig at stolen tar hensyn til<strong> individuell anatom<\/strong>i og gir perfekte justeringsmuligheter.<\/p>\n<h4>En BIOSWING 6-serie kontorstol gir maksimal ekstra bevegelse.<\/h4>\n<p>Takket v\u00e6re de avanserte integrerte mekanismene reagerer 6-serien ikke bare p\u00e5 hver av dine bevegelsesimpulser, men tilpasser seg ogs\u00e5 med imponerende fleksibilitet til hver kroppsholdning du inntar gjennom en lang dag.<br \/>\nAktiv bevegelse og regelmessige holdningsendringer er bra for ryggraden.<br \/>\nMed standard <strong>individuelt justerbar setevinkeljustering<\/strong> og <strong>bekkenstabilisator<\/strong> med en myk respons, kan du enkelt justere bekkenet riktig og samtidig plassere ryggraden i dens <strong>naturlige S-form<\/strong>.<br \/>\nDette aktiverer ekstra potensial for b\u00e5de kropp og sinn.<\/p>\n<p><strong>Ryggst\u00f8ttens h\u00f8yde p\u00e5 BIOSWING 670 iQ er 70 cm<\/strong> (ryggst\u00f8ttens h\u00f8yde p\u00e5 BIOSWING 660 iQ er 60 cm).<\/p>\n","protected":false},"featured_media":16732,"template":"","meta":[],"product_brand":[],"product_cat":[634],"product_tag":[],"class_list":{"0":"post-16731","1":"product","2":"type-product","3":"status-publish","4":"has-post-thumbnail","6":"product_cat-ledelse","8":"first","9":"instock","10":"sale","11":"taxable","12":"shipping-taxable","13":"purchasable","14":"product-type-variable","15":"has-default-attributes"},"yoast_head":"<!-- This site is optimized with the Yoast SEO plugin v27.1.1 - https:\/\/yoast.com\/product\/yoast-seo-wordpress\/ -->\n<title>BIOSWING 670 iQ - BIOSWING<\/title>\n<meta name=\"robots\" content=\"noindex, follow, max-snippet:-1, max-image-preview:large, max-video-preview:-1\" \/>\n<meta property=\"og:locale\" content=\"nb_NO\" \/>\n<meta property=\"og:type\" content=\"article\" \/>\n<meta property=\"og:title\" content=\"BIOSWING 670 iQ - BIOSWING\" \/>\n<meta property=\"og:description\" content=\"Hvis du skal yte maksimalt hver dag, trenger du en kontorstol som kan mer: BIOSWING, ytelsesforsterkeren. P\u00e5 denne siden kan du finne ut hvordan denne teknologien kan hjelpe deg med \u00e5 \u00f8ke din ytelse. Det er viktig at stolen tar hensyn til individuell anatomi og gir perfekte justeringsmuligheter.  En BIOSWING 6-serie kontorstol gir maksimal ekstra bevegelse. Takket v\u00e6re de avanserte integrerte mekanismene reagerer 6-serien ikke bare p\u00e5 hver av dine bevegelsesimpulser, men tilpasser seg ogs\u00e5 med imponerende fleksibilitet til hver kroppsholdning du inntar gjennom en lang dag. Aktiv bevegelse og regelmessige holdningsendringer er bra for ryggraden. Med standard individuelt justerbar setevinkeljustering og bekkenstabilisator med en myk respons, kan du enkelt justere bekkenet riktig og samtidig plassere ryggraden i dens naturlige S-form. Dette aktiverer ekstra potensial for b\u00e5de kropp og sinn.   Ryggst\u00f8ttens h\u00f8yde p\u00e5 BIOSWING 670 iQ er 70 cm (ryggst\u00f8ttens h\u00f8yde p\u00e5 BIOSWING 660 iQ er 60 cm).\" \/>\n<meta property=\"og:url\" content=\"https:\/\/staging.bioswing.ee\/no\/toode\/670-iq\/\" \/>\n<meta property=\"og:site_name\" content=\"BIOSWING\" \/>\n<meta property=\"article:modified_time\" content=\"2024-12-05T12:04:26+00:00\" \/>\n<meta property=\"og:image\" content=\"https:\/\/bioswing.ee\/wp-content\/uploads\/2023\/04\/670_IQ_Leder.jpg\" \/>\n\t<meta property=\"og:image:width\" content=\"1874\" \/>\n\t<meta property=\"og:image:height\" content=\"2500\" \/>\n\t<meta property=\"og:image:type\" content=\"image\/jpeg\" \/>\n<meta name=\"twitter:card\" content=\"summary_large_image\" \/>\n<script type=\"application\/ld+json\" class=\"yoast-schema-graph\">{\"@context\":\"https:\/\/schema.org\",\"@graph\":[{\"@type\":\"WebPage\",\"@id\":\"https:\/\/staging.bioswing.ee\/no\/toode\/670-iq\/\",\"url\":\"https:\/\/staging.bioswing.ee\/no\/toode\/670-iq\/\",\"name\":\"BIOSWING 670 iQ - BIOSWING\",\"isPartOf\":{\"@id\":\"https:\/\/staging.bioswing.ee\/no\/#website\"},\"primaryImageOfPage\":{\"@id\":\"https:\/\/staging.bioswing.ee\/no\/toode\/670-iq\/#primaryimage\"},\"image\":{\"@id\":\"https:\/\/staging.bioswing.ee\/no\/toode\/670-iq\/#primaryimage\"},\"thumbnailUrl\":\"https:\/\/staging.bioswing.ee\/wp-content\/uploads\/2023\/04\/670_IQ_Leder.jpg\",\"datePublished\":\"2023-04-13T13:43:17+00:00\",\"dateModified\":\"2024-12-05T12:04:26+00:00\",\"breadcrumb\":{\"@id\":\"https:\/\/staging.bioswing.ee\/no\/toode\/670-iq\/#breadcrumb\"},\"inLanguage\":\"nb-NO\",\"potentialAction\":[{\"@type\":\"ReadAction\",\"target\":[\"https:\/\/staging.bioswing.ee\/no\/toode\/670-iq\/\"]}]},{\"@type\":\"ImageObject\",\"inLanguage\":\"nb-NO\",\"@id\":\"https:\/\/staging.bioswing.ee\/no\/toode\/670-iq\/#primaryimage\",\"url\":\"https:\/\/staging.bioswing.ee\/wp-content\/uploads\/2023\/04\/670_IQ_Leder.jpg\",\"contentUrl\":\"https:\/\/staging.bioswing.ee\/wp-content\/uploads\/2023\/04\/670_IQ_Leder.jpg\",\"width\":1874,\"height\":2500},{\"@type\":\"BreadcrumbList\",\"@id\":\"https:\/\/staging.bioswing.ee\/no\/toode\/670-iq\/#breadcrumb\",\"itemListElement\":[{\"@type\":\"ListItem\",\"position\":1,\"name\":\"Home\",\"item\":\"https:\/\/bioswing.ee\/no\/\"},{\"@type\":\"ListItem\",\"position\":2,\"name\":\"SHOP\",\"item\":\"https:\/\/bioswing.ee\/no\/shop\/\"},{\"@type\":\"ListItem\",\"position\":3,\"name\":\"BIOSWING 670 iQ\"}]},{\"@type\":\"WebSite\",\"@id\":\"https:\/\/staging.bioswing.ee\/no\/#website\",\"url\":\"https:\/\/staging.bioswing.ee\/no\/\",\"name\":\"BIOSWING\",\"description\":\"Smart solutions for healthy sitting\",\"publisher\":{\"@id\":\"https:\/\/staging.bioswing.ee\/no\/#organization\"},\"potentialAction\":[{\"@type\":\"SearchAction\",\"target\":{\"@type\":\"EntryPoint\",\"urlTemplate\":\"https:\/\/staging.bioswing.ee\/no\/?s={search_term_string}\"},\"query-input\":{\"@type\":\"PropertyValueSpecification\",\"valueRequired\":true,\"valueName\":\"search_term_string\"}}],\"inLanguage\":\"nb-NO\"},{\"@type\":\"Organization\",\"@id\":\"https:\/\/staging.bioswing.ee\/no\/#organization\",\"name\":\"BIOSWING\",\"url\":\"https:\/\/staging.bioswing.ee\/no\/\",\"logo\":{\"@type\":\"ImageObject\",\"inLanguage\":\"nb-NO\",\"@id\":\"https:\/\/staging.bioswing.ee\/no\/#\/schema\/logo\/image\/\",\"url\":\"https:\/\/staging.bioswing.ee\/wp-content\/uploads\/2023\/04\/logo_web.png\",\"contentUrl\":\"https:\/\/staging.bioswing.ee\/wp-content\/uploads\/2023\/04\/logo_web.png\",\"width\":140,\"height\":122,\"caption\":\"BIOSWING\"},\"image\":{\"@id\":\"https:\/\/staging.bioswing.ee\/no\/#\/schema\/logo\/image\/\"}}]}<\/script>\n<!-- \/ Yoast SEO plugin. -->","yoast_head_json":{"title":"BIOSWING 670 iQ - BIOSWING","robots":{"index":"noindex","follow":"follow","max-snippet":"max-snippet:-1","max-image-preview":"max-image-preview:large","max-video-preview":"max-video-preview:-1"},"og_locale":"nb_NO","og_type":"article","og_title":"BIOSWING 670 iQ - BIOSWING","og_description":"Hvis du skal yte maksimalt hver dag, trenger du en kontorstol som kan mer: BIOSWING, ytelsesforsterkeren. P\u00e5 denne siden kan du finne ut hvordan denne teknologien kan hjelpe deg med \u00e5 \u00f8ke din ytelse. Det er viktig at stolen tar hensyn til individuell anatomi og gir perfekte justeringsmuligheter.  En BIOSWING 6-serie kontorstol gir maksimal ekstra bevegelse. Takket v\u00e6re de avanserte integrerte mekanismene reagerer 6-serien ikke bare p\u00e5 hver av dine bevegelsesimpulser, men tilpasser seg ogs\u00e5 med imponerende fleksibilitet til hver kroppsholdning du inntar gjennom en lang dag. Aktiv bevegelse og regelmessige holdningsendringer er bra for ryggraden. Med standard individuelt justerbar setevinkeljustering og bekkenstabilisator med en myk respons, kan du enkelt justere bekkenet riktig og samtidig plassere ryggraden i dens naturlige S-form. Dette aktiverer ekstra potensial for b\u00e5de kropp og sinn.   Ryggst\u00f8ttens h\u00f8yde p\u00e5 BIOSWING 670 iQ er 70 cm (ryggst\u00f8ttens h\u00f8yde p\u00e5 BIOSWING 660 iQ er 60 cm).","og_url":"https:\/\/staging.bioswing.ee\/no\/toode\/670-iq\/","og_site_name":"BIOSWING","article_modified_time":"2024-12-05T12:04:26+00:00","og_image":[{"width":1874,"height":2500,"url":"https:\/\/bioswing.ee\/wp-content\/uploads\/2023\/04\/670_IQ_Leder.jpg","type":"image\/jpeg"}],"twitter_card":"summary_large_image","schema":{"@context":"https:\/\/schema.org","@graph":[{"@type":"WebPage","@id":"https:\/\/staging.bioswing.ee\/no\/toode\/670-iq\/","url":"https:\/\/staging.bioswing.ee\/no\/toode\/670-iq\/","name":"BIOSWING 670 iQ - BIOSWING","isPartOf":{"@id":"https:\/\/staging.bioswing.ee\/no\/#website"},"primaryImageOfPage":{"@id":"https:\/\/staging.bioswing.ee\/no\/toode\/670-iq\/#primaryimage"},"image":{"@id":"https:\/\/staging.bioswing.ee\/no\/toode\/670-iq\/#primaryimage"},"thumbnailUrl":"https:\/\/staging.bioswing.ee\/wp-content\/uploads\/2023\/04\/670_IQ_Leder.jpg","datePublished":"2023-04-13T13:43:17+00:00","dateModified":"2024-12-05T12:04:26+00:00","breadcrumb":{"@id":"https:\/\/staging.bioswing.ee\/no\/toode\/670-iq\/#breadcrumb"},"inLanguage":"nb-NO","potentialAction":[{"@type":"ReadAction","target":["https:\/\/staging.bioswing.ee\/no\/toode\/670-iq\/"]}]},{"@type":"ImageObject","inLanguage":"nb-NO","@id":"https:\/\/staging.bioswing.ee\/no\/toode\/670-iq\/#primaryimage","url":"https:\/\/staging.bioswing.ee\/wp-content\/uploads\/2023\/04\/670_IQ_Leder.jpg","contentUrl":"https:\/\/staging.bioswing.ee\/wp-content\/uploads\/2023\/04\/670_IQ_Leder.jpg","width":1874,"height":2500},{"@type":"BreadcrumbList","@id":"https:\/\/staging.bioswing.ee\/no\/toode\/670-iq\/#breadcrumb","itemListElement":[{"@type":"ListItem","position":1,"name":"Home","item":"https:\/\/bioswing.ee\/no\/"},{"@type":"ListItem","position":2,"name":"SHOP","item":"https:\/\/bioswing.ee\/no\/shop\/"},{"@type":"ListItem","position":3,"name":"BIOSWING 670 iQ"}]},{"@type":"WebSite","@id":"https:\/\/staging.bioswing.ee\/no\/#website","url":"https:\/\/staging.bioswing.ee\/no\/","name":"BIOSWING","description":"Smart solutions for healthy sitting","publisher":{"@id":"https:\/\/staging.bioswing.ee\/no\/#organization"},"potentialAction":[{"@type":"SearchAction","target":{"@type":"EntryPoint","urlTemplate":"https:\/\/staging.bioswing.ee\/no\/?s={search_term_string}"},"query-input":{"@type":"PropertyValueSpecification","valueRequired":true,"valueName":"search_term_string"}}],"inLanguage":"nb-NO"},{"@type":"Organization","@id":"https:\/\/staging.bioswing.ee\/no\/#organization","name":"BIOSWING","url":"https:\/\/staging.bioswing.ee\/no\/","logo":{"@type":"ImageObject","inLanguage":"nb-NO","@id":"https:\/\/staging.bioswing.ee\/no\/#\/schema\/logo\/image\/","url":"https:\/\/staging.bioswing.ee\/wp-content\/uploads\/2023\/04\/logo_web.png","contentUrl":"https:\/\/staging.bioswing.ee\/wp-content\/uploads\/2023\/04\/logo_web.png","width":140,"height":122,"caption":"BIOSWING"},"image":{"@id":"https:\/\/staging.bioswing.ee\/no\/#\/schema\/logo\/image\/"}}]}},"_links":{"self":[{"href":"https:\/\/staging.bioswing.ee\/no\/wp-json\/wp\/v2\/product\/16731","targetHints":{"allow":["GET"]}}],"collection":[{"href":"https:\/\/staging.bioswing.ee\/no\/wp-json\/wp\/v2\/product"}],"about":[{"href":"https:\/\/staging.bioswing.ee\/no\/wp-json\/wp\/v2\/types\/product"}],"wp:featuredmedia":[{"embeddable":true,"href":"https:\/\/staging.bioswing.ee\/no\/wp-json\/wp\/v2\/media\/16732"}],"wp:attachment":[{"href":"https:\/\/staging.bioswing.ee\/no\/wp-json\/wp\/v2\/media?parent=16731"}],"wp:term":[{"taxonomy":"product_brand","embeddable":true,"href":"https:\/\/staging.bioswing.ee\/no\/wp-json\/wp\/v2\/product_brand?post=16731"},{"taxonomy":"product_cat","embeddable":true,"href":"https:\/\/staging.bioswing.ee\/no\/wp-json\/wp\/v2\/product_cat?post=16731"},{"taxonomy":"product_tag","embeddable":true,"href":"https:\/\/staging.bioswing.ee\/no\/wp-json\/wp\/v2\/product_tag?post=16731"}],"curies":[{"name":"wp","href":"https:\/\/api.w.org\/{rel}","templated":true}]}}