{"id":16801,"date":"2023-04-14T11:41:18","date_gmt":"2023-04-14T11:41:18","guid":{"rendered":"https:\/\/staging.bioswing.ee\/toode\/780-iq\/"},"modified":"2024-11-28T12:56:31","modified_gmt":"2024-11-28T12:56:31","slug":"780-iq","status":"publish","type":"product","link":"https:\/\/staging.bioswing.ee\/no\/toode\/780-iq\/","title":{"rendered":"BIOSWING 780 iQ"},"content":{"rendered":"<h3>BIOSWING 780 iQ<\/h3>\n<ul>\n<li>Ergonomisk kontorstol med ortopedisk effekt<\/li>\n<li>Integrert, adaptiv 3D-setemekanisme<\/li>\n<li>Synkronmekanisme med individuell vektjustering<\/li>\n<li>Armlener i l\u00e6r med individuell h\u00f8ydejustering<\/li>\n<li>Individuell setehelingsjustering med gassfj\u00e6r, kontinuerlig justerbar<\/li>\n<li>Ekstra bekkenstabilisator<\/li>\n<li>Setedybde kan justeres etter benlengde<\/li>\n<li>Ryggst\u00f8tte med integrert nakkest\u00f8tte med justerbar h\u00f8yde, i tillegg med korsryggst\u00f8tte og individuelt justerbar kurve og h\u00f8yde<\/li>\n<li>Ryggst\u00f8tteh\u00f8yde: 80 cm<\/li>\n<li>Trekk: Koskinn i forskjellige farger<\/li>\n<li>Stjernebase: Aluminium, polert<\/li>\n<li>Hjul: Krom<\/li>\n<\/ul>\n<p><iframe title=\"YouTube video player\" src=\"https:\/\/www.youtube.com\/embed\/WkNjcHLZfsA\" width=\"100%\" height=\"450\" frameborder=\"0\" allowfullscreen=\"allowfullscreen\"><\/iframe><\/p>\n<p><iframe title=\"YouTube video player\" src=\"https:\/\/www.youtube.com\/embed\/RdAkGYfQRU0?si=iZjPFPN7BfNfVNQH\" width=\"100%\" height=\"450\" frameborder=\"0\" allowfullscreen=\"allowfullscreen\"><\/iframe><\/p>\n","protected":false},"excerpt":{"rendered":"<h4>Hvis du skal yte maksimalt hver dag, trenger du en kontorstol som kan mer: BIOSWING, ytelsesforsterkeren.<\/h4>\n<p>P\u00e5 denne siden kan du finne ut hvordan denne teknologien kan hjelpe deg med \u00e5 <strong>\u00f8ke din ytelse.<\/strong><\/p>\n<p>Det er viktig at stolen tar hensyn til<strong> individuell anatom<\/strong>i og gir perfekte justeringsmuligheter.<\/p>\n<h4>BIOSWING 7-serien gir maksimal komfort og luksus. Uten \u00e5 kompromittere helseaspektene som fremmer m\u00e5lrettet bevegelse under sittende arbeid og ergonomi.<\/h4>\n<p>Denne serien tilpasser seg med perfekt harmoni til hver kroppsholdning du inntar gjennom en lang dag og har ulike unike funksjoner for ekstra avslapning.<\/p>\n<p>Aktiv bevegelse og regelmessige holdningsendringer er bra for ryggraden. Aktiv bevegelse og regelmessige <strong>holdningsendringer er bra<\/strong> <strong>for ryggraden<\/strong>. Med standard individuelt justerbar setevinkeljustering og bekkenstabilisator med en myk respons, kan du enkelt justere bekkenet riktig og samtidig plassere ryggraden i dens <strong>naturlige S-form<\/strong>.<\/p>\n<h4>BIOSWING 7-serien gir maksimal komfort og luksus. Uten \u00e5 kompromittere helseaspektene som fremmer m\u00e5lrettet bevegelse under sittende arbeid og ergonomi.<\/h4>\n<p>Denne serien tilpasser seg med perfekt harmoni til hver kroppsholdning du inntar gjennom en lang dag og har ulike unike funksjoner for ekstra avslapning.<\/p>\n<p><img decoding=\"async\" class=\"alignnone wp-image-916\" src=\"https:\/\/staging.bioswing.ee\/wp-content\/uploads\/2023\/04\/pdf.png\" alt=\"pdf\" width=\"19\" height=\"20\"> <a href=\"https:\/\/staging.bioswing.ee\/wp-content\/uploads\/2023\/04\/produktblatt_780_v02_EN.pdf\" target=\"_blank\" rel=\"noopener\">Download Product Sheet (PDF)<\/a><\/p>\n","protected":false},"featured_media":16802,"template":"","meta":[],"product_brand":[],"product_cat":[634],"product_tag":[],"class_list":{"0":"post-16801","1":"product","2":"type-product","3":"status-publish","4":"has-post-thumbnail","6":"product_cat-ledelse","8":"first","9":"instock","10":"taxable","11":"shipping-taxable","12":"product-type-simple"},"yoast_head":"<!-- This site is optimized with the Yoast SEO plugin v27.1.1 - https:\/\/yoast.com\/product\/yoast-seo-wordpress\/ -->\n<title>BIOSWING 780 iQ - BIOSWING<\/title>\n<meta name=\"robots\" content=\"noindex, follow, max-snippet:-1, max-image-preview:large, max-video-preview:-1\" \/>\n<meta property=\"og:locale\" content=\"nb_NO\" \/>\n<meta property=\"og:type\" content=\"article\" \/>\n<meta property=\"og:title\" content=\"BIOSWING 780 iQ - BIOSWING\" \/>\n<meta property=\"og:description\" content=\"Hvis du skal yte maksimalt hver dag, trenger du en kontorstol som kan mer: BIOSWING, ytelsesforsterkeren. P\u00e5 denne siden kan du finne ut hvordan denne teknologien kan hjelpe deg med \u00e5 \u00f8ke din ytelse. Det er viktig at stolen tar hensyn til individuell anatomi og gir perfekte justeringsmuligheter. BIOSWING 7-serien gir maksimal komfort og luksus. Uten \u00e5 kompromittere helseaspektene som fremmer m\u00e5lrettet bevegelse under sittende arbeid og ergonomi. Denne serien tilpasser seg med perfekt harmoni til hver kroppsholdning du inntar gjennom en lang dag og har ulike unike funksjoner for ekstra avslapning. Aktiv bevegelse og regelmessige holdningsendringer er bra for ryggraden. Aktiv bevegelse og regelmessige holdningsendringer er bra for ryggraden. Med standard individuelt justerbar setevinkeljustering og bekkenstabilisator med en myk respons, kan du enkelt justere bekkenet riktig og samtidig plassere ryggraden i dens naturlige S-form. BIOSWING 7-serien gir maksimal komfort og luksus. Uten \u00e5 kompromittere helseaspektene som fremmer m\u00e5lrettet bevegelse under sittende arbeid og ergonomi. Denne serien tilpasser seg med perfekt harmoni til hver kroppsholdning du inntar gjennom en lang dag og har ulike unike funksjoner for ekstra avslapning.  Download Product Sheet (PDF)\" \/>\n<meta property=\"og:url\" content=\"https:\/\/staging.bioswing.ee\/no\/toode\/780-iq\/\" \/>\n<meta property=\"og:site_name\" content=\"BIOSWING\" \/>\n<meta property=\"article:modified_time\" content=\"2024-11-28T12:56:31+00:00\" \/>\n<meta property=\"og:image\" content=\"https:\/\/bioswing.ee\/wp-content\/uploads\/2023\/04\/780_IQ.jpg\" \/>\n\t<meta property=\"og:image:width\" content=\"1874\" \/>\n\t<meta property=\"og:image:height\" content=\"2500\" \/>\n\t<meta property=\"og:image:type\" content=\"image\/jpeg\" \/>\n<meta name=\"twitter:card\" content=\"summary_large_image\" \/>\n<script type=\"application\/ld+json\" class=\"yoast-schema-graph\">{\"@context\":\"https:\/\/schema.org\",\"@graph\":[{\"@type\":\"WebPage\",\"@id\":\"https:\/\/staging.bioswing.ee\/no\/toode\/780-iq\/\",\"url\":\"https:\/\/staging.bioswing.ee\/no\/toode\/780-iq\/\",\"name\":\"BIOSWING 780 iQ - BIOSWING\",\"isPartOf\":{\"@id\":\"https:\/\/staging.bioswing.ee\/no\/#website\"},\"primaryImageOfPage\":{\"@id\":\"https:\/\/staging.bioswing.ee\/no\/toode\/780-iq\/#primaryimage\"},\"image\":{\"@id\":\"https:\/\/staging.bioswing.ee\/no\/toode\/780-iq\/#primaryimage\"},\"thumbnailUrl\":\"https:\/\/staging.bioswing.ee\/wp-content\/uploads\/2023\/04\/780_IQ.jpg\",\"datePublished\":\"2023-04-14T11:41:18+00:00\",\"dateModified\":\"2024-11-28T12:56:31+00:00\",\"breadcrumb\":{\"@id\":\"https:\/\/staging.bioswing.ee\/no\/toode\/780-iq\/#breadcrumb\"},\"inLanguage\":\"nb-NO\",\"potentialAction\":[{\"@type\":\"ReadAction\",\"target\":[\"https:\/\/staging.bioswing.ee\/no\/toode\/780-iq\/\"]}]},{\"@type\":\"ImageObject\",\"inLanguage\":\"nb-NO\",\"@id\":\"https:\/\/staging.bioswing.ee\/no\/toode\/780-iq\/#primaryimage\",\"url\":\"https:\/\/staging.bioswing.ee\/wp-content\/uploads\/2023\/04\/780_IQ.jpg\",\"contentUrl\":\"https:\/\/staging.bioswing.ee\/wp-content\/uploads\/2023\/04\/780_IQ.jpg\",\"width\":1874,\"height\":2500},{\"@type\":\"BreadcrumbList\",\"@id\":\"https:\/\/staging.bioswing.ee\/no\/toode\/780-iq\/#breadcrumb\",\"itemListElement\":[{\"@type\":\"ListItem\",\"position\":1,\"name\":\"Home\",\"item\":\"https:\/\/bioswing.ee\/no\/\"},{\"@type\":\"ListItem\",\"position\":2,\"name\":\"SHOP\",\"item\":\"https:\/\/bioswing.ee\/no\/shop\/\"},{\"@type\":\"ListItem\",\"position\":3,\"name\":\"BIOSWING 780 iQ\"}]},{\"@type\":\"WebSite\",\"@id\":\"https:\/\/staging.bioswing.ee\/no\/#website\",\"url\":\"https:\/\/staging.bioswing.ee\/no\/\",\"name\":\"BIOSWING\",\"description\":\"Smart solutions for healthy sitting\",\"publisher\":{\"@id\":\"https:\/\/staging.bioswing.ee\/no\/#organization\"},\"potentialAction\":[{\"@type\":\"SearchAction\",\"target\":{\"@type\":\"EntryPoint\",\"urlTemplate\":\"https:\/\/staging.bioswing.ee\/no\/?s={search_term_string}\"},\"query-input\":{\"@type\":\"PropertyValueSpecification\",\"valueRequired\":true,\"valueName\":\"search_term_string\"}}],\"inLanguage\":\"nb-NO\"},{\"@type\":\"Organization\",\"@id\":\"https:\/\/staging.bioswing.ee\/no\/#organization\",\"name\":\"BIOSWING\",\"url\":\"https:\/\/staging.bioswing.ee\/no\/\",\"logo\":{\"@type\":\"ImageObject\",\"inLanguage\":\"nb-NO\",\"@id\":\"https:\/\/staging.bioswing.ee\/no\/#\/schema\/logo\/image\/\",\"url\":\"https:\/\/staging.bioswing.ee\/wp-content\/uploads\/2023\/04\/logo_web.png\",\"contentUrl\":\"https:\/\/staging.bioswing.ee\/wp-content\/uploads\/2023\/04\/logo_web.png\",\"width\":140,\"height\":122,\"caption\":\"BIOSWING\"},\"image\":{\"@id\":\"https:\/\/staging.bioswing.ee\/no\/#\/schema\/logo\/image\/\"}}]}<\/script>\n<!-- \/ Yoast SEO plugin. -->","yoast_head_json":{"title":"BIOSWING 780 iQ - BIOSWING","robots":{"index":"noindex","follow":"follow","max-snippet":"max-snippet:-1","max-image-preview":"max-image-preview:large","max-video-preview":"max-video-preview:-1"},"og_locale":"nb_NO","og_type":"article","og_title":"BIOSWING 780 iQ - BIOSWING","og_description":"Hvis du skal yte maksimalt hver dag, trenger du en kontorstol som kan mer: BIOSWING, ytelsesforsterkeren. P\u00e5 denne siden kan du finne ut hvordan denne teknologien kan hjelpe deg med \u00e5 \u00f8ke din ytelse. Det er viktig at stolen tar hensyn til individuell anatomi og gir perfekte justeringsmuligheter. BIOSWING 7-serien gir maksimal komfort og luksus. Uten \u00e5 kompromittere helseaspektene som fremmer m\u00e5lrettet bevegelse under sittende arbeid og ergonomi. Denne serien tilpasser seg med perfekt harmoni til hver kroppsholdning du inntar gjennom en lang dag og har ulike unike funksjoner for ekstra avslapning. Aktiv bevegelse og regelmessige holdningsendringer er bra for ryggraden. Aktiv bevegelse og regelmessige holdningsendringer er bra for ryggraden. Med standard individuelt justerbar setevinkeljustering og bekkenstabilisator med en myk respons, kan du enkelt justere bekkenet riktig og samtidig plassere ryggraden i dens naturlige S-form. BIOSWING 7-serien gir maksimal komfort og luksus. Uten \u00e5 kompromittere helseaspektene som fremmer m\u00e5lrettet bevegelse under sittende arbeid og ergonomi. Denne serien tilpasser seg med perfekt harmoni til hver kroppsholdning du inntar gjennom en lang dag og har ulike unike funksjoner for ekstra avslapning.  Download Product Sheet (PDF)","og_url":"https:\/\/staging.bioswing.ee\/no\/toode\/780-iq\/","og_site_name":"BIOSWING","article_modified_time":"2024-11-28T12:56:31+00:00","og_image":[{"width":1874,"height":2500,"url":"https:\/\/bioswing.ee\/wp-content\/uploads\/2023\/04\/780_IQ.jpg","type":"image\/jpeg"}],"twitter_card":"summary_large_image","schema":{"@context":"https:\/\/schema.org","@graph":[{"@type":"WebPage","@id":"https:\/\/staging.bioswing.ee\/no\/toode\/780-iq\/","url":"https:\/\/staging.bioswing.ee\/no\/toode\/780-iq\/","name":"BIOSWING 780 iQ - BIOSWING","isPartOf":{"@id":"https:\/\/staging.bioswing.ee\/no\/#website"},"primaryImageOfPage":{"@id":"https:\/\/staging.bioswing.ee\/no\/toode\/780-iq\/#primaryimage"},"image":{"@id":"https:\/\/staging.bioswing.ee\/no\/toode\/780-iq\/#primaryimage"},"thumbnailUrl":"https:\/\/staging.bioswing.ee\/wp-content\/uploads\/2023\/04\/780_IQ.jpg","datePublished":"2023-04-14T11:41:18+00:00","dateModified":"2024-11-28T12:56:31+00:00","breadcrumb":{"@id":"https:\/\/staging.bioswing.ee\/no\/toode\/780-iq\/#breadcrumb"},"inLanguage":"nb-NO","potentialAction":[{"@type":"ReadAction","target":["https:\/\/staging.bioswing.ee\/no\/toode\/780-iq\/"]}]},{"@type":"ImageObject","inLanguage":"nb-NO","@id":"https:\/\/staging.bioswing.ee\/no\/toode\/780-iq\/#primaryimage","url":"https:\/\/staging.bioswing.ee\/wp-content\/uploads\/2023\/04\/780_IQ.jpg","contentUrl":"https:\/\/staging.bioswing.ee\/wp-content\/uploads\/2023\/04\/780_IQ.jpg","width":1874,"height":2500},{"@type":"BreadcrumbList","@id":"https:\/\/staging.bioswing.ee\/no\/toode\/780-iq\/#breadcrumb","itemListElement":[{"@type":"ListItem","position":1,"name":"Home","item":"https:\/\/bioswing.ee\/no\/"},{"@type":"ListItem","position":2,"name":"SHOP","item":"https:\/\/bioswing.ee\/no\/shop\/"},{"@type":"ListItem","position":3,"name":"BIOSWING 780 iQ"}]},{"@type":"WebSite","@id":"https:\/\/staging.bioswing.ee\/no\/#website","url":"https:\/\/staging.bioswing.ee\/no\/","name":"BIOSWING","description":"Smart solutions for healthy sitting","publisher":{"@id":"https:\/\/staging.bioswing.ee\/no\/#organization"},"potentialAction":[{"@type":"SearchAction","target":{"@type":"EntryPoint","urlTemplate":"https:\/\/staging.bioswing.ee\/no\/?s={search_term_string}"},"query-input":{"@type":"PropertyValueSpecification","valueRequired":true,"valueName":"search_term_string"}}],"inLanguage":"nb-NO"},{"@type":"Organization","@id":"https:\/\/staging.bioswing.ee\/no\/#organization","name":"BIOSWING","url":"https:\/\/staging.bioswing.ee\/no\/","logo":{"@type":"ImageObject","inLanguage":"nb-NO","@id":"https:\/\/staging.bioswing.ee\/no\/#\/schema\/logo\/image\/","url":"https:\/\/staging.bioswing.ee\/wp-content\/uploads\/2023\/04\/logo_web.png","contentUrl":"https:\/\/staging.bioswing.ee\/wp-content\/uploads\/2023\/04\/logo_web.png","width":140,"height":122,"caption":"BIOSWING"},"image":{"@id":"https:\/\/staging.bioswing.ee\/no\/#\/schema\/logo\/image\/"}}]}},"_links":{"self":[{"href":"https:\/\/staging.bioswing.ee\/no\/wp-json\/wp\/v2\/product\/16801","targetHints":{"allow":["GET"]}}],"collection":[{"href":"https:\/\/staging.bioswing.ee\/no\/wp-json\/wp\/v2\/product"}],"about":[{"href":"https:\/\/staging.bioswing.ee\/no\/wp-json\/wp\/v2\/types\/product"}],"wp:featuredmedia":[{"embeddable":true,"href":"https:\/\/staging.bioswing.ee\/no\/wp-json\/wp\/v2\/media\/16802"}],"wp:attachment":[{"href":"https:\/\/staging.bioswing.ee\/no\/wp-json\/wp\/v2\/media?parent=16801"}],"wp:term":[{"taxonomy":"product_brand","embeddable":true,"href":"https:\/\/staging.bioswing.ee\/no\/wp-json\/wp\/v2\/product_brand?post=16801"},{"taxonomy":"product_cat","embeddable":true,"href":"https:\/\/staging.bioswing.ee\/no\/wp-json\/wp\/v2\/product_cat?post=16801"},{"taxonomy":"product_tag","embeddable":true,"href":"https:\/\/staging.bioswing.ee\/no\/wp-json\/wp\/v2\/product_tag?post=16801"}],"curies":[{"name":"wp","href":"https:\/\/api.w.org\/{rel}","templated":true}]}}