{"id":17199,"date":"2023-11-17T11:25:34","date_gmt":"2023-11-17T11:25:34","guid":{"rendered":"https:\/\/staging.bioswing.ee\/toode\/oneup\/"},"modified":"2024-12-05T11:35:13","modified_gmt":"2024-12-05T11:35:13","slug":"oneup","status":"publish","type":"product","link":"https:\/\/staging.bioswing.ee\/no\/toode\/oneup\/","title":{"rendered":"BIOSWING oneUP"},"content":{"rendered":"<p><strong>BIOSWING oneUP<\/strong><\/p>\n<ul>\n<li>En ergonomisk og ortopedisk funksjonell l\u00f8sning for sittende og st\u00e5ende i kontorer, hjemmekontorer og legekontorer.<\/li>\n<li>Integrert, tilpasningsdyktig 3D-setesystem<\/li>\n<li>Sadelsete<\/li>\n<li>Svingende og synkronisert ergonomisk ryggst\u00f8tte med vippbare armlener<\/li>\n<li>Individuelt justerbart<\/li>\n<li>Mekanikk som balanserer holdningen din mens du sitter (mot ekstra kostnad) for \u00e5 sikre fysiologisk korrekt posisjonering av bekkenomr\u00e5det.<\/li>\n<li>Tekstiltrekk: Felicity, svart<\/li>\n<li>Base: plast<\/li>\n<li>Hjul: \u00f8 60 mm<\/li>\n<li>Ryggst\u00f8tteh\u00f8yde: 50 cm<\/li>\n<\/ul>\n<div style=\"width: 1200px;\" class=\"wp-video\"><video class=\"wp-video-shortcode\" id=\"video-17199-1\" width=\"1200\" height=\"675\" loop autoplay preload=\"metadata\" controls=\"controls\"><source type=\"video\/mp4\" src=\"https:\/\/staging.bioswing.ee\/wp-content\/uploads\/2023\/11\/oneUP_V2.mp4?_=1\" \/><a href=\"https:\/\/staging.bioswing.ee\/wp-content\/uploads\/2023\/11\/oneUP_V2.mp4\">https:\/\/staging.bioswing.ee\/wp-content\/uploads\/2023\/11\/oneUP_V2.mp4<\/a><\/video><\/div>\n<p><iframe title=\"YouTube video player\" src=\"https:\/\/www.youtube.com\/embed\/RdAkGYfQRU0?si=iZjPFPN7BfNfVNQH\" width=\"100%\" height=\"450\" frameborder=\"0\" allowfullscreen=\"allowfullscreen\"><\/iframe><\/p>\n","protected":false},"excerpt":{"rendered":"<h2>&laquo;Opp og ned \u2013 og snu rundt&raquo; er mottoet for oneUP.<\/h2>\n<p>Har du allerede pr\u00f8vd de allsidige mulighetene med et h\u00f8ydejusterbart skrivebord?<br \/>Hver posisjon mellom st\u00e5ende og hevet sittende gir et bredt spekter av kroppsstillinger. Hovedm\u00e5let: <strong>Jo oftere du skifter stilling, desto bedre er det for kroppen og sinnet ditt<\/strong>. V\u00e5rt muskelskjelettsystem er programmert for bevegelse, b\u00e5de n\u00e5r du st\u00e5r og sitter.<\/p>\n<h2>BIOSWING oneUP er en ekte allrounder.<\/h2>\n<p><strong>Det er en intelligent l\u00f8sning for alle som \u00f8nsker \u00e5 kombinere sittende og st\u00e5ende,<\/strong> og gir det ideelle utgangspunktet for en rekke sitteposisjoner og bruksomr\u00e5der samt intensiv mobilitet ved sittende takket v\u00e6re det integrerte 3D-setesystemet.<br \/><strong>Det spiller ingen rolle om du er p\u00e5 en flyplasslounge, hjemmekontor, fysioterapiklinikk eller kontorbygging:<\/strong> oneUP vil alltid holde deg i form.<\/p>\n","protected":false},"featured_media":17204,"template":"","meta":[],"product_brand":[],"product_cat":[643],"product_tag":[],"class_list":{"0":"post-17199","1":"product","2":"type-product","3":"status-publish","4":"has-post-thumbnail","6":"product_cat-kontor-og-hjemmekontor","8":"first","9":"instock","10":"sale","11":"taxable","12":"shipping-taxable","13":"purchasable","14":"product-type-variable","15":"has-default-attributes"},"yoast_head":"<!-- This site is optimized with the Yoast SEO plugin v27.1.1 - https:\/\/yoast.com\/product\/yoast-seo-wordpress\/ -->\n<title>BIOSWING oneUP - BIOSWING<\/title>\n<meta name=\"robots\" content=\"noindex, follow, max-snippet:-1, max-image-preview:large, max-video-preview:-1\" \/>\n<meta property=\"og:locale\" content=\"nb_NO\" \/>\n<meta property=\"og:type\" content=\"article\" \/>\n<meta property=\"og:title\" content=\"BIOSWING oneUP - BIOSWING\" \/>\n<meta property=\"og:description\" content=\"&quot;Opp og ned \u2013 og snu rundt&quot; er mottoet for oneUP. Har du allerede pr\u00f8vd de allsidige mulighetene med et h\u00f8ydejusterbart skrivebord?Hver posisjon mellom st\u00e5ende og hevet sittende gir et bredt spekter av kroppsstillinger. Hovedm\u00e5let: Jo oftere du skifter stilling, desto bedre er det for kroppen og sinnet ditt. V\u00e5rt muskelskjelettsystem er programmert for bevegelse, b\u00e5de n\u00e5r du st\u00e5r og sitter.  BIOSWING oneUP er en ekte allrounder. Det er en intelligent l\u00f8sning for alle som \u00f8nsker \u00e5 kombinere sittende og st\u00e5ende, og gir det ideelle utgangspunktet for en rekke sitteposisjoner og bruksomr\u00e5der samt intensiv mobilitet ved sittende takket v\u00e6re det integrerte 3D-setesystemet.Det spiller ingen rolle om du er p\u00e5 en flyplasslounge, hjemmekontor, fysioterapiklinikk eller kontorbygging: oneUP vil alltid holde deg i form.\" \/>\n<meta property=\"og:url\" content=\"https:\/\/staging.bioswing.ee\/no\/toode\/oneup\/\" \/>\n<meta property=\"og:site_name\" content=\"BIOSWING\" \/>\n<meta property=\"article:modified_time\" content=\"2024-12-05T11:35:13+00:00\" \/>\n<meta property=\"og:image\" content=\"https:\/\/bioswing.ee\/wp-content\/uploads\/2023\/11\/oneUP_Produkt_01-1.jpg\" \/>\n\t<meta property=\"og:image:width\" content=\"1874\" \/>\n\t<meta property=\"og:image:height\" content=\"2500\" \/>\n\t<meta property=\"og:image:type\" content=\"image\/jpeg\" \/>\n<meta name=\"twitter:card\" content=\"summary_large_image\" \/>\n<script type=\"application\/ld+json\" class=\"yoast-schema-graph\">{\"@context\":\"https:\/\/schema.org\",\"@graph\":[{\"@type\":\"WebPage\",\"@id\":\"https:\/\/staging.bioswing.ee\/no\/toode\/oneup\/\",\"url\":\"https:\/\/staging.bioswing.ee\/no\/toode\/oneup\/\",\"name\":\"BIOSWING oneUP - BIOSWING\",\"isPartOf\":{\"@id\":\"https:\/\/staging.bioswing.ee\/no\/#website\"},\"primaryImageOfPage\":{\"@id\":\"https:\/\/staging.bioswing.ee\/no\/toode\/oneup\/#primaryimage\"},\"image\":{\"@id\":\"https:\/\/staging.bioswing.ee\/no\/toode\/oneup\/#primaryimage\"},\"thumbnailUrl\":\"https:\/\/staging.bioswing.ee\/wp-content\/uploads\/2023\/11\/oneUP_Produkt_01-1.jpg\",\"datePublished\":\"2023-11-17T11:25:34+00:00\",\"dateModified\":\"2024-12-05T11:35:13+00:00\",\"breadcrumb\":{\"@id\":\"https:\/\/staging.bioswing.ee\/no\/toode\/oneup\/#breadcrumb\"},\"inLanguage\":\"nb-NO\",\"potentialAction\":[{\"@type\":\"ReadAction\",\"target\":[\"https:\/\/staging.bioswing.ee\/no\/toode\/oneup\/\"]}]},{\"@type\":\"ImageObject\",\"inLanguage\":\"nb-NO\",\"@id\":\"https:\/\/staging.bioswing.ee\/no\/toode\/oneup\/#primaryimage\",\"url\":\"https:\/\/staging.bioswing.ee\/wp-content\/uploads\/2023\/11\/oneUP_Produkt_01-1.jpg\",\"contentUrl\":\"https:\/\/staging.bioswing.ee\/wp-content\/uploads\/2023\/11\/oneUP_Produkt_01-1.jpg\",\"width\":1874,\"height\":2500},{\"@type\":\"BreadcrumbList\",\"@id\":\"https:\/\/staging.bioswing.ee\/no\/toode\/oneup\/#breadcrumb\",\"itemListElement\":[{\"@type\":\"ListItem\",\"position\":1,\"name\":\"Home\",\"item\":\"https:\/\/bioswing.ee\/no\/\"},{\"@type\":\"ListItem\",\"position\":2,\"name\":\"SHOP\",\"item\":\"https:\/\/bioswing.ee\/no\/shop\/\"},{\"@type\":\"ListItem\",\"position\":3,\"name\":\"BIOSWING oneUP\"}]},{\"@type\":\"WebSite\",\"@id\":\"https:\/\/staging.bioswing.ee\/no\/#website\",\"url\":\"https:\/\/staging.bioswing.ee\/no\/\",\"name\":\"BIOSWING\",\"description\":\"Smart solutions for healthy sitting\",\"publisher\":{\"@id\":\"https:\/\/staging.bioswing.ee\/no\/#organization\"},\"potentialAction\":[{\"@type\":\"SearchAction\",\"target\":{\"@type\":\"EntryPoint\",\"urlTemplate\":\"https:\/\/staging.bioswing.ee\/no\/?s={search_term_string}\"},\"query-input\":{\"@type\":\"PropertyValueSpecification\",\"valueRequired\":true,\"valueName\":\"search_term_string\"}}],\"inLanguage\":\"nb-NO\"},{\"@type\":\"Organization\",\"@id\":\"https:\/\/staging.bioswing.ee\/no\/#organization\",\"name\":\"BIOSWING\",\"url\":\"https:\/\/staging.bioswing.ee\/no\/\",\"logo\":{\"@type\":\"ImageObject\",\"inLanguage\":\"nb-NO\",\"@id\":\"https:\/\/staging.bioswing.ee\/no\/#\/schema\/logo\/image\/\",\"url\":\"https:\/\/staging.bioswing.ee\/wp-content\/uploads\/2023\/04\/logo_web.png\",\"contentUrl\":\"https:\/\/staging.bioswing.ee\/wp-content\/uploads\/2023\/04\/logo_web.png\",\"width\":140,\"height\":122,\"caption\":\"BIOSWING\"},\"image\":{\"@id\":\"https:\/\/staging.bioswing.ee\/no\/#\/schema\/logo\/image\/\"}}]}<\/script>\n<!-- \/ Yoast SEO plugin. -->","yoast_head_json":{"title":"BIOSWING oneUP - BIOSWING","robots":{"index":"noindex","follow":"follow","max-snippet":"max-snippet:-1","max-image-preview":"max-image-preview:large","max-video-preview":"max-video-preview:-1"},"og_locale":"nb_NO","og_type":"article","og_title":"BIOSWING oneUP - BIOSWING","og_description":"\"Opp og ned \u2013 og snu rundt\" er mottoet for oneUP. Har du allerede pr\u00f8vd de allsidige mulighetene med et h\u00f8ydejusterbart skrivebord?Hver posisjon mellom st\u00e5ende og hevet sittende gir et bredt spekter av kroppsstillinger. Hovedm\u00e5let: Jo oftere du skifter stilling, desto bedre er det for kroppen og sinnet ditt. V\u00e5rt muskelskjelettsystem er programmert for bevegelse, b\u00e5de n\u00e5r du st\u00e5r og sitter.  BIOSWING oneUP er en ekte allrounder. Det er en intelligent l\u00f8sning for alle som \u00f8nsker \u00e5 kombinere sittende og st\u00e5ende, og gir det ideelle utgangspunktet for en rekke sitteposisjoner og bruksomr\u00e5der samt intensiv mobilitet ved sittende takket v\u00e6re det integrerte 3D-setesystemet.Det spiller ingen rolle om du er p\u00e5 en flyplasslounge, hjemmekontor, fysioterapiklinikk eller kontorbygging: oneUP vil alltid holde deg i form.","og_url":"https:\/\/staging.bioswing.ee\/no\/toode\/oneup\/","og_site_name":"BIOSWING","article_modified_time":"2024-12-05T11:35:13+00:00","og_image":[{"width":1874,"height":2500,"url":"https:\/\/bioswing.ee\/wp-content\/uploads\/2023\/11\/oneUP_Produkt_01-1.jpg","type":"image\/jpeg"}],"twitter_card":"summary_large_image","schema":{"@context":"https:\/\/schema.org","@graph":[{"@type":"WebPage","@id":"https:\/\/staging.bioswing.ee\/no\/toode\/oneup\/","url":"https:\/\/staging.bioswing.ee\/no\/toode\/oneup\/","name":"BIOSWING oneUP - BIOSWING","isPartOf":{"@id":"https:\/\/staging.bioswing.ee\/no\/#website"},"primaryImageOfPage":{"@id":"https:\/\/staging.bioswing.ee\/no\/toode\/oneup\/#primaryimage"},"image":{"@id":"https:\/\/staging.bioswing.ee\/no\/toode\/oneup\/#primaryimage"},"thumbnailUrl":"https:\/\/staging.bioswing.ee\/wp-content\/uploads\/2023\/11\/oneUP_Produkt_01-1.jpg","datePublished":"2023-11-17T11:25:34+00:00","dateModified":"2024-12-05T11:35:13+00:00","breadcrumb":{"@id":"https:\/\/staging.bioswing.ee\/no\/toode\/oneup\/#breadcrumb"},"inLanguage":"nb-NO","potentialAction":[{"@type":"ReadAction","target":["https:\/\/staging.bioswing.ee\/no\/toode\/oneup\/"]}]},{"@type":"ImageObject","inLanguage":"nb-NO","@id":"https:\/\/staging.bioswing.ee\/no\/toode\/oneup\/#primaryimage","url":"https:\/\/staging.bioswing.ee\/wp-content\/uploads\/2023\/11\/oneUP_Produkt_01-1.jpg","contentUrl":"https:\/\/staging.bioswing.ee\/wp-content\/uploads\/2023\/11\/oneUP_Produkt_01-1.jpg","width":1874,"height":2500},{"@type":"BreadcrumbList","@id":"https:\/\/staging.bioswing.ee\/no\/toode\/oneup\/#breadcrumb","itemListElement":[{"@type":"ListItem","position":1,"name":"Home","item":"https:\/\/bioswing.ee\/no\/"},{"@type":"ListItem","position":2,"name":"SHOP","item":"https:\/\/bioswing.ee\/no\/shop\/"},{"@type":"ListItem","position":3,"name":"BIOSWING oneUP"}]},{"@type":"WebSite","@id":"https:\/\/staging.bioswing.ee\/no\/#website","url":"https:\/\/staging.bioswing.ee\/no\/","name":"BIOSWING","description":"Smart solutions for healthy sitting","publisher":{"@id":"https:\/\/staging.bioswing.ee\/no\/#organization"},"potentialAction":[{"@type":"SearchAction","target":{"@type":"EntryPoint","urlTemplate":"https:\/\/staging.bioswing.ee\/no\/?s={search_term_string}"},"query-input":{"@type":"PropertyValueSpecification","valueRequired":true,"valueName":"search_term_string"}}],"inLanguage":"nb-NO"},{"@type":"Organization","@id":"https:\/\/staging.bioswing.ee\/no\/#organization","name":"BIOSWING","url":"https:\/\/staging.bioswing.ee\/no\/","logo":{"@type":"ImageObject","inLanguage":"nb-NO","@id":"https:\/\/staging.bioswing.ee\/no\/#\/schema\/logo\/image\/","url":"https:\/\/staging.bioswing.ee\/wp-content\/uploads\/2023\/04\/logo_web.png","contentUrl":"https:\/\/staging.bioswing.ee\/wp-content\/uploads\/2023\/04\/logo_web.png","width":140,"height":122,"caption":"BIOSWING"},"image":{"@id":"https:\/\/staging.bioswing.ee\/no\/#\/schema\/logo\/image\/"}}]}},"_links":{"self":[{"href":"https:\/\/staging.bioswing.ee\/no\/wp-json\/wp\/v2\/product\/17199","targetHints":{"allow":["GET"]}}],"collection":[{"href":"https:\/\/staging.bioswing.ee\/no\/wp-json\/wp\/v2\/product"}],"about":[{"href":"https:\/\/staging.bioswing.ee\/no\/wp-json\/wp\/v2\/types\/product"}],"wp:featuredmedia":[{"embeddable":true,"href":"https:\/\/staging.bioswing.ee\/no\/wp-json\/wp\/v2\/media\/17204"}],"wp:attachment":[{"href":"https:\/\/staging.bioswing.ee\/no\/wp-json\/wp\/v2\/media?parent=17199"}],"wp:term":[{"taxonomy":"product_brand","embeddable":true,"href":"https:\/\/staging.bioswing.ee\/no\/wp-json\/wp\/v2\/product_brand?post=17199"},{"taxonomy":"product_cat","embeddable":true,"href":"https:\/\/staging.bioswing.ee\/no\/wp-json\/wp\/v2\/product_cat?post=17199"},{"taxonomy":"product_tag","embeddable":true,"href":"https:\/\/staging.bioswing.ee\/no\/wp-json\/wp\/v2\/product_tag?post=17199"}],"curies":[{"name":"wp","href":"https:\/\/api.w.org\/{rel}","templated":true}]}}