{"id":18905,"date":"2024-12-02T09:13:45","date_gmt":"2024-12-02T09:13:45","guid":{"rendered":"https:\/\/staging.bioswing.ee\/toode\/bioswing-golf-performer-3-0\/"},"modified":"2024-12-05T10:14:57","modified_gmt":"2024-12-05T10:14:57","slug":"bioswing-golf-performer-3-0","status":"publish","type":"product","link":"https:\/\/staging.bioswing.ee\/no\/toode\/bioswing-golf-performer-3-0\/","title":{"rendered":"BIOSWING\u00ae Golf Performer 3.0"},"content":{"rendered":"<div><iframe title=\"YouTube video player\" src=\"https:\/\/www.youtube.com\/embed\/VqFnX6sJnwY?si=Bfao19Eqq8l6ZFmY\" width=\"100%\" height=\"500\" frameborder=\"0\" allowfullscreen=\"allowfullscreen\"><\/iframe><\/div>\n<p><strong>Svingmekanismen<\/strong><br \/>Dette er kjernen i BIOSWING\u00ae Golf Performer. Mekanismen sikrer at st\u00e5plattformen er dynamisk montert, og den har to individuelt av\/p\u00e5-brytere for svingkretsene samt en mellomforbindelse. Svingkretsene kan ogs\u00e5 deaktiveres fullstendig etter behov.<\/p>\n<p><strong>St\u00e5plattformen<\/strong><br \/>St\u00e5plattformen til BIOSWING\u00ae Golf Performer er dekket med en h\u00f8ykvalitets golfmatte laget av kunstgress i nylon. Den kan brukes med alle standard golfsko med myke pigger eller plastknotter. Plattformens hellingsvinkel kan justeres i to trinn i alle fire akser, opptil 7,5\u00b0, noe som gir optimale treningsforhold i skr\u00e5ninger, b\u00e5de med fastl\u00e5st plattform og med fri svingning.<\/p>\n<p><strong>Tee-basen<\/strong><br \/>Tee-basen er utstyrt med en h\u00f8ykvalitets fairway-innsats som reduserer vibrasjoner i golfk\u00f8llen ved d\u00e5rlige treff (fat shots). Matten har fem nedsenkede holdere for skruetees. Tee-basens h\u00f8yde kan justeres kontinuerlig, med mulighet for b\u00e5de \u00f8kning og reduksjon. Avstanden til tee-basen kan ogs\u00e5 justeres, slik at b\u00e5de korte og h\u00f8ye spillere kan finne den perfekte oppstillingen, enten de bruker korte jern eller lange drivere. En stor ballkurv er direkte festet til fairway-matten, slik at ballen kan plukkes opp med k\u00f8llen. I tillegg er det en holder som kan lagre opptil fire tees.<\/p>\n<p><strong>Underkonstruksjonen<\/strong><br \/>Underkonstruksjonen st\u00f8tter hele BIOSWING\u00ae Golf Performer og er utstyrt med pneumatiske dekk. Dette gj\u00f8r det enkelt \u00e5 flytte Golf Performer til driving range ved hjelp av det faste h\u00e5ndtaket.<br \/>Takket v\u00e6re to justerbare f\u00f8tter bak dekkene kan enheten ogs\u00e5 oppbevares vertikalt mot en vegg.           <\/p>\n","protected":false},"excerpt":{"rendered":"<p>BIOSWING\u00ae Golf Performer er et sensomotorisk treningsapparat designet for \u00e5 trene golfspesifikke bevegelsesm\u00f8nstre, inkludert lange og korte slag samt spill i skr\u00e5ninger. Det gir avansert sensorisk tilbakemelding.<br \/>Golf Performer er basert p\u00e5 BIOSWING\u00ae Posturomed. BIOSWING Posturomed\u00ae ble introdusert p\u00e5 markedet i 1995 som det f\u00f8rste dempede sensomotoriske terapiverkt\u00f8yet med ustabil svingning. Utviklingen startet allerede p\u00e5 slutten av 1980-tallet i n\u00e6rt samarbeid mellom selskapets grunnlegger Eduard Haider, fysioterapeuter med praktisk og vitenskapelig erfaring, samt medisinske spesialister.   <\/p>\n","protected":false},"featured_media":18851,"template":"","meta":[],"product_brand":[],"product_cat":[932],"product_tag":[],"class_list":{"0":"post-18905","1":"product","2":"type-product","3":"status-publish","4":"has-post-thumbnail","6":"product_cat-golf-performer-no","8":"first","9":"instock","10":"taxable","11":"shipping-taxable","12":"purchasable","13":"product-type-simple"},"yoast_head":"<!-- This site is optimized with the Yoast SEO plugin v27.1.1 - https:\/\/yoast.com\/product\/yoast-seo-wordpress\/ -->\n<title>BIOSWING\u00ae Golf Performer 3.0 - BIOSWING<\/title>\n<meta name=\"robots\" content=\"noindex, follow, max-snippet:-1, max-image-preview:large, max-video-preview:-1\" \/>\n<meta property=\"og:locale\" content=\"nb_NO\" \/>\n<meta property=\"og:type\" content=\"article\" \/>\n<meta property=\"og:title\" content=\"BIOSWING\u00ae Golf Performer 3.0 - BIOSWING\" \/>\n<meta property=\"og:description\" content=\"BIOSWING\u00ae Golf Performer er et sensomotorisk treningsapparat designet for \u00e5 trene golfspesifikke bevegelsesm\u00f8nstre, inkludert lange og korte slag samt spill i skr\u00e5ninger. Det gir avansert sensorisk tilbakemelding.Golf Performer er basert p\u00e5 BIOSWING\u00ae Posturomed. BIOSWING Posturomed\u00ae ble introdusert p\u00e5 markedet i 1995 som det f\u00f8rste dempede sensomotoriske terapiverkt\u00f8yet med ustabil svingning. Utviklingen startet allerede p\u00e5 slutten av 1980-tallet i n\u00e6rt samarbeid mellom selskapets grunnlegger Eduard Haider, fysioterapeuter med praktisk og vitenskapelig erfaring, samt medisinske spesialister.\" \/>\n<meta property=\"og:url\" content=\"https:\/\/staging.bioswing.ee\/no\/toode\/bioswing-golf-performer-3-0\/\" \/>\n<meta property=\"og:site_name\" content=\"BIOSWING\" \/>\n<meta property=\"article:modified_time\" content=\"2024-12-05T10:14:57+00:00\" \/>\n<meta property=\"og:image\" content=\"https:\/\/bioswing.ee\/wp-content\/uploads\/2024\/12\/jon_taylor_perfomer_bearbeitet.jpg\" \/>\n\t<meta property=\"og:image:width\" content=\"1500\" \/>\n\t<meta property=\"og:image:height\" content=\"2000\" \/>\n\t<meta property=\"og:image:type\" content=\"image\/jpeg\" \/>\n<meta name=\"twitter:card\" content=\"summary_large_image\" \/>\n<meta name=\"twitter:label1\" content=\"Ansl. lesetid\" \/>\n\t<meta name=\"twitter:data1\" content=\"1 minutt\" \/>\n<script type=\"application\/ld+json\" class=\"yoast-schema-graph\">{\"@context\":\"https:\/\/schema.org\",\"@graph\":[{\"@type\":\"WebPage\",\"@id\":\"https:\/\/staging.bioswing.ee\/no\/toode\/bioswing-golf-performer-3-0\/\",\"url\":\"https:\/\/staging.bioswing.ee\/no\/toode\/bioswing-golf-performer-3-0\/\",\"name\":\"BIOSWING\u00ae Golf Performer 3.0 - BIOSWING\",\"isPartOf\":{\"@id\":\"https:\/\/staging.bioswing.ee\/no\/#website\"},\"primaryImageOfPage\":{\"@id\":\"https:\/\/staging.bioswing.ee\/no\/toode\/bioswing-golf-performer-3-0\/#primaryimage\"},\"image\":{\"@id\":\"https:\/\/staging.bioswing.ee\/no\/toode\/bioswing-golf-performer-3-0\/#primaryimage\"},\"thumbnailUrl\":\"https:\/\/staging.bioswing.ee\/wp-content\/uploads\/2024\/12\/jon_taylor_perfomer_bearbeitet.jpg\",\"datePublished\":\"2024-12-02T09:13:45+00:00\",\"dateModified\":\"2024-12-05T10:14:57+00:00\",\"breadcrumb\":{\"@id\":\"https:\/\/staging.bioswing.ee\/no\/toode\/bioswing-golf-performer-3-0\/#breadcrumb\"},\"inLanguage\":\"nb-NO\",\"potentialAction\":[{\"@type\":\"ReadAction\",\"target\":[\"https:\/\/staging.bioswing.ee\/no\/toode\/bioswing-golf-performer-3-0\/\"]}]},{\"@type\":\"ImageObject\",\"inLanguage\":\"nb-NO\",\"@id\":\"https:\/\/staging.bioswing.ee\/no\/toode\/bioswing-golf-performer-3-0\/#primaryimage\",\"url\":\"https:\/\/staging.bioswing.ee\/wp-content\/uploads\/2024\/12\/jon_taylor_perfomer_bearbeitet.jpg\",\"contentUrl\":\"https:\/\/staging.bioswing.ee\/wp-content\/uploads\/2024\/12\/jon_taylor_perfomer_bearbeitet.jpg\",\"width\":1500,\"height\":2000,\"caption\":\"BIOSWING\u00ae Golf Performer\"},{\"@type\":\"BreadcrumbList\",\"@id\":\"https:\/\/staging.bioswing.ee\/no\/toode\/bioswing-golf-performer-3-0\/#breadcrumb\",\"itemListElement\":[{\"@type\":\"ListItem\",\"position\":1,\"name\":\"Home\",\"item\":\"https:\/\/bioswing.ee\/no\/\"},{\"@type\":\"ListItem\",\"position\":2,\"name\":\"SHOP\",\"item\":\"https:\/\/bioswing.ee\/no\/shop\/\"},{\"@type\":\"ListItem\",\"position\":3,\"name\":\"BIOSWING\u00ae Golf Performer 3.0\"}]},{\"@type\":\"WebSite\",\"@id\":\"https:\/\/staging.bioswing.ee\/no\/#website\",\"url\":\"https:\/\/staging.bioswing.ee\/no\/\",\"name\":\"BIOSWING\",\"description\":\"Smart solutions for healthy sitting\",\"publisher\":{\"@id\":\"https:\/\/staging.bioswing.ee\/no\/#organization\"},\"potentialAction\":[{\"@type\":\"SearchAction\",\"target\":{\"@type\":\"EntryPoint\",\"urlTemplate\":\"https:\/\/staging.bioswing.ee\/no\/?s={search_term_string}\"},\"query-input\":{\"@type\":\"PropertyValueSpecification\",\"valueRequired\":true,\"valueName\":\"search_term_string\"}}],\"inLanguage\":\"nb-NO\"},{\"@type\":\"Organization\",\"@id\":\"https:\/\/staging.bioswing.ee\/no\/#organization\",\"name\":\"BIOSWING\",\"url\":\"https:\/\/staging.bioswing.ee\/no\/\",\"logo\":{\"@type\":\"ImageObject\",\"inLanguage\":\"nb-NO\",\"@id\":\"https:\/\/staging.bioswing.ee\/no\/#\/schema\/logo\/image\/\",\"url\":\"https:\/\/staging.bioswing.ee\/wp-content\/uploads\/2023\/04\/logo_web.png\",\"contentUrl\":\"https:\/\/staging.bioswing.ee\/wp-content\/uploads\/2023\/04\/logo_web.png\",\"width\":140,\"height\":122,\"caption\":\"BIOSWING\"},\"image\":{\"@id\":\"https:\/\/staging.bioswing.ee\/no\/#\/schema\/logo\/image\/\"}}]}<\/script>\n<!-- \/ Yoast SEO plugin. -->","yoast_head_json":{"title":"BIOSWING\u00ae Golf Performer 3.0 - BIOSWING","robots":{"index":"noindex","follow":"follow","max-snippet":"max-snippet:-1","max-image-preview":"max-image-preview:large","max-video-preview":"max-video-preview:-1"},"og_locale":"nb_NO","og_type":"article","og_title":"BIOSWING\u00ae Golf Performer 3.0 - BIOSWING","og_description":"BIOSWING\u00ae Golf Performer er et sensomotorisk treningsapparat designet for \u00e5 trene golfspesifikke bevegelsesm\u00f8nstre, inkludert lange og korte slag samt spill i skr\u00e5ninger. Det gir avansert sensorisk tilbakemelding.Golf Performer er basert p\u00e5 BIOSWING\u00ae Posturomed. BIOSWING Posturomed\u00ae ble introdusert p\u00e5 markedet i 1995 som det f\u00f8rste dempede sensomotoriske terapiverkt\u00f8yet med ustabil svingning. Utviklingen startet allerede p\u00e5 slutten av 1980-tallet i n\u00e6rt samarbeid mellom selskapets grunnlegger Eduard Haider, fysioterapeuter med praktisk og vitenskapelig erfaring, samt medisinske spesialister.","og_url":"https:\/\/staging.bioswing.ee\/no\/toode\/bioswing-golf-performer-3-0\/","og_site_name":"BIOSWING","article_modified_time":"2024-12-05T10:14:57+00:00","og_image":[{"width":1500,"height":2000,"url":"https:\/\/bioswing.ee\/wp-content\/uploads\/2024\/12\/jon_taylor_perfomer_bearbeitet.jpg","type":"image\/jpeg"}],"twitter_card":"summary_large_image","twitter_misc":{"Ansl. lesetid":"1 minutt"},"schema":{"@context":"https:\/\/schema.org","@graph":[{"@type":"WebPage","@id":"https:\/\/staging.bioswing.ee\/no\/toode\/bioswing-golf-performer-3-0\/","url":"https:\/\/staging.bioswing.ee\/no\/toode\/bioswing-golf-performer-3-0\/","name":"BIOSWING\u00ae Golf Performer 3.0 - BIOSWING","isPartOf":{"@id":"https:\/\/staging.bioswing.ee\/no\/#website"},"primaryImageOfPage":{"@id":"https:\/\/staging.bioswing.ee\/no\/toode\/bioswing-golf-performer-3-0\/#primaryimage"},"image":{"@id":"https:\/\/staging.bioswing.ee\/no\/toode\/bioswing-golf-performer-3-0\/#primaryimage"},"thumbnailUrl":"https:\/\/staging.bioswing.ee\/wp-content\/uploads\/2024\/12\/jon_taylor_perfomer_bearbeitet.jpg","datePublished":"2024-12-02T09:13:45+00:00","dateModified":"2024-12-05T10:14:57+00:00","breadcrumb":{"@id":"https:\/\/staging.bioswing.ee\/no\/toode\/bioswing-golf-performer-3-0\/#breadcrumb"},"inLanguage":"nb-NO","potentialAction":[{"@type":"ReadAction","target":["https:\/\/staging.bioswing.ee\/no\/toode\/bioswing-golf-performer-3-0\/"]}]},{"@type":"ImageObject","inLanguage":"nb-NO","@id":"https:\/\/staging.bioswing.ee\/no\/toode\/bioswing-golf-performer-3-0\/#primaryimage","url":"https:\/\/staging.bioswing.ee\/wp-content\/uploads\/2024\/12\/jon_taylor_perfomer_bearbeitet.jpg","contentUrl":"https:\/\/staging.bioswing.ee\/wp-content\/uploads\/2024\/12\/jon_taylor_perfomer_bearbeitet.jpg","width":1500,"height":2000,"caption":"BIOSWING\u00ae Golf Performer"},{"@type":"BreadcrumbList","@id":"https:\/\/staging.bioswing.ee\/no\/toode\/bioswing-golf-performer-3-0\/#breadcrumb","itemListElement":[{"@type":"ListItem","position":1,"name":"Home","item":"https:\/\/bioswing.ee\/no\/"},{"@type":"ListItem","position":2,"name":"SHOP","item":"https:\/\/bioswing.ee\/no\/shop\/"},{"@type":"ListItem","position":3,"name":"BIOSWING\u00ae Golf Performer 3.0"}]},{"@type":"WebSite","@id":"https:\/\/staging.bioswing.ee\/no\/#website","url":"https:\/\/staging.bioswing.ee\/no\/","name":"BIOSWING","description":"Smart solutions for healthy sitting","publisher":{"@id":"https:\/\/staging.bioswing.ee\/no\/#organization"},"potentialAction":[{"@type":"SearchAction","target":{"@type":"EntryPoint","urlTemplate":"https:\/\/staging.bioswing.ee\/no\/?s={search_term_string}"},"query-input":{"@type":"PropertyValueSpecification","valueRequired":true,"valueName":"search_term_string"}}],"inLanguage":"nb-NO"},{"@type":"Organization","@id":"https:\/\/staging.bioswing.ee\/no\/#organization","name":"BIOSWING","url":"https:\/\/staging.bioswing.ee\/no\/","logo":{"@type":"ImageObject","inLanguage":"nb-NO","@id":"https:\/\/staging.bioswing.ee\/no\/#\/schema\/logo\/image\/","url":"https:\/\/staging.bioswing.ee\/wp-content\/uploads\/2023\/04\/logo_web.png","contentUrl":"https:\/\/staging.bioswing.ee\/wp-content\/uploads\/2023\/04\/logo_web.png","width":140,"height":122,"caption":"BIOSWING"},"image":{"@id":"https:\/\/staging.bioswing.ee\/no\/#\/schema\/logo\/image\/"}}]}},"_links":{"self":[{"href":"https:\/\/staging.bioswing.ee\/no\/wp-json\/wp\/v2\/product\/18905","targetHints":{"allow":["GET"]}}],"collection":[{"href":"https:\/\/staging.bioswing.ee\/no\/wp-json\/wp\/v2\/product"}],"about":[{"href":"https:\/\/staging.bioswing.ee\/no\/wp-json\/wp\/v2\/types\/product"}],"wp:featuredmedia":[{"embeddable":true,"href":"https:\/\/staging.bioswing.ee\/no\/wp-json\/wp\/v2\/media\/18851"}],"wp:attachment":[{"href":"https:\/\/staging.bioswing.ee\/no\/wp-json\/wp\/v2\/media?parent=18905"}],"wp:term":[{"taxonomy":"product_brand","embeddable":true,"href":"https:\/\/staging.bioswing.ee\/no\/wp-json\/wp\/v2\/product_brand?post=18905"},{"taxonomy":"product_cat","embeddable":true,"href":"https:\/\/staging.bioswing.ee\/no\/wp-json\/wp\/v2\/product_cat?post=18905"},{"taxonomy":"product_tag","embeddable":true,"href":"https:\/\/staging.bioswing.ee\/no\/wp-json\/wp\/v2\/product_tag?post=18905"}],"curies":[{"name":"wp","href":"https:\/\/api.w.org\/{rel}","templated":true}]}}