{"id":20032,"date":"2024-12-03T11:34:12","date_gmt":"2024-12-03T11:34:12","guid":{"rendered":"https:\/\/staging.bioswing.ee\/toode\/bioswing-balancecoach-iq\/"},"modified":"2024-12-10T11:06:43","modified_gmt":"2024-12-10T11:06:43","slug":"bioswing-balancecoach-iq","status":"publish","type":"product","link":"https:\/\/staging.bioswing.ee\/no\/toode\/bioswing-balancecoach-iq\/","title":{"rendered":"BIOSWING BalanceCoach iQ"},"content":{"rendered":"<p>Systemet leveres komplett og er enkelt og raskt \u00e5 installere. Trykkfordelingsm\u00e5leplaten legges p\u00e5 det allerede ferdig monterte Posturomed\u00ae 202 og kobles til stativet.  <strong>Komponenter:<\/strong><\/p>\n<ul>\n<li>Stativ<\/li>\n<li>32-tommers skjerm<\/li>\n<li>3D-kamera<\/li>\n<li>Kraftig innebygd PC<\/li>\n<li>M\u00e5leplate<\/li>\n<li>Posturomed\u00ae<\/li>\n<\/ul>\n<p> M\u00e5leresultatene kan eksporteres via en QR-kode.<br \/>Med <strong>BALANCECOACH iQ-appen<\/strong> kan treningsfremgangen lagres og dokumenteres.<br \/>Zebris\u00ae trykkfordelingsm\u00e5leplaten er spesielt tilpasset Posturomed\u00ae. Den er tydelig delt inn i et sentralt treningsomr\u00e5de og navigasjonsomr\u00e5der p\u00e5 h\u00f8yre og venstre side.    <strong>Tekniske data:<\/strong><\/p>\n<ul>\n<li><strong>Dimensjoner:<\/strong> 60 x 60 x 1.6 cm<\/li>\n<li><strong>Antall sensorer:<\/strong> 672<\/li>\n<li><strong>Pr\u00f8vefrekvens:<\/strong> 100 Hz<\/li>\n<li><strong>M\u00e5leprinsipp:<\/strong> Kapasitive trykksensorer<\/li>\n<li><strong>Tilkobling:<\/strong> USB<\/li>\n<\/ul>\n<p> Posturomed\u00ae-treningsapparatet har en treningsflate som kan pendle i alle horisontale retninger og kan justeres i tre niv\u00e5er (fast og to svingningsamplituder).<br \/>Trykkfordelingsm\u00e5leplaten legges p\u00e5 det ferdig monterte Posturomed\u00ae og kobles til stativet. Under monteringen m\u00e5 det bare s\u00f8rges for at stativet er plassert frontalt og 1,5 meter unna. P\u00e5 det nesten fullstendig utstyrte stativet trenger man bare \u00e5 feste panelene og henge opp skjermen \u2013 ferdig!<br \/><strong>Plassbehov:<\/strong> Ca. 2,50 x 1,00 meter   <\/p>\n","protected":false},"excerpt":{"rendered":"<p>Siden 1995 har BIOSWING Posturomed\u00ae v\u00e6rt garantisten for suksess innen sensorimotorisk forebygging og trening. I anledning 25-\u00e5rsjubileet introduserer vi en ny trener som kompletterer Posturomed\u00ae: <strong>BIOSWING BalanceCoach iQ!<\/strong><br \/><strong>BIOSWING BalanceCoach iQ<\/strong> er et programvarebasert, intelligent treningssystem med en integrert virtuell trener.<br \/>Kvaliteten p\u00e5 bevegelsene til personen som trener p\u00e5 Posturomed\u00ae, overv\u00e5kes av spesielle trykksensorer p\u00e5 treningsplaten og vises grafisk i sanntid som \u00abcenter of pressure\u00bb (COP). Ved hjelp av et kamera ser brukeren seg selv p\u00e5 skjermen foran seg og f\u00e5r umiddelbar visuell tilbakemelding p\u00e5 \u00f8velsene. I tillegg ser brukeren sin virtuelle trener som demonstrerer \u00f8velsene som skal utf\u00f8res samtidig. Hver koordinerings\u00f8velse er individuelt tilpasset brukerens niv\u00e5 for \u00e5 sikre en optimal treningsutfordring.<br \/>Dette gj\u00f8r BalanceCoach iQ til den ideelle koordinerings-treneren for helse-, forebyggings-, fitness-, sports- og velv\u00e6reanlegg.       <iframe width=\"100%\" height=\"315\" src=\"https:\/\/www.youtube.com\/embed\/s86k6aLgLfA?si=y-lqt7T4qBL3w59i\" title=\"YouTube video player\" frameborder=\"0\" allow=\"accelerometer; autoplay; clipboard-write; encrypted-media; gyroscope; picture-in-picture; web-share\" referrerpolicy=\"strict-origin-when-cross-origin\" allowfullscreen=\"\"><\/iframe><\/p>\n<p><iframe width=\"100%\" height=\"315\" src=\"https:\/\/www.youtube.com\/embed\/csY_Mt0uEZM?si=2nhhzGhK8-J4Bx1T\" title=\"YouTube video player\" frameborder=\"0\" allow=\"accelerometer; autoplay; clipboard-write; encrypted-media; gyroscope; picture-in-picture; web-share\" referrerpolicy=\"strict-origin-when-cross-origin\" allowfullscreen=\"\"><\/iframe><\/p>\n","protected":false},"featured_media":19535,"template":"","meta":[],"product_brand":[],"product_cat":[1021],"product_tag":[],"class_list":{"0":"post-20032","1":"product","2":"type-product","3":"status-publish","4":"has-post-thumbnail","6":"product_cat-balancecoach-no","8":"first","9":"instock","10":"taxable","11":"shipping-taxable","12":"purchasable","13":"product-type-simple"},"yoast_head":"<!-- This site is optimized with the Yoast SEO plugin v27.1.1 - https:\/\/yoast.com\/product\/yoast-seo-wordpress\/ -->\n<title>BIOSWING BalanceCoach iQ - BIOSWING<\/title>\n<meta name=\"robots\" content=\"noindex, follow, max-snippet:-1, max-image-preview:large, max-video-preview:-1\" \/>\n<meta property=\"og:locale\" content=\"nb_NO\" \/>\n<meta property=\"og:type\" content=\"article\" \/>\n<meta property=\"og:title\" content=\"BIOSWING BalanceCoach iQ - BIOSWING\" \/>\n<meta property=\"og:description\" content=\"Siden 1995 har BIOSWING Posturomed\u00ae v\u00e6rt garantisten for suksess innen sensorimotorisk forebygging og trening. I anledning 25-\u00e5rsjubileet introduserer vi en ny trener som kompletterer Posturomed\u00ae: BIOSWING BalanceCoach iQ!BIOSWING BalanceCoach iQ er et programvarebasert, intelligent treningssystem med en integrert virtuell trener.Kvaliteten p\u00e5 bevegelsene til personen som trener p\u00e5 Posturomed\u00ae, overv\u00e5kes av spesielle trykksensorer p\u00e5 treningsplaten og vises grafisk i sanntid som \u00abcenter of pressure\u00bb (COP). Ved hjelp av et kamera ser brukeren seg selv p\u00e5 skjermen foran seg og f\u00e5r umiddelbar visuell tilbakemelding p\u00e5 \u00f8velsene. I tillegg ser brukeren sin virtuelle trener som demonstrerer \u00f8velsene som skal utf\u00f8res samtidig. Hver koordinerings\u00f8velse er individuelt tilpasset brukerens niv\u00e5 for \u00e5 sikre en optimal treningsutfordring.Dette gj\u00f8r BalanceCoach iQ til den ideelle koordinerings-treneren for helse-, forebyggings-, fitness-, sports- og velv\u00e6reanlegg.\" \/>\n<meta property=\"og:url\" content=\"https:\/\/staging.bioswing.ee\/no\/toode\/bioswing-balancecoach-iq\/\" \/>\n<meta property=\"og:site_name\" content=\"BIOSWING\" \/>\n<meta property=\"article:modified_time\" content=\"2024-12-10T11:06:43+00:00\" \/>\n<meta property=\"og:image\" content=\"https:\/\/bioswing.ee\/wp-content\/uploads\/2024\/12\/BalanceCoach_iQ.jpg\" \/>\n\t<meta property=\"og:image:width\" content=\"900\" \/>\n\t<meta property=\"og:image:height\" content=\"1200\" \/>\n\t<meta property=\"og:image:type\" content=\"image\/jpeg\" \/>\n<meta name=\"twitter:card\" content=\"summary_large_image\" \/>\n<meta name=\"twitter:label1\" content=\"Ansl. lesetid\" \/>\n\t<meta name=\"twitter:data1\" content=\"2 minutter\" \/>\n<script type=\"application\/ld+json\" class=\"yoast-schema-graph\">{\"@context\":\"https:\/\/schema.org\",\"@graph\":[{\"@type\":\"WebPage\",\"@id\":\"https:\/\/staging.bioswing.ee\/no\/toode\/bioswing-balancecoach-iq\/\",\"url\":\"https:\/\/staging.bioswing.ee\/no\/toode\/bioswing-balancecoach-iq\/\",\"name\":\"BIOSWING BalanceCoach iQ - BIOSWING\",\"isPartOf\":{\"@id\":\"https:\/\/staging.bioswing.ee\/no\/#website\"},\"primaryImageOfPage\":{\"@id\":\"https:\/\/staging.bioswing.ee\/no\/toode\/bioswing-balancecoach-iq\/#primaryimage\"},\"image\":{\"@id\":\"https:\/\/staging.bioswing.ee\/no\/toode\/bioswing-balancecoach-iq\/#primaryimage\"},\"thumbnailUrl\":\"https:\/\/staging.bioswing.ee\/wp-content\/uploads\/2024\/12\/BalanceCoach_iQ.jpg\",\"datePublished\":\"2024-12-03T11:34:12+00:00\",\"dateModified\":\"2024-12-10T11:06:43+00:00\",\"breadcrumb\":{\"@id\":\"https:\/\/staging.bioswing.ee\/no\/toode\/bioswing-balancecoach-iq\/#breadcrumb\"},\"inLanguage\":\"nb-NO\",\"potentialAction\":[{\"@type\":\"ReadAction\",\"target\":[\"https:\/\/staging.bioswing.ee\/no\/toode\/bioswing-balancecoach-iq\/\"]}]},{\"@type\":\"ImageObject\",\"inLanguage\":\"nb-NO\",\"@id\":\"https:\/\/staging.bioswing.ee\/no\/toode\/bioswing-balancecoach-iq\/#primaryimage\",\"url\":\"https:\/\/staging.bioswing.ee\/wp-content\/uploads\/2024\/12\/BalanceCoach_iQ.jpg\",\"contentUrl\":\"https:\/\/staging.bioswing.ee\/wp-content\/uploads\/2024\/12\/BalanceCoach_iQ.jpg\",\"width\":900,\"height\":1200,\"caption\":\"BIOSWING BalanceCoach iQ\"},{\"@type\":\"BreadcrumbList\",\"@id\":\"https:\/\/staging.bioswing.ee\/no\/toode\/bioswing-balancecoach-iq\/#breadcrumb\",\"itemListElement\":[{\"@type\":\"ListItem\",\"position\":1,\"name\":\"Home\",\"item\":\"https:\/\/bioswing.ee\/no\/\"},{\"@type\":\"ListItem\",\"position\":2,\"name\":\"SHOP\",\"item\":\"https:\/\/bioswing.ee\/no\/shop\/\"},{\"@type\":\"ListItem\",\"position\":3,\"name\":\"BIOSWING BalanceCoach iQ\"}]},{\"@type\":\"WebSite\",\"@id\":\"https:\/\/staging.bioswing.ee\/no\/#website\",\"url\":\"https:\/\/staging.bioswing.ee\/no\/\",\"name\":\"BIOSWING\",\"description\":\"Smart solutions for healthy sitting\",\"publisher\":{\"@id\":\"https:\/\/staging.bioswing.ee\/no\/#organization\"},\"potentialAction\":[{\"@type\":\"SearchAction\",\"target\":{\"@type\":\"EntryPoint\",\"urlTemplate\":\"https:\/\/staging.bioswing.ee\/no\/?s={search_term_string}\"},\"query-input\":{\"@type\":\"PropertyValueSpecification\",\"valueRequired\":true,\"valueName\":\"search_term_string\"}}],\"inLanguage\":\"nb-NO\"},{\"@type\":\"Organization\",\"@id\":\"https:\/\/staging.bioswing.ee\/no\/#organization\",\"name\":\"BIOSWING\",\"url\":\"https:\/\/staging.bioswing.ee\/no\/\",\"logo\":{\"@type\":\"ImageObject\",\"inLanguage\":\"nb-NO\",\"@id\":\"https:\/\/staging.bioswing.ee\/no\/#\/schema\/logo\/image\/\",\"url\":\"https:\/\/staging.bioswing.ee\/wp-content\/uploads\/2023\/04\/logo_web.png\",\"contentUrl\":\"https:\/\/staging.bioswing.ee\/wp-content\/uploads\/2023\/04\/logo_web.png\",\"width\":140,\"height\":122,\"caption\":\"BIOSWING\"},\"image\":{\"@id\":\"https:\/\/staging.bioswing.ee\/no\/#\/schema\/logo\/image\/\"}}]}<\/script>\n<!-- \/ Yoast SEO plugin. -->","yoast_head_json":{"title":"BIOSWING BalanceCoach iQ - BIOSWING","robots":{"index":"noindex","follow":"follow","max-snippet":"max-snippet:-1","max-image-preview":"max-image-preview:large","max-video-preview":"max-video-preview:-1"},"og_locale":"nb_NO","og_type":"article","og_title":"BIOSWING BalanceCoach iQ - BIOSWING","og_description":"Siden 1995 har BIOSWING Posturomed\u00ae v\u00e6rt garantisten for suksess innen sensorimotorisk forebygging og trening. I anledning 25-\u00e5rsjubileet introduserer vi en ny trener som kompletterer Posturomed\u00ae: BIOSWING BalanceCoach iQ!BIOSWING BalanceCoach iQ er et programvarebasert, intelligent treningssystem med en integrert virtuell trener.Kvaliteten p\u00e5 bevegelsene til personen som trener p\u00e5 Posturomed\u00ae, overv\u00e5kes av spesielle trykksensorer p\u00e5 treningsplaten og vises grafisk i sanntid som \u00abcenter of pressure\u00bb (COP). Ved hjelp av et kamera ser brukeren seg selv p\u00e5 skjermen foran seg og f\u00e5r umiddelbar visuell tilbakemelding p\u00e5 \u00f8velsene. I tillegg ser brukeren sin virtuelle trener som demonstrerer \u00f8velsene som skal utf\u00f8res samtidig. Hver koordinerings\u00f8velse er individuelt tilpasset brukerens niv\u00e5 for \u00e5 sikre en optimal treningsutfordring.Dette gj\u00f8r BalanceCoach iQ til den ideelle koordinerings-treneren for helse-, forebyggings-, fitness-, sports- og velv\u00e6reanlegg.","og_url":"https:\/\/staging.bioswing.ee\/no\/toode\/bioswing-balancecoach-iq\/","og_site_name":"BIOSWING","article_modified_time":"2024-12-10T11:06:43+00:00","og_image":[{"width":900,"height":1200,"url":"https:\/\/bioswing.ee\/wp-content\/uploads\/2024\/12\/BalanceCoach_iQ.jpg","type":"image\/jpeg"}],"twitter_card":"summary_large_image","twitter_misc":{"Ansl. lesetid":"2 minutter"},"schema":{"@context":"https:\/\/schema.org","@graph":[{"@type":"WebPage","@id":"https:\/\/staging.bioswing.ee\/no\/toode\/bioswing-balancecoach-iq\/","url":"https:\/\/staging.bioswing.ee\/no\/toode\/bioswing-balancecoach-iq\/","name":"BIOSWING BalanceCoach iQ - BIOSWING","isPartOf":{"@id":"https:\/\/staging.bioswing.ee\/no\/#website"},"primaryImageOfPage":{"@id":"https:\/\/staging.bioswing.ee\/no\/toode\/bioswing-balancecoach-iq\/#primaryimage"},"image":{"@id":"https:\/\/staging.bioswing.ee\/no\/toode\/bioswing-balancecoach-iq\/#primaryimage"},"thumbnailUrl":"https:\/\/staging.bioswing.ee\/wp-content\/uploads\/2024\/12\/BalanceCoach_iQ.jpg","datePublished":"2024-12-03T11:34:12+00:00","dateModified":"2024-12-10T11:06:43+00:00","breadcrumb":{"@id":"https:\/\/staging.bioswing.ee\/no\/toode\/bioswing-balancecoach-iq\/#breadcrumb"},"inLanguage":"nb-NO","potentialAction":[{"@type":"ReadAction","target":["https:\/\/staging.bioswing.ee\/no\/toode\/bioswing-balancecoach-iq\/"]}]},{"@type":"ImageObject","inLanguage":"nb-NO","@id":"https:\/\/staging.bioswing.ee\/no\/toode\/bioswing-balancecoach-iq\/#primaryimage","url":"https:\/\/staging.bioswing.ee\/wp-content\/uploads\/2024\/12\/BalanceCoach_iQ.jpg","contentUrl":"https:\/\/staging.bioswing.ee\/wp-content\/uploads\/2024\/12\/BalanceCoach_iQ.jpg","width":900,"height":1200,"caption":"BIOSWING BalanceCoach iQ"},{"@type":"BreadcrumbList","@id":"https:\/\/staging.bioswing.ee\/no\/toode\/bioswing-balancecoach-iq\/#breadcrumb","itemListElement":[{"@type":"ListItem","position":1,"name":"Home","item":"https:\/\/bioswing.ee\/no\/"},{"@type":"ListItem","position":2,"name":"SHOP","item":"https:\/\/bioswing.ee\/no\/shop\/"},{"@type":"ListItem","position":3,"name":"BIOSWING BalanceCoach iQ"}]},{"@type":"WebSite","@id":"https:\/\/staging.bioswing.ee\/no\/#website","url":"https:\/\/staging.bioswing.ee\/no\/","name":"BIOSWING","description":"Smart solutions for healthy sitting","publisher":{"@id":"https:\/\/staging.bioswing.ee\/no\/#organization"},"potentialAction":[{"@type":"SearchAction","target":{"@type":"EntryPoint","urlTemplate":"https:\/\/staging.bioswing.ee\/no\/?s={search_term_string}"},"query-input":{"@type":"PropertyValueSpecification","valueRequired":true,"valueName":"search_term_string"}}],"inLanguage":"nb-NO"},{"@type":"Organization","@id":"https:\/\/staging.bioswing.ee\/no\/#organization","name":"BIOSWING","url":"https:\/\/staging.bioswing.ee\/no\/","logo":{"@type":"ImageObject","inLanguage":"nb-NO","@id":"https:\/\/staging.bioswing.ee\/no\/#\/schema\/logo\/image\/","url":"https:\/\/staging.bioswing.ee\/wp-content\/uploads\/2023\/04\/logo_web.png","contentUrl":"https:\/\/staging.bioswing.ee\/wp-content\/uploads\/2023\/04\/logo_web.png","width":140,"height":122,"caption":"BIOSWING"},"image":{"@id":"https:\/\/staging.bioswing.ee\/no\/#\/schema\/logo\/image\/"}}]}},"_links":{"self":[{"href":"https:\/\/staging.bioswing.ee\/no\/wp-json\/wp\/v2\/product\/20032","targetHints":{"allow":["GET"]}}],"collection":[{"href":"https:\/\/staging.bioswing.ee\/no\/wp-json\/wp\/v2\/product"}],"about":[{"href":"https:\/\/staging.bioswing.ee\/no\/wp-json\/wp\/v2\/types\/product"}],"wp:featuredmedia":[{"embeddable":true,"href":"https:\/\/staging.bioswing.ee\/no\/wp-json\/wp\/v2\/media\/19535"}],"wp:attachment":[{"href":"https:\/\/staging.bioswing.ee\/no\/wp-json\/wp\/v2\/media?parent=20032"}],"wp:term":[{"taxonomy":"product_brand","embeddable":true,"href":"https:\/\/staging.bioswing.ee\/no\/wp-json\/wp\/v2\/product_brand?post=20032"},{"taxonomy":"product_cat","embeddable":true,"href":"https:\/\/staging.bioswing.ee\/no\/wp-json\/wp\/v2\/product_cat?post=20032"},{"taxonomy":"product_tag","embeddable":true,"href":"https:\/\/staging.bioswing.ee\/no\/wp-json\/wp\/v2\/product_tag?post=20032"}],"curies":[{"name":"wp","href":"https:\/\/api.w.org\/{rel}","templated":true}]}}