{"id":31735,"date":"2025-09-25T12:44:52","date_gmt":"2025-09-25T12:44:52","guid":{"rendered":"https:\/\/staging.bioswing.ee\/toode\/oneup-easy-with-pelvic-support\/"},"modified":"2025-09-25T13:24:57","modified_gmt":"2025-09-25T13:24:57","slug":"oneup-easy-with-pelvic-support","status":"publish","type":"product","link":"https:\/\/staging.bioswing.ee\/no\/toode\/oneup-easy-with-pelvic-support\/","title":{"rendered":"oneUP EASY med bekkenst\u00f8tte"},"content":{"rendered":"<p><strong>BIOSWING oneUP EASY<\/strong><\/p>\n<ul>\n<li>Ergonomisk og ortopedisk effektiv sitte-st\u00e5-l\u00f8sning for kontor, hjemmekontor og praksis<\/li>\n<li>Integrert, adaptiv 3D-setemekanisme<\/li>\n<li>Sadelsete<\/li>\n<li>Individuelt justerbar bekkenst\u00f8tte<\/li>\n<li>Bekkenbalanse-mekanisme (mot tillegg i pris)<\/li>\n<li>Stofftrekk: Felicity svart<\/li>\n<li>Ogs\u00e5 tilgjengelig med trekk i medisinsk kunstskinn<\/li>\n<li>Base: plast<\/li>\n<li>Hjul \u00f8 60 mm<\/li>\n<\/ul>\n<p><iframe title=\"YouTube video player\" src=\"https:\/\/www.youtube.com\/embed\/RdAkGYfQRU0?si=iZjPFPN7BfNfVNQH\" width=\"100%\" height=\"450\" frameborder=\"0\" allowfullscreen=\"allowfullscreen\"><\/iframe><\/p>\n","protected":false},"excerpt":{"rendered":"<h2>&laquo;Opp og ned \u2013 og snu rundt&raquo; er mottoet for oneUP.<\/h2>\n<p>Har du allerede pr\u00f8vd de allsidige mulighetene med et h\u00f8ydejusterbart skrivebord?<\/p>\n<p>Hver posisjon mellom st\u00e5ende og hevet sittende gir et bredt spekter av kroppsstillinger. Hovedm\u00e5let: <strong>Jo oftere du skifter stilling, desto bedre er det for kroppen og sinnet ditt.<\/strong> V\u00e5rt muskelskjelettsystem er programmert for bevegelse, b\u00e5de n\u00e5r du st\u00e5r og sitter. <\/p>\n<h2>BIOSWING oneUP er en ekte allrounder.<\/h2>\n<p><strong>Det er en intelligent l\u00f8sning for alle som \u00f8nsker \u00e5 kombinere sittende og st\u00e5ende<\/strong>, og gir det ideelle utgangspunktet for en rekke sitteposisjoner og bruksomr\u00e5der samt intensiv mobilitet ved sittende takket v\u00e6re det integrerte 3D-setesystemet.<\/p>\n<p><strong>Det spiller ingen rolle om du er p\u00e5 en flyplasslounge, hjemmekontor, fysioterapiklinikk eller kontorbygging:<\/strong> oneUP vil alltid holde deg i form.<\/p>\n","protected":false},"featured_media":31383,"template":"","meta":[],"product_brand":[],"product_cat":[643],"product_tag":[],"class_list":{"0":"post-31735","1":"product","2":"type-product","3":"status-publish","4":"has-post-thumbnail","6":"product_cat-kontor-og-hjemmekontor","8":"first","9":"instock","10":"sale","11":"taxable","12":"shipping-taxable","13":"purchasable","14":"product-type-variable","15":"has-default-attributes"},"yoast_head":"<!-- This site is optimized with the Yoast SEO plugin v27.1.1 - https:\/\/yoast.com\/product\/yoast-seo-wordpress\/ -->\n<title>oneUP EASY med bekkenst\u00f8tte - BIOSWING<\/title>\n<meta name=\"robots\" content=\"noindex, follow, max-snippet:-1, max-image-preview:large, max-video-preview:-1\" \/>\n<meta property=\"og:locale\" content=\"nb_NO\" \/>\n<meta property=\"og:type\" content=\"article\" \/>\n<meta property=\"og:title\" content=\"oneUP EASY med bekkenst\u00f8tte - BIOSWING\" \/>\n<meta property=\"og:description\" content=\"&quot;Opp og ned \u2013 og snu rundt&quot; er mottoet for oneUP. Har du allerede pr\u00f8vd de allsidige mulighetene med et h\u00f8ydejusterbart skrivebord? Hver posisjon mellom st\u00e5ende og hevet sittende gir et bredt spekter av kroppsstillinger. Hovedm\u00e5let: Jo oftere du skifter stilling, desto bedre er det for kroppen og sinnet ditt. V\u00e5rt muskelskjelettsystem er programmert for bevegelse, b\u00e5de n\u00e5r du st\u00e5r og sitter. BIOSWING oneUP er en ekte allrounder. Det er en intelligent l\u00f8sning for alle som \u00f8nsker \u00e5 kombinere sittende og st\u00e5ende, og gir det ideelle utgangspunktet for en rekke sitteposisjoner og bruksomr\u00e5der samt intensiv mobilitet ved sittende takket v\u00e6re det integrerte 3D-setesystemet. Det spiller ingen rolle om du er p\u00e5 en flyplasslounge, hjemmekontor, fysioterapiklinikk eller kontorbygging: oneUP vil alltid holde deg i form.\" \/>\n<meta property=\"og:url\" content=\"https:\/\/staging.bioswing.ee\/no\/toode\/oneup-easy-with-pelvic-support\/\" \/>\n<meta property=\"og:site_name\" content=\"BIOSWING\" \/>\n<meta property=\"article:modified_time\" content=\"2025-09-25T13:24:57+00:00\" \/>\n<meta property=\"og:image\" content=\"https:\/\/bioswing.ee\/wp-content\/uploads\/2025\/09\/oneUp_EASY_BS05-min.jpg\" \/>\n\t<meta property=\"og:image:width\" content=\"1874\" \/>\n\t<meta property=\"og:image:height\" content=\"2500\" \/>\n\t<meta property=\"og:image:type\" content=\"image\/jpeg\" \/>\n<meta name=\"twitter:card\" content=\"summary_large_image\" \/>\n<script type=\"application\/ld+json\" class=\"yoast-schema-graph\">{\"@context\":\"https:\/\/schema.org\",\"@graph\":[{\"@type\":\"WebPage\",\"@id\":\"https:\/\/staging.bioswing.ee\/no\/toode\/oneup-easy-with-pelvic-support\/\",\"url\":\"https:\/\/staging.bioswing.ee\/no\/toode\/oneup-easy-with-pelvic-support\/\",\"name\":\"oneUP EASY med bekkenst\u00f8tte - BIOSWING\",\"isPartOf\":{\"@id\":\"https:\/\/staging.bioswing.ee\/no\/#website\"},\"primaryImageOfPage\":{\"@id\":\"https:\/\/staging.bioswing.ee\/no\/toode\/oneup-easy-with-pelvic-support\/#primaryimage\"},\"image\":{\"@id\":\"https:\/\/staging.bioswing.ee\/no\/toode\/oneup-easy-with-pelvic-support\/#primaryimage\"},\"thumbnailUrl\":\"https:\/\/staging.bioswing.ee\/wp-content\/uploads\/2025\/09\/oneUp_EASY_BS05-min.jpg\",\"datePublished\":\"2025-09-25T12:44:52+00:00\",\"dateModified\":\"2025-09-25T13:24:57+00:00\",\"breadcrumb\":{\"@id\":\"https:\/\/staging.bioswing.ee\/no\/toode\/oneup-easy-with-pelvic-support\/#breadcrumb\"},\"inLanguage\":\"nb-NO\",\"potentialAction\":[{\"@type\":\"ReadAction\",\"target\":[\"https:\/\/staging.bioswing.ee\/no\/toode\/oneup-easy-with-pelvic-support\/\"]}]},{\"@type\":\"ImageObject\",\"inLanguage\":\"nb-NO\",\"@id\":\"https:\/\/staging.bioswing.ee\/no\/toode\/oneup-easy-with-pelvic-support\/#primaryimage\",\"url\":\"https:\/\/staging.bioswing.ee\/wp-content\/uploads\/2025\/09\/oneUp_EASY_BS05-min.jpg\",\"contentUrl\":\"https:\/\/staging.bioswing.ee\/wp-content\/uploads\/2025\/09\/oneUp_EASY_BS05-min.jpg\",\"width\":1874,\"height\":2500,\"caption\":\"oneUP EASY with pelvic support\"},{\"@type\":\"BreadcrumbList\",\"@id\":\"https:\/\/staging.bioswing.ee\/no\/toode\/oneup-easy-with-pelvic-support\/#breadcrumb\",\"itemListElement\":[{\"@type\":\"ListItem\",\"position\":1,\"name\":\"Home\",\"item\":\"https:\/\/bioswing.ee\/no\/\"},{\"@type\":\"ListItem\",\"position\":2,\"name\":\"SHOP\",\"item\":\"https:\/\/bioswing.ee\/no\/shop\/\"},{\"@type\":\"ListItem\",\"position\":3,\"name\":\"oneUP EASY med bekkenst\u00f8tte\"}]},{\"@type\":\"WebSite\",\"@id\":\"https:\/\/staging.bioswing.ee\/no\/#website\",\"url\":\"https:\/\/staging.bioswing.ee\/no\/\",\"name\":\"BIOSWING\",\"description\":\"Smart solutions for healthy sitting\",\"publisher\":{\"@id\":\"https:\/\/staging.bioswing.ee\/no\/#organization\"},\"potentialAction\":[{\"@type\":\"SearchAction\",\"target\":{\"@type\":\"EntryPoint\",\"urlTemplate\":\"https:\/\/staging.bioswing.ee\/no\/?s={search_term_string}\"},\"query-input\":{\"@type\":\"PropertyValueSpecification\",\"valueRequired\":true,\"valueName\":\"search_term_string\"}}],\"inLanguage\":\"nb-NO\"},{\"@type\":\"Organization\",\"@id\":\"https:\/\/staging.bioswing.ee\/no\/#organization\",\"name\":\"BIOSWING\",\"url\":\"https:\/\/staging.bioswing.ee\/no\/\",\"logo\":{\"@type\":\"ImageObject\",\"inLanguage\":\"nb-NO\",\"@id\":\"https:\/\/staging.bioswing.ee\/no\/#\/schema\/logo\/image\/\",\"url\":\"https:\/\/staging.bioswing.ee\/wp-content\/uploads\/2023\/04\/logo_web.png\",\"contentUrl\":\"https:\/\/staging.bioswing.ee\/wp-content\/uploads\/2023\/04\/logo_web.png\",\"width\":140,\"height\":122,\"caption\":\"BIOSWING\"},\"image\":{\"@id\":\"https:\/\/staging.bioswing.ee\/no\/#\/schema\/logo\/image\/\"}}]}<\/script>\n<!-- \/ Yoast SEO plugin. -->","yoast_head_json":{"title":"oneUP EASY med bekkenst\u00f8tte - BIOSWING","robots":{"index":"noindex","follow":"follow","max-snippet":"max-snippet:-1","max-image-preview":"max-image-preview:large","max-video-preview":"max-video-preview:-1"},"og_locale":"nb_NO","og_type":"article","og_title":"oneUP EASY med bekkenst\u00f8tte - BIOSWING","og_description":"\"Opp og ned \u2013 og snu rundt\" er mottoet for oneUP. Har du allerede pr\u00f8vd de allsidige mulighetene med et h\u00f8ydejusterbart skrivebord? Hver posisjon mellom st\u00e5ende og hevet sittende gir et bredt spekter av kroppsstillinger. Hovedm\u00e5let: Jo oftere du skifter stilling, desto bedre er det for kroppen og sinnet ditt. V\u00e5rt muskelskjelettsystem er programmert for bevegelse, b\u00e5de n\u00e5r du st\u00e5r og sitter. BIOSWING oneUP er en ekte allrounder. Det er en intelligent l\u00f8sning for alle som \u00f8nsker \u00e5 kombinere sittende og st\u00e5ende, og gir det ideelle utgangspunktet for en rekke sitteposisjoner og bruksomr\u00e5der samt intensiv mobilitet ved sittende takket v\u00e6re det integrerte 3D-setesystemet. Det spiller ingen rolle om du er p\u00e5 en flyplasslounge, hjemmekontor, fysioterapiklinikk eller kontorbygging: oneUP vil alltid holde deg i form.","og_url":"https:\/\/staging.bioswing.ee\/no\/toode\/oneup-easy-with-pelvic-support\/","og_site_name":"BIOSWING","article_modified_time":"2025-09-25T13:24:57+00:00","og_image":[{"width":1874,"height":2500,"url":"https:\/\/bioswing.ee\/wp-content\/uploads\/2025\/09\/oneUp_EASY_BS05-min.jpg","type":"image\/jpeg"}],"twitter_card":"summary_large_image","schema":{"@context":"https:\/\/schema.org","@graph":[{"@type":"WebPage","@id":"https:\/\/staging.bioswing.ee\/no\/toode\/oneup-easy-with-pelvic-support\/","url":"https:\/\/staging.bioswing.ee\/no\/toode\/oneup-easy-with-pelvic-support\/","name":"oneUP EASY med bekkenst\u00f8tte - BIOSWING","isPartOf":{"@id":"https:\/\/staging.bioswing.ee\/no\/#website"},"primaryImageOfPage":{"@id":"https:\/\/staging.bioswing.ee\/no\/toode\/oneup-easy-with-pelvic-support\/#primaryimage"},"image":{"@id":"https:\/\/staging.bioswing.ee\/no\/toode\/oneup-easy-with-pelvic-support\/#primaryimage"},"thumbnailUrl":"https:\/\/staging.bioswing.ee\/wp-content\/uploads\/2025\/09\/oneUp_EASY_BS05-min.jpg","datePublished":"2025-09-25T12:44:52+00:00","dateModified":"2025-09-25T13:24:57+00:00","breadcrumb":{"@id":"https:\/\/staging.bioswing.ee\/no\/toode\/oneup-easy-with-pelvic-support\/#breadcrumb"},"inLanguage":"nb-NO","potentialAction":[{"@type":"ReadAction","target":["https:\/\/staging.bioswing.ee\/no\/toode\/oneup-easy-with-pelvic-support\/"]}]},{"@type":"ImageObject","inLanguage":"nb-NO","@id":"https:\/\/staging.bioswing.ee\/no\/toode\/oneup-easy-with-pelvic-support\/#primaryimage","url":"https:\/\/staging.bioswing.ee\/wp-content\/uploads\/2025\/09\/oneUp_EASY_BS05-min.jpg","contentUrl":"https:\/\/staging.bioswing.ee\/wp-content\/uploads\/2025\/09\/oneUp_EASY_BS05-min.jpg","width":1874,"height":2500,"caption":"oneUP EASY with pelvic support"},{"@type":"BreadcrumbList","@id":"https:\/\/staging.bioswing.ee\/no\/toode\/oneup-easy-with-pelvic-support\/#breadcrumb","itemListElement":[{"@type":"ListItem","position":1,"name":"Home","item":"https:\/\/bioswing.ee\/no\/"},{"@type":"ListItem","position":2,"name":"SHOP","item":"https:\/\/bioswing.ee\/no\/shop\/"},{"@type":"ListItem","position":3,"name":"oneUP EASY med bekkenst\u00f8tte"}]},{"@type":"WebSite","@id":"https:\/\/staging.bioswing.ee\/no\/#website","url":"https:\/\/staging.bioswing.ee\/no\/","name":"BIOSWING","description":"Smart solutions for healthy sitting","publisher":{"@id":"https:\/\/staging.bioswing.ee\/no\/#organization"},"potentialAction":[{"@type":"SearchAction","target":{"@type":"EntryPoint","urlTemplate":"https:\/\/staging.bioswing.ee\/no\/?s={search_term_string}"},"query-input":{"@type":"PropertyValueSpecification","valueRequired":true,"valueName":"search_term_string"}}],"inLanguage":"nb-NO"},{"@type":"Organization","@id":"https:\/\/staging.bioswing.ee\/no\/#organization","name":"BIOSWING","url":"https:\/\/staging.bioswing.ee\/no\/","logo":{"@type":"ImageObject","inLanguage":"nb-NO","@id":"https:\/\/staging.bioswing.ee\/no\/#\/schema\/logo\/image\/","url":"https:\/\/staging.bioswing.ee\/wp-content\/uploads\/2023\/04\/logo_web.png","contentUrl":"https:\/\/staging.bioswing.ee\/wp-content\/uploads\/2023\/04\/logo_web.png","width":140,"height":122,"caption":"BIOSWING"},"image":{"@id":"https:\/\/staging.bioswing.ee\/no\/#\/schema\/logo\/image\/"}}]}},"_links":{"self":[{"href":"https:\/\/staging.bioswing.ee\/no\/wp-json\/wp\/v2\/product\/31735","targetHints":{"allow":["GET"]}}],"collection":[{"href":"https:\/\/staging.bioswing.ee\/no\/wp-json\/wp\/v2\/product"}],"about":[{"href":"https:\/\/staging.bioswing.ee\/no\/wp-json\/wp\/v2\/types\/product"}],"wp:featuredmedia":[{"embeddable":true,"href":"https:\/\/staging.bioswing.ee\/no\/wp-json\/wp\/v2\/media\/31383"}],"wp:attachment":[{"href":"https:\/\/staging.bioswing.ee\/no\/wp-json\/wp\/v2\/media?parent=31735"}],"wp:term":[{"taxonomy":"product_brand","embeddable":true,"href":"https:\/\/staging.bioswing.ee\/no\/wp-json\/wp\/v2\/product_brand?post=31735"},{"taxonomy":"product_cat","embeddable":true,"href":"https:\/\/staging.bioswing.ee\/no\/wp-json\/wp\/v2\/product_cat?post=31735"},{"taxonomy":"product_tag","embeddable":true,"href":"https:\/\/staging.bioswing.ee\/no\/wp-json\/wp\/v2\/product_tag?post=31735"}],"curies":[{"name":"wp","href":"https:\/\/api.w.org\/{rel}","templated":true}]}}