{"id":15517,"date":"2024-11-21T14:35:11","date_gmt":"2024-11-21T14:35:11","guid":{"rendered":"https:\/\/staging.bioswing.ee\/toode\/music-cd-improve-lets-move-in\/"},"modified":"2024-11-28T13:29:18","modified_gmt":"2024-11-28T13:29:18","slug":"music-cd-improve-lets-move-in","status":"publish","type":"product","link":"https:\/\/staging.bioswing.ee\/sv\/toode\/music-cd-improve-lets-move-in\/","title":{"rendered":"Musik-CD \u201cImprove \u2013 Let\u2019s Move!\u201d (i Digipak)"},"content":{"rendered":"","protected":false},"excerpt":{"rendered":"<p>Se till att ha kul p\u00e5 dina BIOSWING Improve<sup>\u00ae<\/sup> svingstavskurser. CD:n levereras i en praktisk Digipak med tv\u00e5 sp\u00e5r och \u00f6ver en timme musik med varierande tempo. Varje sp\u00e5r \u00e4r markerat med taktslag per minut (bpm) mellan 120 och 130 samt rekommenderade frekvensinst\u00e4llningar f\u00f6r svingstaven.<\/p>\n<ul>\n<li>Titel: Improve Beats Vol. 1<\/li>\n<li>Sp\u00e5r: 23 sp\u00e5r med tempo mellan 120 och 130 BPM<\/li>\n<li>Funktioner: Grafisk representation av rekommenderade frekvenser<\/li>\n<li>Total speltid: 61:08 minuter<\/li>\n<\/ul>\n","protected":false},"featured_media":15518,"template":"","meta":[],"product_brand":[],"product_cat":[837],"product_tag":[],"class_list":{"0":"post-15517","1":"product","2":"type-product","3":"status-publish","4":"has-post-thumbnail","6":"product_cat-improve-sv","8":"first","9":"instock","10":"taxable","11":"shipping-taxable","12":"purchasable","13":"product-type-simple"},"yoast_head":"<!-- This site is optimized with the Yoast SEO plugin v27.1.1 - https:\/\/yoast.com\/product\/yoast-seo-wordpress\/ -->\n<title>Musik-CD \u201cImprove \u2013 Let\u2019s Move!\u201d (i Digipak) - BIOSWING<\/title>\n<meta name=\"robots\" content=\"noindex, follow, max-snippet:-1, max-image-preview:large, max-video-preview:-1\" \/>\n<meta property=\"og:locale\" content=\"sv_SE\" \/>\n<meta property=\"og:type\" content=\"article\" \/>\n<meta property=\"og:title\" content=\"Musik-CD \u201cImprove \u2013 Let\u2019s Move!\u201d (i Digipak) - BIOSWING\" \/>\n<meta property=\"og:description\" content=\"Se till att ha kul p\u00e5 dina BIOSWING Improve\u00ae svingstavskurser. CD:n levereras i en praktisk Digipak med tv\u00e5 sp\u00e5r och \u00f6ver en timme musik med varierande tempo. Varje sp\u00e5r \u00e4r markerat med taktslag per minut (bpm) mellan 120 och 130 samt rekommenderade frekvensinst\u00e4llningar f\u00f6r svingstaven.  Titel: Improve Beats Vol. 1  Sp\u00e5r: 23 sp\u00e5r med tempo mellan 120 och 130 BPM  Funktioner: Grafisk representation av rekommenderade frekvenser  Total speltid: 61:08 minuter\" \/>\n<meta property=\"og:url\" content=\"https:\/\/staging.bioswing.ee\/sv\/toode\/music-cd-improve-lets-move-in\/\" \/>\n<meta property=\"og:site_name\" content=\"BIOSWING\" \/>\n<meta property=\"article:modified_time\" content=\"2024-11-28T13:29:18+00:00\" \/>\n<meta property=\"og:image\" content=\"https:\/\/bioswing.ee\/wp-content\/uploads\/2024\/11\/Improve-music.jpg\" \/>\n\t<meta property=\"og:image:width\" content=\"1500\" \/>\n\t<meta property=\"og:image:height\" content=\"2000\" \/>\n\t<meta property=\"og:image:type\" content=\"image\/jpeg\" \/>\n<meta name=\"twitter:card\" content=\"summary_large_image\" \/>\n<script type=\"application\/ld+json\" class=\"yoast-schema-graph\">{\"@context\":\"https:\/\/schema.org\",\"@graph\":[{\"@type\":\"WebPage\",\"@id\":\"https:\/\/staging.bioswing.ee\/sv\/toode\/music-cd-improve-lets-move-in\/\",\"url\":\"https:\/\/staging.bioswing.ee\/sv\/toode\/music-cd-improve-lets-move-in\/\",\"name\":\"Musik-CD \u201cImprove \u2013 Let\u2019s Move!\u201d (i Digipak) - BIOSWING\",\"isPartOf\":{\"@id\":\"https:\/\/staging.bioswing.ee\/sv\/#website\"},\"primaryImageOfPage\":{\"@id\":\"https:\/\/staging.bioswing.ee\/sv\/toode\/music-cd-improve-lets-move-in\/#primaryimage\"},\"image\":{\"@id\":\"https:\/\/staging.bioswing.ee\/sv\/toode\/music-cd-improve-lets-move-in\/#primaryimage\"},\"thumbnailUrl\":\"https:\/\/staging.bioswing.ee\/wp-content\/uploads\/2024\/11\/Improve-music.jpg\",\"datePublished\":\"2024-11-21T14:35:11+00:00\",\"dateModified\":\"2024-11-28T13:29:18+00:00\",\"breadcrumb\":{\"@id\":\"https:\/\/staging.bioswing.ee\/sv\/toode\/music-cd-improve-lets-move-in\/#breadcrumb\"},\"inLanguage\":\"sv-SE\",\"potentialAction\":[{\"@type\":\"ReadAction\",\"target\":[\"https:\/\/staging.bioswing.ee\/sv\/toode\/music-cd-improve-lets-move-in\/\"]}]},{\"@type\":\"ImageObject\",\"inLanguage\":\"sv-SE\",\"@id\":\"https:\/\/staging.bioswing.ee\/sv\/toode\/music-cd-improve-lets-move-in\/#primaryimage\",\"url\":\"https:\/\/staging.bioswing.ee\/wp-content\/uploads\/2024\/11\/Improve-music.jpg\",\"contentUrl\":\"https:\/\/staging.bioswing.ee\/wp-content\/uploads\/2024\/11\/Improve-music.jpg\",\"width\":1500,\"height\":2000},{\"@type\":\"BreadcrumbList\",\"@id\":\"https:\/\/staging.bioswing.ee\/sv\/toode\/music-cd-improve-lets-move-in\/#breadcrumb\",\"itemListElement\":[{\"@type\":\"ListItem\",\"position\":1,\"name\":\"Home\",\"item\":\"https:\/\/bioswing.ee\/sv\/\"},{\"@type\":\"ListItem\",\"position\":2,\"name\":\"SHOP\",\"item\":\"https:\/\/bioswing.ee\/sv\/shop\/\"},{\"@type\":\"ListItem\",\"position\":3,\"name\":\"Musik-CD \u201cImprove \u2013 Let\u2019s Move!\u201d (i Digipak)\"}]},{\"@type\":\"WebSite\",\"@id\":\"https:\/\/staging.bioswing.ee\/sv\/#website\",\"url\":\"https:\/\/staging.bioswing.ee\/sv\/\",\"name\":\"BIOSWING\",\"description\":\"Smart solutions for healthy sitting\",\"publisher\":{\"@id\":\"https:\/\/staging.bioswing.ee\/sv\/#organization\"},\"potentialAction\":[{\"@type\":\"SearchAction\",\"target\":{\"@type\":\"EntryPoint\",\"urlTemplate\":\"https:\/\/staging.bioswing.ee\/sv\/?s={search_term_string}\"},\"query-input\":{\"@type\":\"PropertyValueSpecification\",\"valueRequired\":true,\"valueName\":\"search_term_string\"}}],\"inLanguage\":\"sv-SE\"},{\"@type\":\"Organization\",\"@id\":\"https:\/\/staging.bioswing.ee\/sv\/#organization\",\"name\":\"BIOSWING\",\"url\":\"https:\/\/staging.bioswing.ee\/sv\/\",\"logo\":{\"@type\":\"ImageObject\",\"inLanguage\":\"sv-SE\",\"@id\":\"https:\/\/staging.bioswing.ee\/sv\/#\/schema\/logo\/image\/\",\"url\":\"https:\/\/staging.bioswing.ee\/wp-content\/uploads\/2023\/04\/logo_web.png\",\"contentUrl\":\"https:\/\/staging.bioswing.ee\/wp-content\/uploads\/2023\/04\/logo_web.png\",\"width\":140,\"height\":122,\"caption\":\"BIOSWING\"},\"image\":{\"@id\":\"https:\/\/staging.bioswing.ee\/sv\/#\/schema\/logo\/image\/\"}}]}<\/script>\n<!-- \/ Yoast SEO plugin. -->","yoast_head_json":{"title":"Musik-CD \u201cImprove \u2013 Let\u2019s Move!\u201d (i Digipak) - BIOSWING","robots":{"index":"noindex","follow":"follow","max-snippet":"max-snippet:-1","max-image-preview":"max-image-preview:large","max-video-preview":"max-video-preview:-1"},"og_locale":"sv_SE","og_type":"article","og_title":"Musik-CD \u201cImprove \u2013 Let\u2019s Move!\u201d (i Digipak) - BIOSWING","og_description":"Se till att ha kul p\u00e5 dina BIOSWING Improve\u00ae svingstavskurser. CD:n levereras i en praktisk Digipak med tv\u00e5 sp\u00e5r och \u00f6ver en timme musik med varierande tempo. Varje sp\u00e5r \u00e4r markerat med taktslag per minut (bpm) mellan 120 och 130 samt rekommenderade frekvensinst\u00e4llningar f\u00f6r svingstaven.  Titel: Improve Beats Vol. 1  Sp\u00e5r: 23 sp\u00e5r med tempo mellan 120 och 130 BPM  Funktioner: Grafisk representation av rekommenderade frekvenser  Total speltid: 61:08 minuter","og_url":"https:\/\/staging.bioswing.ee\/sv\/toode\/music-cd-improve-lets-move-in\/","og_site_name":"BIOSWING","article_modified_time":"2024-11-28T13:29:18+00:00","og_image":[{"width":1500,"height":2000,"url":"https:\/\/bioswing.ee\/wp-content\/uploads\/2024\/11\/Improve-music.jpg","type":"image\/jpeg"}],"twitter_card":"summary_large_image","schema":{"@context":"https:\/\/schema.org","@graph":[{"@type":"WebPage","@id":"https:\/\/staging.bioswing.ee\/sv\/toode\/music-cd-improve-lets-move-in\/","url":"https:\/\/staging.bioswing.ee\/sv\/toode\/music-cd-improve-lets-move-in\/","name":"Musik-CD \u201cImprove \u2013 Let\u2019s Move!\u201d (i Digipak) - BIOSWING","isPartOf":{"@id":"https:\/\/staging.bioswing.ee\/sv\/#website"},"primaryImageOfPage":{"@id":"https:\/\/staging.bioswing.ee\/sv\/toode\/music-cd-improve-lets-move-in\/#primaryimage"},"image":{"@id":"https:\/\/staging.bioswing.ee\/sv\/toode\/music-cd-improve-lets-move-in\/#primaryimage"},"thumbnailUrl":"https:\/\/staging.bioswing.ee\/wp-content\/uploads\/2024\/11\/Improve-music.jpg","datePublished":"2024-11-21T14:35:11+00:00","dateModified":"2024-11-28T13:29:18+00:00","breadcrumb":{"@id":"https:\/\/staging.bioswing.ee\/sv\/toode\/music-cd-improve-lets-move-in\/#breadcrumb"},"inLanguage":"sv-SE","potentialAction":[{"@type":"ReadAction","target":["https:\/\/staging.bioswing.ee\/sv\/toode\/music-cd-improve-lets-move-in\/"]}]},{"@type":"ImageObject","inLanguage":"sv-SE","@id":"https:\/\/staging.bioswing.ee\/sv\/toode\/music-cd-improve-lets-move-in\/#primaryimage","url":"https:\/\/staging.bioswing.ee\/wp-content\/uploads\/2024\/11\/Improve-music.jpg","contentUrl":"https:\/\/staging.bioswing.ee\/wp-content\/uploads\/2024\/11\/Improve-music.jpg","width":1500,"height":2000},{"@type":"BreadcrumbList","@id":"https:\/\/staging.bioswing.ee\/sv\/toode\/music-cd-improve-lets-move-in\/#breadcrumb","itemListElement":[{"@type":"ListItem","position":1,"name":"Home","item":"https:\/\/bioswing.ee\/sv\/"},{"@type":"ListItem","position":2,"name":"SHOP","item":"https:\/\/bioswing.ee\/sv\/shop\/"},{"@type":"ListItem","position":3,"name":"Musik-CD \u201cImprove \u2013 Let\u2019s Move!\u201d (i Digipak)"}]},{"@type":"WebSite","@id":"https:\/\/staging.bioswing.ee\/sv\/#website","url":"https:\/\/staging.bioswing.ee\/sv\/","name":"BIOSWING","description":"Smart solutions for healthy sitting","publisher":{"@id":"https:\/\/staging.bioswing.ee\/sv\/#organization"},"potentialAction":[{"@type":"SearchAction","target":{"@type":"EntryPoint","urlTemplate":"https:\/\/staging.bioswing.ee\/sv\/?s={search_term_string}"},"query-input":{"@type":"PropertyValueSpecification","valueRequired":true,"valueName":"search_term_string"}}],"inLanguage":"sv-SE"},{"@type":"Organization","@id":"https:\/\/staging.bioswing.ee\/sv\/#organization","name":"BIOSWING","url":"https:\/\/staging.bioswing.ee\/sv\/","logo":{"@type":"ImageObject","inLanguage":"sv-SE","@id":"https:\/\/staging.bioswing.ee\/sv\/#\/schema\/logo\/image\/","url":"https:\/\/staging.bioswing.ee\/wp-content\/uploads\/2023\/04\/logo_web.png","contentUrl":"https:\/\/staging.bioswing.ee\/wp-content\/uploads\/2023\/04\/logo_web.png","width":140,"height":122,"caption":"BIOSWING"},"image":{"@id":"https:\/\/staging.bioswing.ee\/sv\/#\/schema\/logo\/image\/"}}]}},"_links":{"self":[{"href":"https:\/\/staging.bioswing.ee\/sv\/wp-json\/wp\/v2\/product\/15517","targetHints":{"allow":["GET"]}}],"collection":[{"href":"https:\/\/staging.bioswing.ee\/sv\/wp-json\/wp\/v2\/product"}],"about":[{"href":"https:\/\/staging.bioswing.ee\/sv\/wp-json\/wp\/v2\/types\/product"}],"wp:featuredmedia":[{"embeddable":true,"href":"https:\/\/staging.bioswing.ee\/sv\/wp-json\/wp\/v2\/media\/15518"}],"wp:attachment":[{"href":"https:\/\/staging.bioswing.ee\/sv\/wp-json\/wp\/v2\/media?parent=15517"}],"wp:term":[{"taxonomy":"product_brand","embeddable":true,"href":"https:\/\/staging.bioswing.ee\/sv\/wp-json\/wp\/v2\/product_brand?post=15517"},{"taxonomy":"product_cat","embeddable":true,"href":"https:\/\/staging.bioswing.ee\/sv\/wp-json\/wp\/v2\/product_cat?post=15517"},{"taxonomy":"product_tag","embeddable":true,"href":"https:\/\/staging.bioswing.ee\/sv\/wp-json\/wp\/v2\/product_tag?post=15517"}],"curies":[{"name":"wp","href":"https:\/\/api.w.org\/{rel}","templated":true}]}}