{"id":15686,"date":"2024-11-18T13:19:04","date_gmt":"2024-11-18T13:19:04","guid":{"rendered":"https:\/\/staging.bioswing.ee\/toode\/bioswing-feedback-module\/"},"modified":"2024-11-28T10:00:42","modified_gmt":"2024-11-28T10:00:42","slug":"bioswing-feedback-module","status":"publish","type":"product","link":"https:\/\/staging.bioswing.ee\/sv\/toode\/bioswing-feedback-module\/","title":{"rendered":"BIOSWING\u00ae feedbackmodul"},"content":{"rendered":"","protected":false},"excerpt":{"rendered":"<p>M\u00f6jligg\u00f6r b\u00e4ttre visualisering av r\u00f6relserna p\u00e5 terapiplattformen, s\u00e4rskilt vid anv\u00e4ndning av rehabmodulen. Feedbackmodulen best\u00e5r av tre par f\u00f6r anslutning till tre sidor av terapiplattformen. <\/p>\n<p>Enhetsanslutning: Posturomed 202 och compact<\/p>\n<p>3 set (2x sida, 1x baksida), varje best\u00e5ende av 2 delar<br \/>Plastbelagd, f\u00e4rg svart\/r\u00f6d<\/p>\n","protected":false},"featured_media":15687,"template":"","meta":[],"product_brand":[],"product_cat":[857],"product_tag":[],"class_list":{"0":"post-15686","1":"product","2":"type-product","3":"status-publish","4":"has-post-thumbnail","6":"product_cat-posturomed-sv","8":"first","9":"instock","10":"taxable","11":"shipping-taxable","12":"purchasable","13":"product-type-simple"},"yoast_head":"<!-- This site is optimized with the Yoast SEO plugin v27.1.1 - https:\/\/yoast.com\/product\/yoast-seo-wordpress\/ -->\n<title>BIOSWING\u00ae feedbackmodul - BIOSWING<\/title>\n<meta name=\"robots\" content=\"noindex, follow, max-snippet:-1, max-image-preview:large, max-video-preview:-1\" \/>\n<meta property=\"og:locale\" content=\"sv_SE\" \/>\n<meta property=\"og:type\" content=\"article\" \/>\n<meta property=\"og:title\" content=\"BIOSWING\u00ae feedbackmodul - BIOSWING\" \/>\n<meta property=\"og:description\" content=\"M\u00f6jligg\u00f6r b\u00e4ttre visualisering av r\u00f6relserna p\u00e5 terapiplattformen, s\u00e4rskilt vid anv\u00e4ndning av rehabmodulen. Feedbackmodulen best\u00e5r av tre par f\u00f6r anslutning till tre sidor av terapiplattformen.  Enhetsanslutning: Posturomed 202 och compact 3 set (2x sida, 1x baksida), varje best\u00e5ende av 2 delarPlastbelagd, f\u00e4rg svart\/r\u00f6d\" \/>\n<meta property=\"og:url\" content=\"https:\/\/staging.bioswing.ee\/sv\/toode\/bioswing-feedback-module\/\" \/>\n<meta property=\"og:site_name\" content=\"BIOSWING\" \/>\n<meta property=\"article:modified_time\" content=\"2024-11-28T10:00:42+00:00\" \/>\n<meta property=\"og:image\" content=\"https:\/\/bioswing.ee\/wp-content\/uploads\/2024\/11\/feedbackmodul_am_posturomed.jpg\" \/>\n\t<meta property=\"og:image:width\" content=\"1500\" \/>\n\t<meta property=\"og:image:height\" content=\"2000\" \/>\n\t<meta property=\"og:image:type\" content=\"image\/jpeg\" \/>\n<meta name=\"twitter:card\" content=\"summary_large_image\" \/>\n<script type=\"application\/ld+json\" class=\"yoast-schema-graph\">{\"@context\":\"https:\/\/schema.org\",\"@graph\":[{\"@type\":\"WebPage\",\"@id\":\"https:\/\/staging.bioswing.ee\/sv\/toode\/bioswing-feedback-module\/\",\"url\":\"https:\/\/staging.bioswing.ee\/sv\/toode\/bioswing-feedback-module\/\",\"name\":\"BIOSWING\u00ae feedbackmodul - BIOSWING\",\"isPartOf\":{\"@id\":\"https:\/\/staging.bioswing.ee\/sv\/#website\"},\"primaryImageOfPage\":{\"@id\":\"https:\/\/staging.bioswing.ee\/sv\/toode\/bioswing-feedback-module\/#primaryimage\"},\"image\":{\"@id\":\"https:\/\/staging.bioswing.ee\/sv\/toode\/bioswing-feedback-module\/#primaryimage\"},\"thumbnailUrl\":\"https:\/\/staging.bioswing.ee\/wp-content\/uploads\/2024\/11\/feedbackmodul_am_posturomed.jpg\",\"datePublished\":\"2024-11-18T13:19:04+00:00\",\"dateModified\":\"2024-11-28T10:00:42+00:00\",\"breadcrumb\":{\"@id\":\"https:\/\/staging.bioswing.ee\/sv\/toode\/bioswing-feedback-module\/#breadcrumb\"},\"inLanguage\":\"sv-SE\",\"potentialAction\":[{\"@type\":\"ReadAction\",\"target\":[\"https:\/\/staging.bioswing.ee\/sv\/toode\/bioswing-feedback-module\/\"]}]},{\"@type\":\"ImageObject\",\"inLanguage\":\"sv-SE\",\"@id\":\"https:\/\/staging.bioswing.ee\/sv\/toode\/bioswing-feedback-module\/#primaryimage\",\"url\":\"https:\/\/staging.bioswing.ee\/wp-content\/uploads\/2024\/11\/feedbackmodul_am_posturomed.jpg\",\"contentUrl\":\"https:\/\/staging.bioswing.ee\/wp-content\/uploads\/2024\/11\/feedbackmodul_am_posturomed.jpg\",\"width\":1500,\"height\":2000},{\"@type\":\"BreadcrumbList\",\"@id\":\"https:\/\/staging.bioswing.ee\/sv\/toode\/bioswing-feedback-module\/#breadcrumb\",\"itemListElement\":[{\"@type\":\"ListItem\",\"position\":1,\"name\":\"Home\",\"item\":\"https:\/\/bioswing.ee\/sv\/\"},{\"@type\":\"ListItem\",\"position\":2,\"name\":\"SHOP\",\"item\":\"https:\/\/bioswing.ee\/sv\/shop\/\"},{\"@type\":\"ListItem\",\"position\":3,\"name\":\"BIOSWING\u00ae feedbackmodul\"}]},{\"@type\":\"WebSite\",\"@id\":\"https:\/\/staging.bioswing.ee\/sv\/#website\",\"url\":\"https:\/\/staging.bioswing.ee\/sv\/\",\"name\":\"BIOSWING\",\"description\":\"Smart solutions for healthy sitting\",\"publisher\":{\"@id\":\"https:\/\/staging.bioswing.ee\/sv\/#organization\"},\"potentialAction\":[{\"@type\":\"SearchAction\",\"target\":{\"@type\":\"EntryPoint\",\"urlTemplate\":\"https:\/\/staging.bioswing.ee\/sv\/?s={search_term_string}\"},\"query-input\":{\"@type\":\"PropertyValueSpecification\",\"valueRequired\":true,\"valueName\":\"search_term_string\"}}],\"inLanguage\":\"sv-SE\"},{\"@type\":\"Organization\",\"@id\":\"https:\/\/staging.bioswing.ee\/sv\/#organization\",\"name\":\"BIOSWING\",\"url\":\"https:\/\/staging.bioswing.ee\/sv\/\",\"logo\":{\"@type\":\"ImageObject\",\"inLanguage\":\"sv-SE\",\"@id\":\"https:\/\/staging.bioswing.ee\/sv\/#\/schema\/logo\/image\/\",\"url\":\"https:\/\/staging.bioswing.ee\/wp-content\/uploads\/2023\/04\/logo_web.png\",\"contentUrl\":\"https:\/\/staging.bioswing.ee\/wp-content\/uploads\/2023\/04\/logo_web.png\",\"width\":140,\"height\":122,\"caption\":\"BIOSWING\"},\"image\":{\"@id\":\"https:\/\/staging.bioswing.ee\/sv\/#\/schema\/logo\/image\/\"}}]}<\/script>\n<!-- \/ Yoast SEO plugin. -->","yoast_head_json":{"title":"BIOSWING\u00ae feedbackmodul - BIOSWING","robots":{"index":"noindex","follow":"follow","max-snippet":"max-snippet:-1","max-image-preview":"max-image-preview:large","max-video-preview":"max-video-preview:-1"},"og_locale":"sv_SE","og_type":"article","og_title":"BIOSWING\u00ae feedbackmodul - BIOSWING","og_description":"M\u00f6jligg\u00f6r b\u00e4ttre visualisering av r\u00f6relserna p\u00e5 terapiplattformen, s\u00e4rskilt vid anv\u00e4ndning av rehabmodulen. Feedbackmodulen best\u00e5r av tre par f\u00f6r anslutning till tre sidor av terapiplattformen.  Enhetsanslutning: Posturomed 202 och compact 3 set (2x sida, 1x baksida), varje best\u00e5ende av 2 delarPlastbelagd, f\u00e4rg svart\/r\u00f6d","og_url":"https:\/\/staging.bioswing.ee\/sv\/toode\/bioswing-feedback-module\/","og_site_name":"BIOSWING","article_modified_time":"2024-11-28T10:00:42+00:00","og_image":[{"width":1500,"height":2000,"url":"https:\/\/bioswing.ee\/wp-content\/uploads\/2024\/11\/feedbackmodul_am_posturomed.jpg","type":"image\/jpeg"}],"twitter_card":"summary_large_image","schema":{"@context":"https:\/\/schema.org","@graph":[{"@type":"WebPage","@id":"https:\/\/staging.bioswing.ee\/sv\/toode\/bioswing-feedback-module\/","url":"https:\/\/staging.bioswing.ee\/sv\/toode\/bioswing-feedback-module\/","name":"BIOSWING\u00ae feedbackmodul - BIOSWING","isPartOf":{"@id":"https:\/\/staging.bioswing.ee\/sv\/#website"},"primaryImageOfPage":{"@id":"https:\/\/staging.bioswing.ee\/sv\/toode\/bioswing-feedback-module\/#primaryimage"},"image":{"@id":"https:\/\/staging.bioswing.ee\/sv\/toode\/bioswing-feedback-module\/#primaryimage"},"thumbnailUrl":"https:\/\/staging.bioswing.ee\/wp-content\/uploads\/2024\/11\/feedbackmodul_am_posturomed.jpg","datePublished":"2024-11-18T13:19:04+00:00","dateModified":"2024-11-28T10:00:42+00:00","breadcrumb":{"@id":"https:\/\/staging.bioswing.ee\/sv\/toode\/bioswing-feedback-module\/#breadcrumb"},"inLanguage":"sv-SE","potentialAction":[{"@type":"ReadAction","target":["https:\/\/staging.bioswing.ee\/sv\/toode\/bioswing-feedback-module\/"]}]},{"@type":"ImageObject","inLanguage":"sv-SE","@id":"https:\/\/staging.bioswing.ee\/sv\/toode\/bioswing-feedback-module\/#primaryimage","url":"https:\/\/staging.bioswing.ee\/wp-content\/uploads\/2024\/11\/feedbackmodul_am_posturomed.jpg","contentUrl":"https:\/\/staging.bioswing.ee\/wp-content\/uploads\/2024\/11\/feedbackmodul_am_posturomed.jpg","width":1500,"height":2000},{"@type":"BreadcrumbList","@id":"https:\/\/staging.bioswing.ee\/sv\/toode\/bioswing-feedback-module\/#breadcrumb","itemListElement":[{"@type":"ListItem","position":1,"name":"Home","item":"https:\/\/bioswing.ee\/sv\/"},{"@type":"ListItem","position":2,"name":"SHOP","item":"https:\/\/bioswing.ee\/sv\/shop\/"},{"@type":"ListItem","position":3,"name":"BIOSWING\u00ae feedbackmodul"}]},{"@type":"WebSite","@id":"https:\/\/staging.bioswing.ee\/sv\/#website","url":"https:\/\/staging.bioswing.ee\/sv\/","name":"BIOSWING","description":"Smart solutions for healthy sitting","publisher":{"@id":"https:\/\/staging.bioswing.ee\/sv\/#organization"},"potentialAction":[{"@type":"SearchAction","target":{"@type":"EntryPoint","urlTemplate":"https:\/\/staging.bioswing.ee\/sv\/?s={search_term_string}"},"query-input":{"@type":"PropertyValueSpecification","valueRequired":true,"valueName":"search_term_string"}}],"inLanguage":"sv-SE"},{"@type":"Organization","@id":"https:\/\/staging.bioswing.ee\/sv\/#organization","name":"BIOSWING","url":"https:\/\/staging.bioswing.ee\/sv\/","logo":{"@type":"ImageObject","inLanguage":"sv-SE","@id":"https:\/\/staging.bioswing.ee\/sv\/#\/schema\/logo\/image\/","url":"https:\/\/staging.bioswing.ee\/wp-content\/uploads\/2023\/04\/logo_web.png","contentUrl":"https:\/\/staging.bioswing.ee\/wp-content\/uploads\/2023\/04\/logo_web.png","width":140,"height":122,"caption":"BIOSWING"},"image":{"@id":"https:\/\/staging.bioswing.ee\/sv\/#\/schema\/logo\/image\/"}}]}},"_links":{"self":[{"href":"https:\/\/staging.bioswing.ee\/sv\/wp-json\/wp\/v2\/product\/15686","targetHints":{"allow":["GET"]}}],"collection":[{"href":"https:\/\/staging.bioswing.ee\/sv\/wp-json\/wp\/v2\/product"}],"about":[{"href":"https:\/\/staging.bioswing.ee\/sv\/wp-json\/wp\/v2\/types\/product"}],"wp:featuredmedia":[{"embeddable":true,"href":"https:\/\/staging.bioswing.ee\/sv\/wp-json\/wp\/v2\/media\/15687"}],"wp:attachment":[{"href":"https:\/\/staging.bioswing.ee\/sv\/wp-json\/wp\/v2\/media?parent=15686"}],"wp:term":[{"taxonomy":"product_brand","embeddable":true,"href":"https:\/\/staging.bioswing.ee\/sv\/wp-json\/wp\/v2\/product_brand?post=15686"},{"taxonomy":"product_cat","embeddable":true,"href":"https:\/\/staging.bioswing.ee\/sv\/wp-json\/wp\/v2\/product_cat?post=15686"},{"taxonomy":"product_tag","embeddable":true,"href":"https:\/\/staging.bioswing.ee\/sv\/wp-json\/wp\/v2\/product_tag?post=15686"}],"curies":[{"name":"wp","href":"https:\/\/api.w.org\/{rel}","templated":true}]}}