{"id":15985,"date":"2023-04-13T11:16:49","date_gmt":"2023-04-13T11:16:49","guid":{"rendered":"https:\/\/staging.bioswing.ee\/toode\/boogie-switch\/"},"modified":"2024-11-28T11:02:54","modified_gmt":"2024-11-28T11:02:54","slug":"boogie-switch","status":"publish","type":"product","link":"https:\/\/staging.bioswing.ee\/sv\/toode\/boogie-switch\/","title":{"rendered":"BIOSWING Boogie Switch"},"content":{"rendered":"<h4>BIOSWING Boogie<\/h4>\n<ul>\n<li>Ergonomisk pall med ortopedisk effekt f\u00f6r praktik och kontor<\/li>\n<li>Integrerad, adaptiv 3D-sitsmekanism<\/li>\n<li>Platt sits<\/li>\n<li>Ergonomiskt ryggst\u00f6d med integrerade armst\u00f6d<\/li>\n<li>B\u00e4ckenstabilisatormekanism f\u00f6r fysiologisk positionering av b\u00e4ckenet<\/li>\n<li>Tyg\u00f6verdrag: X-treme FR svart<\/li>\n<li>Stj\u00e4rnfot: Aluminium, polerad<\/li>\n<li>Hjul \u00f860 mm med kromh\u00f6lje<\/li>\n<\/ul>\n<p><iframe title=\"YouTube video player\" src=\"https:\/\/www.youtube.com\/embed\/N2VSN7bLghI\" width=\"100%\" height=\"450\" frameborder=\"0\" allowfullscreen=\"allowfullscreen\"><\/iframe><\/p>\n<p><iframe title=\"YouTube video player\" src=\"https:\/\/www.youtube.com\/embed\/RdAkGYfQRU0?si=iZjPFPN7BfNfVNQH\" width=\"100%\" height=\"450\" frameborder=\"0\" allowfullscreen=\"allowfullscreen\"><\/iframe><\/p>\n","protected":false},"excerpt":{"rendered":"<p>F\u00e5r du alla potentiella f\u00f6rdelar av att anv\u00e4nda ett h\u00f6j- och s\u00e4nkbart skrivbord?<br \/>Varje position du intar mellan st\u00e5ende och upph\u00f6jt sittande hj\u00e4lper dig att dra nytta av olika st\u00e4llningar. Id\u00e9n bakom detta \u00e4r att frekventa f\u00f6r\u00e4ndringar av din fysiska position \u00e4r bra f\u00f6r b\u00e5de kropp och sinne. Detta beror p\u00e5 att v\u00e5rt muskuloskeletala system \u00e4r programmerat f\u00f6r r\u00f6relse, b\u00e5de p\u00e5 <strong>mikro-<\/strong> och <strong>makroniv\u00e5.<\/strong><\/p>\n<p>BIOSWING Boogie \u00e4r en riktig <strong>multitalang<\/strong>. Tack vare utformningen av de olika s\u00e4tena och b\u00e4cken- eller ryggst\u00f6den \u00e4r det den perfekta grunden f\u00f6r ergonomisk sittst\u00e4llning f\u00f6r m\u00e5nga olika anv\u00e4ndningsomr\u00e5den \u2013 och med sin integrerade 3D-sitsmekanism s\u00e4kerst\u00e4ller den mycket r\u00f6relse.<br \/><strong>F\u00f6r l\u00e4karpraktik, fysioterapi eller kontor<\/strong>: Boogie g\u00f6r alltid ett gott intryck.<\/p>\n<p>BIOSWING finns i olika sittplatsh\u00f6jder, med och utan fotring och \u00e4ven f\u00f6r omr\u00e5den d\u00e4r sterilt arbete utf\u00f6rs, med fotutl\u00f6sare.<\/p>\n<p>Vi erbjuder ett special\u00f6verdrag som passar varje anv\u00e4ndningsomr\u00e5de och som kan reng\u00f6ras och desinficeras enligt reglerna.<\/p>\n","protected":false},"featured_media":15986,"template":"","meta":[],"product_brand":[],"product_cat":[642],"product_tag":[],"class_list":{"0":"post-15985","1":"product","2":"type-product","3":"status-publish","4":"has-post-thumbnail","6":"product_cat-kontor-och-hemmakontor","8":"first","9":"instock","10":"sale","11":"taxable","12":"shipping-taxable","13":"purchasable","14":"product-type-variable","15":"has-default-attributes"},"yoast_head":"<!-- This site is optimized with the Yoast SEO plugin v27.1.1 - https:\/\/yoast.com\/product\/yoast-seo-wordpress\/ -->\n<title>BIOSWING Boogie Switch - BIOSWING<\/title>\n<meta name=\"robots\" content=\"noindex, follow, max-snippet:-1, max-image-preview:large, max-video-preview:-1\" \/>\n<meta property=\"og:locale\" content=\"sv_SE\" \/>\n<meta property=\"og:type\" content=\"article\" \/>\n<meta property=\"og:title\" content=\"BIOSWING Boogie Switch - BIOSWING\" \/>\n<meta property=\"og:description\" content=\"F\u00e5r du alla potentiella f\u00f6rdelar av att anv\u00e4nda ett h\u00f6j- och s\u00e4nkbart skrivbord?Varje position du intar mellan st\u00e5ende och upph\u00f6jt sittande hj\u00e4lper dig att dra nytta av olika st\u00e4llningar. Id\u00e9n bakom detta \u00e4r att frekventa f\u00f6r\u00e4ndringar av din fysiska position \u00e4r bra f\u00f6r b\u00e5de kropp och sinne. Detta beror p\u00e5 att v\u00e5rt muskuloskeletala system \u00e4r programmerat f\u00f6r r\u00f6relse, b\u00e5de p\u00e5 mikro- och makroniv\u00e5.BIOSWING Boogie \u00e4r en riktig multitalang. Tack vare utformningen av de olika s\u00e4tena och b\u00e4cken- eller ryggst\u00f6den \u00e4r det den perfekta grunden f\u00f6r ergonomisk sittst\u00e4llning f\u00f6r m\u00e5nga olika anv\u00e4ndningsomr\u00e5den \u2013 och med sin integrerade 3D-sitsmekanism s\u00e4kerst\u00e4ller den mycket r\u00f6relse.F\u00f6r l\u00e4karpraktik, fysioterapi eller kontor: Boogie g\u00f6r alltid ett gott intryck.BIOSWING finns i olika sittplatsh\u00f6jder, med och utan fotring och \u00e4ven f\u00f6r omr\u00e5den d\u00e4r sterilt arbete utf\u00f6rs, med fotutl\u00f6sare.Vi erbjuder ett special\u00f6verdrag som passar varje anv\u00e4ndningsomr\u00e5de och som kan reng\u00f6ras och desinficeras enligt reglerna.\" \/>\n<meta property=\"og:url\" content=\"https:\/\/staging.bioswing.ee\/sv\/toode\/boogie-switch\/\" \/>\n<meta property=\"og:site_name\" content=\"BIOSWING\" \/>\n<meta property=\"article:modified_time\" content=\"2024-11-28T11:02:54+00:00\" \/>\n<meta property=\"og:image\" content=\"https:\/\/bioswing.ee\/wp-content\/uploads\/2023\/04\/Boogie_Switch.jpg\" \/>\n\t<meta property=\"og:image:width\" content=\"1874\" \/>\n\t<meta property=\"og:image:height\" content=\"2500\" \/>\n\t<meta property=\"og:image:type\" content=\"image\/jpeg\" \/>\n<meta name=\"twitter:card\" content=\"summary_large_image\" \/>\n<script type=\"application\/ld+json\" class=\"yoast-schema-graph\">{\"@context\":\"https:\/\/schema.org\",\"@graph\":[{\"@type\":\"WebPage\",\"@id\":\"https:\/\/staging.bioswing.ee\/sv\/toode\/boogie-switch\/\",\"url\":\"https:\/\/staging.bioswing.ee\/sv\/toode\/boogie-switch\/\",\"name\":\"BIOSWING Boogie Switch - BIOSWING\",\"isPartOf\":{\"@id\":\"https:\/\/staging.bioswing.ee\/sv\/#website\"},\"primaryImageOfPage\":{\"@id\":\"https:\/\/staging.bioswing.ee\/sv\/toode\/boogie-switch\/#primaryimage\"},\"image\":{\"@id\":\"https:\/\/staging.bioswing.ee\/sv\/toode\/boogie-switch\/#primaryimage\"},\"thumbnailUrl\":\"https:\/\/staging.bioswing.ee\/wp-content\/uploads\/2023\/04\/Boogie_Switch.jpg\",\"datePublished\":\"2023-04-13T11:16:49+00:00\",\"dateModified\":\"2024-11-28T11:02:54+00:00\",\"breadcrumb\":{\"@id\":\"https:\/\/staging.bioswing.ee\/sv\/toode\/boogie-switch\/#breadcrumb\"},\"inLanguage\":\"sv-SE\",\"potentialAction\":[{\"@type\":\"ReadAction\",\"target\":[\"https:\/\/staging.bioswing.ee\/sv\/toode\/boogie-switch\/\"]}]},{\"@type\":\"ImageObject\",\"inLanguage\":\"sv-SE\",\"@id\":\"https:\/\/staging.bioswing.ee\/sv\/toode\/boogie-switch\/#primaryimage\",\"url\":\"https:\/\/staging.bioswing.ee\/wp-content\/uploads\/2023\/04\/Boogie_Switch.jpg\",\"contentUrl\":\"https:\/\/staging.bioswing.ee\/wp-content\/uploads\/2023\/04\/Boogie_Switch.jpg\",\"width\":1874,\"height\":2500},{\"@type\":\"BreadcrumbList\",\"@id\":\"https:\/\/staging.bioswing.ee\/sv\/toode\/boogie-switch\/#breadcrumb\",\"itemListElement\":[{\"@type\":\"ListItem\",\"position\":1,\"name\":\"Home\",\"item\":\"https:\/\/bioswing.ee\/sv\/\"},{\"@type\":\"ListItem\",\"position\":2,\"name\":\"SHOP\",\"item\":\"https:\/\/bioswing.ee\/sv\/shop\/\"},{\"@type\":\"ListItem\",\"position\":3,\"name\":\"BIOSWING Boogie Switch\"}]},{\"@type\":\"WebSite\",\"@id\":\"https:\/\/staging.bioswing.ee\/sv\/#website\",\"url\":\"https:\/\/staging.bioswing.ee\/sv\/\",\"name\":\"BIOSWING\",\"description\":\"Smart solutions for healthy sitting\",\"publisher\":{\"@id\":\"https:\/\/staging.bioswing.ee\/sv\/#organization\"},\"potentialAction\":[{\"@type\":\"SearchAction\",\"target\":{\"@type\":\"EntryPoint\",\"urlTemplate\":\"https:\/\/staging.bioswing.ee\/sv\/?s={search_term_string}\"},\"query-input\":{\"@type\":\"PropertyValueSpecification\",\"valueRequired\":true,\"valueName\":\"search_term_string\"}}],\"inLanguage\":\"sv-SE\"},{\"@type\":\"Organization\",\"@id\":\"https:\/\/staging.bioswing.ee\/sv\/#organization\",\"name\":\"BIOSWING\",\"url\":\"https:\/\/staging.bioswing.ee\/sv\/\",\"logo\":{\"@type\":\"ImageObject\",\"inLanguage\":\"sv-SE\",\"@id\":\"https:\/\/staging.bioswing.ee\/sv\/#\/schema\/logo\/image\/\",\"url\":\"https:\/\/staging.bioswing.ee\/wp-content\/uploads\/2023\/04\/logo_web.png\",\"contentUrl\":\"https:\/\/staging.bioswing.ee\/wp-content\/uploads\/2023\/04\/logo_web.png\",\"width\":140,\"height\":122,\"caption\":\"BIOSWING\"},\"image\":{\"@id\":\"https:\/\/staging.bioswing.ee\/sv\/#\/schema\/logo\/image\/\"}}]}<\/script>\n<!-- \/ Yoast SEO plugin. -->","yoast_head_json":{"title":"BIOSWING Boogie Switch - BIOSWING","robots":{"index":"noindex","follow":"follow","max-snippet":"max-snippet:-1","max-image-preview":"max-image-preview:large","max-video-preview":"max-video-preview:-1"},"og_locale":"sv_SE","og_type":"article","og_title":"BIOSWING Boogie Switch - BIOSWING","og_description":"F\u00e5r du alla potentiella f\u00f6rdelar av att anv\u00e4nda ett h\u00f6j- och s\u00e4nkbart skrivbord?Varje position du intar mellan st\u00e5ende och upph\u00f6jt sittande hj\u00e4lper dig att dra nytta av olika st\u00e4llningar. Id\u00e9n bakom detta \u00e4r att frekventa f\u00f6r\u00e4ndringar av din fysiska position \u00e4r bra f\u00f6r b\u00e5de kropp och sinne. Detta beror p\u00e5 att v\u00e5rt muskuloskeletala system \u00e4r programmerat f\u00f6r r\u00f6relse, b\u00e5de p\u00e5 mikro- och makroniv\u00e5.BIOSWING Boogie \u00e4r en riktig multitalang. Tack vare utformningen av de olika s\u00e4tena och b\u00e4cken- eller ryggst\u00f6den \u00e4r det den perfekta grunden f\u00f6r ergonomisk sittst\u00e4llning f\u00f6r m\u00e5nga olika anv\u00e4ndningsomr\u00e5den \u2013 och med sin integrerade 3D-sitsmekanism s\u00e4kerst\u00e4ller den mycket r\u00f6relse.F\u00f6r l\u00e4karpraktik, fysioterapi eller kontor: Boogie g\u00f6r alltid ett gott intryck.BIOSWING finns i olika sittplatsh\u00f6jder, med och utan fotring och \u00e4ven f\u00f6r omr\u00e5den d\u00e4r sterilt arbete utf\u00f6rs, med fotutl\u00f6sare.Vi erbjuder ett special\u00f6verdrag som passar varje anv\u00e4ndningsomr\u00e5de och som kan reng\u00f6ras och desinficeras enligt reglerna.","og_url":"https:\/\/staging.bioswing.ee\/sv\/toode\/boogie-switch\/","og_site_name":"BIOSWING","article_modified_time":"2024-11-28T11:02:54+00:00","og_image":[{"width":1874,"height":2500,"url":"https:\/\/bioswing.ee\/wp-content\/uploads\/2023\/04\/Boogie_Switch.jpg","type":"image\/jpeg"}],"twitter_card":"summary_large_image","schema":{"@context":"https:\/\/schema.org","@graph":[{"@type":"WebPage","@id":"https:\/\/staging.bioswing.ee\/sv\/toode\/boogie-switch\/","url":"https:\/\/staging.bioswing.ee\/sv\/toode\/boogie-switch\/","name":"BIOSWING Boogie Switch - BIOSWING","isPartOf":{"@id":"https:\/\/staging.bioswing.ee\/sv\/#website"},"primaryImageOfPage":{"@id":"https:\/\/staging.bioswing.ee\/sv\/toode\/boogie-switch\/#primaryimage"},"image":{"@id":"https:\/\/staging.bioswing.ee\/sv\/toode\/boogie-switch\/#primaryimage"},"thumbnailUrl":"https:\/\/staging.bioswing.ee\/wp-content\/uploads\/2023\/04\/Boogie_Switch.jpg","datePublished":"2023-04-13T11:16:49+00:00","dateModified":"2024-11-28T11:02:54+00:00","breadcrumb":{"@id":"https:\/\/staging.bioswing.ee\/sv\/toode\/boogie-switch\/#breadcrumb"},"inLanguage":"sv-SE","potentialAction":[{"@type":"ReadAction","target":["https:\/\/staging.bioswing.ee\/sv\/toode\/boogie-switch\/"]}]},{"@type":"ImageObject","inLanguage":"sv-SE","@id":"https:\/\/staging.bioswing.ee\/sv\/toode\/boogie-switch\/#primaryimage","url":"https:\/\/staging.bioswing.ee\/wp-content\/uploads\/2023\/04\/Boogie_Switch.jpg","contentUrl":"https:\/\/staging.bioswing.ee\/wp-content\/uploads\/2023\/04\/Boogie_Switch.jpg","width":1874,"height":2500},{"@type":"BreadcrumbList","@id":"https:\/\/staging.bioswing.ee\/sv\/toode\/boogie-switch\/#breadcrumb","itemListElement":[{"@type":"ListItem","position":1,"name":"Home","item":"https:\/\/bioswing.ee\/sv\/"},{"@type":"ListItem","position":2,"name":"SHOP","item":"https:\/\/bioswing.ee\/sv\/shop\/"},{"@type":"ListItem","position":3,"name":"BIOSWING Boogie Switch"}]},{"@type":"WebSite","@id":"https:\/\/staging.bioswing.ee\/sv\/#website","url":"https:\/\/staging.bioswing.ee\/sv\/","name":"BIOSWING","description":"Smart solutions for healthy sitting","publisher":{"@id":"https:\/\/staging.bioswing.ee\/sv\/#organization"},"potentialAction":[{"@type":"SearchAction","target":{"@type":"EntryPoint","urlTemplate":"https:\/\/staging.bioswing.ee\/sv\/?s={search_term_string}"},"query-input":{"@type":"PropertyValueSpecification","valueRequired":true,"valueName":"search_term_string"}}],"inLanguage":"sv-SE"},{"@type":"Organization","@id":"https:\/\/staging.bioswing.ee\/sv\/#organization","name":"BIOSWING","url":"https:\/\/staging.bioswing.ee\/sv\/","logo":{"@type":"ImageObject","inLanguage":"sv-SE","@id":"https:\/\/staging.bioswing.ee\/sv\/#\/schema\/logo\/image\/","url":"https:\/\/staging.bioswing.ee\/wp-content\/uploads\/2023\/04\/logo_web.png","contentUrl":"https:\/\/staging.bioswing.ee\/wp-content\/uploads\/2023\/04\/logo_web.png","width":140,"height":122,"caption":"BIOSWING"},"image":{"@id":"https:\/\/staging.bioswing.ee\/sv\/#\/schema\/logo\/image\/"}}]}},"_links":{"self":[{"href":"https:\/\/staging.bioswing.ee\/sv\/wp-json\/wp\/v2\/product\/15985","targetHints":{"allow":["GET"]}}],"collection":[{"href":"https:\/\/staging.bioswing.ee\/sv\/wp-json\/wp\/v2\/product"}],"about":[{"href":"https:\/\/staging.bioswing.ee\/sv\/wp-json\/wp\/v2\/types\/product"}],"wp:featuredmedia":[{"embeddable":true,"href":"https:\/\/staging.bioswing.ee\/sv\/wp-json\/wp\/v2\/media\/15986"}],"wp:attachment":[{"href":"https:\/\/staging.bioswing.ee\/sv\/wp-json\/wp\/v2\/media?parent=15985"}],"wp:term":[{"taxonomy":"product_brand","embeddable":true,"href":"https:\/\/staging.bioswing.ee\/sv\/wp-json\/wp\/v2\/product_brand?post=15985"},{"taxonomy":"product_cat","embeddable":true,"href":"https:\/\/staging.bioswing.ee\/sv\/wp-json\/wp\/v2\/product_cat?post=15985"},{"taxonomy":"product_tag","embeddable":true,"href":"https:\/\/staging.bioswing.ee\/sv\/wp-json\/wp\/v2\/product_tag?post=15985"}],"curies":[{"name":"wp","href":"https:\/\/api.w.org\/{rel}","templated":true}]}}