{"id":16002,"date":"2023-04-13T11:21:14","date_gmt":"2023-04-13T11:21:14","guid":{"rendered":"https:\/\/staging.bioswing.ee\/toode\/foxter\/"},"modified":"2024-11-28T11:12:43","modified_gmt":"2024-11-28T11:12:43","slug":"foxter","status":"publish","type":"product","link":"https:\/\/staging.bioswing.ee\/sv\/toode\/foxter\/","title":{"rendered":"Foxter"},"content":{"rendered":"<h3>Foxter bestseller<\/h3>\n<ul>\n<li>Ergonomisk pall med ortopedisk effekt f\u00f6r praktik och kontor<\/li>\n<li>Integrerad, adaptiv 3D-sitsmekanism<\/li>\n<li>Kulformat s\u00e4te<\/li>\n<li>Tyg\u00f6verdrag: Xtreme-FR svart<\/li>\n<li>Bas: Aluminium, gr\u00e5lackerad<\/li>\n<li>Hjul \u00f850 cm, gr\u00e5<\/li>\n<\/ul>\n<p><iframe title=\"YouTube video player\" src=\"https:\/\/www.youtube.com\/embed\/5cLboTxOnh4\" width=\"100%\" height=\"450\" frameborder=\"0\" allowfullscreen=\"allowfullscreen\"><\/iframe><\/p>\n<p><iframe title=\"YouTube video player\" src=\"https:\/\/www.youtube.com\/embed\/RdAkGYfQRU0?si=iZjPFPN7BfNfVNQH\" width=\"100%\" height=\"450\" frameborder=\"0\" allowfullscreen=\"allowfullscreen\"><\/iframe><\/p>\n","protected":false},"excerpt":{"rendered":"<p class=\"p1\"><strong>Speed meeting<\/strong> \u00e4r den senaste trenden p\u00e5 det aktivitetsbaserade kontoret. Team m\u00f6ts spontant i de avsedda omr\u00e5dena f\u00f6r att ge fritt spelrum \u00e5t sin kreativitet. Sittande och st\u00e5ende v\u00e4xlar, d\u00e4r BIOSWING Foxter ger st\u00f6d vid sittande och ger en<strong> boost<\/strong> till <strong>kropp och sinne.<\/strong>  <\/p>\n<p>Stolens s\u00e4te, som \u00e4r frikopplat fr\u00e5n det fasta golvet, har en s\u00e4rskild funktion: <strong>Det speglar alla impulser fr\u00e5n den sittande<\/strong> p\u00e5 ett unikt s\u00e4tt och utl\u00f6ser en <strong>stimulerande och kreativitetsh\u00f6jande effekt i kroppen.<\/strong><\/p>\n<p>Tack vare enkel hantering och stegl\u00f6s h\u00f6jdjustering kan stolens funktioner gynna b\u00e5de unga och \u00e4ldre.<\/p>\n<p>Tack vare stolens <strong>integrerade 3D-sitsmekanism<\/strong> speglas alla r\u00f6relser \u2013 \u00e4ven de minsta, som hj\u00e4rtslag och andning \u2013 och skickas sedan kontinuerligt tillbaka <strong>till hj\u00e4rnan som r\u00f6relsestimuli.<\/strong> Dessa stimuli skickas via olika hierarkiska datakanaler till n\u00e4tverksstrukturen i den del av <strong>hj\u00e4rnan som \u00e4r involverad i r\u00f6relse<\/strong>. Dessa n\u00e4tverk aktiveras automatiskt av den unika BIOSWING-teknologin medan du sitter, vilket g\u00f6r det m\u00f6jligt att ytterligare \u00f6ka prestation och kreativitet.<\/p>\n<p>Foxter anv\u00e4nds ocks\u00e5 inom utbildning: F\u00f6rskoll\u00e4rare \u00e4lskar de fina r\u00f6relser som m\u00f6jligg\u00f6r <strong>bekv\u00e4mt och ryggv\u00e4nligt sittande<\/strong>, \u00e4ven vid l\u00e5ga sittpositioner i kombination med en kort gasfj\u00e4der.<\/p>\n","protected":false},"featured_media":16003,"template":"","meta":[],"product_brand":[],"product_cat":[642,636],"product_tag":[],"class_list":{"0":"post-16002","1":"product","2":"type-product","3":"status-publish","4":"has-post-thumbnail","6":"product_cat-kontor-och-hemmakontor","7":"product_cat-mote","9":"first","10":"instock","11":"sale","12":"taxable","13":"shipping-taxable","14":"purchasable","15":"product-type-simple"},"yoast_head":"<!-- This site is optimized with the Yoast SEO plugin v27.1.1 - https:\/\/yoast.com\/product\/yoast-seo-wordpress\/ -->\n<title>Foxter - BIOSWING<\/title>\n<meta name=\"robots\" content=\"noindex, follow, max-snippet:-1, max-image-preview:large, max-video-preview:-1\" \/>\n<meta property=\"og:locale\" content=\"sv_SE\" \/>\n<meta property=\"og:type\" content=\"article\" \/>\n<meta property=\"og:title\" content=\"Foxter - BIOSWING\" \/>\n<meta property=\"og:description\" content=\"Speed meeting \u00e4r den senaste trenden p\u00e5 det aktivitetsbaserade kontoret. Team m\u00f6ts spontant i de avsedda omr\u00e5dena f\u00f6r att ge fritt spelrum \u00e5t sin kreativitet. Sittande och st\u00e5ende v\u00e4xlar, d\u00e4r BIOSWING Foxter ger st\u00f6d vid sittande och ger en boost till kropp och sinne.  Stolens s\u00e4te, som \u00e4r frikopplat fr\u00e5n det fasta golvet, har en s\u00e4rskild funktion: Det speglar alla impulser fr\u00e5n den sittande p\u00e5 ett unikt s\u00e4tt och utl\u00f6ser en stimulerande och kreativitetsh\u00f6jande effekt i kroppen.Tack vare enkel hantering och stegl\u00f6s h\u00f6jdjustering kan stolens funktioner gynna b\u00e5de unga och \u00e4ldre.Tack vare stolens integrerade 3D-sitsmekanism speglas alla r\u00f6relser \u2013 \u00e4ven de minsta, som hj\u00e4rtslag och andning \u2013 och skickas sedan kontinuerligt tillbaka till hj\u00e4rnan som r\u00f6relsestimuli. Dessa stimuli skickas via olika hierarkiska datakanaler till n\u00e4tverksstrukturen i den del av hj\u00e4rnan som \u00e4r involverad i r\u00f6relse. Dessa n\u00e4tverk aktiveras automatiskt av den unika BIOSWING-teknologin medan du sitter, vilket g\u00f6r det m\u00f6jligt att ytterligare \u00f6ka prestation och kreativitet.Foxter anv\u00e4nds ocks\u00e5 inom utbildning: F\u00f6rskoll\u00e4rare \u00e4lskar de fina r\u00f6relser som m\u00f6jligg\u00f6r bekv\u00e4mt och ryggv\u00e4nligt sittande, \u00e4ven vid l\u00e5ga sittpositioner i kombination med en kort gasfj\u00e4der.\" \/>\n<meta property=\"og:url\" content=\"https:\/\/staging.bioswing.ee\/sv\/toode\/foxter\/\" \/>\n<meta property=\"og:site_name\" content=\"BIOSWING\" \/>\n<meta property=\"article:modified_time\" content=\"2024-11-28T11:12:43+00:00\" \/>\n<meta property=\"og:image\" content=\"https:\/\/bioswing.ee\/wp-content\/uploads\/2023\/04\/Foxter.jpg\" \/>\n\t<meta property=\"og:image:width\" content=\"1874\" \/>\n\t<meta property=\"og:image:height\" content=\"2500\" \/>\n\t<meta property=\"og:image:type\" content=\"image\/jpeg\" \/>\n<meta name=\"twitter:card\" content=\"summary_large_image\" \/>\n<script type=\"application\/ld+json\" class=\"yoast-schema-graph\">{\"@context\":\"https:\/\/schema.org\",\"@graph\":[{\"@type\":\"WebPage\",\"@id\":\"https:\/\/staging.bioswing.ee\/sv\/toode\/foxter\/\",\"url\":\"https:\/\/staging.bioswing.ee\/sv\/toode\/foxter\/\",\"name\":\"Foxter - BIOSWING\",\"isPartOf\":{\"@id\":\"https:\/\/staging.bioswing.ee\/sv\/#website\"},\"primaryImageOfPage\":{\"@id\":\"https:\/\/staging.bioswing.ee\/sv\/toode\/foxter\/#primaryimage\"},\"image\":{\"@id\":\"https:\/\/staging.bioswing.ee\/sv\/toode\/foxter\/#primaryimage\"},\"thumbnailUrl\":\"https:\/\/staging.bioswing.ee\/wp-content\/uploads\/2023\/04\/Foxter.jpg\",\"datePublished\":\"2023-04-13T11:21:14+00:00\",\"dateModified\":\"2024-11-28T11:12:43+00:00\",\"breadcrumb\":{\"@id\":\"https:\/\/staging.bioswing.ee\/sv\/toode\/foxter\/#breadcrumb\"},\"inLanguage\":\"sv-SE\",\"potentialAction\":[{\"@type\":\"ReadAction\",\"target\":[\"https:\/\/staging.bioswing.ee\/sv\/toode\/foxter\/\"]}]},{\"@type\":\"ImageObject\",\"inLanguage\":\"sv-SE\",\"@id\":\"https:\/\/staging.bioswing.ee\/sv\/toode\/foxter\/#primaryimage\",\"url\":\"https:\/\/staging.bioswing.ee\/wp-content\/uploads\/2023\/04\/Foxter.jpg\",\"contentUrl\":\"https:\/\/staging.bioswing.ee\/wp-content\/uploads\/2023\/04\/Foxter.jpg\",\"width\":1874,\"height\":2500},{\"@type\":\"BreadcrumbList\",\"@id\":\"https:\/\/staging.bioswing.ee\/sv\/toode\/foxter\/#breadcrumb\",\"itemListElement\":[{\"@type\":\"ListItem\",\"position\":1,\"name\":\"Home\",\"item\":\"https:\/\/bioswing.ee\/sv\/\"},{\"@type\":\"ListItem\",\"position\":2,\"name\":\"SHOP\",\"item\":\"https:\/\/bioswing.ee\/sv\/shop\/\"},{\"@type\":\"ListItem\",\"position\":3,\"name\":\"Foxter\"}]},{\"@type\":\"WebSite\",\"@id\":\"https:\/\/staging.bioswing.ee\/sv\/#website\",\"url\":\"https:\/\/staging.bioswing.ee\/sv\/\",\"name\":\"BIOSWING\",\"description\":\"Smart solutions for healthy sitting\",\"publisher\":{\"@id\":\"https:\/\/staging.bioswing.ee\/sv\/#organization\"},\"potentialAction\":[{\"@type\":\"SearchAction\",\"target\":{\"@type\":\"EntryPoint\",\"urlTemplate\":\"https:\/\/staging.bioswing.ee\/sv\/?s={search_term_string}\"},\"query-input\":{\"@type\":\"PropertyValueSpecification\",\"valueRequired\":true,\"valueName\":\"search_term_string\"}}],\"inLanguage\":\"sv-SE\"},{\"@type\":\"Organization\",\"@id\":\"https:\/\/staging.bioswing.ee\/sv\/#organization\",\"name\":\"BIOSWING\",\"url\":\"https:\/\/staging.bioswing.ee\/sv\/\",\"logo\":{\"@type\":\"ImageObject\",\"inLanguage\":\"sv-SE\",\"@id\":\"https:\/\/staging.bioswing.ee\/sv\/#\/schema\/logo\/image\/\",\"url\":\"https:\/\/staging.bioswing.ee\/wp-content\/uploads\/2023\/04\/logo_web.png\",\"contentUrl\":\"https:\/\/staging.bioswing.ee\/wp-content\/uploads\/2023\/04\/logo_web.png\",\"width\":140,\"height\":122,\"caption\":\"BIOSWING\"},\"image\":{\"@id\":\"https:\/\/staging.bioswing.ee\/sv\/#\/schema\/logo\/image\/\"}}]}<\/script>\n<!-- \/ Yoast SEO plugin. -->","yoast_head_json":{"title":"Foxter - BIOSWING","robots":{"index":"noindex","follow":"follow","max-snippet":"max-snippet:-1","max-image-preview":"max-image-preview:large","max-video-preview":"max-video-preview:-1"},"og_locale":"sv_SE","og_type":"article","og_title":"Foxter - BIOSWING","og_description":"Speed meeting \u00e4r den senaste trenden p\u00e5 det aktivitetsbaserade kontoret. Team m\u00f6ts spontant i de avsedda omr\u00e5dena f\u00f6r att ge fritt spelrum \u00e5t sin kreativitet. Sittande och st\u00e5ende v\u00e4xlar, d\u00e4r BIOSWING Foxter ger st\u00f6d vid sittande och ger en boost till kropp och sinne.  Stolens s\u00e4te, som \u00e4r frikopplat fr\u00e5n det fasta golvet, har en s\u00e4rskild funktion: Det speglar alla impulser fr\u00e5n den sittande p\u00e5 ett unikt s\u00e4tt och utl\u00f6ser en stimulerande och kreativitetsh\u00f6jande effekt i kroppen.Tack vare enkel hantering och stegl\u00f6s h\u00f6jdjustering kan stolens funktioner gynna b\u00e5de unga och \u00e4ldre.Tack vare stolens integrerade 3D-sitsmekanism speglas alla r\u00f6relser \u2013 \u00e4ven de minsta, som hj\u00e4rtslag och andning \u2013 och skickas sedan kontinuerligt tillbaka till hj\u00e4rnan som r\u00f6relsestimuli. Dessa stimuli skickas via olika hierarkiska datakanaler till n\u00e4tverksstrukturen i den del av hj\u00e4rnan som \u00e4r involverad i r\u00f6relse. Dessa n\u00e4tverk aktiveras automatiskt av den unika BIOSWING-teknologin medan du sitter, vilket g\u00f6r det m\u00f6jligt att ytterligare \u00f6ka prestation och kreativitet.Foxter anv\u00e4nds ocks\u00e5 inom utbildning: F\u00f6rskoll\u00e4rare \u00e4lskar de fina r\u00f6relser som m\u00f6jligg\u00f6r bekv\u00e4mt och ryggv\u00e4nligt sittande, \u00e4ven vid l\u00e5ga sittpositioner i kombination med en kort gasfj\u00e4der.","og_url":"https:\/\/staging.bioswing.ee\/sv\/toode\/foxter\/","og_site_name":"BIOSWING","article_modified_time":"2024-11-28T11:12:43+00:00","og_image":[{"width":1874,"height":2500,"url":"https:\/\/bioswing.ee\/wp-content\/uploads\/2023\/04\/Foxter.jpg","type":"image\/jpeg"}],"twitter_card":"summary_large_image","schema":{"@context":"https:\/\/schema.org","@graph":[{"@type":"WebPage","@id":"https:\/\/staging.bioswing.ee\/sv\/toode\/foxter\/","url":"https:\/\/staging.bioswing.ee\/sv\/toode\/foxter\/","name":"Foxter - BIOSWING","isPartOf":{"@id":"https:\/\/staging.bioswing.ee\/sv\/#website"},"primaryImageOfPage":{"@id":"https:\/\/staging.bioswing.ee\/sv\/toode\/foxter\/#primaryimage"},"image":{"@id":"https:\/\/staging.bioswing.ee\/sv\/toode\/foxter\/#primaryimage"},"thumbnailUrl":"https:\/\/staging.bioswing.ee\/wp-content\/uploads\/2023\/04\/Foxter.jpg","datePublished":"2023-04-13T11:21:14+00:00","dateModified":"2024-11-28T11:12:43+00:00","breadcrumb":{"@id":"https:\/\/staging.bioswing.ee\/sv\/toode\/foxter\/#breadcrumb"},"inLanguage":"sv-SE","potentialAction":[{"@type":"ReadAction","target":["https:\/\/staging.bioswing.ee\/sv\/toode\/foxter\/"]}]},{"@type":"ImageObject","inLanguage":"sv-SE","@id":"https:\/\/staging.bioswing.ee\/sv\/toode\/foxter\/#primaryimage","url":"https:\/\/staging.bioswing.ee\/wp-content\/uploads\/2023\/04\/Foxter.jpg","contentUrl":"https:\/\/staging.bioswing.ee\/wp-content\/uploads\/2023\/04\/Foxter.jpg","width":1874,"height":2500},{"@type":"BreadcrumbList","@id":"https:\/\/staging.bioswing.ee\/sv\/toode\/foxter\/#breadcrumb","itemListElement":[{"@type":"ListItem","position":1,"name":"Home","item":"https:\/\/bioswing.ee\/sv\/"},{"@type":"ListItem","position":2,"name":"SHOP","item":"https:\/\/bioswing.ee\/sv\/shop\/"},{"@type":"ListItem","position":3,"name":"Foxter"}]},{"@type":"WebSite","@id":"https:\/\/staging.bioswing.ee\/sv\/#website","url":"https:\/\/staging.bioswing.ee\/sv\/","name":"BIOSWING","description":"Smart solutions for healthy sitting","publisher":{"@id":"https:\/\/staging.bioswing.ee\/sv\/#organization"},"potentialAction":[{"@type":"SearchAction","target":{"@type":"EntryPoint","urlTemplate":"https:\/\/staging.bioswing.ee\/sv\/?s={search_term_string}"},"query-input":{"@type":"PropertyValueSpecification","valueRequired":true,"valueName":"search_term_string"}}],"inLanguage":"sv-SE"},{"@type":"Organization","@id":"https:\/\/staging.bioswing.ee\/sv\/#organization","name":"BIOSWING","url":"https:\/\/staging.bioswing.ee\/sv\/","logo":{"@type":"ImageObject","inLanguage":"sv-SE","@id":"https:\/\/staging.bioswing.ee\/sv\/#\/schema\/logo\/image\/","url":"https:\/\/staging.bioswing.ee\/wp-content\/uploads\/2023\/04\/logo_web.png","contentUrl":"https:\/\/staging.bioswing.ee\/wp-content\/uploads\/2023\/04\/logo_web.png","width":140,"height":122,"caption":"BIOSWING"},"image":{"@id":"https:\/\/staging.bioswing.ee\/sv\/#\/schema\/logo\/image\/"}}]}},"_links":{"self":[{"href":"https:\/\/staging.bioswing.ee\/sv\/wp-json\/wp\/v2\/product\/16002","targetHints":{"allow":["GET"]}}],"collection":[{"href":"https:\/\/staging.bioswing.ee\/sv\/wp-json\/wp\/v2\/product"}],"about":[{"href":"https:\/\/staging.bioswing.ee\/sv\/wp-json\/wp\/v2\/types\/product"}],"wp:featuredmedia":[{"embeddable":true,"href":"https:\/\/staging.bioswing.ee\/sv\/wp-json\/wp\/v2\/media\/16003"}],"wp:attachment":[{"href":"https:\/\/staging.bioswing.ee\/sv\/wp-json\/wp\/v2\/media?parent=16002"}],"wp:term":[{"taxonomy":"product_brand","embeddable":true,"href":"https:\/\/staging.bioswing.ee\/sv\/wp-json\/wp\/v2\/product_brand?post=16002"},{"taxonomy":"product_cat","embeddable":true,"href":"https:\/\/staging.bioswing.ee\/sv\/wp-json\/wp\/v2\/product_cat?post=16002"},{"taxonomy":"product_tag","embeddable":true,"href":"https:\/\/staging.bioswing.ee\/sv\/wp-json\/wp\/v2\/product_tag?post=16002"}],"curies":[{"name":"wp","href":"https:\/\/api.w.org\/{rel}","templated":true}]}}