{"id":16226,"date":"2023-04-13T11:47:44","date_gmt":"2023-04-13T11:47:44","guid":{"rendered":"https:\/\/staging.bioswing.ee\/toode\/460-iq\/"},"modified":"2024-11-28T11:59:12","modified_gmt":"2024-11-28T11:59:12","slug":"460-iq","status":"publish","type":"product","link":"https:\/\/staging.bioswing.ee\/sv\/toode\/460-iq\/","title":{"rendered":"BIOSWING 460 iQ"},"content":{"rendered":"<h3>BIOSWING 460 iQ<\/h3>\n<ul>\n<li>Ergonomisk kontorsstol med ortopedisk effekt<\/li>\n<li>Integrerad, adaptiv 3D-sitsmekanism<\/li>\n<li>Synkronmekanism med individuell viktjustering (inklusive finjustering)<\/li>\n<li>3D-armst\u00f6d f\u00f6r multifunktionell justering som passar olika arbetspositioner<\/li>\n<li>Individuell sittvinkeljustering med gasfj\u00e4der, st\u00e4ndigt justerbar<\/li>\n<li>Ytterligare b\u00e4ckenstabilisator<\/li>\n<li>Sittdjupet kan justeras f\u00f6r att passa benl\u00e4ngden<\/li>\n<li>Ryggst\u00f6d med justerbar h\u00f6jd, dessutom med l\u00e4ndryggsst\u00f6d med individuellt justerbar kurva<\/li>\n<li>3D nackst\u00f6d med kontinuerlig justering av h\u00f6jd, djup och lutning<\/li>\n<li>Ryggst\u00f6dets h\u00f6jd: 60 cm<\/li>\n<li>Tyg\u00f6verdrag: Step, olika f\u00e4rger<\/li>\n<li>Stj\u00e4rnfot: Aluminium, polerad<\/li>\n<\/ul>\n<p><iframe title=\"YouTube video player\" src=\"https:\/\/www.youtube.com\/embed\/Nnmzwdy52aQ\" width=\"100%\" height=\"450\" frameborder=\"0\" allowfullscreen=\"allowfullscreen\"><span data-mce-type=\"bookmark\" style=\"display: inline-block; width: 0px; overflow: hidden; line-height: 0;\" class=\"mce_SELRES_start\"><\/span><\/iframe><\/p>\n<p><iframe title=\"YouTube video player\" src=\"https:\/\/www.youtube.com\/embed\/RdAkGYfQRU0?si=iZjPFPN7BfNfVNQH\" width=\"100%\" height=\"450\" frameborder=\"0\" allowfullscreen=\"allowfullscreen\"><\/iframe><\/p>\n","protected":false},"excerpt":{"rendered":"<h4>Arbete kan innefatta alla typer av uppgifter. N\u00e4r din kontorsstol kan anpassas mer exakt till din individuella situation kan du f\u00f6rbli friskare och mer motiverad under l\u00e5nga sittperioder. <\/h4>\n<p>Det \u00e4r viktigt att stolen tar h\u00e4nsyn till din<strong> individuella anatomi <\/strong>och erbjuder tillr\u00e4ckliga m\u00f6jligheter till justering och anpassning. De viktigaste alternativen presenteras nedan.<\/p>\n<h4>En kontorsstol i BIOSWING 4-serien anpassar sig ergonomiskt till din specifika h\u00e5llning.<\/h4>\n<p>Tack vare de olika mekanismerna svarar 4-serien inte bara p\u00e5 varje r\u00f6relse fr\u00e5n anv\u00e4ndaren, utan st\u00f6djer ocks\u00e5 anv\u00e4ndaren individuellt under en l\u00e5ng arbetsdag.<\/p>\n<p>Om ditt arbete inneb\u00e4r mycket arbete med tangentbord och mus b\u00f6r du se till att dina <strong>axelmuskler avlastas<\/strong> <strong>regelbundet<\/strong>. <strong>Individuellt justerbara armst\u00f6d<\/strong> kan ge v\u00e4rdefullt <strong>st\u00f6d i detta avseende<\/strong>. 4-serien finns i olika versioner som v\u00e5ra m\u00e5nga ergonomiexperter kan presentera f\u00f6r dig i cirka 150 r\u00e5dgivningsf\u00f6retag i DE, CH och AT.<\/p>\n<p><img decoding=\"async\" class=\"alignnone wp-image-916\" src=\"https:\/\/staging.bioswing.ee\/wp-content\/uploads\/2023\/04\/pdf.png\" alt=\"pdf\" width=\"19\" height=\"20\"> <a href=\"https:\/\/staging.bioswing.ee\/wp-content\/uploads\/2023\/04\/produktblatt_460_v02_EN.pdf\" target=\"_blank\" rel=\"noopener\">Download Product Sheet (PDF)<\/a><\/p>\n","protected":false},"featured_media":16227,"template":"","meta":[],"product_brand":[],"product_cat":[642,633],"product_tag":[],"class_list":{"0":"post-16226","1":"product","2":"type-product","3":"status-publish","4":"has-post-thumbnail","6":"product_cat-kontor-och-hemmakontor","7":"product_cat-ledning","9":"first","10":"instock","11":"sale","12":"taxable","13":"shipping-taxable","14":"purchasable","15":"product-type-variable","16":"has-default-attributes"},"yoast_head":"<!-- This site is optimized with the Yoast SEO plugin v27.1.1 - https:\/\/yoast.com\/product\/yoast-seo-wordpress\/ -->\n<title>BIOSWING 460 iQ - BIOSWING<\/title>\n<meta name=\"robots\" content=\"noindex, follow, max-snippet:-1, max-image-preview:large, max-video-preview:-1\" \/>\n<meta property=\"og:locale\" content=\"sv_SE\" \/>\n<meta property=\"og:type\" content=\"article\" \/>\n<meta property=\"og:title\" content=\"BIOSWING 460 iQ - BIOSWING\" \/>\n<meta property=\"og:description\" content=\"Arbete kan innefatta alla typer av uppgifter. N\u00e4r din kontorsstol kan anpassas mer exakt till din individuella situation kan du f\u00f6rbli friskare och mer motiverad under l\u00e5nga sittperioder. Det \u00e4r viktigt att stolen tar h\u00e4nsyn till din individuella anatomi och erbjuder tillr\u00e4ckliga m\u00f6jligheter till justering och anpassning. De viktigaste alternativen presenteras nedan.  En kontorsstol i BIOSWING 4-serien anpassar sig ergonomiskt till din specifika h\u00e5llning. Tack vare de olika mekanismerna svarar 4-serien inte bara p\u00e5 varje r\u00f6relse fr\u00e5n anv\u00e4ndaren, utan st\u00f6djer ocks\u00e5 anv\u00e4ndaren individuellt under en l\u00e5ng arbetsdag. Om ditt arbete inneb\u00e4r mycket arbete med tangentbord och mus b\u00f6r du se till att dina axelmuskler avlastas regelbundet. Individuellt justerbara armst\u00f6d kan ge v\u00e4rdefullt st\u00f6d i detta avseende. 4-serien finns i olika versioner som v\u00e5ra m\u00e5nga ergonomiexperter kan presentera f\u00f6r dig i cirka 150 r\u00e5dgivningsf\u00f6retag i DE, CH och AT.  Download Product Sheet (PDF)\" \/>\n<meta property=\"og:url\" content=\"https:\/\/staging.bioswing.ee\/sv\/toode\/460-iq\/\" \/>\n<meta property=\"og:site_name\" content=\"BIOSWING\" \/>\n<meta property=\"article:modified_time\" content=\"2024-11-28T11:59:12+00:00\" \/>\n<meta property=\"og:image\" content=\"https:\/\/bioswing.ee\/wp-content\/uploads\/2023\/04\/460_IQ.jpg\" \/>\n\t<meta property=\"og:image:width\" content=\"1874\" \/>\n\t<meta property=\"og:image:height\" content=\"2500\" \/>\n\t<meta property=\"og:image:type\" content=\"image\/jpeg\" \/>\n<meta name=\"twitter:card\" content=\"summary_large_image\" \/>\n<script type=\"application\/ld+json\" class=\"yoast-schema-graph\">{\"@context\":\"https:\/\/schema.org\",\"@graph\":[{\"@type\":\"WebPage\",\"@id\":\"https:\/\/staging.bioswing.ee\/sv\/toode\/460-iq\/\",\"url\":\"https:\/\/staging.bioswing.ee\/sv\/toode\/460-iq\/\",\"name\":\"BIOSWING 460 iQ - BIOSWING\",\"isPartOf\":{\"@id\":\"https:\/\/staging.bioswing.ee\/sv\/#website\"},\"primaryImageOfPage\":{\"@id\":\"https:\/\/staging.bioswing.ee\/sv\/toode\/460-iq\/#primaryimage\"},\"image\":{\"@id\":\"https:\/\/staging.bioswing.ee\/sv\/toode\/460-iq\/#primaryimage\"},\"thumbnailUrl\":\"https:\/\/staging.bioswing.ee\/wp-content\/uploads\/2023\/04\/460_IQ.jpg\",\"datePublished\":\"2023-04-13T11:47:44+00:00\",\"dateModified\":\"2024-11-28T11:59:12+00:00\",\"breadcrumb\":{\"@id\":\"https:\/\/staging.bioswing.ee\/sv\/toode\/460-iq\/#breadcrumb\"},\"inLanguage\":\"sv-SE\",\"potentialAction\":[{\"@type\":\"ReadAction\",\"target\":[\"https:\/\/staging.bioswing.ee\/sv\/toode\/460-iq\/\"]}]},{\"@type\":\"ImageObject\",\"inLanguage\":\"sv-SE\",\"@id\":\"https:\/\/staging.bioswing.ee\/sv\/toode\/460-iq\/#primaryimage\",\"url\":\"https:\/\/staging.bioswing.ee\/wp-content\/uploads\/2023\/04\/460_IQ.jpg\",\"contentUrl\":\"https:\/\/staging.bioswing.ee\/wp-content\/uploads\/2023\/04\/460_IQ.jpg\",\"width\":1874,\"height\":2500},{\"@type\":\"BreadcrumbList\",\"@id\":\"https:\/\/staging.bioswing.ee\/sv\/toode\/460-iq\/#breadcrumb\",\"itemListElement\":[{\"@type\":\"ListItem\",\"position\":1,\"name\":\"Home\",\"item\":\"https:\/\/bioswing.ee\/sv\/\"},{\"@type\":\"ListItem\",\"position\":2,\"name\":\"SHOP\",\"item\":\"https:\/\/bioswing.ee\/sv\/shop\/\"},{\"@type\":\"ListItem\",\"position\":3,\"name\":\"BIOSWING 460 iQ\"}]},{\"@type\":\"WebSite\",\"@id\":\"https:\/\/staging.bioswing.ee\/sv\/#website\",\"url\":\"https:\/\/staging.bioswing.ee\/sv\/\",\"name\":\"BIOSWING\",\"description\":\"Smart solutions for healthy sitting\",\"publisher\":{\"@id\":\"https:\/\/staging.bioswing.ee\/sv\/#organization\"},\"potentialAction\":[{\"@type\":\"SearchAction\",\"target\":{\"@type\":\"EntryPoint\",\"urlTemplate\":\"https:\/\/staging.bioswing.ee\/sv\/?s={search_term_string}\"},\"query-input\":{\"@type\":\"PropertyValueSpecification\",\"valueRequired\":true,\"valueName\":\"search_term_string\"}}],\"inLanguage\":\"sv-SE\"},{\"@type\":\"Organization\",\"@id\":\"https:\/\/staging.bioswing.ee\/sv\/#organization\",\"name\":\"BIOSWING\",\"url\":\"https:\/\/staging.bioswing.ee\/sv\/\",\"logo\":{\"@type\":\"ImageObject\",\"inLanguage\":\"sv-SE\",\"@id\":\"https:\/\/staging.bioswing.ee\/sv\/#\/schema\/logo\/image\/\",\"url\":\"https:\/\/staging.bioswing.ee\/wp-content\/uploads\/2023\/04\/logo_web.png\",\"contentUrl\":\"https:\/\/staging.bioswing.ee\/wp-content\/uploads\/2023\/04\/logo_web.png\",\"width\":140,\"height\":122,\"caption\":\"BIOSWING\"},\"image\":{\"@id\":\"https:\/\/staging.bioswing.ee\/sv\/#\/schema\/logo\/image\/\"}}]}<\/script>\n<!-- \/ Yoast SEO plugin. -->","yoast_head_json":{"title":"BIOSWING 460 iQ - BIOSWING","robots":{"index":"noindex","follow":"follow","max-snippet":"max-snippet:-1","max-image-preview":"max-image-preview:large","max-video-preview":"max-video-preview:-1"},"og_locale":"sv_SE","og_type":"article","og_title":"BIOSWING 460 iQ - BIOSWING","og_description":"Arbete kan innefatta alla typer av uppgifter. N\u00e4r din kontorsstol kan anpassas mer exakt till din individuella situation kan du f\u00f6rbli friskare och mer motiverad under l\u00e5nga sittperioder. Det \u00e4r viktigt att stolen tar h\u00e4nsyn till din individuella anatomi och erbjuder tillr\u00e4ckliga m\u00f6jligheter till justering och anpassning. De viktigaste alternativen presenteras nedan.  En kontorsstol i BIOSWING 4-serien anpassar sig ergonomiskt till din specifika h\u00e5llning. Tack vare de olika mekanismerna svarar 4-serien inte bara p\u00e5 varje r\u00f6relse fr\u00e5n anv\u00e4ndaren, utan st\u00f6djer ocks\u00e5 anv\u00e4ndaren individuellt under en l\u00e5ng arbetsdag. Om ditt arbete inneb\u00e4r mycket arbete med tangentbord och mus b\u00f6r du se till att dina axelmuskler avlastas regelbundet. Individuellt justerbara armst\u00f6d kan ge v\u00e4rdefullt st\u00f6d i detta avseende. 4-serien finns i olika versioner som v\u00e5ra m\u00e5nga ergonomiexperter kan presentera f\u00f6r dig i cirka 150 r\u00e5dgivningsf\u00f6retag i DE, CH och AT.  Download Product Sheet (PDF)","og_url":"https:\/\/staging.bioswing.ee\/sv\/toode\/460-iq\/","og_site_name":"BIOSWING","article_modified_time":"2024-11-28T11:59:12+00:00","og_image":[{"width":1874,"height":2500,"url":"https:\/\/bioswing.ee\/wp-content\/uploads\/2023\/04\/460_IQ.jpg","type":"image\/jpeg"}],"twitter_card":"summary_large_image","schema":{"@context":"https:\/\/schema.org","@graph":[{"@type":"WebPage","@id":"https:\/\/staging.bioswing.ee\/sv\/toode\/460-iq\/","url":"https:\/\/staging.bioswing.ee\/sv\/toode\/460-iq\/","name":"BIOSWING 460 iQ - BIOSWING","isPartOf":{"@id":"https:\/\/staging.bioswing.ee\/sv\/#website"},"primaryImageOfPage":{"@id":"https:\/\/staging.bioswing.ee\/sv\/toode\/460-iq\/#primaryimage"},"image":{"@id":"https:\/\/staging.bioswing.ee\/sv\/toode\/460-iq\/#primaryimage"},"thumbnailUrl":"https:\/\/staging.bioswing.ee\/wp-content\/uploads\/2023\/04\/460_IQ.jpg","datePublished":"2023-04-13T11:47:44+00:00","dateModified":"2024-11-28T11:59:12+00:00","breadcrumb":{"@id":"https:\/\/staging.bioswing.ee\/sv\/toode\/460-iq\/#breadcrumb"},"inLanguage":"sv-SE","potentialAction":[{"@type":"ReadAction","target":["https:\/\/staging.bioswing.ee\/sv\/toode\/460-iq\/"]}]},{"@type":"ImageObject","inLanguage":"sv-SE","@id":"https:\/\/staging.bioswing.ee\/sv\/toode\/460-iq\/#primaryimage","url":"https:\/\/staging.bioswing.ee\/wp-content\/uploads\/2023\/04\/460_IQ.jpg","contentUrl":"https:\/\/staging.bioswing.ee\/wp-content\/uploads\/2023\/04\/460_IQ.jpg","width":1874,"height":2500},{"@type":"BreadcrumbList","@id":"https:\/\/staging.bioswing.ee\/sv\/toode\/460-iq\/#breadcrumb","itemListElement":[{"@type":"ListItem","position":1,"name":"Home","item":"https:\/\/bioswing.ee\/sv\/"},{"@type":"ListItem","position":2,"name":"SHOP","item":"https:\/\/bioswing.ee\/sv\/shop\/"},{"@type":"ListItem","position":3,"name":"BIOSWING 460 iQ"}]},{"@type":"WebSite","@id":"https:\/\/staging.bioswing.ee\/sv\/#website","url":"https:\/\/staging.bioswing.ee\/sv\/","name":"BIOSWING","description":"Smart solutions for healthy sitting","publisher":{"@id":"https:\/\/staging.bioswing.ee\/sv\/#organization"},"potentialAction":[{"@type":"SearchAction","target":{"@type":"EntryPoint","urlTemplate":"https:\/\/staging.bioswing.ee\/sv\/?s={search_term_string}"},"query-input":{"@type":"PropertyValueSpecification","valueRequired":true,"valueName":"search_term_string"}}],"inLanguage":"sv-SE"},{"@type":"Organization","@id":"https:\/\/staging.bioswing.ee\/sv\/#organization","name":"BIOSWING","url":"https:\/\/staging.bioswing.ee\/sv\/","logo":{"@type":"ImageObject","inLanguage":"sv-SE","@id":"https:\/\/staging.bioswing.ee\/sv\/#\/schema\/logo\/image\/","url":"https:\/\/staging.bioswing.ee\/wp-content\/uploads\/2023\/04\/logo_web.png","contentUrl":"https:\/\/staging.bioswing.ee\/wp-content\/uploads\/2023\/04\/logo_web.png","width":140,"height":122,"caption":"BIOSWING"},"image":{"@id":"https:\/\/staging.bioswing.ee\/sv\/#\/schema\/logo\/image\/"}}]}},"_links":{"self":[{"href":"https:\/\/staging.bioswing.ee\/sv\/wp-json\/wp\/v2\/product\/16226","targetHints":{"allow":["GET"]}}],"collection":[{"href":"https:\/\/staging.bioswing.ee\/sv\/wp-json\/wp\/v2\/product"}],"about":[{"href":"https:\/\/staging.bioswing.ee\/sv\/wp-json\/wp\/v2\/types\/product"}],"wp:featuredmedia":[{"embeddable":true,"href":"https:\/\/staging.bioswing.ee\/sv\/wp-json\/wp\/v2\/media\/16227"}],"wp:attachment":[{"href":"https:\/\/staging.bioswing.ee\/sv\/wp-json\/wp\/v2\/media?parent=16226"}],"wp:term":[{"taxonomy":"product_brand","embeddable":true,"href":"https:\/\/staging.bioswing.ee\/sv\/wp-json\/wp\/v2\/product_brand?post=16226"},{"taxonomy":"product_cat","embeddable":true,"href":"https:\/\/staging.bioswing.ee\/sv\/wp-json\/wp\/v2\/product_cat?post=16226"},{"taxonomy":"product_tag","embeddable":true,"href":"https:\/\/staging.bioswing.ee\/sv\/wp-json\/wp\/v2\/product_tag?post=16226"}],"curies":[{"name":"wp","href":"https:\/\/api.w.org\/{rel}","templated":true}]}}