{"id":16350,"date":"2023-04-13T12:36:39","date_gmt":"2023-04-13T12:36:39","guid":{"rendered":"https:\/\/staging.bioswing.ee\/toode\/560-iq-detensor\/"},"modified":"2024-11-28T12:16:34","modified_gmt":"2024-11-28T12:16:34","slug":"560-iq-detensor","status":"publish","type":"product","link":"https:\/\/staging.bioswing.ee\/sv\/toode\/560-iq-detensor\/","title":{"rendered":"BIOSWING 560 iQ DETENSOR"},"content":{"rendered":"<h3>BIOSWING 560 iQ DETENSOR<\/h3>\n<ul>\n<li>Ergonomisk kontorsstol med ortopedisk effekt<\/li>\n<li>Integrerad, adaptiv 3D-sitsmekanism<\/li>\n<li>Synkronmekanism med individuell viktjustering (inklusive finjustering)<\/li>\n<li>3D-armst\u00f6d f\u00f6r multifunktionell justering som passar olika arbetspositioner<\/li>\n<li>Individuell sittvinkeljustering med gasfj\u00e4der, st\u00e4ndigt justerbar<\/li>\n<li>Ytterligare b\u00e4ckenstabilisator<\/li>\n<li>Sittdjupet kan justeras f\u00f6r att passa benl\u00e4ngden<\/li>\n<li>Ryggst\u00f6d med justerbar h\u00f6jd, dessutom med l\u00e4ndryggsst\u00f6d med individuellt justerbar kurva<\/li>\n<li>3D nackst\u00f6d med kontinuerlig justering av h\u00f6jd, djup och lutning<\/li>\n<li>Ryggst\u00f6dets h\u00f6jd: 60 cm<\/li>\n<li>Tyg\u00f6verdrag: Step, olika f\u00e4rger<\/li>\n<li>Stj\u00e4rnfot: Aluminium, polerad<\/li>\n<\/ul>\n<p><iframe title=\"YouTube video player\" src=\"https:\/\/www.youtube.com\/embed\/K0Ht8x3OJnU\" width=\"100%\" height=\"450\" frameborder=\"0\" allowfullscreen=\"allowfullscreen\"><\/iframe><\/p>\n<p><iframe title=\"YouTube video player\" src=\"https:\/\/www.youtube.com\/embed\/RdAkGYfQRU0?si=iZjPFPN7BfNfVNQH\" width=\"100%\" height=\"450\" frameborder=\"0\" allowfullscreen=\"allowfullscreen\"><\/iframe><\/p>\n","protected":false},"excerpt":{"rendered":"<h4>Att kunna justera din kontorsstol f\u00f6r att passa dina personliga m\u00e5tt mer exakt inneb\u00e4r att du kan f\u00f6rbli h\u00e4lsosammare och mer motiverad under l\u00e4ngre sittperioder.<\/h4>\n<p>Det \u00e4r viktigt att stolen tar h\u00e4nsyn till din<strong> individuella anatomi <\/strong>och erbjuder tillr\u00e4ckliga m\u00f6jligheter till justering och anpassning. De viktigaste alternativen presenteras nedan.<\/p>\n<h4>En kontorsstol fr\u00e5n BIOSWING 5-serien erbjuder maximalt med r\u00f6relse.<\/h4>\n<p>Tack vare de integrerade teknologierna reagerar BIOSWING 5-serien inte bara p\u00e5 varje r\u00f6relse fr\u00e5n anv\u00e4ndaren, utan anpassar sig ocks\u00e5 till varje h\u00e5llning som intas under en l\u00e5ng arbetsdag. F\u00f6r, som man s\u00e4ger: <strong>den b\u00e4sta h\u00e5llningen \u00e4r alltid den n\u00e4sta<\/strong>. Aktiv r\u00f6relse kombinerad med en rak h\u00e5llning \u00e4r bra f\u00f6r ryggraden. <strong>Med den individuellt justerbara sitsens lutning<\/strong> kan du anpassa lutningen p\u00e5 alla modeller fr\u00e5n 5-serien s\u00e5 att din ryggrad beh\u00e5ller sin naturliga <strong>S-form<\/strong> tack vare din b\u00e4ckenjustering. <\/p>\n<p><img decoding=\"async\" class=\"alignnone wp-image-916\" src=\"https:\/\/staging.bioswing.ee\/wp-content\/uploads\/2023\/04\/pdf.png\" alt=\"pdf\" width=\"19\" height=\"20\"> <a href=\"https:\/\/staging.bioswing.ee\/wp-content\/uploads\/2023\/04\/produktblatt_560_v02_EN.pdf\" target=\"_blank\" rel=\"noopener\">Download Product Sheet (PDF)<\/a><\/p>\n","protected":false},"featured_media":16351,"template":"","meta":[],"product_brand":[],"product_cat":[642,633],"product_tag":[],"class_list":{"0":"post-16350","1":"product","2":"type-product","3":"status-publish","4":"has-post-thumbnail","6":"product_cat-kontor-och-hemmakontor","7":"product_cat-ledning","9":"first","10":"instock","11":"sale","12":"taxable","13":"shipping-taxable","14":"purchasable","15":"product-type-variable","16":"has-default-attributes"},"yoast_head":"<!-- This site is optimized with the Yoast SEO plugin v27.1.1 - https:\/\/yoast.com\/product\/yoast-seo-wordpress\/ -->\n<title>BIOSWING 560 iQ DETENSOR - BIOSWING<\/title>\n<meta name=\"robots\" content=\"noindex, follow, max-snippet:-1, max-image-preview:large, max-video-preview:-1\" \/>\n<meta property=\"og:locale\" content=\"sv_SE\" \/>\n<meta property=\"og:type\" content=\"article\" \/>\n<meta property=\"og:title\" content=\"BIOSWING 560 iQ DETENSOR - BIOSWING\" \/>\n<meta property=\"og:description\" content=\"Att kunna justera din kontorsstol f\u00f6r att passa dina personliga m\u00e5tt mer exakt inneb\u00e4r att du kan f\u00f6rbli h\u00e4lsosammare och mer motiverad under l\u00e4ngre sittperioder. Det \u00e4r viktigt att stolen tar h\u00e4nsyn till din individuella anatomi och erbjuder tillr\u00e4ckliga m\u00f6jligheter till justering och anpassning. De viktigaste alternativen presenteras nedan.  En kontorsstol fr\u00e5n BIOSWING 5-serien erbjuder maximalt med r\u00f6relse. Tack vare de integrerade teknologierna reagerar BIOSWING 5-serien inte bara p\u00e5 varje r\u00f6relse fr\u00e5n anv\u00e4ndaren, utan anpassar sig ocks\u00e5 till varje h\u00e5llning som intas under en l\u00e5ng arbetsdag. F\u00f6r, som man s\u00e4ger: den b\u00e4sta h\u00e5llningen \u00e4r alltid den n\u00e4sta. Aktiv r\u00f6relse kombinerad med en rak h\u00e5llning \u00e4r bra f\u00f6r ryggraden. Med den individuellt justerbara sitsens lutning kan du anpassa lutningen p\u00e5 alla modeller fr\u00e5n 5-serien s\u00e5 att din ryggrad beh\u00e5ller sin naturliga S-form tack vare din b\u00e4ckenjustering.    Download Product Sheet (PDF)\" \/>\n<meta property=\"og:url\" content=\"https:\/\/staging.bioswing.ee\/sv\/toode\/560-iq-detensor\/\" \/>\n<meta property=\"og:site_name\" content=\"BIOSWING\" \/>\n<meta property=\"article:modified_time\" content=\"2024-11-28T12:16:34+00:00\" \/>\n<meta property=\"og:image\" content=\"https:\/\/bioswing.ee\/wp-content\/uploads\/2023\/04\/560_IQ_Detensor.jpg\" \/>\n\t<meta property=\"og:image:width\" content=\"1874\" \/>\n\t<meta property=\"og:image:height\" content=\"2500\" \/>\n\t<meta property=\"og:image:type\" content=\"image\/jpeg\" \/>\n<meta name=\"twitter:card\" content=\"summary_large_image\" \/>\n<script type=\"application\/ld+json\" class=\"yoast-schema-graph\">{\"@context\":\"https:\/\/schema.org\",\"@graph\":[{\"@type\":\"WebPage\",\"@id\":\"https:\/\/staging.bioswing.ee\/sv\/toode\/560-iq-detensor\/\",\"url\":\"https:\/\/staging.bioswing.ee\/sv\/toode\/560-iq-detensor\/\",\"name\":\"BIOSWING 560 iQ DETENSOR - BIOSWING\",\"isPartOf\":{\"@id\":\"https:\/\/staging.bioswing.ee\/sv\/#website\"},\"primaryImageOfPage\":{\"@id\":\"https:\/\/staging.bioswing.ee\/sv\/toode\/560-iq-detensor\/#primaryimage\"},\"image\":{\"@id\":\"https:\/\/staging.bioswing.ee\/sv\/toode\/560-iq-detensor\/#primaryimage\"},\"thumbnailUrl\":\"https:\/\/staging.bioswing.ee\/wp-content\/uploads\/2023\/04\/560_IQ_Detensor.jpg\",\"datePublished\":\"2023-04-13T12:36:39+00:00\",\"dateModified\":\"2024-11-28T12:16:34+00:00\",\"breadcrumb\":{\"@id\":\"https:\/\/staging.bioswing.ee\/sv\/toode\/560-iq-detensor\/#breadcrumb\"},\"inLanguage\":\"sv-SE\",\"potentialAction\":[{\"@type\":\"ReadAction\",\"target\":[\"https:\/\/staging.bioswing.ee\/sv\/toode\/560-iq-detensor\/\"]}]},{\"@type\":\"ImageObject\",\"inLanguage\":\"sv-SE\",\"@id\":\"https:\/\/staging.bioswing.ee\/sv\/toode\/560-iq-detensor\/#primaryimage\",\"url\":\"https:\/\/staging.bioswing.ee\/wp-content\/uploads\/2023\/04\/560_IQ_Detensor.jpg\",\"contentUrl\":\"https:\/\/staging.bioswing.ee\/wp-content\/uploads\/2023\/04\/560_IQ_Detensor.jpg\",\"width\":1874,\"height\":2500},{\"@type\":\"BreadcrumbList\",\"@id\":\"https:\/\/staging.bioswing.ee\/sv\/toode\/560-iq-detensor\/#breadcrumb\",\"itemListElement\":[{\"@type\":\"ListItem\",\"position\":1,\"name\":\"Home\",\"item\":\"https:\/\/bioswing.ee\/sv\/\"},{\"@type\":\"ListItem\",\"position\":2,\"name\":\"SHOP\",\"item\":\"https:\/\/bioswing.ee\/sv\/shop\/\"},{\"@type\":\"ListItem\",\"position\":3,\"name\":\"BIOSWING 560 iQ DETENSOR\"}]},{\"@type\":\"WebSite\",\"@id\":\"https:\/\/staging.bioswing.ee\/sv\/#website\",\"url\":\"https:\/\/staging.bioswing.ee\/sv\/\",\"name\":\"BIOSWING\",\"description\":\"Smart solutions for healthy sitting\",\"publisher\":{\"@id\":\"https:\/\/staging.bioswing.ee\/sv\/#organization\"},\"potentialAction\":[{\"@type\":\"SearchAction\",\"target\":{\"@type\":\"EntryPoint\",\"urlTemplate\":\"https:\/\/staging.bioswing.ee\/sv\/?s={search_term_string}\"},\"query-input\":{\"@type\":\"PropertyValueSpecification\",\"valueRequired\":true,\"valueName\":\"search_term_string\"}}],\"inLanguage\":\"sv-SE\"},{\"@type\":\"Organization\",\"@id\":\"https:\/\/staging.bioswing.ee\/sv\/#organization\",\"name\":\"BIOSWING\",\"url\":\"https:\/\/staging.bioswing.ee\/sv\/\",\"logo\":{\"@type\":\"ImageObject\",\"inLanguage\":\"sv-SE\",\"@id\":\"https:\/\/staging.bioswing.ee\/sv\/#\/schema\/logo\/image\/\",\"url\":\"https:\/\/staging.bioswing.ee\/wp-content\/uploads\/2023\/04\/logo_web.png\",\"contentUrl\":\"https:\/\/staging.bioswing.ee\/wp-content\/uploads\/2023\/04\/logo_web.png\",\"width\":140,\"height\":122,\"caption\":\"BIOSWING\"},\"image\":{\"@id\":\"https:\/\/staging.bioswing.ee\/sv\/#\/schema\/logo\/image\/\"}}]}<\/script>\n<!-- \/ Yoast SEO plugin. -->","yoast_head_json":{"title":"BIOSWING 560 iQ DETENSOR - BIOSWING","robots":{"index":"noindex","follow":"follow","max-snippet":"max-snippet:-1","max-image-preview":"max-image-preview:large","max-video-preview":"max-video-preview:-1"},"og_locale":"sv_SE","og_type":"article","og_title":"BIOSWING 560 iQ DETENSOR - BIOSWING","og_description":"Att kunna justera din kontorsstol f\u00f6r att passa dina personliga m\u00e5tt mer exakt inneb\u00e4r att du kan f\u00f6rbli h\u00e4lsosammare och mer motiverad under l\u00e4ngre sittperioder. Det \u00e4r viktigt att stolen tar h\u00e4nsyn till din individuella anatomi och erbjuder tillr\u00e4ckliga m\u00f6jligheter till justering och anpassning. De viktigaste alternativen presenteras nedan.  En kontorsstol fr\u00e5n BIOSWING 5-serien erbjuder maximalt med r\u00f6relse. Tack vare de integrerade teknologierna reagerar BIOSWING 5-serien inte bara p\u00e5 varje r\u00f6relse fr\u00e5n anv\u00e4ndaren, utan anpassar sig ocks\u00e5 till varje h\u00e5llning som intas under en l\u00e5ng arbetsdag. F\u00f6r, som man s\u00e4ger: den b\u00e4sta h\u00e5llningen \u00e4r alltid den n\u00e4sta. Aktiv r\u00f6relse kombinerad med en rak h\u00e5llning \u00e4r bra f\u00f6r ryggraden. Med den individuellt justerbara sitsens lutning kan du anpassa lutningen p\u00e5 alla modeller fr\u00e5n 5-serien s\u00e5 att din ryggrad beh\u00e5ller sin naturliga S-form tack vare din b\u00e4ckenjustering.    Download Product Sheet (PDF)","og_url":"https:\/\/staging.bioswing.ee\/sv\/toode\/560-iq-detensor\/","og_site_name":"BIOSWING","article_modified_time":"2024-11-28T12:16:34+00:00","og_image":[{"width":1874,"height":2500,"url":"https:\/\/bioswing.ee\/wp-content\/uploads\/2023\/04\/560_IQ_Detensor.jpg","type":"image\/jpeg"}],"twitter_card":"summary_large_image","schema":{"@context":"https:\/\/schema.org","@graph":[{"@type":"WebPage","@id":"https:\/\/staging.bioswing.ee\/sv\/toode\/560-iq-detensor\/","url":"https:\/\/staging.bioswing.ee\/sv\/toode\/560-iq-detensor\/","name":"BIOSWING 560 iQ DETENSOR - BIOSWING","isPartOf":{"@id":"https:\/\/staging.bioswing.ee\/sv\/#website"},"primaryImageOfPage":{"@id":"https:\/\/staging.bioswing.ee\/sv\/toode\/560-iq-detensor\/#primaryimage"},"image":{"@id":"https:\/\/staging.bioswing.ee\/sv\/toode\/560-iq-detensor\/#primaryimage"},"thumbnailUrl":"https:\/\/staging.bioswing.ee\/wp-content\/uploads\/2023\/04\/560_IQ_Detensor.jpg","datePublished":"2023-04-13T12:36:39+00:00","dateModified":"2024-11-28T12:16:34+00:00","breadcrumb":{"@id":"https:\/\/staging.bioswing.ee\/sv\/toode\/560-iq-detensor\/#breadcrumb"},"inLanguage":"sv-SE","potentialAction":[{"@type":"ReadAction","target":["https:\/\/staging.bioswing.ee\/sv\/toode\/560-iq-detensor\/"]}]},{"@type":"ImageObject","inLanguage":"sv-SE","@id":"https:\/\/staging.bioswing.ee\/sv\/toode\/560-iq-detensor\/#primaryimage","url":"https:\/\/staging.bioswing.ee\/wp-content\/uploads\/2023\/04\/560_IQ_Detensor.jpg","contentUrl":"https:\/\/staging.bioswing.ee\/wp-content\/uploads\/2023\/04\/560_IQ_Detensor.jpg","width":1874,"height":2500},{"@type":"BreadcrumbList","@id":"https:\/\/staging.bioswing.ee\/sv\/toode\/560-iq-detensor\/#breadcrumb","itemListElement":[{"@type":"ListItem","position":1,"name":"Home","item":"https:\/\/bioswing.ee\/sv\/"},{"@type":"ListItem","position":2,"name":"SHOP","item":"https:\/\/bioswing.ee\/sv\/shop\/"},{"@type":"ListItem","position":3,"name":"BIOSWING 560 iQ DETENSOR"}]},{"@type":"WebSite","@id":"https:\/\/staging.bioswing.ee\/sv\/#website","url":"https:\/\/staging.bioswing.ee\/sv\/","name":"BIOSWING","description":"Smart solutions for healthy sitting","publisher":{"@id":"https:\/\/staging.bioswing.ee\/sv\/#organization"},"potentialAction":[{"@type":"SearchAction","target":{"@type":"EntryPoint","urlTemplate":"https:\/\/staging.bioswing.ee\/sv\/?s={search_term_string}"},"query-input":{"@type":"PropertyValueSpecification","valueRequired":true,"valueName":"search_term_string"}}],"inLanguage":"sv-SE"},{"@type":"Organization","@id":"https:\/\/staging.bioswing.ee\/sv\/#organization","name":"BIOSWING","url":"https:\/\/staging.bioswing.ee\/sv\/","logo":{"@type":"ImageObject","inLanguage":"sv-SE","@id":"https:\/\/staging.bioswing.ee\/sv\/#\/schema\/logo\/image\/","url":"https:\/\/staging.bioswing.ee\/wp-content\/uploads\/2023\/04\/logo_web.png","contentUrl":"https:\/\/staging.bioswing.ee\/wp-content\/uploads\/2023\/04\/logo_web.png","width":140,"height":122,"caption":"BIOSWING"},"image":{"@id":"https:\/\/staging.bioswing.ee\/sv\/#\/schema\/logo\/image\/"}}]}},"_links":{"self":[{"href":"https:\/\/staging.bioswing.ee\/sv\/wp-json\/wp\/v2\/product\/16350","targetHints":{"allow":["GET"]}}],"collection":[{"href":"https:\/\/staging.bioswing.ee\/sv\/wp-json\/wp\/v2\/product"}],"about":[{"href":"https:\/\/staging.bioswing.ee\/sv\/wp-json\/wp\/v2\/types\/product"}],"wp:featuredmedia":[{"embeddable":true,"href":"https:\/\/staging.bioswing.ee\/sv\/wp-json\/wp\/v2\/media\/16351"}],"wp:attachment":[{"href":"https:\/\/staging.bioswing.ee\/sv\/wp-json\/wp\/v2\/media?parent=16350"}],"wp:term":[{"taxonomy":"product_brand","embeddable":true,"href":"https:\/\/staging.bioswing.ee\/sv\/wp-json\/wp\/v2\/product_brand?post=16350"},{"taxonomy":"product_cat","embeddable":true,"href":"https:\/\/staging.bioswing.ee\/sv\/wp-json\/wp\/v2\/product_cat?post=16350"},{"taxonomy":"product_tag","embeddable":true,"href":"https:\/\/staging.bioswing.ee\/sv\/wp-json\/wp\/v2\/product_tag?post=16350"}],"curies":[{"name":"wp","href":"https:\/\/api.w.org\/{rel}","templated":true}]}}