{"id":16455,"date":"2023-04-13T12:57:48","date_gmt":"2023-04-13T12:57:48","guid":{"rendered":"https:\/\/staging.bioswing.ee\/toode\/660-iq-mesh\/"},"modified":"2024-11-28T12:24:51","modified_gmt":"2024-11-28T12:24:51","slug":"660-iq-mesh","status":"publish","type":"product","link":"https:\/\/staging.bioswing.ee\/sv\/toode\/660-iq-mesh\/","title":{"rendered":"BIOSWING 660 iQ MESH"},"content":{"rendered":"<h3>BIOSWING 660 iQ MESH<\/h3>\n<ul>\n<li>Ergonomisk kontorsstol med ortopedisk effekt<\/li>\n<li>Integrerad, adaptiv 3D-sitsmekanism<\/li>\n<li>Synkronmekanism med automatisk viktjustering (med finjustering)<\/li>\n<li>3D-armst\u00f6d f\u00f6r multifunktionell justering som passar olika arbetspositioner<\/li>\n<li>Individuell sittvinkeljustering med gasfj\u00e4der, st\u00e4ndigt justerbar<\/li>\n<li>Ytterligare b\u00e4ckenstabilisator<\/li>\n<li>Sittdjupet kan justeras f\u00f6r att passa benl\u00e4ngden<\/li>\n<li>Ryggst\u00f6d med justerbar h\u00f6jd, dessutom med l\u00e4ndryggsst\u00f6d med individuellt justerbar kurva<\/li>\n<li>3D nackst\u00f6d med kontinuerlig justering av h\u00f6jd, djup och lutning<\/li>\n<li>Ryggst\u00f6dets h\u00f6jd: 60 cm<\/li>\n<li>Tyg\u00f6verdrag: Step, olika f\u00e4rger<\/li>\n<li>Stj\u00e4rnfot: Aluminium, polerad<\/li>\n<\/ul>\n<p><iframe title=\"YouTube video player\" src=\"https:\/\/www.youtube.com\/embed\/HZcjV5Wtxhk\" width=\"100%\" height=\"450\" frameborder=\"0\" allowfullscreen=\"allowfullscreen\"><\/iframe><\/p>\n<p><iframe title=\"YouTube video player\" src=\"https:\/\/www.youtube.com\/embed\/RdAkGYfQRU0?si=iZjPFPN7BfNfVNQH\" width=\"100%\" height=\"450\" frameborder=\"0\" allowfullscreen=\"allowfullscreen\"><\/iframe><\/p>\n","protected":false},"excerpt":{"rendered":"<h4>Om du beh\u00f6ver prestera p\u00e5 topp varje dag beh\u00f6ver du en kontorsstol som kan mer: BIOSWING, prestationsh\u00f6jaren.<\/h4>\n<p>P\u00e5 denna sida kan du l\u00e4sa allt om hur denna teknologi kan hj\u00e4lpa dig att <strong>\u00f6ka din prestation<\/strong>.<br \/>Det \u00e4r viktigt att stolen tar h\u00e4nsyn till <strong>individuell anatomi <\/strong>och erbjuder perfekta m\u00f6jligheter f\u00f6r justering.<\/p>\n<h4>En BIOSWING 6-serie kontorsstol ger maximal extra r\u00f6relse.<\/h4>\n<p>Tack vare de sofistikerade integrerade mekanismerna reagerar 6-serien inte bara p\u00e5 varje r\u00f6relseimpuls fr\u00e5n dig, utan anpassar sig ocks\u00e5 med imponerande f\u00f6ljsamhet till varje h\u00e5llning du antar under en l\u00e5ng dag.<br \/>Aktiv r\u00f6relse och regelbundna h\u00e5llnings\u00e4ndringar \u00e4r bra f\u00f6r ryggraden. Med den <strong>individuellt justerbara sitslutningen och b\u00e4ckenstabilisatorn<\/strong> med en underbart mjuk respons kan du <strong>enkelt justera<\/strong> b\u00e4ckenet korrekt och samtidigt placera ryggraden i dess <strong>naturliga S-form<\/strong>. Detta aktiverar ytterligare potential f\u00f6r b\u00e5de kropp och sinne.<\/p>\n<p><img decoding=\"async\" class=\"alignnone wp-image-916\" src=\"https:\/\/staging.bioswing.ee\/wp-content\/uploads\/2023\/04\/pdf.png\" alt=\"pdf\" width=\"19\" height=\"20\"> <a href=\"https:\/\/staging.bioswing.ee\/wp-content\/uploads\/2023\/04\/produktblatt_660_v05_EN.pdf\" target=\"_blank\" rel=\"noopener\">Download Product Sheet (PDF)<\/a><\/p>\n","protected":false},"featured_media":18430,"template":"","meta":[],"product_brand":[],"product_cat":[633],"product_tag":[],"class_list":{"0":"post-16455","1":"product","2":"type-product","3":"status-publish","4":"has-post-thumbnail","6":"product_cat-ledning","8":"first","9":"instock","10":"sale","11":"taxable","12":"shipping-taxable","13":"purchasable","14":"product-type-variable","15":"has-default-attributes"},"yoast_head":"<!-- This site is optimized with the Yoast SEO plugin v27.1.1 - https:\/\/yoast.com\/product\/yoast-seo-wordpress\/ -->\n<title>BIOSWING 660 iQ MESH - BIOSWING<\/title>\n<meta name=\"robots\" content=\"noindex, follow, max-snippet:-1, max-image-preview:large, max-video-preview:-1\" \/>\n<meta property=\"og:locale\" content=\"sv_SE\" \/>\n<meta property=\"og:type\" content=\"article\" \/>\n<meta property=\"og:title\" content=\"BIOSWING 660 iQ MESH - BIOSWING\" \/>\n<meta property=\"og:description\" content=\"Om du beh\u00f6ver prestera p\u00e5 topp varje dag beh\u00f6ver du en kontorsstol som kan mer: BIOSWING, prestationsh\u00f6jaren. P\u00e5 denna sida kan du l\u00e4sa allt om hur denna teknologi kan hj\u00e4lpa dig att \u00f6ka din prestation.Det \u00e4r viktigt att stolen tar h\u00e4nsyn till individuell anatomi och erbjuder perfekta m\u00f6jligheter f\u00f6r justering.  En BIOSWING 6-serie kontorsstol ger maximal extra r\u00f6relse. Tack vare de sofistikerade integrerade mekanismerna reagerar 6-serien inte bara p\u00e5 varje r\u00f6relseimpuls fr\u00e5n dig, utan anpassar sig ocks\u00e5 med imponerande f\u00f6ljsamhet till varje h\u00e5llning du antar under en l\u00e5ng dag.Aktiv r\u00f6relse och regelbundna h\u00e5llnings\u00e4ndringar \u00e4r bra f\u00f6r ryggraden. Med den individuellt justerbara sitslutningen och b\u00e4ckenstabilisatorn med en underbart mjuk respons kan du enkelt justera b\u00e4ckenet korrekt och samtidigt placera ryggraden i dess naturliga S-form. Detta aktiverar ytterligare potential f\u00f6r b\u00e5de kropp och sinne.    Download Product Sheet (PDF)\" \/>\n<meta property=\"og:url\" content=\"https:\/\/staging.bioswing.ee\/sv\/toode\/660-iq-mesh\/\" \/>\n<meta property=\"og:site_name\" content=\"BIOSWING\" \/>\n<meta property=\"article:modified_time\" content=\"2024-11-28T12:24:51+00:00\" \/>\n<meta property=\"og:image\" content=\"https:\/\/bioswing.ee\/wp-content\/uploads\/2023\/04\/660_IQ_Netz_v2.jpg\" \/>\n\t<meta property=\"og:image:width\" content=\"1874\" \/>\n\t<meta property=\"og:image:height\" content=\"2500\" \/>\n\t<meta property=\"og:image:type\" content=\"image\/jpeg\" \/>\n<meta name=\"twitter:card\" content=\"summary_large_image\" \/>\n<script type=\"application\/ld+json\" class=\"yoast-schema-graph\">{\"@context\":\"https:\/\/schema.org\",\"@graph\":[{\"@type\":\"WebPage\",\"@id\":\"https:\/\/staging.bioswing.ee\/sv\/toode\/660-iq-mesh\/\",\"url\":\"https:\/\/staging.bioswing.ee\/sv\/toode\/660-iq-mesh\/\",\"name\":\"BIOSWING 660 iQ MESH - BIOSWING\",\"isPartOf\":{\"@id\":\"https:\/\/staging.bioswing.ee\/sv\/#website\"},\"primaryImageOfPage\":{\"@id\":\"https:\/\/staging.bioswing.ee\/sv\/toode\/660-iq-mesh\/#primaryimage\"},\"image\":{\"@id\":\"https:\/\/staging.bioswing.ee\/sv\/toode\/660-iq-mesh\/#primaryimage\"},\"thumbnailUrl\":\"https:\/\/staging.bioswing.ee\/wp-content\/uploads\/2023\/04\/660_IQ_Netz_v2.jpg\",\"datePublished\":\"2023-04-13T12:57:48+00:00\",\"dateModified\":\"2024-11-28T12:24:51+00:00\",\"breadcrumb\":{\"@id\":\"https:\/\/staging.bioswing.ee\/sv\/toode\/660-iq-mesh\/#breadcrumb\"},\"inLanguage\":\"sv-SE\",\"potentialAction\":[{\"@type\":\"ReadAction\",\"target\":[\"https:\/\/staging.bioswing.ee\/sv\/toode\/660-iq-mesh\/\"]}]},{\"@type\":\"ImageObject\",\"inLanguage\":\"sv-SE\",\"@id\":\"https:\/\/staging.bioswing.ee\/sv\/toode\/660-iq-mesh\/#primaryimage\",\"url\":\"https:\/\/staging.bioswing.ee\/wp-content\/uploads\/2023\/04\/660_IQ_Netz_v2.jpg\",\"contentUrl\":\"https:\/\/staging.bioswing.ee\/wp-content\/uploads\/2023\/04\/660_IQ_Netz_v2.jpg\",\"width\":1874,\"height\":2500},{\"@type\":\"BreadcrumbList\",\"@id\":\"https:\/\/staging.bioswing.ee\/sv\/toode\/660-iq-mesh\/#breadcrumb\",\"itemListElement\":[{\"@type\":\"ListItem\",\"position\":1,\"name\":\"Home\",\"item\":\"https:\/\/bioswing.ee\/sv\/\"},{\"@type\":\"ListItem\",\"position\":2,\"name\":\"SHOP\",\"item\":\"https:\/\/bioswing.ee\/sv\/shop\/\"},{\"@type\":\"ListItem\",\"position\":3,\"name\":\"BIOSWING 660 iQ MESH\"}]},{\"@type\":\"WebSite\",\"@id\":\"https:\/\/staging.bioswing.ee\/sv\/#website\",\"url\":\"https:\/\/staging.bioswing.ee\/sv\/\",\"name\":\"BIOSWING\",\"description\":\"Smart solutions for healthy sitting\",\"publisher\":{\"@id\":\"https:\/\/staging.bioswing.ee\/sv\/#organization\"},\"potentialAction\":[{\"@type\":\"SearchAction\",\"target\":{\"@type\":\"EntryPoint\",\"urlTemplate\":\"https:\/\/staging.bioswing.ee\/sv\/?s={search_term_string}\"},\"query-input\":{\"@type\":\"PropertyValueSpecification\",\"valueRequired\":true,\"valueName\":\"search_term_string\"}}],\"inLanguage\":\"sv-SE\"},{\"@type\":\"Organization\",\"@id\":\"https:\/\/staging.bioswing.ee\/sv\/#organization\",\"name\":\"BIOSWING\",\"url\":\"https:\/\/staging.bioswing.ee\/sv\/\",\"logo\":{\"@type\":\"ImageObject\",\"inLanguage\":\"sv-SE\",\"@id\":\"https:\/\/staging.bioswing.ee\/sv\/#\/schema\/logo\/image\/\",\"url\":\"https:\/\/staging.bioswing.ee\/wp-content\/uploads\/2023\/04\/logo_web.png\",\"contentUrl\":\"https:\/\/staging.bioswing.ee\/wp-content\/uploads\/2023\/04\/logo_web.png\",\"width\":140,\"height\":122,\"caption\":\"BIOSWING\"},\"image\":{\"@id\":\"https:\/\/staging.bioswing.ee\/sv\/#\/schema\/logo\/image\/\"}}]}<\/script>\n<!-- \/ Yoast SEO plugin. -->","yoast_head_json":{"title":"BIOSWING 660 iQ MESH - BIOSWING","robots":{"index":"noindex","follow":"follow","max-snippet":"max-snippet:-1","max-image-preview":"max-image-preview:large","max-video-preview":"max-video-preview:-1"},"og_locale":"sv_SE","og_type":"article","og_title":"BIOSWING 660 iQ MESH - BIOSWING","og_description":"Om du beh\u00f6ver prestera p\u00e5 topp varje dag beh\u00f6ver du en kontorsstol som kan mer: BIOSWING, prestationsh\u00f6jaren. P\u00e5 denna sida kan du l\u00e4sa allt om hur denna teknologi kan hj\u00e4lpa dig att \u00f6ka din prestation.Det \u00e4r viktigt att stolen tar h\u00e4nsyn till individuell anatomi och erbjuder perfekta m\u00f6jligheter f\u00f6r justering.  En BIOSWING 6-serie kontorsstol ger maximal extra r\u00f6relse. Tack vare de sofistikerade integrerade mekanismerna reagerar 6-serien inte bara p\u00e5 varje r\u00f6relseimpuls fr\u00e5n dig, utan anpassar sig ocks\u00e5 med imponerande f\u00f6ljsamhet till varje h\u00e5llning du antar under en l\u00e5ng dag.Aktiv r\u00f6relse och regelbundna h\u00e5llnings\u00e4ndringar \u00e4r bra f\u00f6r ryggraden. Med den individuellt justerbara sitslutningen och b\u00e4ckenstabilisatorn med en underbart mjuk respons kan du enkelt justera b\u00e4ckenet korrekt och samtidigt placera ryggraden i dess naturliga S-form. Detta aktiverar ytterligare potential f\u00f6r b\u00e5de kropp och sinne.    Download Product Sheet (PDF)","og_url":"https:\/\/staging.bioswing.ee\/sv\/toode\/660-iq-mesh\/","og_site_name":"BIOSWING","article_modified_time":"2024-11-28T12:24:51+00:00","og_image":[{"width":1874,"height":2500,"url":"https:\/\/bioswing.ee\/wp-content\/uploads\/2023\/04\/660_IQ_Netz_v2.jpg","type":"image\/jpeg"}],"twitter_card":"summary_large_image","schema":{"@context":"https:\/\/schema.org","@graph":[{"@type":"WebPage","@id":"https:\/\/staging.bioswing.ee\/sv\/toode\/660-iq-mesh\/","url":"https:\/\/staging.bioswing.ee\/sv\/toode\/660-iq-mesh\/","name":"BIOSWING 660 iQ MESH - BIOSWING","isPartOf":{"@id":"https:\/\/staging.bioswing.ee\/sv\/#website"},"primaryImageOfPage":{"@id":"https:\/\/staging.bioswing.ee\/sv\/toode\/660-iq-mesh\/#primaryimage"},"image":{"@id":"https:\/\/staging.bioswing.ee\/sv\/toode\/660-iq-mesh\/#primaryimage"},"thumbnailUrl":"https:\/\/staging.bioswing.ee\/wp-content\/uploads\/2023\/04\/660_IQ_Netz_v2.jpg","datePublished":"2023-04-13T12:57:48+00:00","dateModified":"2024-11-28T12:24:51+00:00","breadcrumb":{"@id":"https:\/\/staging.bioswing.ee\/sv\/toode\/660-iq-mesh\/#breadcrumb"},"inLanguage":"sv-SE","potentialAction":[{"@type":"ReadAction","target":["https:\/\/staging.bioswing.ee\/sv\/toode\/660-iq-mesh\/"]}]},{"@type":"ImageObject","inLanguage":"sv-SE","@id":"https:\/\/staging.bioswing.ee\/sv\/toode\/660-iq-mesh\/#primaryimage","url":"https:\/\/staging.bioswing.ee\/wp-content\/uploads\/2023\/04\/660_IQ_Netz_v2.jpg","contentUrl":"https:\/\/staging.bioswing.ee\/wp-content\/uploads\/2023\/04\/660_IQ_Netz_v2.jpg","width":1874,"height":2500},{"@type":"BreadcrumbList","@id":"https:\/\/staging.bioswing.ee\/sv\/toode\/660-iq-mesh\/#breadcrumb","itemListElement":[{"@type":"ListItem","position":1,"name":"Home","item":"https:\/\/bioswing.ee\/sv\/"},{"@type":"ListItem","position":2,"name":"SHOP","item":"https:\/\/bioswing.ee\/sv\/shop\/"},{"@type":"ListItem","position":3,"name":"BIOSWING 660 iQ MESH"}]},{"@type":"WebSite","@id":"https:\/\/staging.bioswing.ee\/sv\/#website","url":"https:\/\/staging.bioswing.ee\/sv\/","name":"BIOSWING","description":"Smart solutions for healthy sitting","publisher":{"@id":"https:\/\/staging.bioswing.ee\/sv\/#organization"},"potentialAction":[{"@type":"SearchAction","target":{"@type":"EntryPoint","urlTemplate":"https:\/\/staging.bioswing.ee\/sv\/?s={search_term_string}"},"query-input":{"@type":"PropertyValueSpecification","valueRequired":true,"valueName":"search_term_string"}}],"inLanguage":"sv-SE"},{"@type":"Organization","@id":"https:\/\/staging.bioswing.ee\/sv\/#organization","name":"BIOSWING","url":"https:\/\/staging.bioswing.ee\/sv\/","logo":{"@type":"ImageObject","inLanguage":"sv-SE","@id":"https:\/\/staging.bioswing.ee\/sv\/#\/schema\/logo\/image\/","url":"https:\/\/staging.bioswing.ee\/wp-content\/uploads\/2023\/04\/logo_web.png","contentUrl":"https:\/\/staging.bioswing.ee\/wp-content\/uploads\/2023\/04\/logo_web.png","width":140,"height":122,"caption":"BIOSWING"},"image":{"@id":"https:\/\/staging.bioswing.ee\/sv\/#\/schema\/logo\/image\/"}}]}},"_links":{"self":[{"href":"https:\/\/staging.bioswing.ee\/sv\/wp-json\/wp\/v2\/product\/16455","targetHints":{"allow":["GET"]}}],"collection":[{"href":"https:\/\/staging.bioswing.ee\/sv\/wp-json\/wp\/v2\/product"}],"about":[{"href":"https:\/\/staging.bioswing.ee\/sv\/wp-json\/wp\/v2\/types\/product"}],"wp:featuredmedia":[{"embeddable":true,"href":"https:\/\/staging.bioswing.ee\/sv\/wp-json\/wp\/v2\/media\/18430"}],"wp:attachment":[{"href":"https:\/\/staging.bioswing.ee\/sv\/wp-json\/wp\/v2\/media?parent=16455"}],"wp:term":[{"taxonomy":"product_brand","embeddable":true,"href":"https:\/\/staging.bioswing.ee\/sv\/wp-json\/wp\/v2\/product_brand?post=16455"},{"taxonomy":"product_cat","embeddable":true,"href":"https:\/\/staging.bioswing.ee\/sv\/wp-json\/wp\/v2\/product_cat?post=16455"},{"taxonomy":"product_tag","embeddable":true,"href":"https:\/\/staging.bioswing.ee\/sv\/wp-json\/wp\/v2\/product_tag?post=16455"}],"curies":[{"name":"wp","href":"https:\/\/api.w.org\/{rel}","templated":true}]}}