{"id":17109,"date":"2023-11-16T11:47:03","date_gmt":"2023-11-16T11:47:03","guid":{"rendered":"https:\/\/staging.bioswing.ee\/toode\/bioswing-loop\/"},"modified":"2024-11-28T13:19:58","modified_gmt":"2024-11-28T13:19:58","slug":"bioswing-loop","status":"publish","type":"product","link":"https:\/\/staging.bioswing.ee\/sv\/toode\/bioswing-loop\/","title":{"rendered":"BIOSWING LOOP"},"content":{"rendered":"<p><strong>BIOSWING LOOP<\/strong><\/p>\n<ul>\n<li>En ergonomisk och ortopediskt effektiv universalstol f\u00f6r kontor och hemmakontor<\/li>\n<li>Integrerat, anpassningsbart 3D-sitsystem<\/li>\n<li>Automatisk h\u00e5llningskompensation<\/li>\n<li>Tyg\u00f6verdrag: Xtreme-FR svart (YS009) eller ljusgr\u00e5 (YS094)<\/li>\n<li>Armst\u00f6d (fast h\u00f6jd), polerad aluminium<\/li>\n<li>Bas: polerad aluminium<\/li>\n<li>Hjul: \u00f8 6 cm<\/li>\n<\/ul>\n<div style=\"width: 1200px;\" class=\"wp-video\"><video class=\"wp-video-shortcode\" id=\"video-17109-1\" width=\"1200\" height=\"675\" loop autoplay preload=\"metadata\" controls=\"controls\"><source type=\"video\/mp4\" src=\"https:\/\/staging.bioswing.ee\/wp-content\/uploads\/2023\/11\/website-loop_klein.mp4?_=1\" \/><a href=\"https:\/\/staging.bioswing.ee\/wp-content\/uploads\/2023\/11\/website-loop_klein.mp4\">https:\/\/staging.bioswing.ee\/wp-content\/uploads\/2023\/11\/website-loop_klein.mp4<\/a><\/video><\/div>\n<p><iframe title=\"YouTube video player\" src=\"https:\/\/www.youtube.com\/embed\/RdAkGYfQRU0?si=iZjPFPN7BfNfVNQH\" width=\"100%\" height=\"450\" frameborder=\"0\" allowfullscreen=\"allowfullscreen\"><\/iframe><\/p>\n","protected":false},"excerpt":{"rendered":"<h2>LOOP \u2013 En intelligent l\u00f6sning som kombinerar stil och ergonomi.<\/h2>\n<p>Forskning har visat att v\u00e5r fysiska och mentala kapacitet \u00e4r direkt kopplad till v\u00e5r fysiska aktivitet. Kort sagt: Ju mer vi r\u00f6r p\u00e5 oss, desto mer kapabla och kreativa blir vi <\/p>\n<h3>BIOSWING LOOP, med sina eleganta, harmoniska och mycket l\u00e4tta r\u00f6relser, fungerar som en f\u00f6rst\u00e4rkare f\u00f6r b\u00e5de kropp och sj\u00e4l.<\/h3>\n<p>Stolens <strong>integrerade och anpassningsbara<\/strong> <strong>3D-sitsystem<\/strong> speglar varje r\u00f6relse din kropp g\u00f6r \u2013 till och med de minsta, som hj\u00e4rtslag och andning \u2013 och skickar d\u00e4rmed kontinuerliga r\u00f6relsesignaler till din <strong>hj\u00e4rna<\/strong>.<br \/>I hj\u00e4rnan omdirigeras dessa <strong>signaler hierarkiskt<\/strong> <strong>till olika datal\u00e4nkar och integreras i n\u00e4tverkssystemet i hj\u00e4rnans r\u00f6relsecenter<\/strong>. Den unika BIOSWING-teknologin aktiverar automatiskt dessa n\u00e4tverk, \u00e4ven n\u00e4r du sitter, och st\u00e4rker din kreativitet och prestation.<\/p>\n","protected":false},"featured_media":17116,"template":"","meta":[],"product_brand":[],"product_cat":[642,636],"product_tag":[],"class_list":{"0":"post-17109","1":"product","2":"type-product","3":"status-publish","4":"has-post-thumbnail","6":"product_cat-kontor-och-hemmakontor","7":"product_cat-mote","9":"first","10":"instock","11":"taxable","12":"shipping-taxable","13":"purchasable","14":"product-type-variable"},"yoast_head":"<!-- This site is optimized with the Yoast SEO plugin v27.1.1 - https:\/\/yoast.com\/product\/yoast-seo-wordpress\/ -->\n<title>BIOSWING LOOP - BIOSWING<\/title>\n<meta name=\"robots\" content=\"noindex, follow, max-snippet:-1, max-image-preview:large, max-video-preview:-1\" \/>\n<meta property=\"og:locale\" content=\"sv_SE\" \/>\n<meta property=\"og:type\" content=\"article\" \/>\n<meta property=\"og:title\" content=\"BIOSWING LOOP - BIOSWING\" \/>\n<meta property=\"og:description\" content=\"LOOP \u2013 En intelligent l\u00f6sning som kombinerar stil och ergonomi. Forskning har visat att v\u00e5r fysiska och mentala kapacitet \u00e4r direkt kopplad till v\u00e5r fysiska aktivitet. Kort sagt: Ju mer vi r\u00f6r p\u00e5 oss, desto mer kapabla och kreativa blir vi BIOSWING LOOP, med sina eleganta, harmoniska och mycket l\u00e4tta r\u00f6relser, fungerar som en f\u00f6rst\u00e4rkare f\u00f6r b\u00e5de kropp och sj\u00e4l. Stolens integrerade och anpassningsbara 3D-sitsystem speglar varje r\u00f6relse din kropp g\u00f6r \u2013 till och med de minsta, som hj\u00e4rtslag och andning \u2013 och skickar d\u00e4rmed kontinuerliga r\u00f6relsesignaler till din hj\u00e4rna.I hj\u00e4rnan omdirigeras dessa signaler hierarkiskt till olika datal\u00e4nkar och integreras i n\u00e4tverkssystemet i hj\u00e4rnans r\u00f6relsecenter. Den unika BIOSWING-teknologin aktiverar automatiskt dessa n\u00e4tverk, \u00e4ven n\u00e4r du sitter, och st\u00e4rker din kreativitet och prestation.\" \/>\n<meta property=\"og:url\" content=\"https:\/\/staging.bioswing.ee\/sv\/toode\/bioswing-loop\/\" \/>\n<meta property=\"og:site_name\" content=\"BIOSWING\" \/>\n<meta property=\"article:modified_time\" content=\"2024-11-28T13:19:58+00:00\" \/>\n<meta property=\"og:image\" content=\"https:\/\/bioswing.ee\/wp-content\/uploads\/2023\/11\/Loop_Produkt_Rollen_02-1.jpg\" \/>\n\t<meta property=\"og:image:width\" content=\"1874\" \/>\n\t<meta property=\"og:image:height\" content=\"2500\" \/>\n\t<meta property=\"og:image:type\" content=\"image\/jpeg\" \/>\n<meta name=\"twitter:card\" content=\"summary_large_image\" \/>\n<script type=\"application\/ld+json\" class=\"yoast-schema-graph\">{\"@context\":\"https:\/\/schema.org\",\"@graph\":[{\"@type\":\"WebPage\",\"@id\":\"https:\/\/staging.bioswing.ee\/sv\/toode\/bioswing-loop\/\",\"url\":\"https:\/\/staging.bioswing.ee\/sv\/toode\/bioswing-loop\/\",\"name\":\"BIOSWING LOOP - BIOSWING\",\"isPartOf\":{\"@id\":\"https:\/\/staging.bioswing.ee\/sv\/#website\"},\"primaryImageOfPage\":{\"@id\":\"https:\/\/staging.bioswing.ee\/sv\/toode\/bioswing-loop\/#primaryimage\"},\"image\":{\"@id\":\"https:\/\/staging.bioswing.ee\/sv\/toode\/bioswing-loop\/#primaryimage\"},\"thumbnailUrl\":\"https:\/\/staging.bioswing.ee\/wp-content\/uploads\/2023\/11\/Loop_Produkt_Rollen_02-1.jpg\",\"datePublished\":\"2023-11-16T11:47:03+00:00\",\"dateModified\":\"2024-11-28T13:19:58+00:00\",\"breadcrumb\":{\"@id\":\"https:\/\/staging.bioswing.ee\/sv\/toode\/bioswing-loop\/#breadcrumb\"},\"inLanguage\":\"sv-SE\",\"potentialAction\":[{\"@type\":\"ReadAction\",\"target\":[\"https:\/\/staging.bioswing.ee\/sv\/toode\/bioswing-loop\/\"]}]},{\"@type\":\"ImageObject\",\"inLanguage\":\"sv-SE\",\"@id\":\"https:\/\/staging.bioswing.ee\/sv\/toode\/bioswing-loop\/#primaryimage\",\"url\":\"https:\/\/staging.bioswing.ee\/wp-content\/uploads\/2023\/11\/Loop_Produkt_Rollen_02-1.jpg\",\"contentUrl\":\"https:\/\/staging.bioswing.ee\/wp-content\/uploads\/2023\/11\/Loop_Produkt_Rollen_02-1.jpg\",\"width\":1874,\"height\":2500},{\"@type\":\"BreadcrumbList\",\"@id\":\"https:\/\/staging.bioswing.ee\/sv\/toode\/bioswing-loop\/#breadcrumb\",\"itemListElement\":[{\"@type\":\"ListItem\",\"position\":1,\"name\":\"Home\",\"item\":\"https:\/\/bioswing.ee\/sv\/\"},{\"@type\":\"ListItem\",\"position\":2,\"name\":\"SHOP\",\"item\":\"https:\/\/bioswing.ee\/sv\/shop\/\"},{\"@type\":\"ListItem\",\"position\":3,\"name\":\"BIOSWING LOOP\"}]},{\"@type\":\"WebSite\",\"@id\":\"https:\/\/staging.bioswing.ee\/sv\/#website\",\"url\":\"https:\/\/staging.bioswing.ee\/sv\/\",\"name\":\"BIOSWING\",\"description\":\"Smart solutions for healthy sitting\",\"publisher\":{\"@id\":\"https:\/\/staging.bioswing.ee\/sv\/#organization\"},\"potentialAction\":[{\"@type\":\"SearchAction\",\"target\":{\"@type\":\"EntryPoint\",\"urlTemplate\":\"https:\/\/staging.bioswing.ee\/sv\/?s={search_term_string}\"},\"query-input\":{\"@type\":\"PropertyValueSpecification\",\"valueRequired\":true,\"valueName\":\"search_term_string\"}}],\"inLanguage\":\"sv-SE\"},{\"@type\":\"Organization\",\"@id\":\"https:\/\/staging.bioswing.ee\/sv\/#organization\",\"name\":\"BIOSWING\",\"url\":\"https:\/\/staging.bioswing.ee\/sv\/\",\"logo\":{\"@type\":\"ImageObject\",\"inLanguage\":\"sv-SE\",\"@id\":\"https:\/\/staging.bioswing.ee\/sv\/#\/schema\/logo\/image\/\",\"url\":\"https:\/\/staging.bioswing.ee\/wp-content\/uploads\/2023\/04\/logo_web.png\",\"contentUrl\":\"https:\/\/staging.bioswing.ee\/wp-content\/uploads\/2023\/04\/logo_web.png\",\"width\":140,\"height\":122,\"caption\":\"BIOSWING\"},\"image\":{\"@id\":\"https:\/\/staging.bioswing.ee\/sv\/#\/schema\/logo\/image\/\"}}]}<\/script>\n<!-- \/ Yoast SEO plugin. -->","yoast_head_json":{"title":"BIOSWING LOOP - BIOSWING","robots":{"index":"noindex","follow":"follow","max-snippet":"max-snippet:-1","max-image-preview":"max-image-preview:large","max-video-preview":"max-video-preview:-1"},"og_locale":"sv_SE","og_type":"article","og_title":"BIOSWING LOOP - BIOSWING","og_description":"LOOP \u2013 En intelligent l\u00f6sning som kombinerar stil och ergonomi. Forskning har visat att v\u00e5r fysiska och mentala kapacitet \u00e4r direkt kopplad till v\u00e5r fysiska aktivitet. Kort sagt: Ju mer vi r\u00f6r p\u00e5 oss, desto mer kapabla och kreativa blir vi BIOSWING LOOP, med sina eleganta, harmoniska och mycket l\u00e4tta r\u00f6relser, fungerar som en f\u00f6rst\u00e4rkare f\u00f6r b\u00e5de kropp och sj\u00e4l. Stolens integrerade och anpassningsbara 3D-sitsystem speglar varje r\u00f6relse din kropp g\u00f6r \u2013 till och med de minsta, som hj\u00e4rtslag och andning \u2013 och skickar d\u00e4rmed kontinuerliga r\u00f6relsesignaler till din hj\u00e4rna.I hj\u00e4rnan omdirigeras dessa signaler hierarkiskt till olika datal\u00e4nkar och integreras i n\u00e4tverkssystemet i hj\u00e4rnans r\u00f6relsecenter. Den unika BIOSWING-teknologin aktiverar automatiskt dessa n\u00e4tverk, \u00e4ven n\u00e4r du sitter, och st\u00e4rker din kreativitet och prestation.","og_url":"https:\/\/staging.bioswing.ee\/sv\/toode\/bioswing-loop\/","og_site_name":"BIOSWING","article_modified_time":"2024-11-28T13:19:58+00:00","og_image":[{"width":1874,"height":2500,"url":"https:\/\/bioswing.ee\/wp-content\/uploads\/2023\/11\/Loop_Produkt_Rollen_02-1.jpg","type":"image\/jpeg"}],"twitter_card":"summary_large_image","schema":{"@context":"https:\/\/schema.org","@graph":[{"@type":"WebPage","@id":"https:\/\/staging.bioswing.ee\/sv\/toode\/bioswing-loop\/","url":"https:\/\/staging.bioswing.ee\/sv\/toode\/bioswing-loop\/","name":"BIOSWING LOOP - BIOSWING","isPartOf":{"@id":"https:\/\/staging.bioswing.ee\/sv\/#website"},"primaryImageOfPage":{"@id":"https:\/\/staging.bioswing.ee\/sv\/toode\/bioswing-loop\/#primaryimage"},"image":{"@id":"https:\/\/staging.bioswing.ee\/sv\/toode\/bioswing-loop\/#primaryimage"},"thumbnailUrl":"https:\/\/staging.bioswing.ee\/wp-content\/uploads\/2023\/11\/Loop_Produkt_Rollen_02-1.jpg","datePublished":"2023-11-16T11:47:03+00:00","dateModified":"2024-11-28T13:19:58+00:00","breadcrumb":{"@id":"https:\/\/staging.bioswing.ee\/sv\/toode\/bioswing-loop\/#breadcrumb"},"inLanguage":"sv-SE","potentialAction":[{"@type":"ReadAction","target":["https:\/\/staging.bioswing.ee\/sv\/toode\/bioswing-loop\/"]}]},{"@type":"ImageObject","inLanguage":"sv-SE","@id":"https:\/\/staging.bioswing.ee\/sv\/toode\/bioswing-loop\/#primaryimage","url":"https:\/\/staging.bioswing.ee\/wp-content\/uploads\/2023\/11\/Loop_Produkt_Rollen_02-1.jpg","contentUrl":"https:\/\/staging.bioswing.ee\/wp-content\/uploads\/2023\/11\/Loop_Produkt_Rollen_02-1.jpg","width":1874,"height":2500},{"@type":"BreadcrumbList","@id":"https:\/\/staging.bioswing.ee\/sv\/toode\/bioswing-loop\/#breadcrumb","itemListElement":[{"@type":"ListItem","position":1,"name":"Home","item":"https:\/\/bioswing.ee\/sv\/"},{"@type":"ListItem","position":2,"name":"SHOP","item":"https:\/\/bioswing.ee\/sv\/shop\/"},{"@type":"ListItem","position":3,"name":"BIOSWING LOOP"}]},{"@type":"WebSite","@id":"https:\/\/staging.bioswing.ee\/sv\/#website","url":"https:\/\/staging.bioswing.ee\/sv\/","name":"BIOSWING","description":"Smart solutions for healthy sitting","publisher":{"@id":"https:\/\/staging.bioswing.ee\/sv\/#organization"},"potentialAction":[{"@type":"SearchAction","target":{"@type":"EntryPoint","urlTemplate":"https:\/\/staging.bioswing.ee\/sv\/?s={search_term_string}"},"query-input":{"@type":"PropertyValueSpecification","valueRequired":true,"valueName":"search_term_string"}}],"inLanguage":"sv-SE"},{"@type":"Organization","@id":"https:\/\/staging.bioswing.ee\/sv\/#organization","name":"BIOSWING","url":"https:\/\/staging.bioswing.ee\/sv\/","logo":{"@type":"ImageObject","inLanguage":"sv-SE","@id":"https:\/\/staging.bioswing.ee\/sv\/#\/schema\/logo\/image\/","url":"https:\/\/staging.bioswing.ee\/wp-content\/uploads\/2023\/04\/logo_web.png","contentUrl":"https:\/\/staging.bioswing.ee\/wp-content\/uploads\/2023\/04\/logo_web.png","width":140,"height":122,"caption":"BIOSWING"},"image":{"@id":"https:\/\/staging.bioswing.ee\/sv\/#\/schema\/logo\/image\/"}}]}},"_links":{"self":[{"href":"https:\/\/staging.bioswing.ee\/sv\/wp-json\/wp\/v2\/product\/17109","targetHints":{"allow":["GET"]}}],"collection":[{"href":"https:\/\/staging.bioswing.ee\/sv\/wp-json\/wp\/v2\/product"}],"about":[{"href":"https:\/\/staging.bioswing.ee\/sv\/wp-json\/wp\/v2\/types\/product"}],"wp:featuredmedia":[{"embeddable":true,"href":"https:\/\/staging.bioswing.ee\/sv\/wp-json\/wp\/v2\/media\/17116"}],"wp:attachment":[{"href":"https:\/\/staging.bioswing.ee\/sv\/wp-json\/wp\/v2\/media?parent=17109"}],"wp:term":[{"taxonomy":"product_brand","embeddable":true,"href":"https:\/\/staging.bioswing.ee\/sv\/wp-json\/wp\/v2\/product_brand?post=17109"},{"taxonomy":"product_cat","embeddable":true,"href":"https:\/\/staging.bioswing.ee\/sv\/wp-json\/wp\/v2\/product_cat?post=17109"},{"taxonomy":"product_tag","embeddable":true,"href":"https:\/\/staging.bioswing.ee\/sv\/wp-json\/wp\/v2\/product_tag?post=17109"}],"curies":[{"name":"wp","href":"https:\/\/api.w.org\/{rel}","templated":true}]}}