{"id":17269,"date":"2023-11-17T11:25:34","date_gmt":"2023-11-17T11:25:34","guid":{"rendered":"https:\/\/staging.bioswing.ee\/toode\/oneup\/"},"modified":"2024-12-05T11:36:30","modified_gmt":"2024-12-05T11:36:30","slug":"oneup","status":"publish","type":"product","link":"https:\/\/staging.bioswing.ee\/sv\/toode\/oneup\/","title":{"rendered":"BIOSWING oneUP"},"content":{"rendered":"<p><strong>BIOSWING oneUP<\/strong><\/p>\n<ul>\n<li>En ergonomisk och ortopediskt funktionell l\u00f6sning f\u00f6r sittande och st\u00e5ende i kontor, hemmakontor och l\u00e4karmottagningar.<\/li>\n<li>Integrerat, anpassningsbart 3D-sitsystem<\/li>\n<li>Sadelstol<\/li>\n<li>Sv\u00e4ngande och synkroniserat ergonomiskt ryggst\u00f6d med lutande armst\u00f6d<\/li>\n<li>Individuellt justerbart nackst\u00f6d<\/li>\n<li>Mekanik som balanserar din h\u00e5llning vid sittande (mot extra kostnad) f\u00f6r att s\u00e4kerst\u00e4lla en fysiologiskt korrekt positionering av b\u00e4ckenomr\u00e5det.<\/li>\n<li>Textil\u00f6verdrag: Felicity, svart<\/li>\n<li>Bas: plast<\/li>\n<li>Hjul: \u00f8 60 mm<\/li>\n<li>Ryggst\u00f6dets h\u00f6jd: 50 cm<\/li>\n<\/ul>\n<div style=\"width: 1200px;\" class=\"wp-video\"><video class=\"wp-video-shortcode\" id=\"video-17269-1\" width=\"1200\" height=\"675\" loop autoplay preload=\"metadata\" controls=\"controls\"><source type=\"video\/mp4\" src=\"https:\/\/staging.bioswing.ee\/wp-content\/uploads\/2023\/11\/oneUP_V2.mp4?_=1\" \/><a href=\"https:\/\/staging.bioswing.ee\/wp-content\/uploads\/2023\/11\/oneUP_V2.mp4\">https:\/\/staging.bioswing.ee\/wp-content\/uploads\/2023\/11\/oneUP_V2.mp4<\/a><\/video><\/div>\n<p><iframe title=\"YouTube video player\" src=\"https:\/\/www.youtube.com\/embed\/RdAkGYfQRU0?si=iZjPFPN7BfNfVNQH\" width=\"100%\" height=\"450\" frameborder=\"0\" allowfullscreen=\"allowfullscreen\"><\/iframe><\/p>\n","protected":false},"excerpt":{"rendered":"<h2>&#8221;Upp och ner \u2013 och runt om&#8221; \u00e4r mottot f\u00f6r oneUP.<\/h2>\n<p>Har du redan testat de m\u00e5ngsidiga m\u00f6jligheterna med ett h\u00f6j- och s\u00e4nkbart skrivbord?<br \/>Varje position mellan st\u00e5ende och upph\u00f6jt sittande ger en m\u00e4ngd olika kroppsst\u00e4llningar. Huvudm\u00e5let: <strong>Ju oftare du byter st\u00e4llning, desto b\u00e4ttre \u00e4r det f\u00f6r din kropp och ditt sinne.<\/strong> V\u00e5rt muskuloskeletala system \u00e4r programmerat f\u00f6r att r\u00f6ra sig, b\u00e5de n\u00e4r du st\u00e5r och sitter.<\/p>\n<h2>BIOSWING oneUP \u00e4r en riktig allroundl\u00f6sning.<\/h2>\n<p><strong>Det \u00e4r en intelligent l\u00f6sning f\u00f6r alla som vill kombinera sittande och st\u00e5ende och ger den perfekta<\/strong> grunden f\u00f6r en rad olika sittpositioner och anv\u00e4ndningar samt intensivt mobil sittande tack vare det integrerade 3D-sitsystemet.<br \/>Det spelar ingen roll om du befinner dig i en flygplatslounge, ett hemmakontor, e<strong>n fysioterapimottagning eller en kontorsbyggnad:<\/strong> oneUP h\u00e5ller dig alltid i form.<\/p>\n","protected":false},"featured_media":17274,"template":"","meta":[],"product_brand":[],"product_cat":[642],"product_tag":[],"class_list":{"0":"post-17269","1":"product","2":"type-product","3":"status-publish","4":"has-post-thumbnail","6":"product_cat-kontor-och-hemmakontor","8":"first","9":"instock","10":"sale","11":"taxable","12":"shipping-taxable","13":"purchasable","14":"product-type-variable","15":"has-default-attributes"},"yoast_head":"<!-- This site is optimized with the Yoast SEO plugin v27.1.1 - https:\/\/yoast.com\/product\/yoast-seo-wordpress\/ -->\n<title>BIOSWING oneUP - BIOSWING<\/title>\n<meta name=\"robots\" content=\"noindex, follow, max-snippet:-1, max-image-preview:large, max-video-preview:-1\" \/>\n<meta property=\"og:locale\" content=\"sv_SE\" \/>\n<meta property=\"og:type\" content=\"article\" \/>\n<meta property=\"og:title\" content=\"BIOSWING oneUP - BIOSWING\" \/>\n<meta property=\"og:description\" content=\"&quot;Upp och ner \u2013 och runt om&quot; \u00e4r mottot f\u00f6r oneUP. Har du redan testat de m\u00e5ngsidiga m\u00f6jligheterna med ett h\u00f6j- och s\u00e4nkbart skrivbord?Varje position mellan st\u00e5ende och upph\u00f6jt sittande ger en m\u00e4ngd olika kroppsst\u00e4llningar. Huvudm\u00e5let: Ju oftare du byter st\u00e4llning, desto b\u00e4ttre \u00e4r det f\u00f6r din kropp och ditt sinne. V\u00e5rt muskuloskeletala system \u00e4r programmerat f\u00f6r att r\u00f6ra sig, b\u00e5de n\u00e4r du st\u00e5r och sitter.  BIOSWING oneUP \u00e4r en riktig allroundl\u00f6sning. Det \u00e4r en intelligent l\u00f6sning f\u00f6r alla som vill kombinera sittande och st\u00e5ende och ger den perfekta grunden f\u00f6r en rad olika sittpositioner och anv\u00e4ndningar samt intensivt mobil sittande tack vare det integrerade 3D-sitsystemet.Det spelar ingen roll om du befinner dig i en flygplatslounge, ett hemmakontor, en fysioterapimottagning eller en kontorsbyggnad: oneUP h\u00e5ller dig alltid i form.\" \/>\n<meta property=\"og:url\" content=\"https:\/\/staging.bioswing.ee\/sv\/toode\/oneup\/\" \/>\n<meta property=\"og:site_name\" content=\"BIOSWING\" \/>\n<meta property=\"article:modified_time\" content=\"2024-12-05T11:36:30+00:00\" \/>\n<meta property=\"og:image\" content=\"https:\/\/bioswing.ee\/wp-content\/uploads\/2023\/11\/oneUP_Produkt_01-1.jpg\" \/>\n\t<meta property=\"og:image:width\" content=\"1874\" \/>\n\t<meta property=\"og:image:height\" content=\"2500\" \/>\n\t<meta property=\"og:image:type\" content=\"image\/jpeg\" \/>\n<meta name=\"twitter:card\" content=\"summary_large_image\" \/>\n<script type=\"application\/ld+json\" class=\"yoast-schema-graph\">{\"@context\":\"https:\/\/schema.org\",\"@graph\":[{\"@type\":\"WebPage\",\"@id\":\"https:\/\/staging.bioswing.ee\/sv\/toode\/oneup\/\",\"url\":\"https:\/\/staging.bioswing.ee\/sv\/toode\/oneup\/\",\"name\":\"BIOSWING oneUP - BIOSWING\",\"isPartOf\":{\"@id\":\"https:\/\/staging.bioswing.ee\/sv\/#website\"},\"primaryImageOfPage\":{\"@id\":\"https:\/\/staging.bioswing.ee\/sv\/toode\/oneup\/#primaryimage\"},\"image\":{\"@id\":\"https:\/\/staging.bioswing.ee\/sv\/toode\/oneup\/#primaryimage\"},\"thumbnailUrl\":\"https:\/\/staging.bioswing.ee\/wp-content\/uploads\/2023\/11\/oneUP_Produkt_01-1.jpg\",\"datePublished\":\"2023-11-17T11:25:34+00:00\",\"dateModified\":\"2024-12-05T11:36:30+00:00\",\"breadcrumb\":{\"@id\":\"https:\/\/staging.bioswing.ee\/sv\/toode\/oneup\/#breadcrumb\"},\"inLanguage\":\"sv-SE\",\"potentialAction\":[{\"@type\":\"ReadAction\",\"target\":[\"https:\/\/staging.bioswing.ee\/sv\/toode\/oneup\/\"]}]},{\"@type\":\"ImageObject\",\"inLanguage\":\"sv-SE\",\"@id\":\"https:\/\/staging.bioswing.ee\/sv\/toode\/oneup\/#primaryimage\",\"url\":\"https:\/\/staging.bioswing.ee\/wp-content\/uploads\/2023\/11\/oneUP_Produkt_01-1.jpg\",\"contentUrl\":\"https:\/\/staging.bioswing.ee\/wp-content\/uploads\/2023\/11\/oneUP_Produkt_01-1.jpg\",\"width\":1874,\"height\":2500},{\"@type\":\"BreadcrumbList\",\"@id\":\"https:\/\/staging.bioswing.ee\/sv\/toode\/oneup\/#breadcrumb\",\"itemListElement\":[{\"@type\":\"ListItem\",\"position\":1,\"name\":\"Home\",\"item\":\"https:\/\/bioswing.ee\/sv\/\"},{\"@type\":\"ListItem\",\"position\":2,\"name\":\"SHOP\",\"item\":\"https:\/\/bioswing.ee\/sv\/shop\/\"},{\"@type\":\"ListItem\",\"position\":3,\"name\":\"BIOSWING oneUP\"}]},{\"@type\":\"WebSite\",\"@id\":\"https:\/\/staging.bioswing.ee\/sv\/#website\",\"url\":\"https:\/\/staging.bioswing.ee\/sv\/\",\"name\":\"BIOSWING\",\"description\":\"Smart solutions for healthy sitting\",\"publisher\":{\"@id\":\"https:\/\/staging.bioswing.ee\/sv\/#organization\"},\"potentialAction\":[{\"@type\":\"SearchAction\",\"target\":{\"@type\":\"EntryPoint\",\"urlTemplate\":\"https:\/\/staging.bioswing.ee\/sv\/?s={search_term_string}\"},\"query-input\":{\"@type\":\"PropertyValueSpecification\",\"valueRequired\":true,\"valueName\":\"search_term_string\"}}],\"inLanguage\":\"sv-SE\"},{\"@type\":\"Organization\",\"@id\":\"https:\/\/staging.bioswing.ee\/sv\/#organization\",\"name\":\"BIOSWING\",\"url\":\"https:\/\/staging.bioswing.ee\/sv\/\",\"logo\":{\"@type\":\"ImageObject\",\"inLanguage\":\"sv-SE\",\"@id\":\"https:\/\/staging.bioswing.ee\/sv\/#\/schema\/logo\/image\/\",\"url\":\"https:\/\/staging.bioswing.ee\/wp-content\/uploads\/2023\/04\/logo_web.png\",\"contentUrl\":\"https:\/\/staging.bioswing.ee\/wp-content\/uploads\/2023\/04\/logo_web.png\",\"width\":140,\"height\":122,\"caption\":\"BIOSWING\"},\"image\":{\"@id\":\"https:\/\/staging.bioswing.ee\/sv\/#\/schema\/logo\/image\/\"}}]}<\/script>\n<!-- \/ Yoast SEO plugin. -->","yoast_head_json":{"title":"BIOSWING oneUP - BIOSWING","robots":{"index":"noindex","follow":"follow","max-snippet":"max-snippet:-1","max-image-preview":"max-image-preview:large","max-video-preview":"max-video-preview:-1"},"og_locale":"sv_SE","og_type":"article","og_title":"BIOSWING oneUP - BIOSWING","og_description":"\"Upp och ner \u2013 och runt om\" \u00e4r mottot f\u00f6r oneUP. Har du redan testat de m\u00e5ngsidiga m\u00f6jligheterna med ett h\u00f6j- och s\u00e4nkbart skrivbord?Varje position mellan st\u00e5ende och upph\u00f6jt sittande ger en m\u00e4ngd olika kroppsst\u00e4llningar. Huvudm\u00e5let: Ju oftare du byter st\u00e4llning, desto b\u00e4ttre \u00e4r det f\u00f6r din kropp och ditt sinne. V\u00e5rt muskuloskeletala system \u00e4r programmerat f\u00f6r att r\u00f6ra sig, b\u00e5de n\u00e4r du st\u00e5r och sitter.  BIOSWING oneUP \u00e4r en riktig allroundl\u00f6sning. Det \u00e4r en intelligent l\u00f6sning f\u00f6r alla som vill kombinera sittande och st\u00e5ende och ger den perfekta grunden f\u00f6r en rad olika sittpositioner och anv\u00e4ndningar samt intensivt mobil sittande tack vare det integrerade 3D-sitsystemet.Det spelar ingen roll om du befinner dig i en flygplatslounge, ett hemmakontor, en fysioterapimottagning eller en kontorsbyggnad: oneUP h\u00e5ller dig alltid i form.","og_url":"https:\/\/staging.bioswing.ee\/sv\/toode\/oneup\/","og_site_name":"BIOSWING","article_modified_time":"2024-12-05T11:36:30+00:00","og_image":[{"width":1874,"height":2500,"url":"https:\/\/bioswing.ee\/wp-content\/uploads\/2023\/11\/oneUP_Produkt_01-1.jpg","type":"image\/jpeg"}],"twitter_card":"summary_large_image","schema":{"@context":"https:\/\/schema.org","@graph":[{"@type":"WebPage","@id":"https:\/\/staging.bioswing.ee\/sv\/toode\/oneup\/","url":"https:\/\/staging.bioswing.ee\/sv\/toode\/oneup\/","name":"BIOSWING oneUP - BIOSWING","isPartOf":{"@id":"https:\/\/staging.bioswing.ee\/sv\/#website"},"primaryImageOfPage":{"@id":"https:\/\/staging.bioswing.ee\/sv\/toode\/oneup\/#primaryimage"},"image":{"@id":"https:\/\/staging.bioswing.ee\/sv\/toode\/oneup\/#primaryimage"},"thumbnailUrl":"https:\/\/staging.bioswing.ee\/wp-content\/uploads\/2023\/11\/oneUP_Produkt_01-1.jpg","datePublished":"2023-11-17T11:25:34+00:00","dateModified":"2024-12-05T11:36:30+00:00","breadcrumb":{"@id":"https:\/\/staging.bioswing.ee\/sv\/toode\/oneup\/#breadcrumb"},"inLanguage":"sv-SE","potentialAction":[{"@type":"ReadAction","target":["https:\/\/staging.bioswing.ee\/sv\/toode\/oneup\/"]}]},{"@type":"ImageObject","inLanguage":"sv-SE","@id":"https:\/\/staging.bioswing.ee\/sv\/toode\/oneup\/#primaryimage","url":"https:\/\/staging.bioswing.ee\/wp-content\/uploads\/2023\/11\/oneUP_Produkt_01-1.jpg","contentUrl":"https:\/\/staging.bioswing.ee\/wp-content\/uploads\/2023\/11\/oneUP_Produkt_01-1.jpg","width":1874,"height":2500},{"@type":"BreadcrumbList","@id":"https:\/\/staging.bioswing.ee\/sv\/toode\/oneup\/#breadcrumb","itemListElement":[{"@type":"ListItem","position":1,"name":"Home","item":"https:\/\/bioswing.ee\/sv\/"},{"@type":"ListItem","position":2,"name":"SHOP","item":"https:\/\/bioswing.ee\/sv\/shop\/"},{"@type":"ListItem","position":3,"name":"BIOSWING oneUP"}]},{"@type":"WebSite","@id":"https:\/\/staging.bioswing.ee\/sv\/#website","url":"https:\/\/staging.bioswing.ee\/sv\/","name":"BIOSWING","description":"Smart solutions for healthy sitting","publisher":{"@id":"https:\/\/staging.bioswing.ee\/sv\/#organization"},"potentialAction":[{"@type":"SearchAction","target":{"@type":"EntryPoint","urlTemplate":"https:\/\/staging.bioswing.ee\/sv\/?s={search_term_string}"},"query-input":{"@type":"PropertyValueSpecification","valueRequired":true,"valueName":"search_term_string"}}],"inLanguage":"sv-SE"},{"@type":"Organization","@id":"https:\/\/staging.bioswing.ee\/sv\/#organization","name":"BIOSWING","url":"https:\/\/staging.bioswing.ee\/sv\/","logo":{"@type":"ImageObject","inLanguage":"sv-SE","@id":"https:\/\/staging.bioswing.ee\/sv\/#\/schema\/logo\/image\/","url":"https:\/\/staging.bioswing.ee\/wp-content\/uploads\/2023\/04\/logo_web.png","contentUrl":"https:\/\/staging.bioswing.ee\/wp-content\/uploads\/2023\/04\/logo_web.png","width":140,"height":122,"caption":"BIOSWING"},"image":{"@id":"https:\/\/staging.bioswing.ee\/sv\/#\/schema\/logo\/image\/"}}]}},"_links":{"self":[{"href":"https:\/\/staging.bioswing.ee\/sv\/wp-json\/wp\/v2\/product\/17269","targetHints":{"allow":["GET"]}}],"collection":[{"href":"https:\/\/staging.bioswing.ee\/sv\/wp-json\/wp\/v2\/product"}],"about":[{"href":"https:\/\/staging.bioswing.ee\/sv\/wp-json\/wp\/v2\/types\/product"}],"wp:featuredmedia":[{"embeddable":true,"href":"https:\/\/staging.bioswing.ee\/sv\/wp-json\/wp\/v2\/media\/17274"}],"wp:attachment":[{"href":"https:\/\/staging.bioswing.ee\/sv\/wp-json\/wp\/v2\/media?parent=17269"}],"wp:term":[{"taxonomy":"product_brand","embeddable":true,"href":"https:\/\/staging.bioswing.ee\/sv\/wp-json\/wp\/v2\/product_brand?post=17269"},{"taxonomy":"product_cat","embeddable":true,"href":"https:\/\/staging.bioswing.ee\/sv\/wp-json\/wp\/v2\/product_cat?post=17269"},{"taxonomy":"product_tag","embeddable":true,"href":"https:\/\/staging.bioswing.ee\/sv\/wp-json\/wp\/v2\/product_tag?post=17269"}],"curies":[{"name":"wp","href":"https:\/\/api.w.org\/{rel}","templated":true}]}}