{"id":18907,"date":"2024-12-02T09:13:45","date_gmt":"2024-12-02T09:13:45","guid":{"rendered":"https:\/\/staging.bioswing.ee\/toode\/bioswing-golf-performer-3-0\/"},"modified":"2024-12-05T10:16:46","modified_gmt":"2024-12-05T10:16:46","slug":"bioswing-golf-performer-3-0","status":"publish","type":"product","link":"https:\/\/staging.bioswing.ee\/sv\/toode\/bioswing-golf-performer-3-0\/","title":{"rendered":"BIOSWING\u00ae Golf Performer 3.0"},"content":{"rendered":"<div><iframe title=\"YouTube video player\" src=\"https:\/\/www.youtube.com\/embed\/VqFnX6sJnwY?si=Bfao19Eqq8l6ZFmY\" width=\"100%\" height=\"500\" frameborder=\"0\" allowfullscreen=\"allowfullscreen\"><\/iframe><\/div>\n<p><strong>Sv\u00e4ngmekanismen<\/strong><br \/>Detta \u00e4r k\u00e4rnan i BIOSWING\u00ae Golf Performer. Mekanismen s\u00e4kerst\u00e4ller att st\u00e5plattformen \u00e4r dynamiskt monterad och har tv\u00e5 individuellt aktiverbara sv\u00e4ngkretsar samt en mellankoppling. Sv\u00e4ngkretsarna kan ocks\u00e5 st\u00e4ngas av helt vid behov.<\/p>\n<p><strong>St\u00e5plattformen<\/strong><br \/>St\u00e5plattformen p\u00e5 BIOSWING\u00ae Golf Performer \u00e4r t\u00e4ckt med en h\u00f6gkvalitativ golfmatta av konstgr\u00e4s i nylon, som \u00e4r kompatibel med alla standardgolfsko med mjuka dubbar eller plastspikar. Plattformens lutningsvinkel kan justeras i tv\u00e5 niv\u00e5er i alla fyra axlar, upp till 7,5\u00b0, vilket m\u00f6jligg\u00f6r optimal tr\u00e4ning i sluttningar, b\u00e5de med plattformen fixerad och med fri sv\u00e4ngning.<\/p>\n<p><strong>Tee-basen<\/strong><br \/>Tee-basen \u00e4r utrustad med en h\u00f6gkvalitativ fairway-insats som d\u00e4mpar vibrationerna i klubban vid feltr\u00e4ffar (fat shots). Mattan har fem neds\u00e4nkta h\u00e5llare f\u00f6r skruvbara tees. H\u00f6jden p\u00e5 tee-basen kan justeras stegl\u00f6st \u2013 b\u00e5de f\u00f6r h\u00f6jning och s\u00e4nkning. Avst\u00e5ndet mellan tee-basen och st\u00e5plattformen kan ocks\u00e5 justeras s\u00e5 att b\u00e5de kortare och l\u00e4ngre spelare kan hitta en perfekt uppst\u00e4llning, oavsett om de anv\u00e4nder korta j\u00e4rn eller l\u00e5nga drivers. En stor bollkorg \u00e4r direkt f\u00e4st p\u00e5 fairway-mattan, vilket g\u00f6r det m\u00f6jligt att plocka upp bollen med klubban. Dessutom finns en h\u00e5llare som rymmer upp till fyra tees.<\/p>\n<p><strong>Underkonstruktionen<\/strong><br \/>Underkonstruktionen st\u00f6der hela BIOSWING\u00ae Golf Performer och \u00e4r utrustad med pneumatiska d\u00e4ck. Detta g\u00f6r det enkelt att flytta Golf Performer till driving rangen med hj\u00e4lp av det fasta handtaget.<br \/>Tack vare tv\u00e5 justerbara f\u00f6tter bakom d\u00e4cken kan enheten ocks\u00e5 f\u00f6rvaras vertikalt mot en v\u00e4gg.           <\/p>\n","protected":false},"excerpt":{"rendered":"<p>BIOSWING\u00ae Golf Performer \u00e4r en sensomotorisk tr\u00e4ningsutrustning designad f\u00f6r att tr\u00e4na golfens specifika r\u00f6relsem\u00f6nster, inklusive l\u00e5nga och korta slag samt spel i sluttningar. Den erbjuder avancerad sensorisk feedback.<br \/>Golf Performer \u00e4r baserad p\u00e5 BIOSWING\u00ae Posturomed. BIOSWING Posturomed\u00ae lanserades p\u00e5 marknaden 1995 som det f\u00f6rsta sensomotoriska terapiverktyget med d\u00e4mpade och instabila sv\u00e4ngningar. Dess utveckling b\u00f6rjade redan p\u00e5 slutet av 1980-talet i n\u00e4ra samarbete mellan f\u00f6retagets grundare Eduard Haider, praktiserande fysioterapeuter, forskare och medicinska experter.   <\/p>\n","protected":false},"featured_media":18853,"template":"","meta":[],"product_brand":[],"product_cat":[934],"product_tag":[],"class_list":{"0":"post-18907","1":"product","2":"type-product","3":"status-publish","4":"has-post-thumbnail","6":"product_cat-golf-performer-sv","8":"first","9":"instock","10":"taxable","11":"shipping-taxable","12":"purchasable","13":"product-type-simple"},"yoast_head":"<!-- This site is optimized with the Yoast SEO plugin v27.1.1 - https:\/\/yoast.com\/product\/yoast-seo-wordpress\/ -->\n<title>BIOSWING\u00ae Golf Performer 3.0 - BIOSWING<\/title>\n<meta name=\"robots\" content=\"noindex, follow, max-snippet:-1, max-image-preview:large, max-video-preview:-1\" \/>\n<meta property=\"og:locale\" content=\"sv_SE\" \/>\n<meta property=\"og:type\" content=\"article\" \/>\n<meta property=\"og:title\" content=\"BIOSWING\u00ae Golf Performer 3.0 - BIOSWING\" \/>\n<meta property=\"og:description\" content=\"BIOSWING\u00ae Golf Performer \u00e4r en sensomotorisk tr\u00e4ningsutrustning designad f\u00f6r att tr\u00e4na golfens specifika r\u00f6relsem\u00f6nster, inklusive l\u00e5nga och korta slag samt spel i sluttningar. Den erbjuder avancerad sensorisk feedback.Golf Performer \u00e4r baserad p\u00e5 BIOSWING\u00ae Posturomed. BIOSWING Posturomed\u00ae lanserades p\u00e5 marknaden 1995 som det f\u00f6rsta sensomotoriska terapiverktyget med d\u00e4mpade och instabila sv\u00e4ngningar. Dess utveckling b\u00f6rjade redan p\u00e5 slutet av 1980-talet i n\u00e4ra samarbete mellan f\u00f6retagets grundare Eduard Haider, praktiserande fysioterapeuter, forskare och medicinska experter.\" \/>\n<meta property=\"og:url\" content=\"https:\/\/staging.bioswing.ee\/sv\/toode\/bioswing-golf-performer-3-0\/\" \/>\n<meta property=\"og:site_name\" content=\"BIOSWING\" \/>\n<meta property=\"article:modified_time\" content=\"2024-12-05T10:16:46+00:00\" \/>\n<meta property=\"og:image\" content=\"https:\/\/bioswing.ee\/wp-content\/uploads\/2024\/12\/jon_taylor_perfomer_bearbeitet.jpg\" \/>\n\t<meta property=\"og:image:width\" content=\"1500\" \/>\n\t<meta property=\"og:image:height\" content=\"2000\" \/>\n\t<meta property=\"og:image:type\" content=\"image\/jpeg\" \/>\n<meta name=\"twitter:card\" content=\"summary_large_image\" \/>\n<meta name=\"twitter:label1\" content=\"Ber\u00e4knad l\u00e4stid\" \/>\n\t<meta name=\"twitter:data1\" content=\"1 minut\" \/>\n<script type=\"application\/ld+json\" class=\"yoast-schema-graph\">{\"@context\":\"https:\/\/schema.org\",\"@graph\":[{\"@type\":\"WebPage\",\"@id\":\"https:\/\/staging.bioswing.ee\/sv\/toode\/bioswing-golf-performer-3-0\/\",\"url\":\"https:\/\/staging.bioswing.ee\/sv\/toode\/bioswing-golf-performer-3-0\/\",\"name\":\"BIOSWING\u00ae Golf Performer 3.0 - BIOSWING\",\"isPartOf\":{\"@id\":\"https:\/\/staging.bioswing.ee\/sv\/#website\"},\"primaryImageOfPage\":{\"@id\":\"https:\/\/staging.bioswing.ee\/sv\/toode\/bioswing-golf-performer-3-0\/#primaryimage\"},\"image\":{\"@id\":\"https:\/\/staging.bioswing.ee\/sv\/toode\/bioswing-golf-performer-3-0\/#primaryimage\"},\"thumbnailUrl\":\"https:\/\/staging.bioswing.ee\/wp-content\/uploads\/2024\/12\/jon_taylor_perfomer_bearbeitet.jpg\",\"datePublished\":\"2024-12-02T09:13:45+00:00\",\"dateModified\":\"2024-12-05T10:16:46+00:00\",\"breadcrumb\":{\"@id\":\"https:\/\/staging.bioswing.ee\/sv\/toode\/bioswing-golf-performer-3-0\/#breadcrumb\"},\"inLanguage\":\"sv-SE\",\"potentialAction\":[{\"@type\":\"ReadAction\",\"target\":[\"https:\/\/staging.bioswing.ee\/sv\/toode\/bioswing-golf-performer-3-0\/\"]}]},{\"@type\":\"ImageObject\",\"inLanguage\":\"sv-SE\",\"@id\":\"https:\/\/staging.bioswing.ee\/sv\/toode\/bioswing-golf-performer-3-0\/#primaryimage\",\"url\":\"https:\/\/staging.bioswing.ee\/wp-content\/uploads\/2024\/12\/jon_taylor_perfomer_bearbeitet.jpg\",\"contentUrl\":\"https:\/\/staging.bioswing.ee\/wp-content\/uploads\/2024\/12\/jon_taylor_perfomer_bearbeitet.jpg\",\"width\":1500,\"height\":2000,\"caption\":\"BIOSWING\u00ae Golf Performer\"},{\"@type\":\"BreadcrumbList\",\"@id\":\"https:\/\/staging.bioswing.ee\/sv\/toode\/bioswing-golf-performer-3-0\/#breadcrumb\",\"itemListElement\":[{\"@type\":\"ListItem\",\"position\":1,\"name\":\"Home\",\"item\":\"https:\/\/bioswing.ee\/sv\/\"},{\"@type\":\"ListItem\",\"position\":2,\"name\":\"SHOP\",\"item\":\"https:\/\/bioswing.ee\/sv\/shop\/\"},{\"@type\":\"ListItem\",\"position\":3,\"name\":\"BIOSWING\u00ae Golf Performer 3.0\"}]},{\"@type\":\"WebSite\",\"@id\":\"https:\/\/staging.bioswing.ee\/sv\/#website\",\"url\":\"https:\/\/staging.bioswing.ee\/sv\/\",\"name\":\"BIOSWING\",\"description\":\"Smart solutions for healthy sitting\",\"publisher\":{\"@id\":\"https:\/\/staging.bioswing.ee\/sv\/#organization\"},\"potentialAction\":[{\"@type\":\"SearchAction\",\"target\":{\"@type\":\"EntryPoint\",\"urlTemplate\":\"https:\/\/staging.bioswing.ee\/sv\/?s={search_term_string}\"},\"query-input\":{\"@type\":\"PropertyValueSpecification\",\"valueRequired\":true,\"valueName\":\"search_term_string\"}}],\"inLanguage\":\"sv-SE\"},{\"@type\":\"Organization\",\"@id\":\"https:\/\/staging.bioswing.ee\/sv\/#organization\",\"name\":\"BIOSWING\",\"url\":\"https:\/\/staging.bioswing.ee\/sv\/\",\"logo\":{\"@type\":\"ImageObject\",\"inLanguage\":\"sv-SE\",\"@id\":\"https:\/\/staging.bioswing.ee\/sv\/#\/schema\/logo\/image\/\",\"url\":\"https:\/\/staging.bioswing.ee\/wp-content\/uploads\/2023\/04\/logo_web.png\",\"contentUrl\":\"https:\/\/staging.bioswing.ee\/wp-content\/uploads\/2023\/04\/logo_web.png\",\"width\":140,\"height\":122,\"caption\":\"BIOSWING\"},\"image\":{\"@id\":\"https:\/\/staging.bioswing.ee\/sv\/#\/schema\/logo\/image\/\"}}]}<\/script>\n<!-- \/ Yoast SEO plugin. -->","yoast_head_json":{"title":"BIOSWING\u00ae Golf Performer 3.0 - BIOSWING","robots":{"index":"noindex","follow":"follow","max-snippet":"max-snippet:-1","max-image-preview":"max-image-preview:large","max-video-preview":"max-video-preview:-1"},"og_locale":"sv_SE","og_type":"article","og_title":"BIOSWING\u00ae Golf Performer 3.0 - BIOSWING","og_description":"BIOSWING\u00ae Golf Performer \u00e4r en sensomotorisk tr\u00e4ningsutrustning designad f\u00f6r att tr\u00e4na golfens specifika r\u00f6relsem\u00f6nster, inklusive l\u00e5nga och korta slag samt spel i sluttningar. Den erbjuder avancerad sensorisk feedback.Golf Performer \u00e4r baserad p\u00e5 BIOSWING\u00ae Posturomed. BIOSWING Posturomed\u00ae lanserades p\u00e5 marknaden 1995 som det f\u00f6rsta sensomotoriska terapiverktyget med d\u00e4mpade och instabila sv\u00e4ngningar. Dess utveckling b\u00f6rjade redan p\u00e5 slutet av 1980-talet i n\u00e4ra samarbete mellan f\u00f6retagets grundare Eduard Haider, praktiserande fysioterapeuter, forskare och medicinska experter.","og_url":"https:\/\/staging.bioswing.ee\/sv\/toode\/bioswing-golf-performer-3-0\/","og_site_name":"BIOSWING","article_modified_time":"2024-12-05T10:16:46+00:00","og_image":[{"width":1500,"height":2000,"url":"https:\/\/bioswing.ee\/wp-content\/uploads\/2024\/12\/jon_taylor_perfomer_bearbeitet.jpg","type":"image\/jpeg"}],"twitter_card":"summary_large_image","twitter_misc":{"Ber\u00e4knad l\u00e4stid":"1 minut"},"schema":{"@context":"https:\/\/schema.org","@graph":[{"@type":"WebPage","@id":"https:\/\/staging.bioswing.ee\/sv\/toode\/bioswing-golf-performer-3-0\/","url":"https:\/\/staging.bioswing.ee\/sv\/toode\/bioswing-golf-performer-3-0\/","name":"BIOSWING\u00ae Golf Performer 3.0 - BIOSWING","isPartOf":{"@id":"https:\/\/staging.bioswing.ee\/sv\/#website"},"primaryImageOfPage":{"@id":"https:\/\/staging.bioswing.ee\/sv\/toode\/bioswing-golf-performer-3-0\/#primaryimage"},"image":{"@id":"https:\/\/staging.bioswing.ee\/sv\/toode\/bioswing-golf-performer-3-0\/#primaryimage"},"thumbnailUrl":"https:\/\/staging.bioswing.ee\/wp-content\/uploads\/2024\/12\/jon_taylor_perfomer_bearbeitet.jpg","datePublished":"2024-12-02T09:13:45+00:00","dateModified":"2024-12-05T10:16:46+00:00","breadcrumb":{"@id":"https:\/\/staging.bioswing.ee\/sv\/toode\/bioswing-golf-performer-3-0\/#breadcrumb"},"inLanguage":"sv-SE","potentialAction":[{"@type":"ReadAction","target":["https:\/\/staging.bioswing.ee\/sv\/toode\/bioswing-golf-performer-3-0\/"]}]},{"@type":"ImageObject","inLanguage":"sv-SE","@id":"https:\/\/staging.bioswing.ee\/sv\/toode\/bioswing-golf-performer-3-0\/#primaryimage","url":"https:\/\/staging.bioswing.ee\/wp-content\/uploads\/2024\/12\/jon_taylor_perfomer_bearbeitet.jpg","contentUrl":"https:\/\/staging.bioswing.ee\/wp-content\/uploads\/2024\/12\/jon_taylor_perfomer_bearbeitet.jpg","width":1500,"height":2000,"caption":"BIOSWING\u00ae Golf Performer"},{"@type":"BreadcrumbList","@id":"https:\/\/staging.bioswing.ee\/sv\/toode\/bioswing-golf-performer-3-0\/#breadcrumb","itemListElement":[{"@type":"ListItem","position":1,"name":"Home","item":"https:\/\/bioswing.ee\/sv\/"},{"@type":"ListItem","position":2,"name":"SHOP","item":"https:\/\/bioswing.ee\/sv\/shop\/"},{"@type":"ListItem","position":3,"name":"BIOSWING\u00ae Golf Performer 3.0"}]},{"@type":"WebSite","@id":"https:\/\/staging.bioswing.ee\/sv\/#website","url":"https:\/\/staging.bioswing.ee\/sv\/","name":"BIOSWING","description":"Smart solutions for healthy sitting","publisher":{"@id":"https:\/\/staging.bioswing.ee\/sv\/#organization"},"potentialAction":[{"@type":"SearchAction","target":{"@type":"EntryPoint","urlTemplate":"https:\/\/staging.bioswing.ee\/sv\/?s={search_term_string}"},"query-input":{"@type":"PropertyValueSpecification","valueRequired":true,"valueName":"search_term_string"}}],"inLanguage":"sv-SE"},{"@type":"Organization","@id":"https:\/\/staging.bioswing.ee\/sv\/#organization","name":"BIOSWING","url":"https:\/\/staging.bioswing.ee\/sv\/","logo":{"@type":"ImageObject","inLanguage":"sv-SE","@id":"https:\/\/staging.bioswing.ee\/sv\/#\/schema\/logo\/image\/","url":"https:\/\/staging.bioswing.ee\/wp-content\/uploads\/2023\/04\/logo_web.png","contentUrl":"https:\/\/staging.bioswing.ee\/wp-content\/uploads\/2023\/04\/logo_web.png","width":140,"height":122,"caption":"BIOSWING"},"image":{"@id":"https:\/\/staging.bioswing.ee\/sv\/#\/schema\/logo\/image\/"}}]}},"_links":{"self":[{"href":"https:\/\/staging.bioswing.ee\/sv\/wp-json\/wp\/v2\/product\/18907","targetHints":{"allow":["GET"]}}],"collection":[{"href":"https:\/\/staging.bioswing.ee\/sv\/wp-json\/wp\/v2\/product"}],"about":[{"href":"https:\/\/staging.bioswing.ee\/sv\/wp-json\/wp\/v2\/types\/product"}],"wp:featuredmedia":[{"embeddable":true,"href":"https:\/\/staging.bioswing.ee\/sv\/wp-json\/wp\/v2\/media\/18853"}],"wp:attachment":[{"href":"https:\/\/staging.bioswing.ee\/sv\/wp-json\/wp\/v2\/media?parent=18907"}],"wp:term":[{"taxonomy":"product_brand","embeddable":true,"href":"https:\/\/staging.bioswing.ee\/sv\/wp-json\/wp\/v2\/product_brand?post=18907"},{"taxonomy":"product_cat","embeddable":true,"href":"https:\/\/staging.bioswing.ee\/sv\/wp-json\/wp\/v2\/product_cat?post=18907"},{"taxonomy":"product_tag","embeddable":true,"href":"https:\/\/staging.bioswing.ee\/sv\/wp-json\/wp\/v2\/product_tag?post=18907"}],"curies":[{"name":"wp","href":"https:\/\/api.w.org\/{rel}","templated":true}]}}