{"id":20034,"date":"2024-12-03T11:34:12","date_gmt":"2024-12-03T11:34:12","guid":{"rendered":"https:\/\/staging.bioswing.ee\/toode\/bioswing-balancecoach-iq\/"},"modified":"2024-12-10T11:10:02","modified_gmt":"2024-12-10T11:10:02","slug":"bioswing-balancecoach-iq","status":"publish","type":"product","link":"https:\/\/staging.bioswing.ee\/sv\/toode\/bioswing-balancecoach-iq\/","title":{"rendered":"BIOSWING BalanceCoach iQ"},"content":{"rendered":"<p>Systemet levereras komplett och \u00e4r enkelt och snabbt att installera. Tryckf\u00f6rdelningsm\u00e4tningsplattan placeras p\u00e5 den redan fullst\u00e4ndigt monterade Posturomed\u00ae 202 och ansluts till stativet.  <strong>Komponenter:<\/strong><\/p>\n<ul>\n<li>Stativ<\/li>\n<li>32-tums sk\u00e4rm<\/li>\n<li>3D-kamera<\/li>\n<li>Kraftfull inbyggd PC<\/li>\n<li>M\u00e4tningsplatta<\/li>\n<li>Posturomed\u00ae<\/li>\n<\/ul>\n<p> M\u00e4tresultaten kan exporteras via en QR-kod.<br \/>Med hj\u00e4lp av <strong>BALANCECOACH iQ-appen<\/strong> kan tr\u00e4ningsresultaten sparas och dokumenteras.<br \/>Zebris\u00ae tryckf\u00f6rdelningsm\u00e4tningsplattan \u00e4r speciellt anpassad till Posturomed\u00ae. Den \u00e4r tydligt indelad i en central tr\u00e4ningszon och navigationszoner till h\u00f6ger och v\u00e4nster.    <strong>Tekniska specifikationer:<\/strong><\/p>\n<ul>\n<li><strong>Dimensioner:<\/strong> 60 x 60 x 1.6 cm<\/li>\n<li><strong>Antal sensorer:<\/strong> 672<\/li>\n<li><strong>Samplingsfrekvens:<\/strong> 100 Hz<\/li>\n<li><strong>M\u00e4tningsprincip: <\/strong>Kapacitiva trycksensorer<\/li>\n<li><strong>Anslutning:<\/strong> USB<\/li>\n<\/ul>\n<p> Posturomed\u00ae-tr\u00e4ningsenheten har en tr\u00e4ningsyta som kan pendla i alla horisontella riktningar och \u00e4r justerbar i tre niv\u00e5er (fast och tv\u00e5 sv\u00e4ngningsamplituder).<br \/>Tryckf\u00f6rdelningsm\u00e4tningsplattan placeras p\u00e5 den fullst\u00e4ndigt monterade Posturomed\u00ae och ansluts till stativet. Vid installationen beh\u00f6ver man bara s\u00e4kerst\u00e4lla att stativet \u00e4r riktat fram\u00e5t p\u00e5 ett avst\u00e5nd av 1,5 meter. P\u00e5 det n\u00e4stan fullst\u00e4ndigt utrustade stativet beh\u00f6ver panelerna bara f\u00e4stas och sk\u00e4rmen monteras \u2013 klart!<br \/><strong>Platsbehov:<\/strong> Cirka 2,50 x 1,00 meter   <\/p>\n","protected":false},"excerpt":{"rendered":"<p>Sedan 1995 har BIOSWING Posturomed\u00ae varit garantin f\u00f6r framg\u00e5ng inom sensorimotorisk f\u00f6rebyggande tr\u00e4ning. F\u00f6r att fira 25-\u00e5rsjubileet introducerar vi en ny tr\u00e4nare som kompletterar Posturomed\u00ae: <strong>BIOSWING BalanceCoach iQ<\/strong>!<br \/><strong>BIOSWING BalanceCoach iQ <\/strong>\u00e4r ett programvarustyrt, intelligent tr\u00e4ningssystem med en integrerad virtuell tr\u00e4nare.<br \/>R\u00f6relsekvaliteten hos den som tr\u00e4nar p\u00e5 Posturomed\u00ae \u00f6vervakas av speciella trycksensorer p\u00e5 tr\u00e4ningsplattan och visas grafiskt i realtid som \u201dcenter of pressure\u201d (COP). Med hj\u00e4lp av en kamera kan anv\u00e4ndaren se sig sj\u00e4lv p\u00e5 sk\u00e4rmen framf\u00f6r sig och f\u00e5 omedelbar visuell feedback p\u00e5 hur \u00f6vningarna utf\u00f6rs. Dessutom ser anv\u00e4ndaren sin virtuella tr\u00e4nare som visar \u00f6vningarna som ska utf\u00f6ras samtidigt. Varje koordinerings\u00f6vning \u00e4r individuellt anpassad till anv\u00e4ndarens niv\u00e5 f\u00f6r att s\u00e4kerst\u00e4lla en optimal tr\u00e4ningsutmaning.<br \/>Detta g\u00f6r BalanceCoach iQ till den perfekta koordineringstr\u00e4naren f\u00f6r dina h\u00e4lso-, f\u00f6rebyggande, fitness-, sport- och wellnessanl\u00e4ggningar.       <iframe width=\"100%\" height=\"315\" src=\"https:\/\/www.youtube.com\/embed\/s86k6aLgLfA?si=y-lqt7T4qBL3w59i\" title=\"YouTube video player\" frameborder=\"0\" allow=\"accelerometer; autoplay; clipboard-write; encrypted-media; gyroscope; picture-in-picture; web-share\" referrerpolicy=\"strict-origin-when-cross-origin\" allowfullscreen=\"\"><\/iframe><\/p>\n<p><iframe width=\"100%\" height=\"315\" src=\"https:\/\/www.youtube.com\/embed\/csY_Mt0uEZM?si=2nhhzGhK8-J4Bx1T\" title=\"YouTube video player\" frameborder=\"0\" allow=\"accelerometer; autoplay; clipboard-write; encrypted-media; gyroscope; picture-in-picture; web-share\" referrerpolicy=\"strict-origin-when-cross-origin\" allowfullscreen=\"\"><\/iframe><\/p>\n","protected":false},"featured_media":19537,"template":"","meta":[],"product_brand":[],"product_cat":[1023],"product_tag":[],"class_list":{"0":"post-20034","1":"product","2":"type-product","3":"status-publish","4":"has-post-thumbnail","6":"product_cat-balancecoach-sv","8":"first","9":"instock","10":"taxable","11":"shipping-taxable","12":"purchasable","13":"product-type-simple"},"yoast_head":"<!-- This site is optimized with the Yoast SEO plugin v27.1.1 - https:\/\/yoast.com\/product\/yoast-seo-wordpress\/ -->\n<title>BIOSWING BalanceCoach iQ - BIOSWING<\/title>\n<meta name=\"robots\" content=\"noindex, follow, max-snippet:-1, max-image-preview:large, max-video-preview:-1\" \/>\n<meta property=\"og:locale\" content=\"sv_SE\" \/>\n<meta property=\"og:type\" content=\"article\" \/>\n<meta property=\"og:title\" content=\"BIOSWING BalanceCoach iQ - BIOSWING\" \/>\n<meta property=\"og:description\" content=\"Sedan 1995 har BIOSWING Posturomed\u00ae varit garantin f\u00f6r framg\u00e5ng inom sensorimotorisk f\u00f6rebyggande tr\u00e4ning. F\u00f6r att fira 25-\u00e5rsjubileet introducerar vi en ny tr\u00e4nare som kompletterar Posturomed\u00ae: BIOSWING BalanceCoach iQ!BIOSWING BalanceCoach iQ \u00e4r ett programvarustyrt, intelligent tr\u00e4ningssystem med en integrerad virtuell tr\u00e4nare.R\u00f6relsekvaliteten hos den som tr\u00e4nar p\u00e5 Posturomed\u00ae \u00f6vervakas av speciella trycksensorer p\u00e5 tr\u00e4ningsplattan och visas grafiskt i realtid som \u201dcenter of pressure\u201d (COP). Med hj\u00e4lp av en kamera kan anv\u00e4ndaren se sig sj\u00e4lv p\u00e5 sk\u00e4rmen framf\u00f6r sig och f\u00e5 omedelbar visuell feedback p\u00e5 hur \u00f6vningarna utf\u00f6rs. Dessutom ser anv\u00e4ndaren sin virtuella tr\u00e4nare som visar \u00f6vningarna som ska utf\u00f6ras samtidigt. Varje koordinerings\u00f6vning \u00e4r individuellt anpassad till anv\u00e4ndarens niv\u00e5 f\u00f6r att s\u00e4kerst\u00e4lla en optimal tr\u00e4ningsutmaning.Detta g\u00f6r BalanceCoach iQ till den perfekta koordineringstr\u00e4naren f\u00f6r dina h\u00e4lso-, f\u00f6rebyggande, fitness-, sport- och wellnessanl\u00e4ggningar.\" \/>\n<meta property=\"og:url\" content=\"https:\/\/staging.bioswing.ee\/sv\/toode\/bioswing-balancecoach-iq\/\" \/>\n<meta property=\"og:site_name\" content=\"BIOSWING\" \/>\n<meta property=\"article:modified_time\" content=\"2024-12-10T11:10:02+00:00\" \/>\n<meta property=\"og:image\" content=\"https:\/\/bioswing.ee\/wp-content\/uploads\/2024\/12\/BalanceCoach_iQ.jpg\" \/>\n\t<meta property=\"og:image:width\" content=\"900\" \/>\n\t<meta property=\"og:image:height\" content=\"1200\" \/>\n\t<meta property=\"og:image:type\" content=\"image\/jpeg\" \/>\n<meta name=\"twitter:card\" content=\"summary_large_image\" \/>\n<meta name=\"twitter:label1\" content=\"Ber\u00e4knad l\u00e4stid\" \/>\n\t<meta name=\"twitter:data1\" content=\"2 minuter\" \/>\n<script type=\"application\/ld+json\" class=\"yoast-schema-graph\">{\"@context\":\"https:\/\/schema.org\",\"@graph\":[{\"@type\":\"WebPage\",\"@id\":\"https:\/\/staging.bioswing.ee\/sv\/toode\/bioswing-balancecoach-iq\/\",\"url\":\"https:\/\/staging.bioswing.ee\/sv\/toode\/bioswing-balancecoach-iq\/\",\"name\":\"BIOSWING BalanceCoach iQ - BIOSWING\",\"isPartOf\":{\"@id\":\"https:\/\/staging.bioswing.ee\/sv\/#website\"},\"primaryImageOfPage\":{\"@id\":\"https:\/\/staging.bioswing.ee\/sv\/toode\/bioswing-balancecoach-iq\/#primaryimage\"},\"image\":{\"@id\":\"https:\/\/staging.bioswing.ee\/sv\/toode\/bioswing-balancecoach-iq\/#primaryimage\"},\"thumbnailUrl\":\"https:\/\/staging.bioswing.ee\/wp-content\/uploads\/2024\/12\/BalanceCoach_iQ.jpg\",\"datePublished\":\"2024-12-03T11:34:12+00:00\",\"dateModified\":\"2024-12-10T11:10:02+00:00\",\"breadcrumb\":{\"@id\":\"https:\/\/staging.bioswing.ee\/sv\/toode\/bioswing-balancecoach-iq\/#breadcrumb\"},\"inLanguage\":\"sv-SE\",\"potentialAction\":[{\"@type\":\"ReadAction\",\"target\":[\"https:\/\/staging.bioswing.ee\/sv\/toode\/bioswing-balancecoach-iq\/\"]}]},{\"@type\":\"ImageObject\",\"inLanguage\":\"sv-SE\",\"@id\":\"https:\/\/staging.bioswing.ee\/sv\/toode\/bioswing-balancecoach-iq\/#primaryimage\",\"url\":\"https:\/\/staging.bioswing.ee\/wp-content\/uploads\/2024\/12\/BalanceCoach_iQ.jpg\",\"contentUrl\":\"https:\/\/staging.bioswing.ee\/wp-content\/uploads\/2024\/12\/BalanceCoach_iQ.jpg\",\"width\":900,\"height\":1200,\"caption\":\"BIOSWING BalanceCoach iQ\"},{\"@type\":\"BreadcrumbList\",\"@id\":\"https:\/\/staging.bioswing.ee\/sv\/toode\/bioswing-balancecoach-iq\/#breadcrumb\",\"itemListElement\":[{\"@type\":\"ListItem\",\"position\":1,\"name\":\"Home\",\"item\":\"https:\/\/bioswing.ee\/sv\/\"},{\"@type\":\"ListItem\",\"position\":2,\"name\":\"SHOP\",\"item\":\"https:\/\/bioswing.ee\/sv\/shop\/\"},{\"@type\":\"ListItem\",\"position\":3,\"name\":\"BIOSWING BalanceCoach iQ\"}]},{\"@type\":\"WebSite\",\"@id\":\"https:\/\/staging.bioswing.ee\/sv\/#website\",\"url\":\"https:\/\/staging.bioswing.ee\/sv\/\",\"name\":\"BIOSWING\",\"description\":\"Smart solutions for healthy sitting\",\"publisher\":{\"@id\":\"https:\/\/staging.bioswing.ee\/sv\/#organization\"},\"potentialAction\":[{\"@type\":\"SearchAction\",\"target\":{\"@type\":\"EntryPoint\",\"urlTemplate\":\"https:\/\/staging.bioswing.ee\/sv\/?s={search_term_string}\"},\"query-input\":{\"@type\":\"PropertyValueSpecification\",\"valueRequired\":true,\"valueName\":\"search_term_string\"}}],\"inLanguage\":\"sv-SE\"},{\"@type\":\"Organization\",\"@id\":\"https:\/\/staging.bioswing.ee\/sv\/#organization\",\"name\":\"BIOSWING\",\"url\":\"https:\/\/staging.bioswing.ee\/sv\/\",\"logo\":{\"@type\":\"ImageObject\",\"inLanguage\":\"sv-SE\",\"@id\":\"https:\/\/staging.bioswing.ee\/sv\/#\/schema\/logo\/image\/\",\"url\":\"https:\/\/staging.bioswing.ee\/wp-content\/uploads\/2023\/04\/logo_web.png\",\"contentUrl\":\"https:\/\/staging.bioswing.ee\/wp-content\/uploads\/2023\/04\/logo_web.png\",\"width\":140,\"height\":122,\"caption\":\"BIOSWING\"},\"image\":{\"@id\":\"https:\/\/staging.bioswing.ee\/sv\/#\/schema\/logo\/image\/\"}}]}<\/script>\n<!-- \/ Yoast SEO plugin. -->","yoast_head_json":{"title":"BIOSWING BalanceCoach iQ - BIOSWING","robots":{"index":"noindex","follow":"follow","max-snippet":"max-snippet:-1","max-image-preview":"max-image-preview:large","max-video-preview":"max-video-preview:-1"},"og_locale":"sv_SE","og_type":"article","og_title":"BIOSWING BalanceCoach iQ - BIOSWING","og_description":"Sedan 1995 har BIOSWING Posturomed\u00ae varit garantin f\u00f6r framg\u00e5ng inom sensorimotorisk f\u00f6rebyggande tr\u00e4ning. F\u00f6r att fira 25-\u00e5rsjubileet introducerar vi en ny tr\u00e4nare som kompletterar Posturomed\u00ae: BIOSWING BalanceCoach iQ!BIOSWING BalanceCoach iQ \u00e4r ett programvarustyrt, intelligent tr\u00e4ningssystem med en integrerad virtuell tr\u00e4nare.R\u00f6relsekvaliteten hos den som tr\u00e4nar p\u00e5 Posturomed\u00ae \u00f6vervakas av speciella trycksensorer p\u00e5 tr\u00e4ningsplattan och visas grafiskt i realtid som \u201dcenter of pressure\u201d (COP). Med hj\u00e4lp av en kamera kan anv\u00e4ndaren se sig sj\u00e4lv p\u00e5 sk\u00e4rmen framf\u00f6r sig och f\u00e5 omedelbar visuell feedback p\u00e5 hur \u00f6vningarna utf\u00f6rs. Dessutom ser anv\u00e4ndaren sin virtuella tr\u00e4nare som visar \u00f6vningarna som ska utf\u00f6ras samtidigt. Varje koordinerings\u00f6vning \u00e4r individuellt anpassad till anv\u00e4ndarens niv\u00e5 f\u00f6r att s\u00e4kerst\u00e4lla en optimal tr\u00e4ningsutmaning.Detta g\u00f6r BalanceCoach iQ till den perfekta koordineringstr\u00e4naren f\u00f6r dina h\u00e4lso-, f\u00f6rebyggande, fitness-, sport- och wellnessanl\u00e4ggningar.","og_url":"https:\/\/staging.bioswing.ee\/sv\/toode\/bioswing-balancecoach-iq\/","og_site_name":"BIOSWING","article_modified_time":"2024-12-10T11:10:02+00:00","og_image":[{"width":900,"height":1200,"url":"https:\/\/bioswing.ee\/wp-content\/uploads\/2024\/12\/BalanceCoach_iQ.jpg","type":"image\/jpeg"}],"twitter_card":"summary_large_image","twitter_misc":{"Ber\u00e4knad l\u00e4stid":"2 minuter"},"schema":{"@context":"https:\/\/schema.org","@graph":[{"@type":"WebPage","@id":"https:\/\/staging.bioswing.ee\/sv\/toode\/bioswing-balancecoach-iq\/","url":"https:\/\/staging.bioswing.ee\/sv\/toode\/bioswing-balancecoach-iq\/","name":"BIOSWING BalanceCoach iQ - BIOSWING","isPartOf":{"@id":"https:\/\/staging.bioswing.ee\/sv\/#website"},"primaryImageOfPage":{"@id":"https:\/\/staging.bioswing.ee\/sv\/toode\/bioswing-balancecoach-iq\/#primaryimage"},"image":{"@id":"https:\/\/staging.bioswing.ee\/sv\/toode\/bioswing-balancecoach-iq\/#primaryimage"},"thumbnailUrl":"https:\/\/staging.bioswing.ee\/wp-content\/uploads\/2024\/12\/BalanceCoach_iQ.jpg","datePublished":"2024-12-03T11:34:12+00:00","dateModified":"2024-12-10T11:10:02+00:00","breadcrumb":{"@id":"https:\/\/staging.bioswing.ee\/sv\/toode\/bioswing-balancecoach-iq\/#breadcrumb"},"inLanguage":"sv-SE","potentialAction":[{"@type":"ReadAction","target":["https:\/\/staging.bioswing.ee\/sv\/toode\/bioswing-balancecoach-iq\/"]}]},{"@type":"ImageObject","inLanguage":"sv-SE","@id":"https:\/\/staging.bioswing.ee\/sv\/toode\/bioswing-balancecoach-iq\/#primaryimage","url":"https:\/\/staging.bioswing.ee\/wp-content\/uploads\/2024\/12\/BalanceCoach_iQ.jpg","contentUrl":"https:\/\/staging.bioswing.ee\/wp-content\/uploads\/2024\/12\/BalanceCoach_iQ.jpg","width":900,"height":1200,"caption":"BIOSWING BalanceCoach iQ"},{"@type":"BreadcrumbList","@id":"https:\/\/staging.bioswing.ee\/sv\/toode\/bioswing-balancecoach-iq\/#breadcrumb","itemListElement":[{"@type":"ListItem","position":1,"name":"Home","item":"https:\/\/bioswing.ee\/sv\/"},{"@type":"ListItem","position":2,"name":"SHOP","item":"https:\/\/bioswing.ee\/sv\/shop\/"},{"@type":"ListItem","position":3,"name":"BIOSWING BalanceCoach iQ"}]},{"@type":"WebSite","@id":"https:\/\/staging.bioswing.ee\/sv\/#website","url":"https:\/\/staging.bioswing.ee\/sv\/","name":"BIOSWING","description":"Smart solutions for healthy sitting","publisher":{"@id":"https:\/\/staging.bioswing.ee\/sv\/#organization"},"potentialAction":[{"@type":"SearchAction","target":{"@type":"EntryPoint","urlTemplate":"https:\/\/staging.bioswing.ee\/sv\/?s={search_term_string}"},"query-input":{"@type":"PropertyValueSpecification","valueRequired":true,"valueName":"search_term_string"}}],"inLanguage":"sv-SE"},{"@type":"Organization","@id":"https:\/\/staging.bioswing.ee\/sv\/#organization","name":"BIOSWING","url":"https:\/\/staging.bioswing.ee\/sv\/","logo":{"@type":"ImageObject","inLanguage":"sv-SE","@id":"https:\/\/staging.bioswing.ee\/sv\/#\/schema\/logo\/image\/","url":"https:\/\/staging.bioswing.ee\/wp-content\/uploads\/2023\/04\/logo_web.png","contentUrl":"https:\/\/staging.bioswing.ee\/wp-content\/uploads\/2023\/04\/logo_web.png","width":140,"height":122,"caption":"BIOSWING"},"image":{"@id":"https:\/\/staging.bioswing.ee\/sv\/#\/schema\/logo\/image\/"}}]}},"_links":{"self":[{"href":"https:\/\/staging.bioswing.ee\/sv\/wp-json\/wp\/v2\/product\/20034","targetHints":{"allow":["GET"]}}],"collection":[{"href":"https:\/\/staging.bioswing.ee\/sv\/wp-json\/wp\/v2\/product"}],"about":[{"href":"https:\/\/staging.bioswing.ee\/sv\/wp-json\/wp\/v2\/types\/product"}],"wp:featuredmedia":[{"embeddable":true,"href":"https:\/\/staging.bioswing.ee\/sv\/wp-json\/wp\/v2\/media\/19537"}],"wp:attachment":[{"href":"https:\/\/staging.bioswing.ee\/sv\/wp-json\/wp\/v2\/media?parent=20034"}],"wp:term":[{"taxonomy":"product_brand","embeddable":true,"href":"https:\/\/staging.bioswing.ee\/sv\/wp-json\/wp\/v2\/product_brand?post=20034"},{"taxonomy":"product_cat","embeddable":true,"href":"https:\/\/staging.bioswing.ee\/sv\/wp-json\/wp\/v2\/product_cat?post=20034"},{"taxonomy":"product_tag","embeddable":true,"href":"https:\/\/staging.bioswing.ee\/sv\/wp-json\/wp\/v2\/product_tag?post=20034"}],"curies":[{"name":"wp","href":"https:\/\/api.w.org\/{rel}","templated":true}]}}