{"id":31769,"date":"2025-09-25T12:44:52","date_gmt":"2025-09-25T12:44:52","guid":{"rendered":"https:\/\/staging.bioswing.ee\/toode\/oneup-easy-with-pelvic-support\/"},"modified":"2025-09-25T13:26:17","modified_gmt":"2025-09-25T13:26:17","slug":"oneup-easy-with-pelvic-support","status":"publish","type":"product","link":"https:\/\/staging.bioswing.ee\/sv\/toode\/oneup-easy-with-pelvic-support\/","title":{"rendered":"oneUP EASY med b\u00e4ckenst\u00f6d"},"content":{"rendered":"<p><strong>BIOSWING oneUP EASY<\/strong><\/p>\n<ul>\n<li>Ergonomisk och ortopediskt effektiv sitt-st\u00e5-l\u00f6sning f\u00f6r kontor, hemmakontor och praktik<\/li>\n<li>Integrerad, adaptiv 3D-sitsmekanism<\/li>\n<li>Sadelstol<\/li>\n<li>Individuellt justerbart b\u00e4ckenst\u00f6d<\/li>\n<li>B\u00e4ckenbalansmekanik (mot extra kostnad)<\/li>\n<li>Tygkl\u00e4dsel: Felicity svart<\/li>\n<li>Finns \u00e4ven med \u00f6verdrag i medicinskt konstl\u00e4der<\/li>\n<li>Bas: plast<\/li>\n<li>Hjul \u00f8 60 mm<\/li>\n<\/ul>\n<p><iframe title=\"YouTube video player\" src=\"https:\/\/www.youtube.com\/embed\/RdAkGYfQRU0?si=iZjPFPN7BfNfVNQH\" width=\"100%\" height=\"450\" frameborder=\"0\" allowfullscreen=\"allowfullscreen\"><\/iframe><\/p>\n","protected":false},"excerpt":{"rendered":"<h2>&#8221;Upp och ner \u2013 och runt om&#8221; \u00e4r mottot f\u00f6r oneUP.<\/h2>\n<p>Have you already tried out the versatile possibilities of a height-adjustable desk?<\/p>\n<p>Varje position mellan st\u00e5ende och upph\u00f6jt sittande ger en m\u00e4ngd olika kroppsst\u00e4llningar. Huvudm\u00e5let: <strong>Ju oftare du byter st\u00e4llning, desto b\u00e4ttre \u00e4r det f\u00f6r din kropp och ditt sinne<\/strong>. V\u00e5rt muskuloskeletala system \u00e4r programmerat f\u00f6r att r\u00f6ra sig, b\u00e5de n\u00e4r du st\u00e5r och sitter. <\/p>\n<h2>BIOSWING oneUP \u00e4r en riktig allroundl\u00f6sning.<\/h2>\n<p><strong>Det \u00e4r en intelligent l\u00f6sning f\u00f6r alla som vill kombinera sittande och st\u00e5ende och ger den perfekta<\/strong> grunden f\u00f6r en rad olika sittpositioner och anv\u00e4ndningar samt intensivt mobil sittande tack vare det integrerade 3D-sitsystemet.<\/p>\n<p>Det spelar ingen roll om du befinner dig i <strong>en flygplatslounge, ett hemmakontor, en fysioterapimottagning eller en kontorsbyggnad<\/strong>: oneUP h\u00e5ller dig alltid i form.<\/p>\n","protected":false},"featured_media":31385,"template":"","meta":[],"product_brand":[],"product_cat":[642],"product_tag":[],"class_list":{"0":"post-31769","1":"product","2":"type-product","3":"status-publish","4":"has-post-thumbnail","6":"product_cat-kontor-och-hemmakontor","8":"first","9":"instock","10":"sale","11":"taxable","12":"shipping-taxable","13":"purchasable","14":"product-type-variable","15":"has-default-attributes"},"yoast_head":"<!-- This site is optimized with the Yoast SEO plugin v27.1.1 - https:\/\/yoast.com\/product\/yoast-seo-wordpress\/ -->\n<title>oneUP EASY med b\u00e4ckenst\u00f6d - BIOSWING<\/title>\n<meta name=\"robots\" content=\"noindex, follow, max-snippet:-1, max-image-preview:large, max-video-preview:-1\" \/>\n<meta property=\"og:locale\" content=\"sv_SE\" \/>\n<meta property=\"og:type\" content=\"article\" \/>\n<meta property=\"og:title\" content=\"oneUP EASY med b\u00e4ckenst\u00f6d - BIOSWING\" \/>\n<meta property=\"og:description\" content=\"&quot;Upp och ner \u2013 och runt om&quot; \u00e4r mottot f\u00f6r oneUP. Have you already tried out the versatile possibilities of a height-adjustable desk? Varje position mellan st\u00e5ende och upph\u00f6jt sittande ger en m\u00e4ngd olika kroppsst\u00e4llningar. Huvudm\u00e5let: Ju oftare du byter st\u00e4llning, desto b\u00e4ttre \u00e4r det f\u00f6r din kropp och ditt sinne. V\u00e5rt muskuloskeletala system \u00e4r programmerat f\u00f6r att r\u00f6ra sig, b\u00e5de n\u00e4r du st\u00e5r och sitter. BIOSWING oneUP \u00e4r en riktig allroundl\u00f6sning. Det \u00e4r en intelligent l\u00f6sning f\u00f6r alla som vill kombinera sittande och st\u00e5ende och ger den perfekta grunden f\u00f6r en rad olika sittpositioner och anv\u00e4ndningar samt intensivt mobil sittande tack vare det integrerade 3D-sitsystemet. Det spelar ingen roll om du befinner dig i en flygplatslounge, ett hemmakontor, en fysioterapimottagning eller en kontorsbyggnad: oneUP h\u00e5ller dig alltid i form.\" \/>\n<meta property=\"og:url\" content=\"https:\/\/staging.bioswing.ee\/sv\/toode\/oneup-easy-with-pelvic-support\/\" \/>\n<meta property=\"og:site_name\" content=\"BIOSWING\" \/>\n<meta property=\"article:modified_time\" content=\"2025-09-25T13:26:17+00:00\" \/>\n<meta property=\"og:image\" content=\"https:\/\/bioswing.ee\/wp-content\/uploads\/2025\/09\/oneUp_EASY_BS05-min.jpg\" \/>\n\t<meta property=\"og:image:width\" content=\"1874\" \/>\n\t<meta property=\"og:image:height\" content=\"2500\" \/>\n\t<meta property=\"og:image:type\" content=\"image\/jpeg\" \/>\n<meta name=\"twitter:card\" content=\"summary_large_image\" \/>\n<script type=\"application\/ld+json\" class=\"yoast-schema-graph\">{\"@context\":\"https:\/\/schema.org\",\"@graph\":[{\"@type\":\"WebPage\",\"@id\":\"https:\/\/staging.bioswing.ee\/sv\/toode\/oneup-easy-with-pelvic-support\/\",\"url\":\"https:\/\/staging.bioswing.ee\/sv\/toode\/oneup-easy-with-pelvic-support\/\",\"name\":\"oneUP EASY med b\u00e4ckenst\u00f6d - BIOSWING\",\"isPartOf\":{\"@id\":\"https:\/\/staging.bioswing.ee\/sv\/#website\"},\"primaryImageOfPage\":{\"@id\":\"https:\/\/staging.bioswing.ee\/sv\/toode\/oneup-easy-with-pelvic-support\/#primaryimage\"},\"image\":{\"@id\":\"https:\/\/staging.bioswing.ee\/sv\/toode\/oneup-easy-with-pelvic-support\/#primaryimage\"},\"thumbnailUrl\":\"https:\/\/staging.bioswing.ee\/wp-content\/uploads\/2025\/09\/oneUp_EASY_BS05-min.jpg\",\"datePublished\":\"2025-09-25T12:44:52+00:00\",\"dateModified\":\"2025-09-25T13:26:17+00:00\",\"breadcrumb\":{\"@id\":\"https:\/\/staging.bioswing.ee\/sv\/toode\/oneup-easy-with-pelvic-support\/#breadcrumb\"},\"inLanguage\":\"sv-SE\",\"potentialAction\":[{\"@type\":\"ReadAction\",\"target\":[\"https:\/\/staging.bioswing.ee\/sv\/toode\/oneup-easy-with-pelvic-support\/\"]}]},{\"@type\":\"ImageObject\",\"inLanguage\":\"sv-SE\",\"@id\":\"https:\/\/staging.bioswing.ee\/sv\/toode\/oneup-easy-with-pelvic-support\/#primaryimage\",\"url\":\"https:\/\/staging.bioswing.ee\/wp-content\/uploads\/2025\/09\/oneUp_EASY_BS05-min.jpg\",\"contentUrl\":\"https:\/\/staging.bioswing.ee\/wp-content\/uploads\/2025\/09\/oneUp_EASY_BS05-min.jpg\",\"width\":1874,\"height\":2500,\"caption\":\"oneUP EASY with pelvic support\"},{\"@type\":\"BreadcrumbList\",\"@id\":\"https:\/\/staging.bioswing.ee\/sv\/toode\/oneup-easy-with-pelvic-support\/#breadcrumb\",\"itemListElement\":[{\"@type\":\"ListItem\",\"position\":1,\"name\":\"Home\",\"item\":\"https:\/\/bioswing.ee\/sv\/\"},{\"@type\":\"ListItem\",\"position\":2,\"name\":\"SHOP\",\"item\":\"https:\/\/bioswing.ee\/sv\/shop\/\"},{\"@type\":\"ListItem\",\"position\":3,\"name\":\"oneUP EASY med b\u00e4ckenst\u00f6d\"}]},{\"@type\":\"WebSite\",\"@id\":\"https:\/\/staging.bioswing.ee\/sv\/#website\",\"url\":\"https:\/\/staging.bioswing.ee\/sv\/\",\"name\":\"BIOSWING\",\"description\":\"Smart solutions for healthy sitting\",\"publisher\":{\"@id\":\"https:\/\/staging.bioswing.ee\/sv\/#organization\"},\"potentialAction\":[{\"@type\":\"SearchAction\",\"target\":{\"@type\":\"EntryPoint\",\"urlTemplate\":\"https:\/\/staging.bioswing.ee\/sv\/?s={search_term_string}\"},\"query-input\":{\"@type\":\"PropertyValueSpecification\",\"valueRequired\":true,\"valueName\":\"search_term_string\"}}],\"inLanguage\":\"sv-SE\"},{\"@type\":\"Organization\",\"@id\":\"https:\/\/staging.bioswing.ee\/sv\/#organization\",\"name\":\"BIOSWING\",\"url\":\"https:\/\/staging.bioswing.ee\/sv\/\",\"logo\":{\"@type\":\"ImageObject\",\"inLanguage\":\"sv-SE\",\"@id\":\"https:\/\/staging.bioswing.ee\/sv\/#\/schema\/logo\/image\/\",\"url\":\"https:\/\/staging.bioswing.ee\/wp-content\/uploads\/2023\/04\/logo_web.png\",\"contentUrl\":\"https:\/\/staging.bioswing.ee\/wp-content\/uploads\/2023\/04\/logo_web.png\",\"width\":140,\"height\":122,\"caption\":\"BIOSWING\"},\"image\":{\"@id\":\"https:\/\/staging.bioswing.ee\/sv\/#\/schema\/logo\/image\/\"}}]}<\/script>\n<!-- \/ Yoast SEO plugin. -->","yoast_head_json":{"title":"oneUP EASY med b\u00e4ckenst\u00f6d - BIOSWING","robots":{"index":"noindex","follow":"follow","max-snippet":"max-snippet:-1","max-image-preview":"max-image-preview:large","max-video-preview":"max-video-preview:-1"},"og_locale":"sv_SE","og_type":"article","og_title":"oneUP EASY med b\u00e4ckenst\u00f6d - BIOSWING","og_description":"\"Upp och ner \u2013 och runt om\" \u00e4r mottot f\u00f6r oneUP. Have you already tried out the versatile possibilities of a height-adjustable desk? Varje position mellan st\u00e5ende och upph\u00f6jt sittande ger en m\u00e4ngd olika kroppsst\u00e4llningar. Huvudm\u00e5let: Ju oftare du byter st\u00e4llning, desto b\u00e4ttre \u00e4r det f\u00f6r din kropp och ditt sinne. V\u00e5rt muskuloskeletala system \u00e4r programmerat f\u00f6r att r\u00f6ra sig, b\u00e5de n\u00e4r du st\u00e5r och sitter. BIOSWING oneUP \u00e4r en riktig allroundl\u00f6sning. Det \u00e4r en intelligent l\u00f6sning f\u00f6r alla som vill kombinera sittande och st\u00e5ende och ger den perfekta grunden f\u00f6r en rad olika sittpositioner och anv\u00e4ndningar samt intensivt mobil sittande tack vare det integrerade 3D-sitsystemet. Det spelar ingen roll om du befinner dig i en flygplatslounge, ett hemmakontor, en fysioterapimottagning eller en kontorsbyggnad: oneUP h\u00e5ller dig alltid i form.","og_url":"https:\/\/staging.bioswing.ee\/sv\/toode\/oneup-easy-with-pelvic-support\/","og_site_name":"BIOSWING","article_modified_time":"2025-09-25T13:26:17+00:00","og_image":[{"width":1874,"height":2500,"url":"https:\/\/bioswing.ee\/wp-content\/uploads\/2025\/09\/oneUp_EASY_BS05-min.jpg","type":"image\/jpeg"}],"twitter_card":"summary_large_image","schema":{"@context":"https:\/\/schema.org","@graph":[{"@type":"WebPage","@id":"https:\/\/staging.bioswing.ee\/sv\/toode\/oneup-easy-with-pelvic-support\/","url":"https:\/\/staging.bioswing.ee\/sv\/toode\/oneup-easy-with-pelvic-support\/","name":"oneUP EASY med b\u00e4ckenst\u00f6d - BIOSWING","isPartOf":{"@id":"https:\/\/staging.bioswing.ee\/sv\/#website"},"primaryImageOfPage":{"@id":"https:\/\/staging.bioswing.ee\/sv\/toode\/oneup-easy-with-pelvic-support\/#primaryimage"},"image":{"@id":"https:\/\/staging.bioswing.ee\/sv\/toode\/oneup-easy-with-pelvic-support\/#primaryimage"},"thumbnailUrl":"https:\/\/staging.bioswing.ee\/wp-content\/uploads\/2025\/09\/oneUp_EASY_BS05-min.jpg","datePublished":"2025-09-25T12:44:52+00:00","dateModified":"2025-09-25T13:26:17+00:00","breadcrumb":{"@id":"https:\/\/staging.bioswing.ee\/sv\/toode\/oneup-easy-with-pelvic-support\/#breadcrumb"},"inLanguage":"sv-SE","potentialAction":[{"@type":"ReadAction","target":["https:\/\/staging.bioswing.ee\/sv\/toode\/oneup-easy-with-pelvic-support\/"]}]},{"@type":"ImageObject","inLanguage":"sv-SE","@id":"https:\/\/staging.bioswing.ee\/sv\/toode\/oneup-easy-with-pelvic-support\/#primaryimage","url":"https:\/\/staging.bioswing.ee\/wp-content\/uploads\/2025\/09\/oneUp_EASY_BS05-min.jpg","contentUrl":"https:\/\/staging.bioswing.ee\/wp-content\/uploads\/2025\/09\/oneUp_EASY_BS05-min.jpg","width":1874,"height":2500,"caption":"oneUP EASY with pelvic support"},{"@type":"BreadcrumbList","@id":"https:\/\/staging.bioswing.ee\/sv\/toode\/oneup-easy-with-pelvic-support\/#breadcrumb","itemListElement":[{"@type":"ListItem","position":1,"name":"Home","item":"https:\/\/bioswing.ee\/sv\/"},{"@type":"ListItem","position":2,"name":"SHOP","item":"https:\/\/bioswing.ee\/sv\/shop\/"},{"@type":"ListItem","position":3,"name":"oneUP EASY med b\u00e4ckenst\u00f6d"}]},{"@type":"WebSite","@id":"https:\/\/staging.bioswing.ee\/sv\/#website","url":"https:\/\/staging.bioswing.ee\/sv\/","name":"BIOSWING","description":"Smart solutions for healthy sitting","publisher":{"@id":"https:\/\/staging.bioswing.ee\/sv\/#organization"},"potentialAction":[{"@type":"SearchAction","target":{"@type":"EntryPoint","urlTemplate":"https:\/\/staging.bioswing.ee\/sv\/?s={search_term_string}"},"query-input":{"@type":"PropertyValueSpecification","valueRequired":true,"valueName":"search_term_string"}}],"inLanguage":"sv-SE"},{"@type":"Organization","@id":"https:\/\/staging.bioswing.ee\/sv\/#organization","name":"BIOSWING","url":"https:\/\/staging.bioswing.ee\/sv\/","logo":{"@type":"ImageObject","inLanguage":"sv-SE","@id":"https:\/\/staging.bioswing.ee\/sv\/#\/schema\/logo\/image\/","url":"https:\/\/staging.bioswing.ee\/wp-content\/uploads\/2023\/04\/logo_web.png","contentUrl":"https:\/\/staging.bioswing.ee\/wp-content\/uploads\/2023\/04\/logo_web.png","width":140,"height":122,"caption":"BIOSWING"},"image":{"@id":"https:\/\/staging.bioswing.ee\/sv\/#\/schema\/logo\/image\/"}}]}},"_links":{"self":[{"href":"https:\/\/staging.bioswing.ee\/sv\/wp-json\/wp\/v2\/product\/31769","targetHints":{"allow":["GET"]}}],"collection":[{"href":"https:\/\/staging.bioswing.ee\/sv\/wp-json\/wp\/v2\/product"}],"about":[{"href":"https:\/\/staging.bioswing.ee\/sv\/wp-json\/wp\/v2\/types\/product"}],"wp:featuredmedia":[{"embeddable":true,"href":"https:\/\/staging.bioswing.ee\/sv\/wp-json\/wp\/v2\/media\/31385"}],"wp:attachment":[{"href":"https:\/\/staging.bioswing.ee\/sv\/wp-json\/wp\/v2\/media?parent=31769"}],"wp:term":[{"taxonomy":"product_brand","embeddable":true,"href":"https:\/\/staging.bioswing.ee\/sv\/wp-json\/wp\/v2\/product_brand?post=31769"},{"taxonomy":"product_cat","embeddable":true,"href":"https:\/\/staging.bioswing.ee\/sv\/wp-json\/wp\/v2\/product_cat?post=31769"},{"taxonomy":"product_tag","embeddable":true,"href":"https:\/\/staging.bioswing.ee\/sv\/wp-json\/wp\/v2\/product_tag?post=31769"}],"curies":[{"name":"wp","href":"https:\/\/api.w.org\/{rel}","templated":true}]}}